{"id":3986,"date":"2026-01-10T15:00:48","date_gmt":"2026-01-10T07:00:48","guid":{"rendered":"https:\/\/www.hongyitube.com\/?post_type=product&#038;p=3986"},"modified":"2026-01-10T15:00:48","modified_gmt":"2026-01-10T07:00:48","slug":"45mm-diameter-160-grams-ml-capacity-red-label-high-density-pe-soft-tube-packaging-material-container-bottlel-hongyi-plastic","status":"publish","type":"product","link":"https:\/\/www.hongyitube.com\/es\/product\/45mm-diameter-160-grams-ml-capacity-red-label-high-density-pe-soft-tube-packaging-material-container-bottlel-hongyi-plastic\/","title":{"rendered":"45 mm de di\u00e1metro, 160 gramos \/ ml de capacidad, etiqueta roja, material de envasado de tubo blando de PE de alta densidad \/ recipiente \/ botella.  - Pl\u00e1stico Hongyi"},"content":{"rendered":"<p>Descripci\u00f3n del producto para un di\u00e1metro de 45 mm, capacidad de 160 gramos\/ml, etiquetado en rojo, material de envasado de tubo blando de PE de alta densidad\/recipiente\/botella:<\/p>\n<p>Este producto es una manguera dispensadora est\u00e1ndar cl\u00e1sica, pr\u00e1ctica y eficiente. El cuerpo del tubo est\u00e1 hecho de material PE de alta densidad con un di\u00e1metro de 45 mm y una capacidad de 160 gramos por mililitro. Cuenta con un color rojo vibrante como el color base del tubo. El efecto visual general es sorprendente y poderoso. El cuerpo del tubo est\u00e1 adornado con t\u00e9cnicas de aplicaci\u00f3n de etiquetas de alta calidad, y las etiquetas pueden ser altamente personalizadas. Se implementa un tratamiento fino \u201cetiqueta en el extremo\u201d para asegurar que los bordes de la etiqueta est\u00e9n seguros y no se levanten. Est\u00e1 emparejado con una tapa roja de perfil bajo que coincide con el color del tubo, creando una apariencia general unificada y armoniosa. El uso de un extremo de sellado de pared recta garantiza la estanqueidad al aire, mientras que el dise\u00f1o de enlatado frontal garantiza que el contenido se pueda utilizar plenamente. El dise\u00f1o compacto y ligero del producto lo hace f\u00e1cil de llevar. El material de PE es flexible, resistente a la fatiga y puede soportar la compresi\u00f3n repetida sin deformarse. Es una opci\u00f3n ideal para dispensar varios tipos de lociones, cremas y adhesivos de grosor medio.<\/p>\n<p><strong><b>El material del producto para <\/b><\/strong>45 mm de di\u00e1metro, 160 gramos\/ml de capacidad, etiqueta roja, material de envasado\/recipiente\/botella de tubo blando de PE de alta densidad:<\/p>\n<ul>\n<li>Material de la carrocer\u00eda: polietileno de alta densidad (HDPE\/PE). Posee una excelente rigidez, resistencia qu\u00edmica y propiedades de barrera. La reproducci\u00f3n del color es excelente, y el color base rojo es uniforme y de larga duraci\u00f3n.<\/li>\n<li>Proceso de etiquetado: Utiliza hojas de etiquetas de papel recubierto de cobre o material sint\u00e9tico impreso de alta precisi\u00f3n, que se pueden laminar para mejorar la resistencia al agua y la resistencia a la abrasi\u00f3n. El proceso de \"papel de etiqueta incrustado en el extremo\" incrusta la cola de la etiqueta dentro del pliegue del tubo, mejorando significativamente la durabilidad.<\/li>\n<li>Material de la tapa: Una tapa de pl\u00e1stico de bajo perfil hecha de polipropileno (PP) que coincide con el color del cuerpo del tubo. Tiene excelentes propiedades de sellado y una sensaci\u00f3n suave cuando se abre y cierra.<\/li>\n<li>Seguridad y cumplimiento: El material cumple con las normas internacionales para los materiales de contacto con alimentos y productos farmac\u00e9uticos (como los establecidos por la FDA). Es seguro y no t\u00f3xico.<\/li>\n<\/ul>\n<p><strong><b>Aplicaciones recomendadas <\/b><\/strong>:<\/p>\n<p>Uso recomendado para 45 mm de di\u00e1metro, 160 gramos \/ ml de capacidad, etiqueta roja, material de envasado de tubo suave de PE de alta densidad \/ recipiente \/ botella:<\/p>\n<p>La industria de belleza y cuidado de la piel.<\/p>\n<ul>\n<li>Se\u00f1ora: Adecuado para dispensar crema de manos, loci\u00f3n corporal, crema pre-maquillaje o cosm\u00e9ticos de colores brillantes (como base de l\u00e1piz labial). El cuerpo de tubo rojo exuda energ\u00eda y pasi\u00f3n, y la etiqueta puede mostrar el logotipo de la marca o patrones rom\u00e1nticos, atractivos para los consumidores femeninos.<\/li>\n<li>Para hombres: Adecuado para empaquetar cremas calmantes con temas deportivos, limpiadores faciales o geles para el cabello. El color rojo simboliza la energ\u00eda y la pasi\u00f3n, aline\u00e1ndose con el posicionamiento funcional de los productos de cuidado masculino. La etiqueta puede transmitir una imagen de marca sencilla y din\u00e1mica.<\/li>\n<li>Productos para ni\u00f1os: Adecuado para empaquetar b\u00e1lsamos labiales suaves o lavados corporales de peque\u00f1o tama\u00f1o para ni\u00f1os. El color rojo brillante es f\u00e1cil de identificar, y la combinaci\u00f3n de una etiqueta con tema de dibujos animados atraer\u00e1 a los ni\u00f1os.<\/li>\n<\/ul>\n<p>Industria de ung\u00fcentos farmac\u00e9uticos.<\/p>\n<ul>\n<li>Adecuado para dispensar ung\u00fcentos analg\u00e9sicos y antiinflamatorios t\u00f3picos, relajantes musculares o cremas para el cuidado de los pies. El rojo se utiliza a menudo para transmitir asociaciones con \u201cefectos poderosos\u201d, \u201ccalor\u201d o \u201cmejora de la circulaci\u00f3n\u201d. La etiqueta puede imprimir claramente las instrucciones de uso y una lista de ingredientes.<\/li>\n<\/ul>\n<p>&nbsp;<\/p>\n<p>La industria de agentes de mantenimiento mec\u00e1nico.<\/p>\n<ul>\n<li>Ideal para empaquetar lubricantes de uso general, pastas de protecci\u00f3n de metales, pastas de limpieza multifuncionales, etc. El cuerpo del tubo rojo es llamativo, lo que hace que sea f\u00e1cil localizarlo r\u00e1pidamente en una caja de herramientas. Las etiquetas pueden proporcionar especificaciones t\u00e9cnicas detalladas y advertencias de seguridad.<\/li>\n<\/ul>\n<p>La industria de pigmentos qu\u00edmicos industriales.<\/p>\n<ul>\n<li>Los recipientes pueden usarse para empaquetar pigmentos relacionados con el rojo, tintes intermedios, adhesivos espec\u00edficos o materiales de carga. El color del cuerpo del tubo crea una conexi\u00f3n visual con el contenido, y las etiquetas hacen que sea f\u00e1cil marcar n\u00fameros de productos, c\u00f3digos de lotes e informaci\u00f3n de seguridad.<\/li>\n<\/ul>\n<p>&nbsp;<\/p>\n<h3>1. <strong><b>Atributos del producto\u00a0<\/b><\/strong><\/h3>\n<p>Caracter\u00edsticas del di\u00e1metro de 45 mm, capacidad de 160 gramos \/ ml, etiqueta roja, material de envasado de tubo blando de PE de alta densidad \/ recipiente \/ botella:<\/p>\n<ol>\n<li>Excepcional expresividad de etiquetado: El proceso de etiquetado de papel soporta dise\u00f1os gr\u00e1ficos complejos a todo color, lo que permite efectos de patr\u00f3n de calidad fotogr\u00e1fica. Esto proporciona un amplio espacio para mostrar la marca y un fuerte impacto visual.<\/li>\n<li>Tecnolog\u00eda de etiquetado duradera: El dise\u00f1o \u201cpapel de etiqueta se integra en el extremo\u201d aborda los problemas comunes del etiquetado tradicional, como la facilidad de curvar los bordes y la propensi\u00f3n a pelarse, lo que es particularmente adecuado para escenarios en los que las etiquetas deben ser transportadas y usadas con frecuencia.<\/li>\n<li>Alta relaci\u00f3n calidad-precio y flexibilidad: en comparaci\u00f3n con la impresi\u00f3n directa, el proceso de etiquetado ofrece ventajas de costo en pedidos peque\u00f1os y diversos, lo que permite una producci\u00f3n r\u00e1pida de muestras y cambios flexibles de dise\u00f1o.<\/li>\n<li>Sellado y protecci\u00f3n excepcionales: La tapa texturizada y la tapa de tornillo de perfil bajo proporcionan un doble sellado, aislando eficazmente el aire y la humedad, salvaguardando as\u00ed la calidad del contenido.<\/li>\n<li>Alta capacidad y durabilidad: La capacidad de 160 gramos por mililitro es pr\u00e1ctica y adecuada para viajes a corto y medio plazo o necesidades diarias de porcionamiento. El material PE asegura que el tubo mantenga su forma incluso despu\u00e9s de la compresi\u00f3n repetida.<\/li>\n<\/ol>","protected":false},"excerpt":{"rendered":"<ul>\n<li><b><\/b><strong><b>Dise\u00f1o del cuerpo del tubo<\/b><\/strong>.<\/li>\n<\/ul>\n<p>El dise\u00f1o del cuerpo del tubo para 45 mm de di\u00e1metro, 160 gramos \/ ml de capacidad, etiqueta roja, material de envasado de tubo suave PE de alta densidad \/ recipiente \/ botella:<\/p>\n<ul>\n<li>Sistema de reconocimiento de color: El color uniforme del cuerpo del tubo rojo crea un punto de memoria de color de marca fuerte, lo que lo hace altamente reconocible en estantes o en entornos de almacenamiento.<\/li>\n<li>Transporte modular de informaci\u00f3n: Las etiquetas sirven como m\u00f3dulos de informaci\u00f3n independientes, lo que permite la visualizaci\u00f3n centralizada de los elementos visuales de la marca, los nombres de los productos, los puntos de venta funcionales e informaci\u00f3n textual relacionada con los requisitos regulatorios, todo presentado claramente y en orden.<\/li>\n<li>Est\u00e9tica estructural integrada: las tapas de color y el cuerpo combinados crean un aspecto cohesivo. El detalle \u201cetiqueta integrada en el extremo\u201d destaca la precisi\u00f3n de la fabricaci\u00f3n, mejorando la percepci\u00f3n de la calidad del producto.<\/li>\n<li>Dise\u00f1o pr\u00e1ctico orientado a la funcionalidad: El montaje frontal puede reducir los residuos; la tapa de pared recta aumenta la resistencia del extremo del tubo; la forma delgada del tubo hace que sea f\u00e1cil agarrar y controlar con precisi\u00f3n la cantidad de material extruido.<\/li>\n<\/ul>\n<p>Las ventajas de 45mm de di\u00e1metro, 160 gramos \/ ml de capacidad, etiqueta roja, material de envasado de tubo blando PE de alta densidad \/ recipiente \/ botella:<\/p>\n<ol>\n<li>Robustas capacidades de personalizaci\u00f3n de marca: Ofrecemos una soluci\u00f3n integral de personalizaci\u00f3n visual para marcas, que cubre todo, desde colores hasta gr\u00e1ficos, lo que nos convierte en una herramienta eficaz para construir identidades de marca.<\/li>\n<li>Excepcional durabilidad y equilibrio est\u00e9tico: El proceso \u201cetiquetado al final\u201d no solo garantiza una apariencia hermosa, sino que tambi\u00e9n mejora significativamente la durabilidad f\u00edsica de las etiquetas, cumpliendo con los estrictos requisitos de uso frecuente en los viajes y la vida diaria.<\/li>\n<li>Adaptabilidad a una amplia gama de mercados de consumo: El rojo tiene connotaciones positivas y sorprendentes en la mayor\u00eda de las culturas de todo el mundo, lo que lo hace altamente vers\u00e1til y f\u00e1cil de aceptar para los consumidores de varias regiones.<\/li>\n<li>Respuesta r\u00e1pida de la cadena de suministro: El proceso de etiquetado facilita cambios r\u00e1pidos en el dise\u00f1o, lo que lo hace adecuado para los requisitos de lanzamiento r\u00e1pidos de comercio electr\u00f3nico transfronterizo, productos de temporada, ediciones limitadas o productos personalizados a nivel regional.<\/li>\n<li>Integraci\u00f3n de pragmatismo y est\u00e9tica: Si bien proporciona funcionalidades esenciales como alta capacidad, sellado robusto y resistencia a la deformaci\u00f3n, el dise\u00f1o tiene como objetivo mejorar el atractivo del mercado del producto.<\/li>\n<\/ol>\n<p>Escenarios en los que se puede usar el material de envasado\/recipiente\/botella de tubo blando de PE de alta densidad con di\u00e1metro de 45 mm, capacidad de 160 gramos\/ml, etiqueta roja:<\/p>\n<ul>\n<li>Viajes de larga distancia y viajes de negocios: El dise\u00f1o de gran capacidad es ideal para viajes de aproximadamente una semana, lo que permite el empaque de cantidades suficientes de productos para el cuidado de la piel, cremas para el cuidado personal o medicamentos esenciales.<\/li>\n<li>Campa\u00f1as promocionales y muestras de productos: Una soluci\u00f3n de etiquetado rentable que lo convierte en una opci\u00f3n ideal para crear paquetes de prueba, regalos o art\u00edculos promocionales conjuntos durante campa\u00f1as de marketing.<\/li>\n<li>Organizaci\u00f3n y categorizaci\u00f3n diaria del hogar: Use tubos flexibles de diferentes colores con etiquetas distintas para segregar varios tipos de productos de limpieza del hogar, agentes para el cuidado del cuero, adhesivos de hardware y otros art\u00edculos, asegurando una categorizaci\u00f3n limpia y un f\u00e1cil acceso.<\/li>\n<li>Fitness y aventuras al aire libre: Lleve cremas de masaje deportivo, protector solar o cremas de reparaci\u00f3n envasadas individualmente. El embalaje rojo los hace f\u00e1cilmente identificables en su mochila.<\/li>\n<li>Lugar de trabajo profesional: Ideal para uso en f\u00e1bricas, laboratorios o estudios para segregar y etiquetar lubricantes, adhesivos o muestras para fines espec\u00edficos, mejorando as\u00ed la eficiencia y la seguridad.<\/li>\n<\/ul>","protected":false},"featured_media":3988,"comment_status":"closed","ping_status":"closed","template":"","meta":[],"product_brand":[],"product_cat":[29,48],"product_tag":[],"class_list":{"0":"post-3986","1":"product","2":"type-product","3":"status-publish","4":"has-post-thumbnail","6":"product_cat-skin-care-plastic-tube","7":"product_cat-45-pe-plastic-tube","9":"first","10":"instock","11":"shipping-taxable","12":"purchasable","13":"product-type-simple"},"_links":{"self":[{"href":"https:\/\/www.hongyitube.com\/es\/wp-json\/wp\/v2\/product\/3986","targetHints":{"allow":["GET"]}}],"collection":[{"href":"https:\/\/www.hongyitube.com\/es\/wp-json\/wp\/v2\/product"}],"about":[{"href":"https:\/\/www.hongyitube.com\/es\/wp-json\/wp\/v2\/types\/product"}],"replies":[{"embeddable":true,"href":"https:\/\/www.hongyitube.com\/es\/wp-json\/wp\/v2\/comments?post=3986"}],"wp:featuredmedia":[{"embeddable":true,"href":"https:\/\/www.hongyitube.com\/es\/wp-json\/wp\/v2\/media\/3988"}],"wp:attachment":[{"href":"https:\/\/www.hongyitube.com\/es\/wp-json\/wp\/v2\/media?parent=3986"}],"wp:term":[{"taxonomy":"product_brand","embeddable":true,"href":"https:\/\/www.hongyitube.com\/es\/wp-json\/wp\/v2\/product_brand?post=3986"},{"taxonomy":"product_cat","embeddable":true,"href":"https:\/\/www.hongyitube.com\/es\/wp-json\/wp\/v2\/product_cat?post=3986"},{"taxonomy":"product_tag","embeddable":true,"href":"https:\/\/www.hongyitube.com\/es\/wp-json\/wp\/v2\/product_tag?post=3986"}],"curies":[{"name":"WP","href":"https:\/\/api.w.org\/{rel}","templated":true}]}}