{"id":3943,"date":"2026-01-10T14:16:00","date_gmt":"2026-01-10T06:16:00","guid":{"rendered":"https:\/\/www.hongyitube.com\/?post_type=product&#038;p=3943"},"modified":"2026-01-10T14:16:00","modified_gmt":"2026-01-10T06:16:00","slug":"45mm-diameter-135g-ml-red-gray-gradient-color-scheme-pe-soft-tube-container-packaging-material-hongyi-plastic","status":"publish","type":"product","link":"https:\/\/www.hongyitube.com\/es\/product\/45mm-diameter-135g-ml-red-gray-gradient-color-scheme-pe-soft-tube-container-packaging-material-hongyi-plastic\/","title":{"rendered":"45 mm de di\u00e1metro, 135 g \/ ml, esquema de color gradiente rojo-gris, material de envasado de recipiente de tubo suave de PE.  - Pl\u00e1stico Hongyi"},"content":{"rendered":"<p>Este producto es un recipiente de manguera de PE de 45 di\u00e1metros dise\u00f1ado para necesidades de envasado diversificadas, el cuerpo del tubo adopta un color de gradiente rojo y gris de moda, la superficie se aplica con barniz de textura mate mate mate mate, tacto delicado y avanzado. El cuerpo est\u00e1 impreso con un logotipo impreso en seda en blanco y negro al rev\u00e9s, emparejado con la corona de dientes cortos gris y rojo del mismo color, y el dise\u00f1o general es sencillo y moderno. El proceso de sellado rectangular se utiliza para proporcionar un buen sellado, y el dise\u00f1o del tanque frontal asegura que el contenido se comprime uniformemente. El tubo es ligero y port\u00e1til, adecuado para viajar y transportar, se puede presionar repetidamente para usar y no se deforma f\u00e1cilmente, y es adecuado para dividir varias emulsiones, geles y l\u00edquidos.<\/p>\n<p>Material del producto<\/p>\n<ul>\n<li>Material principal: polietileno de calidad alimentaria (PE), de acuerdo con las normas internacionales de seguridad, no t\u00f3xico e ins\u00edpido, alta estabilidad qu\u00edmica, compatible con una variedad de contenidos.<\/li>\n<li>Revestimiento de aceite ligero: Un aceite ligero mate y arenoso respetuoso con el medio ambiente que no mancha huellas digitales y mejora la calidad de la visi\u00f3n y el tacto.<\/li>\n<li>Proceso de impresi\u00f3n: impresiones de seda blanca y negra, resistentes al desgaste y f\u00e1ciles de caer.<\/li>\n<li>Material de tapado: material de PP con el mismo color del cuerpo del tubo, apertura y cierre suaves, sellado fuerte.<\/li>\n<\/ul>\n<p>Industria y poblaciones recomendadas para su uso<\/p>\n<p>La industria de la belleza y el cuidado de la piel<\/p>\n<ul>\n<li>Se\u00f1oras: Adecuado para el envasado de aceites esenciales, cremas, protectores solares, precosm\u00e9ticos, etc. El dise\u00f1o mate progresivo se encuentra con las mujeres&#8217; doble b\u00fasqueda de la est\u00e9tica y la practicidad.<\/li>\n<li>Hombres: Se puede dividir en crema de afeitar, loci\u00f3n para el cuidado de la piel, cera para el cabello, etc. El tono gris y rojo no pierde car\u00e1cter, reuniendo hombres&#8217; necesidades de cuidado sencillas y eficientes.<\/li>\n<li>Ni\u00f1os: Para ni\u00f1os&#8217; s loci\u00f3n de piel, protector solar, etc., el material es seguro y suave, y el tubo peque\u00f1o es f\u00e1cil para los padres llevar.<\/li>\n<\/ul>\n<p>La industria de ung\u00fcentos farmac\u00e9uticos<\/p>\n<ul>\n<li>Es adecuado para ung\u00fcentos de viaje, agentes de cuidado de la piel, geles antiinflamatorios t\u00f3picos, etc. El sellado es bueno para garantizar la higiene, y el dise\u00f1o port\u00e1til es conveniente para el uso diario.<\/li>\n<\/ul>\n<p>La industria de agentes de mantenimiento mec\u00e1nico<\/p>\n<ul>\n<li>Se puede dividir en aceite lubricante, pegamento de limpieza, pasta anti-oxidante, resistencia a la corrosi\u00f3n qu\u00edmica del material PE, precisi\u00f3n de dosificaci\u00f3n de control de extrusi\u00f3n, adecuado para el taller o para llevar a cabo el mantenimiento.<\/li>\n<\/ul>\n<p>Industria de pigmentos qu\u00edmicos industriales<\/p>\n<ul>\n<li>Para el montaje de pinturas, adhesivos, parches, etc., el cuerpo del tubo es resistente a la deformaci\u00f3n y f\u00e1cil de exprimir, la superficie mate es resistente a la suciedad y es adecuada para uso en estudio o campo.<\/li>\n<\/ul>\n<p>Caracter\u00edsticas del producto<\/p>\n<ol>\n<li>No deformaci\u00f3n duradera: resistencia fuerte del material PE, soporte de rebote de extrusi\u00f3n m\u00faltiple, no f\u00e1cil de romper o deformaci\u00f3n.<\/li>\n<li>Sello para evitar fugas: El extremo de sellado rectangular y la cubierta de tornillo de dientes cortos est\u00e1n doblemente sellados para evitar fugas o oxidaci\u00f3n.<\/li>\n<li>Control de precisi\u00f3n de la cantidad: El tanque frontal se combina con un dise\u00f1o de di\u00e1metro delgado de tubo para permitir el control preciso de la cantidad de extrusi\u00f3n.<\/li>\n<li>Ligero y port\u00e1til: El peso propio es de solo unos pocos gramos, y no hay carga para llevar con usted para viajar o uso diario.<\/li>\n<\/ol>\n<p>5. Seguridad y protecci\u00f3n ambiental: en l\u00ednea con REACH, FDA y otras normas internacionales, reciclables.<\/p>","protected":false},"excerpt":{"rendered":"<p>Dise\u00f1o del cuerpo<\/p>\n<p>\u00b7 Color progresivo: el gris rojo crea progresivamente una capa visual din\u00e1mica, y la superficie mate mejora la textura de gama alta.<br \/>\n\u00b7 Marcado humanizado: El texto impreso en blanco y negro se invierte al rev\u00e9s para que el contenido pueda identificarse claramente independientemente de la direcci\u00f3n de la mano.<br \/>\n\u00b7 Estructura pr\u00e1ctica: La cubierta de tornillo de dientes cortos ahorra esfuerzo, el sello de borde recto mejora la resistencia a la compresi\u00f3n de la cola y la l\u00ednea general es lisa y f\u00e1cil de sostener.<\/p>\n<p>Ventajas del producto<\/p>\n<p>1. Adaptaci\u00f3n multiprop\u00f3sito: Desde el cuidado personal hasta las \u00e1reas profesionales, utilice un art\u00edculo para una variedad m\u00e1s amplia de prop\u00f3sitos y reduzca los residuos de envasado.<br \/>\n2. Est\u00e9tica y funci\u00f3n combinada: el dise\u00f1o de moda se encuentra con la est\u00e9tica del consumidor, las superficies brillantes son resistentes a los ara\u00f1azos y duran mientras sean nuevas.<br \/>\n3. amigable transfronterizo: el tama\u00f1o peque\u00f1o cumple con las regulaciones internacionales de embarque de viajes y es adecuado para los mercados de negocios y regalos transfronterizos.<br \/>\n4. rentable: apoya el uso de llenado repetido, reduce los costos de uso a largo plazo y es respetuoso con el medio ambiente y econ\u00f3mico.<\/p>\n<p>Escenarios de uso del producto<\/p>\n<p>\u00b7 Viajes: Reemplace las botellas y latas originales con productos para el cuidado de la piel, ung\u00fcentos, pigmentos, etc., f\u00e1cilmente empaquetados en una bolsa de lavado o caja de herramientas.<br \/>\nAlmacenamiento diario: Almacene peque\u00f1as cantidades de adhesivos y agentes de mantenimiento en la casa y el estudio para evitar la contaminaci\u00f3n de envases grandes o secado.<br \/>\n\u00b7 Distribuci\u00f3n de muestras: las marcas de belleza y las empresas qu\u00edmicas pueden usar para hacer ensayos o conjuntos de muestras para mejorar la imagen de la marca.<br \/>\n\u00b7 Actividades al aire libre: Lleve cremas protectoras y remedios al acampar o practicar deportes para un f\u00e1cil acceso en cualquier momento.<br \/>\nCuidado infantil: Los padres distribuyen suministros exclusivos para sus hijos que son higi\u00e9nicos y f\u00e1ciles de identificar.<\/p>\n<p>&nbsp;<\/p>\n<p>Con su dise\u00f1o ingenioso, materiales seguros y versatilidad, este producto ofrece a los consumidores de todo el mundo soluciones de desmontaje eficientes y est\u00e9ticamente agradables que satisfacen los matices de la vida personal y profesional.<\/p>","protected":false},"featured_media":3956,"comment_status":"closed","ping_status":"closed","template":"","meta":[],"product_brand":[],"product_cat":[29,48],"product_tag":[],"class_list":{"0":"post-3943","1":"product","2":"type-product","3":"status-publish","4":"has-post-thumbnail","6":"product_cat-skin-care-plastic-tube","7":"product_cat-45-pe-plastic-tube","9":"first","10":"instock","11":"shipping-taxable","12":"purchasable","13":"product-type-simple"},"_links":{"self":[{"href":"https:\/\/www.hongyitube.com\/es\/wp-json\/wp\/v2\/product\/3943","targetHints":{"allow":["GET"]}}],"collection":[{"href":"https:\/\/www.hongyitube.com\/es\/wp-json\/wp\/v2\/product"}],"about":[{"href":"https:\/\/www.hongyitube.com\/es\/wp-json\/wp\/v2\/types\/product"}],"replies":[{"embeddable":true,"href":"https:\/\/www.hongyitube.com\/es\/wp-json\/wp\/v2\/comments?post=3943"}],"wp:featuredmedia":[{"embeddable":true,"href":"https:\/\/www.hongyitube.com\/es\/wp-json\/wp\/v2\/media\/3956"}],"wp:attachment":[{"href":"https:\/\/www.hongyitube.com\/es\/wp-json\/wp\/v2\/media?parent=3943"}],"wp:term":[{"taxonomy":"product_brand","embeddable":true,"href":"https:\/\/www.hongyitube.com\/es\/wp-json\/wp\/v2\/product_brand?post=3943"},{"taxonomy":"product_cat","embeddable":true,"href":"https:\/\/www.hongyitube.com\/es\/wp-json\/wp\/v2\/product_cat?post=3943"},{"taxonomy":"product_tag","embeddable":true,"href":"https:\/\/www.hongyitube.com\/es\/wp-json\/wp\/v2\/product_tag?post=3943"}],"curies":[{"name":"WP","href":"https:\/\/api.w.org\/{rel}","templated":true}]}}