{"id":3920,"date":"2026-01-10T13:18:33","date_gmt":"2026-01-10T05:18:33","guid":{"rendered":"https:\/\/www.hongyitube.com\/?post_type=product&#038;p=3920"},"modified":"2026-01-10T13:19:57","modified_gmt":"2026-01-10T05:19:57","slug":"80-ml-40mm-inner-diameter-dark-pink-label-paper-high-end-pe-soft-tube-packaging-container-hongyi-plastic","status":"publish","type":"product","link":"https:\/\/www.hongyitube.com\/es\/product\/80-ml-40mm-inner-diameter-dark-pink-label-paper-high-end-pe-soft-tube-packaging-container-hongyi-plastic\/","title":{"rendered":"80 ml, di\u00e1metro interior de 40 mm, papel de etiqueta de color rosa oscuro, recipiente de embalaje de tubo suave de PE de gama alta - pl\u00e1stico Hongyi"},"content":{"rendered":"<p>Hongyi Plastic 80 ml, di\u00e1metro interior de 40 mm, papel de etiqueta de color rosa oscuro, recipiente de envasado de tubo suave de PE de gama alta es una base blanca brillante con un papel de etiqueta personalizado de hermosa elaboraci\u00f3n aplicado a \u00e9l. El cuerpo principal del papel de etiqueta es de color rosa oscuro, con dos l\u00edneas en relieve doradas delgadas que definen su est\u00e9tica sofisticada: una situada en el sello de cola y otra en el borde del hombro, creando l\u00edmites superiores e inferiores precisos. En el centro del lado delantero del papel de etiqueta, hay un nombre de marca azul impreso, mientras que la informaci\u00f3n clave se complementa con un relieve de oro en la cola y el hombro del tubo. En la parte trasera, hay una explicaci\u00f3n detallada impresa en azul profundo. El envase incluye tapas de tornillo de alta calidad y colores en varios acabados, combinados con un proceso de sellado de grano recto. Su robusta estructura soporta la compresi\u00f3n repetida sin deformaci\u00f3n, ofreciendo una portabilidad y durabilidad excepcionales al tiempo que exuda una sensaci\u00f3n moderada pero detallada de lujo moderno.<\/p>\n<p>El material del 80 ml, di\u00e1metro interior de 40 mm, papel de etiqueta rosa oscura, recipiente de envasado de tubo blando de PE de alta gama:<\/p>\n<ul>\n<li>Material primario: alta resistencia a la tracci\u00f3n, material PE de alta elasticidad. Su excepcional resistencia a la fatiga garantiza que el tubo pueda volver r\u00e1pidamente a su forma original despu\u00e9s de m\u00faltiples compresiones, evitando que el tubo se colapse debido a una disminuci\u00f3n en el contenido, sirviendo as\u00ed como la base f\u00edsica para cumplir la promesa de \u201cpermanecer sin cambios despu\u00e9s de compresiones repetidas\u201d.<\/li>\n<li>Procesos principales:<\/li>\n<li>Precisi\u00f3n en relieve de doble capa: Un patr\u00f3n de filigrana de oro de 0,5 mm de ancho est\u00e1 en relieve en un papel de etiqueta de color rosa oscuro. Este proceso es muy complejo y sirve como la pieza central para destacar la artesan\u00eda excepcional y el lujo.<\/li>\n<li>Etiquetado personalizado: Utiliza papel recubierto de alta calidad y troquelado preciso para garantizar un fondo rosa oscuro uniforme, mezclando sin problemas con l\u00edneas de l\u00e1mina de oro y texto impreso.<\/li>\n<li>Estructura: El cierre de pared recta y la tapa de tornillo de dientes altos proporcionan un sellado duradero y fiable, mientras que el robusto dise\u00f1o del cuerpo del tubo est\u00e1 dise\u00f1ado para uso prolongado.<\/li>\n<\/ul>\n<p><strong><b>Aplicaciones recomendadas <\/b><\/strong>:<\/p>\n<p>Uso recomendado para este 80 ml, di\u00e1metro interior de 40 mm, papel de etiqueta rosa oscura, recipiente de envasado de tubo suave de PE de gama alta:<\/p>\n<p>La industria de belleza y cuidado de la piel.<\/p>\n<ul>\n<li>Mercado femenino: sueros anti-envejecimiento de gama alta, cremas pre-maquillaje de grado profesional, cremas de mano de marca de lujo. La combinaci\u00f3n de rosa oscuro y oro rosa exuda calidez y sofisticaci\u00f3n, evitando la dulzura asociada con el atractivo juvenil y transmitiendo los mensajes de \u201clujo racional\u201d y \u201ccuidado de la piel de precisi\u00f3n\u201d. Esto atrae a las mujeres maduras que valoran la calidad y el dise\u00f1o.<\/li>\n<li>Mercado masculino: l\u00ednea de cuidado de la piel masculina de gama alta, aceites para el cabello de calidad de sal\u00f3n, productos de aftershave de marca de dise\u00f1ador. Su est\u00e9tica lineal minimalista, su marca azul fr\u00eda y sus acentos met\u00e1licos se alinean perfectamente con las preferencias de los hombres modernos por productos discretos, precisos y orientados al dise\u00f1o, creando una imagen tranquila y refinada. Industria de agentes de mantenimiento mec\u00e1nico a base de ung\u00fcentos.<\/li>\n<li>Mercado de atenci\u00f3n m\u00e9dica profesional y de consumo de alta gama: sueros de reparaci\u00f3n posquir\u00fargica, productos de cuidado de la piel recomendados por dermatolog\u00eda de alta gama, cremas de recuperaci\u00f3n deportiva profesional. Su aspecto profesional y limpio (dise\u00f1o lineal de cuerpo de tubo blanco) fomenta un sentido de confianza m\u00e9dica, mientras que los tonos de rosa oscuro y oro rosa mejoran la experiencia de lujo del producto, lo que lo convierte en adecuado para l\u00edneas farmac\u00e9uticas de gama alta.<\/li>\n<\/ul>\n<p>La industria de pigmentos qu\u00edmicos industriales.<\/p>\n<ul>\n<li>El mercado de cuidado de art\u00edculos de lujo y herramientas especializadas: kits de limpieza y cuidado de c\u00e1maras\/lentes de alta gama, productos de mantenimiento especializados para art\u00edculos de cuero de lujo y lubricantes para instrumentos de precisi\u00f3n. El dise\u00f1o meticuloso de estos productos se alinea con el alto valor de los art\u00edculos que est\u00e1n destinados a cuidar, y su durabilidad satisface las necesidades de los usuarios profesionales que requieren un uso frecuente.<\/li>\n<\/ul>\n<h3><b>1. <\/b><strong><b>Atributos del producto<\/b><\/strong><\/h3>\n<p>Caracter\u00edsticas del 80 ml, di\u00e1metro interior de 40 mm, papel de etiqueta rosa oscura, recipiente de envasado de tubo blando de PE de alta gama:<\/p>\n<ul>\n<li>La durabilidad f\u00edsica excepcional: \u201cpermanece inalterada incluso despu\u00e9s de la compresi\u00f3n repetida\u201d es la ventaja funcional principal que diferencia este producto de la mayor\u00eda de los art\u00edculos empaquetados suaves. Esto significa que el producto mantiene su apariencia n\u00edtida y atractiva a lo largo de su vida \u00fatil, mejorando la experiencia del usuario y el valor del producto.<\/li>\n<li>Detalles de artesan\u00eda excepcionales: El estampado de l\u00ednea fina dorada de 0,5 mm de ancho es un reflejo directo del nivel de artesan\u00eda. Esta atenci\u00f3n al detalle transmite silenciosamente la b\u00fasqueda inquebrantable de la marca por la excelencia, que es crucial para establecer una reputaci\u00f3n de gama alta.<\/li>\n<li>Modesta Est\u00e9tica Moderna de Lujo: A trav\u00e9s de una mezcla armoniosa de colores y materiales que presentan rosa suave (calidez sensual), acentos de oro rosa (lujo exquisito), acentos azules (calma racional) y una base blanca (modernidad pura), creamos una sensaci\u00f3n de sofisticaci\u00f3n que es equilibrada, discreta y profundamente pensada.<\/li>\n<li>El equilibrio entre calidad y flexibilidad proporcionado por el etiquetado: El etiquetado de alta calidad garantiza la presentaci\u00f3n visual perfecta, al mismo tiempo que ofrece una interfaz de cadena de suministro flexible para futuros cambios en el dise\u00f1o o la publicaci\u00f3n de ediciones limitadas por parte de la marca.<\/li>\n<\/ul>","protected":false},"excerpt":{"rendered":"<p><b><\/b><strong><b>Dise\u00f1o del cuerpo del tubo<\/b><\/strong>.<\/p>\n<p>El dise\u00f1o del cuerpo del tubo para el 80 ml, di\u00e1metro interior de 40 mm, papel de etiqueta rosa oscura, recipiente de envasado de tubo suave de PE de alta gama:<\/p>\n<ul>\n<li>La filosof\u00eda de dise\u00f1o \u201cL\u00edmite Lineal\u201d:<\/li>\n<li>Las dos delgadas l\u00edneas de oro rosa no son meras decoraciones sino m\u00e1s bien visualizaciones de funcionalidad y declaraciones de orden. Sirven como contornos en los planos arquitect\u00f3nicos, definiendo claramente los l\u00edmites de las etiquetas e imbuyendo el tubo previamente suave con un sentido de estructura rigurosa y precisa. Este \u201cmarco lineal\u201d es la esencia del dise\u00f1o modernista.<\/li>\n<li>Una interacci\u00f3n racional de colores y materiales.<\/li>\n<li>Base morava sutil: Esto reduce las connotaciones emocionales del rosa, haciendo que parezca m\u00e1s suave, sofisticado (refinado, elegante).<\/li>\n<li>La filigrana de oro rosa: es el toque final. No se trata solo del color; Tambi\u00e9n es una muestra de material (brillo met\u00e1lico) y artesan\u00eda.<\/li>\n<li>Marca azul: Proporciona un ancla visual tranquilo, equilibra la calidez general y mejora la credibilidad profesional.<\/li>\n<li>La creaci\u00f3n exitosa de un sentido de sofisticaci\u00f3n \"neutral en t\u00e9rminos de g\u00e9nero\": El dise\u00f1o elimin\u00f3 h\u00e1bilmente los s\u00edmbolos de g\u00e9nero abiertos. Las mujeres lo perciben como refinado y suave, mientras que los hombres lo ven como una artesan\u00eda precisa. Al mejorar la complejidad est\u00e9tica, logra un mayor nivel de inclusi\u00f3n de g\u00e9nero.<\/li>\n<\/ul>\n<p>Las ventajas de los 80 ml, 40 mm de di\u00e1metro interior, papel de etiqueta rosa oscuro, recipiente de envasado de tubo suave de PE de alta gama :\u00b7 Establecer una identidad de marca como \"lujo discreto\": A trav\u00e9s de una meticulosa artesan\u00eda (l\u00edneas finas en relieve de oro) y propiedades f\u00edsicas duraderas, crear una imagen de calidad de primer nivel que est\u00e1 reservada para los consumidores exigentes que aprecian la sutileza.<\/p>\n<ul>\n<li>Abordar los principales puntos de dolor de uso de los usuarios de gama alta: a los usuarios de gama alta no les gusta la sensaci\u00f3n de que los envases baratos se colapsan. La caracter\u00edstica del producto de \u201cno deformaci\u00f3n\u201d conserva su atractivo est\u00e9tico y dignidad a lo largo de toda su vida \u00fatil, aline\u00e1ndose con su psicolog\u00eda del consumidor.<\/li>\n<li>Lograr un amplio atractivo en diversas categor\u00edas y g\u00e9neros: Su lenguaje de dise\u00f1o sofisticado y neutral en t\u00e9rminos de g\u00e9nero le permite realizar una transici\u00f3n sin problemas entre productos de belleza, art\u00edculos de cuidado personal de alta gama y herramientas profesionales, atrayendo a un p\u00fablico diverso que valora la calidad y el dise\u00f1o.<\/li>\n<li>Fortalecer la narrativa de la marca en torno a su tecnolog\u00eda y artesan\u00eda: frases como \u201cl\u00ednea de hoja de oro de 0,5 mm\u201d y \u201ccompresi\u00f3n repetida sin deformaci\u00f3n\u201d pueden convertirse en parte de la historia de la marca, destacando el compromiso de la marca con la tecnolog\u00eda y la experiencia del usuario.<\/li>\n<\/ul>\n<p><strong><b>Escenarios en los que el 80 ml, di\u00e1metro interior de 40 mm, papel de etiqueta rosa oscura, recipiente de envasado de tubo blando de PE de gama alta se puede usar:<\/b><\/strong><\/p>\n<ul>\n<li>Establecer una identidad de marca como \u201clujo discreto\u201d: Al enfatizar la meticulosa artesan\u00eda (detalles de l\u00e1mina de oro) y caracter\u00edsticas f\u00edsicas duraderas, crear una imagen de calidad de primer nivel que est\u00e1 reservada para los consumidores exigentes que aprecian la sutileza.<\/li>\n<li>Abordar los principales puntos de dolor de uso de los usuarios de gama alta: a los usuarios de gama alta no les gusta la sensaci\u00f3n de que los envases baratos se colapsan. La caracter\u00edstica del producto de \u201cno deformaci\u00f3n\u201d conserva su atractivo est\u00e9tico y dignidad a lo largo de toda su vida \u00fatil, aline\u00e1ndose con su psicolog\u00eda del consumidor.<\/li>\n<li>Lograr un amplio atractivo en diversas categor\u00edas y g\u00e9neros: Su lenguaje de dise\u00f1o sofisticado y neutral en t\u00e9rminos de g\u00e9nero le permite realizar una transici\u00f3n sin problemas entre productos de belleza, art\u00edculos de cuidado personal de alta gama y herramientas profesionales, atrayendo a un p\u00fablico diverso que valora la calidad y el dise\u00f1o.<\/li>\n<li>Fortalecer la narrativa de la marca en torno a su tecnolog\u00eda y artesan\u00eda: frases como \u201cl\u00ednea de hoja de oro de 0,5 mm\u201d y \u201ccompresi\u00f3n repetida sin deformaci\u00f3n\u201d pueden convertirse en parte de la historia de la marca, destacando el compromiso de la marca con la tecnolog\u00eda y la experiencia del usuario.<\/li>\n<\/ul>","protected":false},"featured_media":3924,"comment_status":"closed","ping_status":"closed","template":"","meta":[],"product_brand":[],"product_cat":[29,47],"product_tag":[],"class_list":{"0":"post-3920","1":"product","2":"type-product","3":"status-publish","4":"has-post-thumbnail","6":"product_cat-skin-care-plastic-tube","7":"product_cat-40-pe-plastic-tube","9":"first","10":"instock","11":"shipping-taxable","12":"purchasable","13":"product-type-simple"},"_links":{"self":[{"href":"https:\/\/www.hongyitube.com\/es\/wp-json\/wp\/v2\/product\/3920","targetHints":{"allow":["GET"]}}],"collection":[{"href":"https:\/\/www.hongyitube.com\/es\/wp-json\/wp\/v2\/product"}],"about":[{"href":"https:\/\/www.hongyitube.com\/es\/wp-json\/wp\/v2\/types\/product"}],"replies":[{"embeddable":true,"href":"https:\/\/www.hongyitube.com\/es\/wp-json\/wp\/v2\/comments?post=3920"}],"wp:featuredmedia":[{"embeddable":true,"href":"https:\/\/www.hongyitube.com\/es\/wp-json\/wp\/v2\/media\/3924"}],"wp:attachment":[{"href":"https:\/\/www.hongyitube.com\/es\/wp-json\/wp\/v2\/media?parent=3920"}],"wp:term":[{"taxonomy":"product_brand","embeddable":true,"href":"https:\/\/www.hongyitube.com\/es\/wp-json\/wp\/v2\/product_brand?post=3920"},{"taxonomy":"product_cat","embeddable":true,"href":"https:\/\/www.hongyitube.com\/es\/wp-json\/wp\/v2\/product_cat?post=3920"},{"taxonomy":"product_tag","embeddable":true,"href":"https:\/\/www.hongyitube.com\/es\/wp-json\/wp\/v2\/product_tag?post=3920"}],"curies":[{"name":"WP","href":"https:\/\/api.w.org\/{rel}","templated":true}]}}