{"id":3905,"date":"2026-01-10T13:11:58","date_gmt":"2026-01-10T05:11:58","guid":{"rendered":"https:\/\/www.hongyitube.com\/?post_type=product&#038;p=3905"},"modified":"2026-01-10T13:11:58","modified_gmt":"2026-01-10T05:11:58","slug":"110-ml-40-mm-tube-diameter-sweet-delight-themed-sticker-label-pe-soft-tube-packaging-container-hongyi-plastic","status":"publish","type":"product","link":"https:\/\/www.hongyitube.com\/es\/product\/110-ml-40-mm-tube-diameter-sweet-delight-themed-sticker-label-pe-soft-tube-packaging-container-hongyi-plastic\/","title":{"rendered":"110 ml, di\u00e1metro del tubo de 40 mm, etiqueta de pegatina tem\u00e1tica \"Sweet Delight\", recipiente de envasado de tubo suave de PE - pl\u00e1stico Hongyi"},"content":{"rendered":"<p>Hongyi Plastic 110 ml, di\u00e1metro de tubo de 40 mm, etiqueta pegatina tem\u00e1tica \"Sweet Delight\", recipiente de envasado de tubo suave de PE es un recipiente de envasado de tubo suave de PE de 40 mm de di\u00e1metro centrado en torno al tema de \"diversi\u00f3n dulce\", con una capacidad de 110 mililitros. El cuerpo del tubo est\u00e1 hecho de una base brillante blanca pristina, sobre la cual se aplica una hoja de etiqueta de base rosa totalmente personalizada. El dise\u00f1o de la etiqueta exuda un ambiente retro: la parte delantera presenta un destacado 4.13&#215; Bloque de informaci\u00f3n principal rectangular rojo cereza de 4,7 cm, con impresi\u00f3n blanca de la marca y el nombre del producto; El \u00e1rea circundante est\u00e1 adornada con un patr\u00f3n denso y alegre compuesto por elementos como corazones rojos, lollipops de rayas rosa \/ roja, tel\u00e9fonos vintage, flores, l\u00e1piz labial, helado, el n\u00famero \u201c8\u201d y la palabra \u201cAMOR\u201d. En la parte posterior del tubo, adem\u00e1s del patr\u00f3n continuo, hay detalles de texto blanco. El envase presenta varios colores artesanales con tapas de tornillo de alta calidad, combinadas con un sello de pared recta, lo que lo convierte en un recipiente port\u00e1til visualmente sorprendente, emocionalmente expresivo y l\u00fadico dise\u00f1ado espec\u00edficamente para los consumidores j\u00f3venes que valoran la individualidad y la expresi\u00f3n.<\/p>\n<p>El material de la etiqueta pegatina tem\u00e1tica \"Sweet Delight\" de 110 ml, di\u00e1metro de tubo de 40 mm, recipiente de envasado de tubo suave de PE:<\/p>\n<ul>\n<li>Material primario: cuerpo de tubo de PE de alto blanco y alto brillo. Proporciona un fondo brillante y limpio, haciendo que los patrones de etiquetado destaquen a\u00fan m\u00e1s.<\/li>\n<li>Proceso principal: etiquetado personalizado de c\u00edrculo completo. Utiliza impresi\u00f3n de alta resoluci\u00f3n y pegatinas recubiertas especializadas para garantizar colores vibrantes, detalles claros y una excelente durabilidad y resistencia a los ara\u00f1azos. El proceso de etiquetado ofrece a las marcas una flexibilidad de dise\u00f1o sin igual y la posibilidad de iteraciones de muestras de bajo costo.<\/li>\n<li>Estructura: La tapa de tornillo de alta calidad garantiza la estanqueidad al aire, con una capacidad de 110 mililitros que equilibra el amplio contenido con la portabilidad.<\/li>\n<\/ul>\n<p><strong><b>Aplicaciones recomendadas <\/b><\/strong>:<\/p>\n<p>Uso recomendado para este tubo de 110 ml, di\u00e1metro de 40 mm, etiqueta pegatina tem\u00e1tica \"Sweet Delight\", recipiente de envasado de tubo suave de PE.<\/p>\n<p>La industria de belleza y cuidado de la piel.<\/p>\n<ul>\n<li>The Ladies\u2019 Market (mercado principal): una gama de productos de cuidado de la piel para ni\u00f1as j\u00f3venes \/ mujeres sexy (champ\u00fas, exfoliantes), b\u00e1lsamos labiales frutados, maquillaje con temas de fiesta (por ejemplo, l\u00edquidos destacadores) y cremas de manos populares entre las celebridades de Internet en las plataformas de redes sociales. Los dise\u00f1os est\u00e1n dirigidos a mujeres pertenecientes a la Generaci\u00f3n Z y a los millennials que adoran el estilo retro Y2K, valoran la individualidad y priorizan el compartimiento social.<\/li>\n<li>Mercado masculino: Casi irrelevante. El lenguaje de dise\u00f1o altamente femenino, dulce y juguet\u00f3n entra en conflicto fundamentalmente con la est\u00e9tica masculina convencional.<\/li>\n<li>Mercado infantil (opcional): l\u00edquido de ba\u00f1o de burbujas para ni\u00f1os, desinfectante de manos con tema de dibujos animados, esmalte de u\u00f1as seguro. Los patrones ricos y los elementos de dulces pueden atraer a los ni\u00f1os, pero elementos como \u201cl\u00e1piz labial\u201d y \u201cAMOR\u201d est\u00e1n m\u00e1s alineados con la est\u00e9tica adolescente. Estos deben ajustarse en funci\u00f3n del dise\u00f1o espec\u00edfico.<\/li>\n<\/ul>\n<p>La industria de agentes de mantenimiento mec\u00e1nico para productos de ung\u00fcentos farmac\u00e9uticos.<\/p>\n<ul>\n<li>Mercado de regalos y cuidado personal de la moda: Geles desinfectantes de manos de fragancia, cremas calmantes para accesorios divertidos de ayuda a la banda y productos de cuidado de la piel de edici\u00f3n limitada con temas festivos en colaboraci\u00f3n con marcas de moda o propiedades intelectuales. Estos art\u00edculos son altamente decorativos y adecuados para transformar productos funcionales en accesorios o regalos de moda.<\/li>\n<\/ul>\n<p>La industria de pigmentos qu\u00edmicos industriales.<\/p>\n<ul>\n<li>Mercado de juguetes creativos y productos culturales de moda: arcilla artesanal segura para ni\u00f1os, adhesivo de joyer\u00eda de moda para bricolaje y aceites de mantenimiento especializados para juguetes de arte de edici\u00f3n limitada. Su apariencia posee intr\u00ednsecamente cualidades tanto de juguete como de coleccionamiento, lo que les permite armonizarse con productos creativos en t\u00e9rminos de estilo.<\/li>\n<\/ul>\n<p>&nbsp;<\/p>\n<h3><b>1.\u00a0 <\/b><strong><b>Atributos del producto<\/b><\/strong><\/h3>\n<p>Caracter\u00edsticas de la etiqueta pegatina tem\u00e1tica \u201cSweet Delight\u201d de 110 ml, di\u00e1metro de tubo de 40 mm, recipiente de envasado de tubo suave de PE:<\/p>\n<ul>\n<li>Intenso impacto visual y resonancia emocional: La densa disposici\u00f3n de patrones de colores dulces combinados con elementos vintage crea una fuerte atm\u00f3sfera de optimismo, dulzura y encanto nost\u00e1lgico, evocando al instante conexiones emocionales con los consumidores.<\/li>\n<li>Alta flexibilidad de dise\u00f1o y r\u00e1pida respuesta del mercado: El uso de etiquetas bajo demanda en lugar de impresi\u00f3n directa significa que las marcas pueden cambiar f\u00e1cilmente y r\u00e1pidamente los dise\u00f1os de etiquetas a un menor costo, lo que lo hace ideal para ediciones limitadas de temporada, colaboraciones con celebridades o pruebas de reacciones del mercado. Este enfoque tambi\u00e9n reduce los riesgos de la cadena de suministro.<\/li>\n<li>Marcadores claros de identidad subcultural: La est\u00e9tica Y2K es un lenguaje de tendencia espec\u00edfico. Al emplear este enfoque de branding, indica que la marca tiene como objetivo expl\u00edcito involucrarse con la demograf\u00eda m\u00e1s joven que se identifica con esta est\u00e9tica, facilitando el establecimiento de un sentido de comunidad.<\/li>\n<li>Potencial de alcance excepcional en las redes sociales: su dise\u00f1o distintivo y atractivo lo hace perfecto para contenido visual y corto en plataformas como Instagram, TikTok y Red Note, donde los usuarios est\u00e1n altamente motivados a compartir contenido por s\u00ed mismos.<\/li>\n<\/ul>","protected":false},"excerpt":{"rendered":"<ul>\n<li><b><\/b><strong><b>Dise\u00f1o del cuerpo del tubo<\/b><\/strong>.<\/li>\n<\/ul>\n<p>El dise\u00f1o del cuerpo del tubo para el 110 ml, 40 mm de di\u00e1metro del tubo, etiqueta pegatina tem\u00e1tica \u201cSweet Delight\u201d, recipiente de envasado de tubo suave de PE:<\/p>\n<ul>\n<li>Lenguaje visual: El renacimiento de la est\u00e9tica Y2K<\/li>\n<li>El dise\u00f1o incorpora elementos populares a principios de la d\u00e9cada de 2000, como \u201ccolores dulces\u201d, \u201cefectos de p\u00edxeles digitales\u201d, \u201ciconos de tecnolog\u00eda retro\u201d (tel\u00e9fono) y \u201ccultura dulce\u201d (corazones de amor, l\u00e1piz labial, AMOR). Representa no la simplicidad sino m\u00e1s bien \u201cel optimismo y la alegr\u00eda en capas desde los primeros d\u00edas de la era digital\u201d, atendiendo a la fascinaci\u00f3n de la generaci\u00f3n actual con las tendencias retro.<\/li>\n<li>El dise\u00f1o de \u201cN\u00facleo de Informaci\u00f3n y Flujo Visual\u201d.<\/li>\n<li>El dise\u00f1o cuenta con bloques rojos cereza para enfatizar y modularizar la informaci\u00f3n m\u00e1s importante de la marca, asegurando que sea clara y f\u00e1cil de leer.<\/li>\n<li>Los patrones aparentemente aleatorios que lo rodean, conocidos como \u201cflujos visuales\u201d, son responsables de transmitir emociones y estilo. Este dise\u00f1o garantiza tanto la transmisi\u00f3n eficiente de la informaci\u00f3n b\u00e1sica como la creaci\u00f3n de una experiencia visual atractiva y de esp\u00edritu libre.<\/li>\n<li>El valor estrat\u00e9gico de la tecnolog\u00eda de etiquetado.<\/li>\n<li>Para las marcas, el etiquetado es m\u00e1s que un proceso de fabricaci\u00f3n. Es una estrategia de marketing. Permite la producci\u00f3n en lotes peque\u00f1os de diferentes dise\u00f1os, lo que lo convierte en ideal para marcas DTC, colaboraciones pop-up o campa\u00f1as de marketing en redes sociales, lo que aporta un enfoque de \u201cmoda r\u00e1pida\u201d al envasado.<\/li>\n<\/ul>\n<p>Las ventajas de la etiqueta pegatina tem\u00e1tica \"Sweet Delight\" de 110 ml, di\u00e1metro de tubo de 40 mm, recipiente de envasado de tubo suave de PE:<\/p>\n<ul>\n<li>Crear productos llamativos a bajo costo y probar r\u00e1pidamente el mercado: las marcas pueden introducir varios dise\u00f1os simplemente cambiando etiquetas, sin tener que soportar altos costos asociados con la modificaci\u00f3n de moldes o cumplir con cantidades m\u00ednimas de impresi\u00f3n, respondiendo as\u00ed con agilidad a las tendencias del mercado.<\/li>\n<li>Construir con precisi\u00f3n una imagen de marca joven y de moda: Esto puede ayudar r\u00e1pidamente a la marca a establecer una personalidad caracterizada por \u201cfrescura\u201d, \u201cdiversi\u00f3n\u201d y \u201ccomprensi\u00f3n de las tendencias\u201d, lo que implica profundamente a los grupos de consumidores j\u00f3venes.<\/li>\n<li>Crear fuertes motivaciones para recoger y comprar en serie: Es f\u00e1cil introducir una serie de patrones (como diferentes caramelos e iconos vintage) para animar a los consumidores a recoger todo el conjunto, aumentando as\u00ed las compras repetidas.<\/li>\n<li>Empoderar las redes sociales y el marketing de celebridades en Internet: El producto en s\u00ed mismo sirve como un excelente contenido para la difusi\u00f3n, lo que lo hace f\u00e1cilmente promovido tanto por las celebridades de Internet como por los individuos comunes, mejorando as\u00ed la eficiencia del marketing.<\/li>\n<\/ul>\n<p><strong><b>Escenarios en los que se puede usar el recipiente de envasado de tubo suave de PE de 110 ml, di\u00e1metro de tubo de 40 mm, etiqueta pegatina con el tema \"Sweet Delight\":<\/b><\/strong><\/p>\n<ul>\n<li>\u201cProductos estrellas\u201d en festivales de m\u00fasica o puestos de bazar de moda: en festivales de m\u00fasica como Coachella o mercados creativos de fin de semana, estos productos a menudo se convierten en puntos focales para los j\u00f3venes ansiosos por comprar y tomar fotos de ellos debido a su apariencia \u00fanica.<\/li>\n<li>Frecuente por las celebridades de Internet de la Generaci\u00f3n Z en sus ba\u00f1os: Este envase es un must-have para mostrar su gusto elegante en las visitas a la habitaci\u00f3n de YouTube o en las vitrinas de productos de ba\u00f1o de TikTok.<\/li>\n<li>El \u201cregalo ideal\u201d para fiestas tem\u00e1ticas (como cumplea\u00f1os o reuniones de novia): su aspecto alegre lo hace perfecto como regalo de fiesta, complementando perfectamente el ambiente del evento.<\/li>\n<li>\u201cPlataformas de colaboraci\u00f3n\u201d para las tiendas pop-up offline de marcas de moda: cuando se asocian con marcas de moda, ilustradores o m\u00fasicos, las etiquetas pueden mostrar a la perfecci\u00f3n los dise\u00f1os de los colaboradores, convirti\u00e9ndolos en objetos de colecci\u00f3n esenciales para los fans.<\/li>\n<li>La \u201cDeclaraci\u00f3n Personal\u201d de una Mesa de Maquillaje para Adolescentes: Las ni\u00f1as j\u00f3venes la colocan en sus escritorios, us\u00e1ndola no solo como espacio para almacenar productos para el cuidado de la piel, sino tambi\u00e9n como un escaparate para sus intereses personales y preferencias est\u00e9ticas.<\/li>\n<\/ul>","protected":false},"featured_media":3906,"comment_status":"closed","ping_status":"closed","template":"","meta":[],"product_brand":[],"product_cat":[29,47],"product_tag":[],"class_list":{"0":"post-3905","1":"product","2":"type-product","3":"status-publish","4":"has-post-thumbnail","6":"product_cat-skin-care-plastic-tube","7":"product_cat-40-pe-plastic-tube","9":"first","10":"instock","11":"shipping-taxable","12":"purchasable","13":"product-type-simple"},"_links":{"self":[{"href":"https:\/\/www.hongyitube.com\/es\/wp-json\/wp\/v2\/product\/3905","targetHints":{"allow":["GET"]}}],"collection":[{"href":"https:\/\/www.hongyitube.com\/es\/wp-json\/wp\/v2\/product"}],"about":[{"href":"https:\/\/www.hongyitube.com\/es\/wp-json\/wp\/v2\/types\/product"}],"replies":[{"embeddable":true,"href":"https:\/\/www.hongyitube.com\/es\/wp-json\/wp\/v2\/comments?post=3905"}],"wp:featuredmedia":[{"embeddable":true,"href":"https:\/\/www.hongyitube.com\/es\/wp-json\/wp\/v2\/media\/3906"}],"wp:attachment":[{"href":"https:\/\/www.hongyitube.com\/es\/wp-json\/wp\/v2\/media?parent=3905"}],"wp:term":[{"taxonomy":"product_brand","embeddable":true,"href":"https:\/\/www.hongyitube.com\/es\/wp-json\/wp\/v2\/product_brand?post=3905"},{"taxonomy":"product_cat","embeddable":true,"href":"https:\/\/www.hongyitube.com\/es\/wp-json\/wp\/v2\/product_cat?post=3905"},{"taxonomy":"product_tag","embeddable":true,"href":"https:\/\/www.hongyitube.com\/es\/wp-json\/wp\/v2\/product_tag?post=3905"}],"curies":[{"name":"WP","href":"https:\/\/api.w.org\/{rel}","templated":true}]}}