{"id":3892,"date":"2026-01-10T13:02:08","date_gmt":"2026-01-10T05:02:08","guid":{"rendered":"https:\/\/www.hongyitube.com\/?post_type=product&#038;p=3892"},"modified":"2026-01-10T13:02:43","modified_gmt":"2026-01-10T05:02:43","slug":"85-ml-of-retro-luxury-red-gold-in-a-40mm-diameter-high-end-pe-soft-tube-packaging-container-hongyi-plastic","status":"publish","type":"product","link":"https:\/\/www.hongyitube.com\/es\/product\/85-ml-of-retro-luxury-red-gold-in-a-40mm-diameter-high-end-pe-soft-tube-packaging-container-hongyi-plastic\/","title":{"rendered":"85 ml de \"Oro Rojo de Lujo Retro\" en un recipiente de envasado de tubo suave de PE de gama alta de 40 mm de di\u00e1metro - pl\u00e1stico Hongyi"},"content":{"rendered":"<p>Hongyi Plastic 85 ml de \"Retro Luxury Red Gold\" en un recipiente de envasado de tubo blando de PE de gama alta de 40 mm de di\u00e1metro es un recipiente de envasado de tubo blando de PE de gama alta con un di\u00e1metro de 40 mm, dise\u00f1ado con los conceptos b\u00e1sicos de \"lujo retro y exploraci\u00f3n visual\". Tiene una capacidad de 85 mililitros. El cuerpo del tubo cuenta con una innovadora estructura de \u201ctres secciones\u201d: las secciones inferior y media del tubo tienen bloques de textura mate rojo retro de 74 mm de ancho impresos en reversa, creando una base s\u00f3lida y profunda; inmediatamente por encima de estos, hay una franja de oro de 5 mm de ancho estampada en rojo, que sirve como una l\u00ednea de demarcaci\u00f3n de lujo; La parte superior conserva la apariencia original mate y semitransparente del cuerpo del tubo sin ning\u00fan tratamiento adicional, formando una \u201cventana transparente\u201d. Todo el texto funcional est\u00e1 claramente impreso en tinta de seda blanca sobre los bloques rojos retro. El envase incluye una tapa de tornillo de alto perfil roja y dorada chapada, que contrasta hermosamente con la franja dorada, dando al dise\u00f1o general un aire de misterio y comodidad pr\u00e1ctica, parecido a un tesoro cl\u00e1sico sellado con secretos.<\/p>\n<p>El material de los 85 ml de \"Retro Luxury Red Gold\" en un recipiente de envasado de tubo blando de PE de gama alta de 40 mm de di\u00e1metro:<\/p>\n<ul>\n<li>Material primario: Material compuesto de PE mate semitransparente hecho a medida. Su acabado mate \u00fanico proporciona una sensaci\u00f3n de semitransparencia, lo que permite que el contenido parezca borroso mientras mantiene la elegancia y la privacidad de la base.<\/li>\n<li>Procesos principales:<\/li>\n<li>Impresi\u00f3n en relieve mate rojo retro: logra un color rojo cl\u00e1sico uniforme, rico y no reflectante con una textura c\u00e1lida.<\/li>\n<li>Estampado de hoja de oro localizado: Crea un sorprendente contraste de brillo met\u00e1lico en una base mate, agregando un toque de elegancia a la calidad del producto.<\/li>\n<li>Tratamiento del espacio blanco: La retenci\u00f3n deliberada del \u00e1rea transparente en la secci\u00f3n superior refleja la confianza del dise\u00f1o y las consideraciones funcionales.<\/li>\n<li>Seguridad: Cumple con las normas internacionales para los materiales de contacto con alimentos y productos farmac\u00e9uticos.<\/li>\n<\/ul>\n<p><strong><b>Aplicaciones recomendadas <\/b><\/strong>:<\/p>\n<p>Uso recomendado para este envase de 85 ml de \u201cRetro Luxury Red Gold\u201d en un envase de tubo blando de PE de gama alta de 40 mm de di\u00e1metro:<\/p>\n<p>La industria de belleza y cuidado de la piel.<\/p>\n<ul>\n<li>Mercado femenino: impermeables de l\u00e1piz labial de gama alta, esencias pre-maquillaje, aceites corporales perfumados, aceites para el cuidado de la piel de edici\u00f3n limitada. El esquema de colores rojo y oro vintage transmite el clasicismo, el lujo y el atractivo. La ventana transparente muestra los tonos dorados de la esencia o aceite esencial, aumentando su valor y atrayendo a las mujeres maduras que aprecian el lujo cl\u00e1sico y los rituales.<\/li>\n<li>Mercado masculino: aceite para el cabello de gama alta, aceite para el cuidado de la barba, b\u00e1lsamo perfumado con aroma de madera. Un color rojo retro combinado con un acabado met\u00e1lico crea una imagen cl\u00e1sica, robusta e hist\u00f3ricamente rica de un caballero. Una ventana transparente muestra la textura del producto, aline\u00e1ndose con el deseo racional de los hombres de \"lo que ves es lo que obtienes\".<\/li>\n<li>Cuidado personal de alta gama y mercado de reparaci\u00f3n profesional: aceite de reparaci\u00f3n de alta intensidad, aceite de masaje deportivo y sueros de emergencia para el cuidado de la piel de marcas de lujo. El lujoso embalaje y el dise\u00f1o \u201cpeek-a-boo\u201d pueden transformar productos de aceite funcionales de alto valor en art\u00edculos de lujo, con una ventana transparente que proporciona una vista intuitiva de su textura pura.<\/li>\n<\/ul>\n<p>La industria de pigmentos qu\u00edmicos industriales.<\/p>\n<ul>\n<li>Mantenimiento de art\u00edculos de lujo y el mercado de colecciones profesionales: aceites de cuidado de cuero\/caoba de alta gama, lubricantes para instrumentos antiguos y medios especializados para la restauraci\u00f3n de arte. La apariencia se alinea con la opulencia cl\u00e1sica de los art\u00edculos que se mantienen, con ventanas transparentes para una f\u00e1cil observaci\u00f3n de la condici\u00f3n del medio, y rayas rojas y doradas que significan experiencia y valor.<\/li>\n<\/ul>\n<h3><b>1.<\/b><strong><b>Atributos del producto\u00a0<\/b><\/strong><\/h3>\n<p>Caracter\u00edsticas de los 85 ml de \u201cRetro Luxury Red Gold\u201d en un recipiente de embalaje de tubo blando de PE de gama alta de 40 mm de di\u00e1metro:<\/p>\n<ul>\n<li>Innovador dise\u00f1o en tres partes: La estructura en tres partes con bloques de colores mate, rayas en relieve doradas y ventanas transparentes crea un ritmo visual y interactividad \u00fanicos. Los consumidores pueden observar el contenido a trav\u00e9s de la secci\u00f3n superior semitransparente, que equilibra el misterio con la seguridad visual funcional.<\/li>\n<li>Un choque de materiales cl\u00e1sicos y modernos: el acabado mate (retro, c\u00e1lido) combinado con el estampado met\u00e1lico\/galvanoplastia (lujoso, refinado) y materiales semitransparentes (moderno, transparente) crea un dise\u00f1o que exuda modernidad dentro de un marco cl\u00e1sico.<\/li>\n<li>Forte narraci\u00f3n y coleccionabilidad: El dise\u00f1o general se asemeja a un pergamino cl\u00e1sico en miniatura o a un frasco de bordes dorados, imbuido de elementos narrativos, estimulando f\u00e1cilmente el deseo de los consumidores de coleccionarlo y exhibirlo.<\/li>\n<li>El equilibrio perfecto entre portabilidad y funcionalidad: la capacidad de 85 mililitros es ideal para kits de viaje de gama alta, que satisfacen las necesidades de viaje a corto y medio plazo mientras mantienen un sentido de elegancia. La tapa de tornillo de alta calidad proporciona un sellado fiable.<\/li>\n<\/ul>","protected":false},"excerpt":{"rendered":"<ul>\n<li><b><\/b><strong><b>Dise\u00f1o del cuerpo del tubo<\/b><\/strong>.<\/li>\n<\/ul>\n<p>El dise\u00f1o del cuerpo del tubo para los 85 ml de \u201cRetro Luxury Red Gold\u201d en un recipiente de envasado de tubo suave de PE de gama alta de 40 mm de di\u00e1metro:<\/p>\n<p>Met\u00e1foras del color y la estructura:<\/p>\n<ul>\n<li>Base Mat Rojo Retro: Simboliza el clasicismo, la fuerza, la pasi\u00f3n y la elegancia atemporal. El acabado mate le da una profundidad discreta, evitando la frivolidad del rojo brillante.<\/li>\n<li>La franja en relieve roja y dorada representa una doble met\u00e1fora de \u201csellado\u201d y \u201cpremio\u201d. Se asemeja a una cinta sellada, insinuando el valor de los contenidos, y tambi\u00e9n se asemeja a una insignia de honor, destacando la excelencia de la marca y del producto.<\/li>\n<li>Ventana semitransparente: Simboliza la \u201ctransparencia\u201d y la \u201cinvitaci\u00f3n\u201d. Rompe el sentido completo de enclosure inherente a los envases opacos, invitando a los consumidores a mirar dentro y fomentando un sentido de curiosidad sutil y confianza.<\/li>\n<li>La filosof\u00eda de la \"Caja de regalo de ventana de lujo\": El dise\u00f1o se inspira en las cajas de regalo para joyas o relojes de alta gama: el exterior presenta un embalaje lujoso y cl\u00e1sico (oro rojo mate), pero siempre hay una ventana a trav\u00e9s de la que puede vislumbrar el tesoro dentro. Este envase miniaturiza y practica este concepto, convirtiendo al mismo producto en la caja de regalo.<\/li>\n<li>Expresi\u00f3n de lujo inclusiva de g\u00e9nero: El oro rojo retro es una de las raras combinaciones de colores cl\u00e1sicos de lujo que son apreciadas tanto por los mercados masculinos como femeninos de gama alta. Su combinaci\u00f3n de fuerza y refinamiento es perfectamente equilibrada.<\/li>\n<\/ul>\n<p>Las ventajas de los 85 ml de \u201cRetro Luxury Red Gold\u201d en un envase de tubo blando de PE de gama alta de 40 mm de di\u00e1metro:<\/p>\n<p>Establecer la identidad de marca de \u201clujo aislado\u201d: a trav\u00e9s de dise\u00f1os que est\u00e1n \u201cparcialmente ocultos y parcialmente revelados\u201d, crear un sentido de exclusividad y misterio que est\u00e1 destinado solo a aquellos que lo aprecian, mejorando de este modo en gran medida el posicionamiento y el atractivo de gama alta de la marca.<\/p>\n<ul>\n<li>Lograr la unidad entre valor emocional y visibilidad funcional: Presentando la historia cl\u00e1sica del lujo a trav\u00e9s del uso de colores rojo y dorado, al mismo tiempo que proporcionan ventanas transparentes que hacen que sea pr\u00e1ctico para los usuarios gestionar sus cantidades restantes y observar los productos, logrando un equilibrio entre emoci\u00f3n y raz\u00f3n.<\/li>\n<li>Crear s\u00edmbolos visuales altamente reconocibles: La distintiva estructura de tres partes es extremadamente rara en el dise\u00f1o de envases y puede crear un fuerte punto de memoria visual, haciendo que la marca destaque en los estantes de las tiendas.<\/li>\n<li>Portador ideal para productos l\u00edquidos de alto valor: Perfecto para productos con altos precios unitarios, esencias concentradas, aceites esenciales y soluciones para el cuidado de la piel. La textura de su envase apoya efectivamente el precio premium de estos productos.<\/li>\n<\/ul>\n<p><strong><b>Escenarios en los que se pueden usar los 85 ml de \u201cRetro Luxury Red Gold\u201d en un recipiente de envasado de tubo blando de PE de gama alta de 40 mm de di\u00e1metro:<\/b><\/strong><\/p>\n<ul>\n<li>Los \u201cdetalles de buen gusto\u201d del ba\u00f1o del club de caballeros: En los clubes tradicionales ingleses, este envase de aceite para el cabello o despu\u00e9s del afeitado sirve como una declaraci\u00f3n silenciosa del gusto refinado de sus miembros.<\/li>\n<li>\u201cAccesorios de atm\u00f3sfera\u201d para bares o hoteles con temas vintage: Estos art\u00edculos, utilizados como comodidades para los hu\u00e9spedes, est\u00e1n dise\u00f1ados para integrarse perfectamente con la decoraci\u00f3n vintage, mejorando la experiencia inmersiva general.<\/li>\n<li>Una colecci\u00f3n de \u201cherramientas profesionales\u201d propiedad de un maquillador o peluquero privado: Este art\u00edculo es utilizado por profesionales para almacenar los productos de cuidado de la piel de la m\u00e1s alta calidad, y su apariencia refleja su meticuloso enfoque a las herramientas y materiales.<\/li>\n<li>Kit de comodidades de primera clase para vuelos intercontinentales de larga distancia: sus caracter\u00edsticas compactas, lujosas y duraderas lo convierten en una adici\u00f3n ideal a una experiencia de viaje de gama alta, asegurando que los pasajeros permanezcan refinados a lo largo de su viaje.<\/li>\n<li>Un \u201cregalo de recompensa\u201d para aniversarios hist\u00f3ricos o logros significativos: su dise\u00f1o cl\u00e1sico y lujoso lo convierte en una opci\u00f3n ideal para regalar a una pareja o a uno mismo para conmemorar momentos especiales.<\/li>\n<\/ul>","protected":false},"featured_media":3899,"comment_status":"closed","ping_status":"closed","template":"","meta":[],"product_brand":[],"product_cat":[47],"product_tag":[],"class_list":{"0":"post-3892","1":"product","2":"type-product","3":"status-publish","4":"has-post-thumbnail","6":"product_cat-40-pe-plastic-tube","8":"first","9":"instock","10":"shipping-taxable","11":"purchasable","12":"product-type-simple"},"_links":{"self":[{"href":"https:\/\/www.hongyitube.com\/es\/wp-json\/wp\/v2\/product\/3892","targetHints":{"allow":["GET"]}}],"collection":[{"href":"https:\/\/www.hongyitube.com\/es\/wp-json\/wp\/v2\/product"}],"about":[{"href":"https:\/\/www.hongyitube.com\/es\/wp-json\/wp\/v2\/types\/product"}],"replies":[{"embeddable":true,"href":"https:\/\/www.hongyitube.com\/es\/wp-json\/wp\/v2\/comments?post=3892"}],"wp:featuredmedia":[{"embeddable":true,"href":"https:\/\/www.hongyitube.com\/es\/wp-json\/wp\/v2\/media\/3899"}],"wp:attachment":[{"href":"https:\/\/www.hongyitube.com\/es\/wp-json\/wp\/v2\/media?parent=3892"}],"wp:term":[{"taxonomy":"product_brand","embeddable":true,"href":"https:\/\/www.hongyitube.com\/es\/wp-json\/wp\/v2\/product_brand?post=3892"},{"taxonomy":"product_cat","embeddable":true,"href":"https:\/\/www.hongyitube.com\/es\/wp-json\/wp\/v2\/product_cat?post=3892"},{"taxonomy":"product_tag","embeddable":true,"href":"https:\/\/www.hongyitube.com\/es\/wp-json\/wp\/v2\/product_tag?post=3892"}],"curies":[{"name":"WP","href":"https:\/\/api.w.org\/{rel}","templated":true}]}}