{"id":3876,"date":"2026-01-10T12:08:45","date_gmt":"2026-01-10T04:08:45","guid":{"rendered":"https:\/\/www.hongyitube.com\/?post_type=product&#038;p=3876"},"modified":"2026-01-10T12:08:46","modified_gmt":"2026-01-10T04:08:46","slug":"120-ml-iridescent-gradient-color-glossy-40-mm-tube-diameter-series-pe-soft-tube-packaging-container-hongyi-plastic","status":"publish","type":"product","link":"https:\/\/www.hongyitube.com\/es\/product\/120-ml-iridescent-gradient-color-glossy-40-mm-tube-diameter-series-pe-soft-tube-packaging-container-hongyi-plastic\/","title":{"rendered":"120 ml, color gradiente iridescente, brillante, 40 mm de di\u00e1metro de tubo serie PE recipiente de envasado de tubo suave - pl\u00e1stico Hongyi"},"content":{"rendered":"<p>Hongyi Plastic 120 ml color gradiente iridescente, brillante, 40 mm de di\u00e1metro de tubo serie PE recipiente de envasado de tubo blando es una serie de 40 mm de di\u00e1metro de recipientes de envasado de tubo blando de PE centrados en torno a \"colores din\u00e1micos y resonancia emocional\", con una capacidad de 120 mililitros. La serie ofrece tres esquemas de color de gradiente cautivador: gradiente brillante azul-verde a rosa-rosa, gradiente p\u00farpura claro a p\u00farpura profunda y gradiente p\u00farpura claro a rosa. Cada dise\u00f1o presenta transiciones de color suaves como el punto focal visual, transmitiendo tonos emocionales distintos. Todo el texto funcional est\u00e1 claramente impreso en blanco en ambos lados, lo que garantiza una alta legibilidad incluso en el fondo de gradiente. El envase cuenta con un dise\u00f1o de tapa de tornillo de alta calidad que se puede emparejar con varias tapas de tornillo de color moldeadas por inyecci\u00f3n, combinadas con un acabado texturizado y un proceso de llenado preciso, lo que resulta en excelentes propiedades de sellado, portabilidad y una experiencia de operaci\u00f3n suave y de una sola mano.<\/p>\n<p>El material del recipiente de envasado de tubo blando de la serie PE de 120 ml, color gradiente iridescente, brillante, di\u00e1metro de tubo de 40 mm:<\/p>\n<ul>\n<li>Material primario: Un sustrato a base de PE con alta representaci\u00f3n de color y tensi\u00f3n superficial. Su suavidad excepcional es crucial para lograr efectos de gradiente uniformes e impecables.<\/li>\n<li>Proceso principal: Impresi\u00f3n gradual de alta precisi\u00f3n y revestimiento de barniz de superficie suave. En primer lugar, las transiciones de color se logran mediante una sobreimpresi\u00f3n meticulosa para crear un efecto de mezcla natural. Luego, un barniz especial de superficie suave se aplica uniformemente para dar al cuerpo del tubo una sensaci\u00f3n lisa, sedosa o terciopelo, combinando fluidez visual con placer t\u00e1ctil.<\/li>\n<li>Seguridad: Tanto la tinta como el recubrimiento de barniz cumplen con las normas internacionales de seguridad para los materiales en contacto con alimentos y productos farmac\u00e9uticos.<\/li>\n<\/ul>\n<p><strong><b>Aplicaciones recomendadas <\/b><\/strong>:<\/p>\n<p>Uso recomendado para este 120 ml, color gradiente iridescente, brillante, 40 mm de di\u00e1metro de tubo serie PE recipiente de envasado de tubo suave: Una narrativa de emociones a trav\u00e9s de la gradaci\u00f3n del color:<\/p>\n<ul>\n<li>Azul-Verde-Rosa: Simboliza el choque entre el oc\u00e9ano y la puesta del sol, la racionalidad y la pasi\u00f3n, la tecnolog\u00eda y la energ\u00eda, imbuida de tensi\u00f3n din\u00e1mica y un sentido de futurismo.<\/li>\n<li>P\u00farpura clara \u2013 P\u00farpura profunda: Simboliza el profundo viaje del amanecer al cielo nocturno, de la vigilia a los sue\u00f1os, y de la apariencia externa a la introspecci\u00f3n. Lleva un sentido de misterio y espiritualidad.<\/li>\n<li>Rosa clara: Simboliza la transici\u00f3n rom\u00e1ntica de la timidez de una joven a la madurez de una mujer, de la inocencia al atractivo. Es suave y cautivador.<\/li>\n<\/ul>\n<p>La filosof\u00eda detr\u00e1s de la textura a\u00f1adida del \"aceite brillante de superficie suave\": Dados los elementos visuales intensos, un revestimiento de alto brillo se utiliza t\u00edpicamente para mejorar el efecto deslumbrante. Sin embargo, este producto adopta un enfoque diferente mediante el empleo de aceite brillante de superficie suave. Esta decisi\u00f3n es altamente sofisticada: utiliza una textura suave para \u201cneutralizar\u201d y \u201cabsorber\u201d el impacto visual, haciendo que el producto sea sofisticado pero no fr\u00edvolo, deslumbrante pero no barato, ampliando as\u00ed el tiempo que los consumidores pasan jugando y apreci\u00e1ndolo.<\/p>\n<ul>\n<li>La sabidur\u00eda de la \u201csustracci\u00f3n\u201d en la presentaci\u00f3n de informaci\u00f3n: Utilizar solo serigraf\u00eda blanca como m\u00e9todo de presentaci\u00f3n de informaci\u00f3n sobre un fondo de gradiente complejo es la soluci\u00f3n \u00f3ptima para garantizar la claridad y la legibilidad. Este enfoque evita el desorden causado por el texto multicolor, permitiendo que los colores ocupen el centro de la escena mientras que el texto sirve como una anotaci\u00f3n refinada y necesaria. Caracter\u00edsticas del recipiente de envasado de tubo suave PE de la serie de 120 ml, color gradiente iridescente, brillante, di\u00e1metro de tubo de 40 mm:\n<ul>\n<li>Comunicaci\u00f3n visual intensa y emotiva: Tres esquemas de gradiente que corresponden con precisi\u00f3n a diferentes emociones y estilos (vibrante\/misterioso\/rom\u00e1ntico), permitiendo conexiones emocionales no verbales instant\u00e1neas con los consumidores y reduciendo el costo de la elecci\u00f3n.<\/li>\n<li>Dual placer sensorial del tacto y la vista: Superponer un barniz brillante sobre el deslumbrante gradiente crea una experiencia compuesta de \u201cfluidez visible\u201d y \u201csuavidad palpable\u201d, mejorando en gran medida la sensaci\u00f3n de satisfacci\u00f3n y valor cuando el producto se sostiene en la mano.<\/li>\n<li>Dise\u00f1o de serie excepcional e impacto en las estanter\u00edas: Los tres dise\u00f1os son distintos y cohesivos, creando una poderosa matriz visual a trav\u00e9s de un lenguaje de gradiente unificado y artesan\u00eda, capaz de monopolizar la atenci\u00f3n en entornos minoristas.<\/li>\n<li>Modernidad y funcionalidad equilibradas: La tapa de tornillo de alta calidad garantiza un sellado fiable incluso con m\u00e9todos de apertura tradicionales, lo que lo hace f\u00e1cil de usar para la operaci\u00f3n con una sola mano. Si bien prioriza la est\u00e9tica del dise\u00f1o, no compromete la funcionalidad b\u00e1sica.<\/li>\n<\/ul>\n<\/li>\n<\/ul>","protected":false},"excerpt":{"rendered":"<ul>\n<li><b><\/b><strong><b>Dise\u00f1o del cuerpo del tubo<\/b><\/strong>.<\/li>\n<\/ul>\n<p>El dise\u00f1o del cuerpo del tubo para el color gradiente iridescente de 120 ml, brillante, 40 mm de di\u00e1metro del tubo serie PE recipiente de envasado de tubo blando:<\/p>\n<ul>\n<li>Crear un producto de \u201cmoneda social\u201d a nivel de fen\u00f3meno: Un dise\u00f1o que cambia gradualmente con alto reconocimiento y valor compartido, inherentemente adecuado para la difusi\u00f3n viral en plataformas sociales visuales como Instagram y TikTok, generando as\u00ed tr\u00e1fico libre sustancial para la marca.<\/li>\n<li>Lograr una segmentaci\u00f3n precisa de los clientes y el dominio del mercado: Con tres estilos distintos en una sola colecci\u00f3n, puede atender a una amplia gama de clientes, incluyendo j\u00f3venes de tendencia, mujeres rom\u00e1nticas y m\u00edsticas. La estrategia de marketing es flexible y muy eficaz.<\/li>\n<li>Establecer una imagen de marca impulsada por el dise\u00f1o con alto valor percibido: Al hacer del embalaje en s\u00ed mismo un punto de venta central, puede justificar eficazmente el precio del producto que supera con mucho el costo, atrayendo as\u00ed a los consumidores que est\u00e1n dispuestos a pagar por el dise\u00f1o y las experiencias \u00fanicas.<\/li>\n<li>Establecer fuertes barreras para el proceso y el dise\u00f1o: La combinaci\u00f3n de impresi\u00f3n en gradiente y barniz de tacto suave plantea exigencias extremadamente altas en los procesos de producci\u00f3n, lo que hace que la imitaci\u00f3n sea costosa, lo que permite a las marcas obtener una ventaja competitiva a corto plazo.<\/li>\n<\/ul>\n<p>Ventajas del producto: puede incluir el alcance de la aplicaci\u00f3n del producto, control de dosis, uso conveniente, ligero y duradero, amplia gama de aplicaciones, etc., por ejemplo<\/p>\n<p>Las ventajas del recipiente de envasado de tubo blando de la serie PE de color gradiente iridescente de 120 ml, brillante, di\u00e1metro de tubo de 40 mm:<\/p>\n<ul>\n<li>Crear un producto de \u201cmoneda social\u201d a nivel de fen\u00f3meno: Un dise\u00f1o que cambia gradualmente con alto reconocimiento y valor compartido, inherentemente adecuado para la difusi\u00f3n viral en plataformas sociales visuales como Instagram y TikTok, generando as\u00ed tr\u00e1fico libre sustancial para la marca.<\/li>\n<li>Lograr una segmentaci\u00f3n precisa de los clientes y el dominio del mercado: Con tres estilos distintos en una sola colecci\u00f3n, puede atender a una amplia gama de clientes, incluyendo j\u00f3venes de tendencia, mujeres rom\u00e1nticas y m\u00edsticas. La estrategia de marketing es flexible y muy eficaz.<\/li>\n<li>Establecer una imagen de marca impulsada por el dise\u00f1o con alto valor percibido: Al hacer del embalaje en s\u00ed mismo un punto de venta central, puede justificar eficazmente el precio del producto que supera con mucho el costo, atrayendo as\u00ed a los consumidores que est\u00e1n dispuestos a pagar por el dise\u00f1o y las experiencias \u00fanicas.<\/li>\n<li>Establecer fuertes barreras para el proceso y el dise\u00f1o: La combinaci\u00f3n de impresi\u00f3n en gradiente y barniz de tacto suave plantea exigencias extremadamente altas en los procesos de producci\u00f3n, lo que hace que la imitaci\u00f3n sea costosa, lo que permite a las marcas obtener una ventaja competitiva a corto plazo.<\/li>\n<li><strong><b>Escenarios de aplicaci\u00f3n del producto: se puede enumerar el alcance de la aplicaci\u00f3n del producto por puntos, como:<\/b><\/strong><\/li>\n<\/ul>\n<p><strong><b>Escenarios en los que se puede utilizar el tubo de 120 ml de color gradiente iridescente, brillante, de 40 mm:<\/b><\/strong><\/p>\n<ul>\n<li>\u201cAccesorios llamativos\u201d para festivales de m\u00fasica o exposiciones de moda: Los consumidores j\u00f3venes a menudo llevan productos de cuidado personal que coinciden con el estilo de embalaje, con su apariencia convirti\u00e9ndose en una parte integral de su expresi\u00f3n de moda.<\/li>\n<li>\u201cArt\u00edculos que mejoran la atm\u00f3sfera\u201d para hoteles de dise\u00f1o o tiendas boutique: En entornos minoristas que priorizan el dise\u00f1o espacial, estos productos se integran sin problemas, sirviendo como art\u00edculos que elevan el ambiente general.<\/li>\n<li>La \u201capertura visual\u201d de un video de bloguero de belleza: En un tutorial de belleza o un video de unboxing, sin ning\u00fan comentario introductorio, el barrido de la c\u00e1mara a trav\u00e9s de la colecci\u00f3n de gradientes cautiva al instante la atenci\u00f3n del p\u00fablico.<\/li>\n<li>Exhibido como una \u201ccolecci\u00f3n emocional\u201d en un estante de pantalla del ba\u00f1o: Los consumidores pueden recoger toda la serie para decorar y gestionar sus emociones, impulsados por su preferencia por las connotaciones emocionales asociadas con gradientes espec\u00edficos de color (por ejemplo, usando una variante p\u00farpura durante los ba\u00f1os nocturnos).<\/li>\n<li>El \u201cpunto destacado\u201d de las cajas de regalo colaborativas de gama alta: los dise\u00f1os Gradient sirven como un lienzo ideal para mostrar los conceptos art\u00edsticos inherentes a las colaboraciones con m\u00fasicos, ilustradores o marcas de moda.<\/li>\n<\/ul>","protected":false},"featured_media":3884,"comment_status":"closed","ping_status":"closed","template":"","meta":[],"product_brand":[],"product_cat":[29,47],"product_tag":[],"class_list":{"0":"post-3876","1":"product","2":"type-product","3":"status-publish","4":"has-post-thumbnail","6":"product_cat-skin-care-plastic-tube","7":"product_cat-40-pe-plastic-tube","9":"first","10":"instock","11":"shipping-taxable","12":"purchasable","13":"product-type-simple"},"_links":{"self":[{"href":"https:\/\/www.hongyitube.com\/es\/wp-json\/wp\/v2\/product\/3876","targetHints":{"allow":["GET"]}}],"collection":[{"href":"https:\/\/www.hongyitube.com\/es\/wp-json\/wp\/v2\/product"}],"about":[{"href":"https:\/\/www.hongyitube.com\/es\/wp-json\/wp\/v2\/types\/product"}],"replies":[{"embeddable":true,"href":"https:\/\/www.hongyitube.com\/es\/wp-json\/wp\/v2\/comments?post=3876"}],"wp:featuredmedia":[{"embeddable":true,"href":"https:\/\/www.hongyitube.com\/es\/wp-json\/wp\/v2\/media\/3884"}],"wp:attachment":[{"href":"https:\/\/www.hongyitube.com\/es\/wp-json\/wp\/v2\/media?parent=3876"}],"wp:term":[{"taxonomy":"product_brand","embeddable":true,"href":"https:\/\/www.hongyitube.com\/es\/wp-json\/wp\/v2\/product_brand?post=3876"},{"taxonomy":"product_cat","embeddable":true,"href":"https:\/\/www.hongyitube.com\/es\/wp-json\/wp\/v2\/product_cat?post=3876"},{"taxonomy":"product_tag","embeddable":true,"href":"https:\/\/www.hongyitube.com\/es\/wp-json\/wp\/v2\/product_tag?post=3876"}],"curies":[{"name":"WP","href":"https:\/\/api.w.org\/{rel}","templated":true}]}}