{"id":3864,"date":"2026-01-10T11:04:27","date_gmt":"2026-01-10T03:04:27","guid":{"rendered":"https:\/\/www.hongyitube.com\/?post_type=product&#038;p=3864"},"modified":"2026-01-10T11:04:27","modified_gmt":"2026-01-10T03:04:27","slug":"120-ml-warm-moist-skin-friendly-cool-pink-40-mm-tube-diameter-high-end-pe-soft-tube-individual-packaging-container-bottle-hongyi-plastic","status":"publish","type":"product","link":"https:\/\/www.hongyitube.com\/es\/product\/120-ml-warm-moist-skin-friendly-cool-pink-40-mm-tube-diameter-high-end-pe-soft-tube-individual-packaging-container-bottle-hongyi-plastic\/","title":{"rendered":"120 ml c\u00e1lido, h\u00famedo, amigable con la piel, rosa fresco, di\u00e1metro del tubo de 40 mm, tubo suave de PE de gama alta, envase individual \/ botella - pl\u00e1stico Hongyi"},"content":{"rendered":"<p>Hongyi Plastic 120 ml c\u00e1lido, h\u00famedo, amigable con la piel, rosa fresco, di\u00e1metro de tubo de 40 mm es un recipiente de envasado de tubo suave de PE de alta gama con un di\u00e1metro de 40 mm, dise\u00f1ado para elevar el \"placer sensorial\" a un nivel central de sofisticaci\u00f3n. Tiene una capacidad de 120 ml. El cuerpo del tubo presenta un elegante color rosa fresco como su base, y est\u00e1 recubierto uniformemente con barniz de acabado suave de primera clase, creando una sensaci\u00f3n \u00fanica, terciopelo, liso e \u00edntimo parecido a la seda o la piel. El envase cuenta con un dise\u00f1o de perfil bajo flip-top, emparejado con varias opciones de perfil bajo flip-top moldeado por inyecci\u00f3n, lo que permite operaciones de apertura, cierre y compresi\u00f3n verdaderamente sin costuras e intuitivas con una sola mano. Combinado con un sello de pared recta y un proceso de llenado preciso, este producto garantiza un sello y una portabilidad excepcionales al tiempo que transforma cada uso en una experiencia sensorial agradable.<\/p>\n<p>El material del 120 ml c\u00e1lido, h\u00famedo, amigable con la piel, rosa fresco, di\u00e1metro del tubo de 40 mm, tubo suave de PE de alta gama, recipiente \/ botella de envasado individual:<\/p>\n<ul>\n<li>Material primario: sustrato PE de alta calidad. Su excepcional suavidad superficial y estabilidad sirven como base para apoyar barnices de superficies suaves y lograr una experiencia t\u00e1ctil perfecta.<\/li>\n<li>Proceso principal: recubrimiento especial de barniz de superficie suave. Esto no es solo un acabado mate ordinario; es un tratamiento superficial logrado a trav\u00e9s de una formulaci\u00f3n especial que presenta un coeficiente de fricci\u00f3n extremadamente bajo y una textura terciopelo. Posee propiedades como resistencia a huellas digitales, resistencia a ara\u00f1azos y sensaci\u00f3n t\u00e1ctil consistente, lo que garantiza una experiencia de \u201cnunca cansarse de tocar\u201d.<\/li>\n<li>Seguridad: La formulaci\u00f3n del aceite ligero cumple con las normas internacionales de seguridad para los materiales de contacto, lo que lo hace seguro para el contacto con la piel.<\/li>\n<\/ul>\n<p><strong><b>Aplicaciones recomendadas <\/b><\/strong>:<\/p>\n<p>La industria de belleza y cuidado de la piel.<\/p>\n<ul>\n<li>The Ladies\u2019 Market: cremas de mano de gama alta, m\u00e1scaras de reparaci\u00f3n nocturna, lociones corporales de lujo y cremas perfumadas. La combinaci\u00f3n de texturas rosadas frescas y suaves se alinea perfectamente con la psicolog\u00eda del consumidor de \u201cauto-indulgencia\u201d, \u201cmomentos privados\u201d y \u201crituales curativos\u201d, lo que la convierte en una plataforma ideal para crear productos emocionalmente valiosos con precios altos.<\/li>\n<li>Mercado masculino: Adecuado como regalo de gama alta o para colecciones espec\u00edficas de nicho. La aceptaci\u00f3n de Cool Pink en el mercado masculino es limitada, pero puede emparejarse con cubiertas m\u00e1s oscuras (como gris carb\u00f3n, azul marino) para ser usadas en ediciones limitadas o conjuntos de regalos que enfatizan las \u201cexperiencias sensoriales\u201d y la \u201csingularidad\u201d.<\/li>\n<li>Mercado de alta gama de aromaterapia y cuidado emocional: cremas de aceite de masaje de marca de lujo, cremas calmantes que inducen el sue\u00f1o y productos de cuidado de spa dise\u00f1ados espec\u00edficamente para hoteles de cinco estrellas. Su exquisita textura mejora en gran medida el valor terap\u00e9utico y la experiencia sensorial de los productos, transformando art\u00edculos funcionales en delicias sensoriales.<\/li>\n<\/ul>\n<p>La industria de pigmentos qu\u00edmicos industriales.<\/p>\n<ul>\n<li>Cuidado de productos de lujo y accesorios de marca de dise\u00f1o: cremas de cuidado de cuero\/muebles de alta gama, medios especializados para artistas y kits de materiales creativos de marcas de lujo. La textura del propio envase debe coincidir con el alto valor de los art\u00edculos que se cuidan o crean, mejorando la sensaci\u00f3n de lujo general de la experiencia.<\/li>\n<\/ul>\n<p>Uso recomendado para este 120 ml c\u00e1lido, h\u00famedo, amigable con la piel, rosa fresco, di\u00e1metro de tubo de 40 mm, tubo suave de PE de gama alta, envase individual \/ botella.<\/p>\n<h3>\u00a0<strong><b>Caracter\u00edsticas de la<\/b><\/strong><strong><b>120 ml c\u00e1lido, h\u00famedo, amigable con la piel, rosa fresco, di\u00e1metro de tubo de 40 mm, tubo suave de PE de gama alta, envase individual \/ botella<\/b><\/strong><strong><b>: <\/b><\/strong><\/h3>\n<ul>\n<li>Experiencia t\u00e1ctil revolucionaria: La textura de \u201caceite de brillo suave\u201d es la ventaja competitiva principal del producto. Crea un impresionante punto de memoria sensorial que trasciende la percepci\u00f3n visual, evocando directamente la resonancia emocional y el deseo de propiedad de los consumidores.<\/li>\n<li>F\u00e1cilidad de uso sin igual con una sola mano: el dise\u00f1o compacto de la cubierta flip combinado con una sensaci\u00f3n suave al tacto resulta en una experiencia excepcionalmente suave y c\u00f3moda durante todo el proceso de sujeci\u00f3n, apertura y compresi\u00f3n, mezclando sin problemas la funcionalidad con la est\u00e9tica.<\/li>\n<li>Lenguaje visual avanzado pero moderado: el rosa fresco es suave, moderno y sofisticado, evitando cualquier sentido de dulzura. El acabado mate exuda lujo discreto, lo que lo hace \u00fanicamente atractivo en los estantes de las tiendas.<\/li>\n<li>Calidad duradera: \u201cEl encanto duradero\u201d implica que su superficie puede resistir ara\u00f1azos y manchas del uso diario durante un per\u00edodo prolongado, manteniendo una apariencia fresca y atractiva, aumentando as\u00ed el valor percibido del producto como opci\u00f3n sostenible.<\/li>\n<\/ul>","protected":false},"excerpt":{"rendered":"<ul>\n<li><b><\/b><strong><b>Dise\u00f1o del cuerpo del tubo<\/b><\/strong>.<\/li>\n<\/ul>\n<p>El dise\u00f1o del cuerpo del tubo para el 120 ml c\u00e1lido, h\u00famedo, respetuoso con la piel, rosa fresco, di\u00e1metro del tubo de 40 mm, tubo suave de PE de gama alta, envase individual \/ botella:<\/p>\n<ul>\n<li>Aplicaci\u00f3n en profundidad del marketing sensorial:<\/li>\n<li>El dise\u00f1o ya no se limita al reino de la \u201cvisualidad\u201d; En una era de sobrecarga de informaci\u00f3n, una experiencia t\u00e1ctil \u00fanica y placentera puede establecer una conexi\u00f3n de marca m\u00e1s \u00edntima y memorable. Las sensaciones suaves y t\u00e1ctiles evocan directamente sentimientos de \u201cser nutridos\u201d, \u201csuavidad\u201d, \u201cexcelencia\u201d y \u201catenci\u00f3n al detalle\u201d.<\/li>\n<li>La interacci\u00f3n psicol\u00f3gica entre color y textura:<\/li>\n<li>Cool Pink: Un tono de rosa racional, moderno y ligeramente alejado. A diferencia del rosa c\u00e1lido, no es dulce, sino que transmite \"elegancia tranquila\", \"dulzura intelectual\" y \"feminidad moderna\".<\/li>\n<li>Acabado suave y luminoso: transforma la \u201cfrescura\u201d visual del rosa helado en una \u201ccalidez\u201d t\u00e1ctil, creando un fascinante contraste sensorial que hace que el producto sea elegante y accesible.<\/li>\n<li>Filosof\u00eda de dise\u00f1o de \u201ccualidades que hablan por s\u00ed mismas\u201d: El mejor lujo es a menudo algo que no necesita ostentarse. Este producto transmite su calidad a trav\u00e9s del tacto directo de los dedos del usuario, una experiencia que es mucho m\u00e1s convincente que cualquier eslogan publicitario. Sugiere el enfoque inquebrantable de la marca en los detalles de la experiencia del usuario.<\/li>\n<\/ul>\n<p>Las ventajas del 120 ml c\u00e1lido, h\u00famedo, amigable con la piel, fresco rosa, di\u00e1metro del tubo de 40 mm, tubo suave de PE de alta gama, envase individual \/ botella:<\/p>\n<p>Establecer un foso de producto dif\u00edcil de replicar: La t\u00e9cnica \u00fanica de procesamiento soft-touch tiene un alto umbral t\u00e9cnico y de coste, lo que lo diferencia efectivamente de los competidores y crea una fuerte ventaja competitiva.<\/p>\n<ul>\n<li>Mejora significativamente el posicionamiento premium del producto y el valor del regalo: La experiencia sensorial excepcional proporciona una justificaci\u00f3n convincente para fijar precios altos, haciendo que el producto en s\u00ed mismo se asemeje a una caja de joyer\u00eda de hermosa elaboraci\u00f3n, perfectamente adecuada para el mercado de regalos de gama alta.<\/li>\n<li>Crear una experiencia de usuario altamente atractiva y crear lealtad a la marca: Las texturas placenteras fomentan h\u00e1bitos de uso y apego emocional, lo que lleva a los usuarios a continuar comprando o reteniendo productos debido a la \u201csensaci\u00f3n excelente\u201d, lo que resulta en una lealtad extremadamente alta a la marca.<\/li>\n<li>Dirige con precisi\u00f3n a clientes de alto valor neto y orientados a la experiencia: atrae profundamente a los consumidores maduros que valoran la calidad de vida, prestan atenci\u00f3n a los detalles y est\u00e1n dispuestos a pagar una prima por experiencias excepcionales<\/li>\n<\/ul>\n<p><strong><b>Los escenarios en los que se puede usar el 120 ml c\u00e1lido, h\u00famedo, amigable con la piel, rosa fresco, di\u00e1metro del tubo de 40 mm, tubo suave de PE de gama alta, recipiente \/ botella de envasado individual:<\/b><\/strong><\/p>\n<ul>\n<li>La \u201cSinfon\u00eda t\u00e1ctil\u201d de los rituales de cuidado de la piel antes de acostarse: a medida que los consumidores se dedican al cuidado nocturno, recogen este tubo excepcionalmente t\u00e1ctil, entrando al instante en un estado de relajaci\u00f3n y siendo mimados desde el momento del tacto.<\/li>\n<li>Los \u201cmomentos sorpresa\u201d en los ba\u00f1os de lujo de los hoteles: los hu\u00e9spedes descubren que los art\u00edculos de aseo tienen texturas tan \u00fanicas. Este nivel inesperado de detalle puede mejorar en gran medida sus sentimientos positivos y recuerdos de la marca del hotel.<\/li>\n<li>La \u201csorpresa central\u201d dentro de la caja de regalo boutique: cuando se abre como regalo, su textura har\u00e1 una fuerte impresi\u00f3n antes de su apariencia visual, haciendo que el destinatario se sienta verdaderamente valorado.<\/li>\n<li>\u201cPlazeres privados\u201d en la Bolsa de Viajero: Despu\u00e9s de lavarse las manos en la oficina o en el caf\u00e9, una mujer usa esta crema de manos, y la breve sensaci\u00f3n se convierte en un peque\u00f1o momento de confort en medio de su rutina ocupada.<\/li>\n<li>Colocado como un \u201ccoleccionable sensorial\u201d en un camar\u00f3n: incluso si el contenido est\u00e1 agotado, los consumidores pueden optar por conservar el envase debido a su afici\u00f3n por su textura, us\u00e1ndolo para arreglos florales o como art\u00edculos decorativos, prolongando as\u00ed la vida \u00fatil de la marca.<\/li>\n<\/ul>","protected":false},"featured_media":3867,"comment_status":"closed","ping_status":"closed","template":"","meta":[],"product_brand":[],"product_cat":[29,47],"product_tag":[],"class_list":{"0":"post-3864","1":"product","2":"type-product","3":"status-publish","4":"has-post-thumbnail","6":"product_cat-skin-care-plastic-tube","7":"product_cat-40-pe-plastic-tube","9":"first","10":"instock","11":"shipping-taxable","12":"purchasable","13":"product-type-simple"},"_links":{"self":[{"href":"https:\/\/www.hongyitube.com\/es\/wp-json\/wp\/v2\/product\/3864","targetHints":{"allow":["GET"]}}],"collection":[{"href":"https:\/\/www.hongyitube.com\/es\/wp-json\/wp\/v2\/product"}],"about":[{"href":"https:\/\/www.hongyitube.com\/es\/wp-json\/wp\/v2\/types\/product"}],"replies":[{"embeddable":true,"href":"https:\/\/www.hongyitube.com\/es\/wp-json\/wp\/v2\/comments?post=3864"}],"wp:featuredmedia":[{"embeddable":true,"href":"https:\/\/www.hongyitube.com\/es\/wp-json\/wp\/v2\/media\/3867"}],"wp:attachment":[{"href":"https:\/\/www.hongyitube.com\/es\/wp-json\/wp\/v2\/media?parent=3864"}],"wp:term":[{"taxonomy":"product_brand","embeddable":true,"href":"https:\/\/www.hongyitube.com\/es\/wp-json\/wp\/v2\/product_brand?post=3864"},{"taxonomy":"product_cat","embeddable":true,"href":"https:\/\/www.hongyitube.com\/es\/wp-json\/wp\/v2\/product_cat?post=3864"},{"taxonomy":"product_tag","embeddable":true,"href":"https:\/\/www.hongyitube.com\/es\/wp-json\/wp\/v2\/product_tag?post=3864"}],"curies":[{"name":"WP","href":"https:\/\/api.w.org\/{rel}","templated":true}]}}