{"id":3851,"date":"2026-01-10T10:57:25","date_gmt":"2026-01-10T02:57:25","guid":{"rendered":"https:\/\/www.hongyitube.com\/?post_type=product&#038;p=3851"},"modified":"2026-01-10T10:57:25","modified_gmt":"2026-01-10T02:57:25","slug":"100ml-matte-light-pink-purple-elegant-neutral-40mm-id-pe-soft-tube-packaging-container-hongyi-plastic","status":"publish","type":"product","link":"https:\/\/www.hongyitube.com\/es\/product\/100ml-matte-light-pink-purple-elegant-neutral-40mm-id-pe-soft-tube-packaging-container-hongyi-plastic\/","title":{"rendered":"100 ml mate luz rosa\/p\u00farpura, elegante, neutral, 40 mm ID PE recipiente de envasado de tubo suave - pl\u00e1stico Hongyi"},"content":{"rendered":"<p>Hongyi Plastic 100ml mate rosa claro \/ p\u00farpura, elegante, neutral, recipiente de envasado de tubo suave PE ID de 40 mm es un recipiente de envasado de tubo suave PE de 40 mm de di\u00e1metro centrado en torno a los conceptos de \"elegancia silenciosa y est\u00e9tica neutral\" y \"funcionalidad duradera\". El cuerpo del tubo presenta un color rosa claro mate suave y de alto grado, d\u00e1ndole un tono visual suave pero moderno. Toda la informaci\u00f3n del producto est\u00e1 claramente marcada en blanco en el frente; El texto explicativo detallado est\u00e1 impreso en gris en la parte posterior, creando una jerarqu\u00eda de lectura clara, c\u00f3moda y no intimidante. El envase cuenta con un dise\u00f1o de tornillo de alta calidad que se puede emparejar con varias opciones de tornillo moldeado por inyecci\u00f3n. Esta combinaci\u00f3n de tecnolog\u00eda de sellado de pared recta y llenado frontal preciso garantiza una integridad de sellado excepcional, resistencia a fugas y resistencia a golpes. Su construcci\u00f3n robusta y duradera est\u00e1 optimizada para el uso de prensado repetido, lo que la convierte en una soluci\u00f3n vers\u00e1til que equilibra una est\u00e9tica refinada, una durabilidad excepcional y una amplia aplicabilidad.<\/p>\n<p>El material del recipiente de embalaje de tubo suave de 100 ml mate rosa\/p\u00farpura, elegante, neutro, de 40 mm ID PE:<\/p>\n<p><strong><b>Aplicaciones recomendadas<\/b><\/strong><strong><b>\u00a0<\/b><\/strong><strong><b>100 ml mate rosa claro\/p\u00farpura, elegante, neutral, 40 mm ID PE recipiente de envasado de tubo suave<\/b><\/strong>:<\/p>\n<p>Uso recomendado para este recipiente de envasado de tubo suave de 100 ml mate de color rosa\/p\u00farpura, elegante, neutral:<\/p>\n<ul>\n<li>Material primario: material compuesto de PE mate de alta resistencia. Espec\u00edficamente formulado para lograr un acabado mate uniforme, fino, rosado-p\u00farpura p\u00e1lido, al mismo tiempo que posee una excelente resistencia al impacto, resistencia a los ara\u00f1azos y resistencia a la fatiga (capaz de soportar la compresi\u00f3n repetida).<\/li>\n<li>Caracter\u00edsticas clave: La flexibilidad del material est\u00e1 equilibrada con precisi\u00f3n, lo que garantiza que el contenido se pueda expulsar completamente mientras se mantiene suficiente rigidez en el cuerpo del tubo para evitar que se colapse o se deforme debido a una disminuci\u00f3n del contenido.<\/li>\n<li>Seguridad: Cumple con las normas internacionales para los materiales de contacto con alimentos y productos farmac\u00e9uticos (por ejemplo, FDA, EU 10\/2011). Adecuado para una amplia gama de contenidos l\u00edquidos y en forma de pasta.<\/li>\n<\/ul>\n<h3><b>1. <\/b><strong><b>Atributos del producto\u00a0<\/b><\/strong><\/h3>\n<p>Caracter\u00edsticas del recipiente de embalaje de tubo suave de 100 ml mate rosa\/p\u00farpura, elegante, neutral, ID PE de 40 mm:<\/p>\n<ul>\n<li>Durabilidad y reutilizaci\u00f3n excepcionales: El dise\u00f1o estructural y la selecci\u00f3n de materiales han sido optimizados para \u201cuso de compresi\u00f3n a largo plazo y de alta frecuencia\u201d. Es resistente a choques y duradero, superando con creces los envases desechables ordinarios o de uso a corto plazo, encarnando los principios de protecci\u00f3n ambiental y sostenibilidad.<\/li>\n<li>Colores neutros mate de gama alta: el moravo claro es un tono moderno que equilibra h\u00e1bilmente la temperatura del color con un comportamiento neutro. Ni se siente demasiado fr\u00edo (como gris o blanco) ni demasiado dulce (como rosa brillante), lo que lo hace ampliamente est\u00e9ticamente aceptable.<\/li>\n<li>Presentaci\u00f3n de informaci\u00f3n clara y c\u00f3moda: El uso de una estrategia de serigraf\u00eda con \u201cblanco en el frente, gris en la parte posterior\u201d asegura que la informaci\u00f3n b\u00e1sica (marca, nombre del producto) se destaque y sea f\u00e1cilmente legible, con una jerarqu\u00eda visual distinta y sin esfuerzo de lectura.<\/li>\n<li>Portabilidad fiable y capacidades de sellado: La tapa de tornillo de alta calidad y el extremo de sellado texturizado proporcionan protecci\u00f3n de doble sellado, asegurando que el contenido permanezca seguro y a prueba de fugas durante el viaje o el uso diario.<\/li>\n<\/ul>\n<p>&nbsp;<\/p>","protected":false},"excerpt":{"rendered":"<ul>\n<li><b><\/b><strong><b>Dise\u00f1o del cuerpo del tubo<\/b><\/strong>.<\/li>\n<\/ul>\n<p>El dise\u00f1o del cuerpo del tubo para el recipiente de envasado de tubo suave de 100 ml mate de color rosa\/p\u00farpura, elegante, neutral, de 40 mm ID PE:<\/p>\n<ul>\n<li>Psicolog\u00eda del color y posicionamiento neutral.<\/li>\n<li>Mat claro mauve-rosa: Este tono combina la suave calidez y las cualidades nutritivas del rosa con la calma y la sabidur\u00eda del p\u00farpura. Al reducir la saturaci\u00f3n y aumentar los tonos de grises, exuda una sensaci\u00f3n de refinamiento \u201cneutral en t\u00e9rminos de g\u00e9nero\u201d. Simboliza el equilibrio, la elegancia discreta y el cuidado meticuloso, atrayendo tanto a hombres como a mujeres.<\/li>\n<li>Est\u00e9tica minimalista orientada a la funci\u00f3n: El dise\u00f1o evita todos los patrones decorativos, en lugar de confiar por completo en la textura de los colores, el dise\u00f1o y la artesan\u00eda del texto serigrafado para transmitir un sentido de sofisticaci\u00f3n. Este es un lenguaje de dise\u00f1o confiado que sugiere el enfoque de la marca en la calidad inherente (el contenido y la durabilidad del envase).<\/li>\n<li>Dise\u00f1ado con el \u201clargo plazo\u201d en mente: Desde materiales duraderos hasta estructuras reutilizables, todo el dise\u00f1o est\u00e1 orientado hacia el concepto de \u201cretenci\u00f3n y uso a largo plazo\u201d. Alienta a los consumidores a verlo como una herramienta fiable o compa\u00f1ero cotidiano en lugar de un art\u00edculo desechable, que se alinea estrechamente con los crecientes valores globales del consumo sostenible.<\/li>\n<\/ul>\n<p>Las ventajas del recipiente de envasado de tubo suave de 100 ml de color rosa claro\/p\u00farpura, elegante, neutral, ID PE de 40 mm:<\/p>\n<ul>\n<li>Establecer una identidad de marca caracterizada por \"fiabilidad, durabilidad y alta calidad\": Los atributos f\u00edsicos robustos combinados con un dise\u00f1o est\u00e9tico minimalista transmiten el \u00e9nfasis de la marca en el rendimiento a largo plazo y la experiencia del usuario de sus productos, lo que facilita la creaci\u00f3n de una profunda confianza.<\/li>\n<li>Amplia aplicabilidad a trav\u00e9s de g\u00e9neros y entornos: sus colores y dise\u00f1o neutrales en materia de g\u00e9nero lo hacen perfectamente adaptable a varios escenarios, desde los vestidores de mujeres y los ba\u00f1os de hombres hasta las estaciones de trabajo profesionales, ampliando de este modo significativamente el mercado potencial del producto.<\/li>\n<li>Se alinea con la protecci\u00f3n ambiental y las tendencias de consumo sostenible: La caracter\u00edstica destacada de \"reutilizaci\u00f3n, resistencia a los choques y durabilidad\" proporciona un fuerte punto de venta en respuesta a las cr\u00edticas de la contaminaci\u00f3n pl\u00e1stica y el envasado excesivo, atrayendo a los consumidores conscientes del medio ambiente.<\/li>\n<li>Ofrecer una excelente est\u00e9tica de estante y consistencia de marca: El acabado mate se ve elegante y refinado bajo la iluminaci\u00f3n minorista, sin el resplandor de materiales baratos. Un lenguaje de color uniforme facilita la creaci\u00f3n de una l\u00ednea de productos clara y coherente para la marca.<\/li>\n<\/ul>\n<p>Escenarios en los que se puede usar el recipiente de envasado de tubo suave de 100 ml de color rosa claro\/p\u00farpura, elegante, neutral, de 40 mm ID PE:<\/p>\n<p>La \u201celecci\u00f3n duradera\u201d de los minimalistas: Los consumidores que valoran la simplicidad en su vida aprecian la durabilidad de sus productos y est\u00e1n dispuestos a pagar una prima por un envase bien dise\u00f1ado que pueda usarse por un per\u00edodo prolongado, en lugar de cambiar constantemente a envases baratos y desechables.<\/p>\n<ul>\n<li>\u201cHerramientas de trabajo\u201d para fisioterapeutas profesionales o entrenadores de fitness: En cl\u00ednicas o gimnasios, estos recipientes se utilizan para almacenar aceites de masaje o geles desinfectantes. Su apariencia profesional y durabilidad complementan perfectamente el entorno de trabajo, convirti\u00e9ndolos en herramientas fiables para profesionales.<\/li>\n<li>\u201cEquipo fiable\u201d para viajeros de larga distancia o entusiastas del aire libre: dise\u00f1ado para compartir productos de cuidado de la piel o ung\u00fcentos de uso frecuente. Sus propiedades robustas y resistentes a los golpes aseguran que los usuarios no tengan que preocuparse por los da\u00f1os que ocurran durante el viaje.<\/li>\n<li>Un \u201cresidente permanente\u201d en un armario de medicamentos o caja de herramientas para el hogar: sirviendo como recipiente para ung\u00fcentos esenciales para el hogar o adhesivos para reparaciones, su durabilidad y su etiquetado claro hacen que sea f\u00e1cil de manejar con el tiempo.<\/li>\n<li>Las elecciones de los padres centradas en la sostenibilidad: Al comprar productos de cuidado para sus hijos, los padres pueden optar por un envase que sea duradero y reutilizable, reduciendo as\u00ed los residuos.<\/li>\n<\/ul>","protected":false},"featured_media":3855,"comment_status":"closed","ping_status":"closed","template":"","meta":[],"product_brand":[],"product_cat":[29,47],"product_tag":[],"class_list":{"0":"post-3851","1":"product","2":"type-product","3":"status-publish","4":"has-post-thumbnail","6":"product_cat-skin-care-plastic-tube","7":"product_cat-40-pe-plastic-tube","9":"first","10":"instock","11":"shipping-taxable","12":"purchasable","13":"product-type-simple"},"_links":{"self":[{"href":"https:\/\/www.hongyitube.com\/es\/wp-json\/wp\/v2\/product\/3851","targetHints":{"allow":["GET"]}}],"collection":[{"href":"https:\/\/www.hongyitube.com\/es\/wp-json\/wp\/v2\/product"}],"about":[{"href":"https:\/\/www.hongyitube.com\/es\/wp-json\/wp\/v2\/types\/product"}],"replies":[{"embeddable":true,"href":"https:\/\/www.hongyitube.com\/es\/wp-json\/wp\/v2\/comments?post=3851"}],"wp:featuredmedia":[{"embeddable":true,"href":"https:\/\/www.hongyitube.com\/es\/wp-json\/wp\/v2\/media\/3855"}],"wp:attachment":[{"href":"https:\/\/www.hongyitube.com\/es\/wp-json\/wp\/v2\/media?parent=3851"}],"wp:term":[{"taxonomy":"product_brand","embeddable":true,"href":"https:\/\/www.hongyitube.com\/es\/wp-json\/wp\/v2\/product_brand?post=3851"},{"taxonomy":"product_cat","embeddable":true,"href":"https:\/\/www.hongyitube.com\/es\/wp-json\/wp\/v2\/product_cat?post=3851"},{"taxonomy":"product_tag","embeddable":true,"href":"https:\/\/www.hongyitube.com\/es\/wp-json\/wp\/v2\/product_tag?post=3851"}],"curies":[{"name":"WP","href":"https:\/\/api.w.org\/{rel}","templated":true}]}}