{"id":3799,"date":"2026-01-10T09:56:17","date_gmt":"2026-01-10T01:56:17","guid":{"rendered":"https:\/\/www.hongyitube.com\/?post_type=product&#038;p=3799"},"modified":"2026-01-10T10:17:57","modified_gmt":"2026-01-10T02:17:57","slug":"40-mm-diameter-100ml-transparent-glossy-soft-tube-packaging-material-container-bottle-hongyi-plastic","status":"publish","type":"product","link":"https:\/\/www.hongyitube.com\/es\/product\/40-mm-diameter-100ml-transparent-glossy-soft-tube-packaging-material-container-bottle-hongyi-plastic\/","title":{"rendered":"40 mm de di\u00e1metro, 100 ml transparente, material de envasado de tubo suave brillante \/ recipiente \/ botella.  - Pl\u00e1stico Hongyi"},"content":{"rendered":"<p>Hongyi Plastic de 40 mm de di\u00e1metro, 100 ml transparente, material de envasado de tubo blando brillante \/ recipiente \/ botella es un recipiente de envasado de tubo blando de PE universal de 40 mm de di\u00e1metro centrado en torno al \"minimalismo, transparencia y funcionalidad m\u00e1xima\", con una capacidad de 100 mililitros. El cuerpo del tubo cuenta con un dise\u00f1o brillante de alta transparencia, lo que lo hace puro y transparente, lo que permite la visualizaci\u00f3n m\u00e1s directa del color, la textura y la cantidad restante del contenido. El envase emplea un dise\u00f1o de perfil bajo, que puede emparejarse con varios perfiles bajos moldeados por inyecci\u00f3n de colores, lo que permite operaciones de apertura y compresi\u00f3n de una sola mano verdaderamente sin costuras y duraderas. Combinado con un sello de pared recta y tecnolog\u00eda de llenado frontal precisa, este producto garantiza un sello excepcional, resistencia a fugas y resistencia al impacto, al mismo tiempo que es compacto y ligero, lo que lo convierte en una herramienta de eficiencia definitiva para viajes, desplazamientos y envasado diario.<\/p>\n<p>El material de 40 mm de di\u00e1metro, 100 ml transparente, brillante material de envasado de tubo blando \/ recipiente \/ botella.  \uff1a<\/p>\n<ul>\n<li>Material primario: Material PE de calidad alimentaria altamente transparente y resistente. Su excepcional pureza y claridad \u00f3ptica son fundamentales para lograr un efecto visual \u201ccristalino\u201d, al mismo tiempo que poseen una excelente estabilidad qu\u00edmica y resistencia al impacto.<\/li>\n<li>Caracter\u00edsticas clave: El material es flexible y f\u00e1cil de comprimir completamente, reduciendo los residuos; es ligero y resistente a golpes, lo que lo hace ideal para viajes y escenarios de uso frecuente.<\/li>\n<li>Seguridad: Cumple con las normas internacionales para materiales utilizados en contacto con alimentos y productos farmac\u00e9uticos (por ejemplo, FDA), adecuados para una amplia gama de l\u00edquidos y pastas.<\/li>\n<\/ul>\n<p><strong><b>Aplicaciones recomendadas <\/b><\/strong>:<\/p>\n<p>Uso recomendado para este material de envasado de tubo suave transparente y brillante de 40 mm de di\u00e1metro, 100 ml \/ recipiente \/ botella:<\/p>\n<p>Industria de belleza y cuidado de la piel<\/p>\n<ul>\n<li>Mujeres&#8217; s Mercado: Esencia de tama\u00f1o de viaje, imprimante, protector solar y desimaquillante. El dise\u00f1o transparente permite una identificaci\u00f3n r\u00e1pida durante los controles de seguridad, y la operaci\u00f3n con una sola mano es extremadamente conveniente en escenarios como ba\u00f1os y gimnasios. Las mujeres pueden ver visualmente el producto&#8217; cantidad restante, lo que hace que sea f\u00e1cil de gestionar.<\/li>\n<li>Hombres&#8217; s mercado: tama\u00f1o de viaje aftershave, cera para el cabello, limpiador de alta viscosidad. El dise\u00f1o transparente minimalista no tiene sesgos de g\u00e9nero, conoce a los hombres&#8217; La demanda de eficiencia, practicidad y ordenamiento, la operaci\u00f3n de una mano est\u00e1 en l\u00ednea con su estilo de vida de ritmo r\u00e1pido.<\/li>\n<li>Ni\u00f1os&#8217; s mercado: Gel de ba\u00f1o, champ\u00fa, protector solar para ni\u00f1os&#8217; Viajes. Los padres pueden ver claramente la cantidad restante para garantizar la seguridad; El color brillante de la cubierta puede atraer a los ni\u00f1os y la operaci\u00f3n con una mano lo hace conveniente para que los padres lo usen.<\/li>\n<\/ul>\n<p>&nbsp;<\/p>\n<p>Industria del agente de mantenimiento mec\u00e1nico tipo ung\u00fcento farmac\u00e9utico<\/p>\n<ul>\n<li>Cuidado personal y mercados profesionales: gel desinfectante port\u00e1til, ung\u00fcento calmante deportivo, dispensador de agente de acoplamiento m\u00e9dico, grasa para instrumentos de precisi\u00f3n. El cuerpo transparente de la botella facilita la identificaci\u00f3n r\u00e1pida y precisa del contenido, y el dise\u00f1o a prueba de fugas y las caracter\u00edsticas robustas garantizan un transporte seguro.<\/li>\n<li>Profesional al aire libre y primeros auxilios: ung\u00fcento de primeros auxilios al aire libre, llenado de aceite de mantenimiento de herramientas. Su fiabilidad y visibilidad son particularmente importantes en escenas al aire libre.<\/li>\n<\/ul>\n<p>Industria de Pigmentos Qu\u00edmicos Industriales<\/p>\n<ul>\n<li>Mercados creativos, educativos y de reparaci\u00f3n: relleno de pegamento bricolaje artesanal, pintura modelo, muestras de pintura, pasta conductora para reparaciones electr\u00f3nicas. El cuerpo transparente de la botella es la forma m\u00e1s directa de identificar el contenido, y el dise\u00f1o a prueba de fugas evita contaminar el kit, lo que lo convierte en una opci\u00f3n pr\u00e1ctica para los trabajadores creativos y t\u00e9cnicos.<\/li>\n<\/ul>","protected":false},"excerpt":{"rendered":"<ul>\n<li><b><\/b><strong><b>Dise\u00f1o del cuerpo del tubo<\/b><\/strong>.<\/li>\n<\/ul>\n<p>El dise\u00f1o del cuerpo del tubo para el di\u00e1metro de 40 mm, 100 ml transparente, material de envasado del tubo suave brillante \/ recipiente \/ botella.  :<\/p>\n<ul>\n<li>La filosof\u00eda de \u201cla funci\u00f3n es igual a la est\u00e9tica\u201d: Esta filosof\u00eda de dise\u00f1o se basa en el funcionalismo de la Bauhaus en Alemania y el respeto por la esencia de los materiales en la est\u00e9tica \u201cwabi-sabi\u201d japonesa. Desnuda toda ornamentaci\u00f3n, permitiendo que la transparencia de los materiales, la precisi\u00f3n de las estructuras y la facilidad de uso se conviertan en las principales fuentes de belleza. La transparencia aqu\u00ed representa \u201causencia de ocultaci\u00f3n\u201d, \u201ccero redundancia\u201d y \u201ceficiencia absoluta\u201d.<\/li>\n<li>Dise\u00f1o de interacci\u00f3n centrado en escenarios de usuario: Cada detalle ha sido optimizado para el escenario de \u201cviajes y uso frecuente\u201d.<\/li>\n<li>Totalmente transparente: permite el posicionamiento visual instant\u00e1neo dentro del equipaje o las cajas de herramientas.<\/li>\n<li>Dise\u00f1o compacto y deslizable: Ideal para situaciones en las que se requiere un uso r\u00e1pido y con una sola mano, como despu\u00e9s de los controles de seguridad del aeropuerto, en ba\u00f1os p\u00fablicos o mientras trabaja al aire libre.<\/li>\n<li>Compacto y robusto: maximiza el uso del espacio disponible mientras soporta los problemas de viaje.<\/li>\n<li>Estrategias neutrales y universalmente aplicables: La transparencia y la funcionalidad son lenguajes universales que trascienden el g\u00e9nero y la edad. Al ofrecer las soluciones m\u00e1s fundamentales (visibles, f\u00e1cilmente accesibles y a prueba de derrames), garantizan una amplia aceptaci\u00f3n entre diversos segmentos de clientes.<\/li>\n<\/ul>\n<p>&nbsp;<\/p>\n<p>Las ventajas del material de envasado\/recipiente\/botella de tubo suave transparente y brillante de 40 mm de di\u00e1metro, 100 ml:<\/p>\n<ul>\n<li>Abordar los principales problemas de viaje y uso: al abordar directamente los tres principales problemas de \"dificultad para encontrar almacenamiento de l\u00edquidos, fugas y apertura inconveniente\", proporcionamos una soluci\u00f3n integrada y definitiva. Este es innegablemente el \"asesino de puntos de dolor\".<\/li>\n<li>Establecer una fuerte confianza y seguridad del consumidor: el dise\u00f1o transparente implica \u201cnada oculto\u201d, dando a los consumidores el control completo sobre el estado y las cantidades restantes de los contenidos. Esto es particularmente crucial en campos como los productos farmac\u00e9uticos y qu\u00edmicos, donde los requisitos de seguridad son altos.<\/li>\n<li>Empoderar a las marcas y reducir los costos de marketing: El embalaje minimalista obliga a las marcas a centrarse en la calidad de sus productos (ya que los contenidos son inmediatamente evidentes), mientras que las marcas pueden diferenciar sus l\u00edneas de productos cambiando f\u00e1cilmente el color de la cubierta a bajo costo, ofreciendo una gran flexibilidad.<\/li>\n<li>Promover la protecci\u00f3n del medio ambiente y las pr\u00e1cticas de consumo sostenible: fomentar la reutilizaci\u00f3n de los productos y reemplazar los envases pl\u00e1sticos de un solo uso, que son inherentemente sostenibles debido a su naturaleza robusta y duradera, aline\u00e1ndose con las tendencias globales de consumo.<\/li>\n<\/ul>\n<p><strong><b>Escenarios donde el di\u00e1metro de 40 mm, 100 ml transparente, brillante material de envasado de tubo blando \/ recipiente \/ botella. puede ser utilizado:<\/b><\/strong><\/p>\n<ul>\n<li>Los viajeros frecuentes que se han sometido a rigurosos controles de seguridad de l\u00edquidos conf\u00edan en la transparencia y fiabilidad del 100% de este producto para segregar todos los l\u00edquidos compatibles, lo que les permite pasar los controles de seguridad de manera eficiente.<\/li>\n<li>El \u201cRey de la Eficiencia\u201d en centros de fitness o \u00e1reas de ducha de piscina: Los usuarios pueden operarlo con una mano mientras se duchan, completamente sin ser afectados por la humedad. El dise\u00f1o flip-top evita que la tapa se deslize de la mano.<\/li>\n<li>Una \u201cestaci\u00f3n de gesti\u00f3n unificada\u201d para las excursiones familiares: los padres usan recipientes estandarizados para empaquetar art\u00edculos de cuidado personal para toda la familia. Las botellas transparentes hacen que sea f\u00e1cil distinguir entre art\u00edculos, y el dise\u00f1o permite la operaci\u00f3n con una sola mano, lo que lo hace conveniente de usar mientras cuida a los ni\u00f1os.<\/li>\n<li>\u201cEstaciones de trabajo m\u00f3viles\u201d para artistas o ingenieros: Ya sea el medio de color de un pintor o el limpiador electr\u00f3nico preciso de un programador, todo se puede almacenar de forma segura, ordenada y f\u00e1cil en un kit de herramientas port\u00e1til.<\/li>\n<li>** La \u201celecci\u00f3n pura\u201d de la mesa de vanidad minimalista**: Los consumidores que valoran la simplicidad en su vida aprecian la funcionalidad sin adorno de esta pieza, que permite que la mesa de vanidad aloje solo los art\u00edculos m\u00e1s esenciales.<\/li>\n<\/ul>","protected":false},"featured_media":3803,"comment_status":"closed","ping_status":"closed","template":"","meta":[],"product_brand":[],"product_cat":[29,47],"product_tag":[],"class_list":{"0":"post-3799","1":"product","2":"type-product","3":"status-publish","4":"has-post-thumbnail","6":"product_cat-skin-care-plastic-tube","7":"product_cat-40-pe-plastic-tube","9":"first","10":"instock","11":"shipping-taxable","12":"purchasable","13":"product-type-simple"},"_links":{"self":[{"href":"https:\/\/www.hongyitube.com\/es\/wp-json\/wp\/v2\/product\/3799","targetHints":{"allow":["GET"]}}],"collection":[{"href":"https:\/\/www.hongyitube.com\/es\/wp-json\/wp\/v2\/product"}],"about":[{"href":"https:\/\/www.hongyitube.com\/es\/wp-json\/wp\/v2\/types\/product"}],"replies":[{"embeddable":true,"href":"https:\/\/www.hongyitube.com\/es\/wp-json\/wp\/v2\/comments?post=3799"}],"wp:featuredmedia":[{"embeddable":true,"href":"https:\/\/www.hongyitube.com\/es\/wp-json\/wp\/v2\/media\/3803"}],"wp:attachment":[{"href":"https:\/\/www.hongyitube.com\/es\/wp-json\/wp\/v2\/media?parent=3799"}],"wp:term":[{"taxonomy":"product_brand","embeddable":true,"href":"https:\/\/www.hongyitube.com\/es\/wp-json\/wp\/v2\/product_brand?post=3799"},{"taxonomy":"product_cat","embeddable":true,"href":"https:\/\/www.hongyitube.com\/es\/wp-json\/wp\/v2\/product_cat?post=3799"},{"taxonomy":"product_tag","embeddable":true,"href":"https:\/\/www.hongyitube.com\/es\/wp-json\/wp\/v2\/product_tag?post=3799"}],"curies":[{"name":"WP","href":"https:\/\/api.w.org\/{rel}","templated":true}]}}