{"id":3788,"date":"2026-01-09T21:48:29","date_gmt":"2026-01-09T13:48:29","guid":{"rendered":"https:\/\/www.hongyitube.com\/?post_type=product&#038;p=3788"},"modified":"2026-01-09T21:48:29","modified_gmt":"2026-01-09T13:48:29","slug":"35mm-diameter-50ml-capacity-pearl-finish-vintage-gold-pe-soft-tube-packaging-material-individual-packaging-bottle-hongyi-plastic","status":"publish","type":"product","link":"https:\/\/www.hongyitube.com\/es\/product\/35mm-diameter-50ml-capacity-pearl-finish-vintage-gold-pe-soft-tube-packaging-material-individual-packaging-bottle-hongyi-plastic\/","title":{"rendered":"35mm de di\u00e1metro, capacidad de 50ml, perla-acabado, oro vintage PE material de envasado de tubo suave, botella de envasado individual - pl\u00e1stico Hongyi"},"content":{"rendered":"<p>Hongyi pl\u00e1stico 35mm de di\u00e1metro, capacidad de 50ml, perla-acabado, oro vintage PE material de envasado de tubo blando, botella de envasado individual es un recipiente de envasado de tubo blando de PE de gama alta con un di\u00e1metro de 35mm, caracterizado por su uso de \"valores cl\u00e1sicos, autorizados y atemporales\" como su lenguaje de comunicaci\u00f3n principal. Tiene una capacidad de 50 mililitros. El cuerpo del tubo presenta oro vintage de lujo y discreto resplandor de perlas, d\u00e1ndole un brillo c\u00e1lido y cargado de profundidad que supera con mucho la audacia del oro brillante ordinario. Toda la informaci\u00f3n del producto se muestra claramente en impresi\u00f3n negra de alto contraste, creando una combinaci\u00f3n visual cl\u00e1sica, autorizada y altamente reconocible con la base de oro. El envase cuenta con un dise\u00f1o roscado de alto perfil, con una tapa cromada que brilla brillantemente, en contraste con el acabado de perla del cuerpo del tubo. Esto crea una textura rica dentro de un tema de oro unificado. Combinado con un proceso de sellado de grano recto, el producto garantiza una integridad de sellado excepcional y fiabilidad de portabilidad, convirti\u00e9ndolo en una pieza refinada que encarna<\/p>\n<p>El material del di\u00e1metro de 35 mm, capacidad de 50 ml, perla-acabado, oro vintage PE material de envasado de tubo blando, botella de envasado individual:<\/p>\n<ul>\n<li>Material primario: Material compuesto PE de oro perloso de alto brillo. A trav\u00e9s de la cuidadosa mezcla de pigmentos perlosos especiales y aditivos de color, este material logra un acabado de oro vintage uniforme, completo y sutilmente texturizado con una apariencia sofisticada y duradera.<\/li>\n<li>Acabado superficial: La textura perlada elimina los duros reflejos t\u00edpicos de los colores met\u00e1licos est\u00e1ndar, en su lugar mostrando una apariencia met\u00e1lica suave, c\u00e1lida y mate con una textura lisa.<\/li>\n<li>Proceso clave: El proceso de sellado de tapa de oro galvanizado asegura el alto brillo y la durabilidad de la tapa, creando una delicada interacci\u00f3n de texturas con el cuerpo del tubo.<\/li>\n<\/ul>\n<p><strong><b>Aplicaciones recomendadas <\/b><\/strong>:<\/p>\n<p>Uso recomendado para este di\u00e1metro de 35 mm, capacidad de 50 ml, perla-acabado, oro vintage PE material de envasado de tubo suave, botella de envasado individual:<\/p>\n<p>La industria de belleza y cuidado de la piel.<\/p>\n<p>&nbsp;<\/p>\n<ul>\n<li>The Ladies\u2019 Market: sueros antienvejecimiento de gama alta, b\u00e1lsamos perfumados de edici\u00f3n limitada y cremas de manos de calidad profesional. El dise\u00f1o de oro vintage transmite poderosos mensajes de \u201crecompensas de lujo\u201d, \u201celegancia atemporal\u201d y \u201cf\u00f3rmulas cl\u00e1sicas\u201d, atrayendo a mujeres maduras que valoran la calidad duradera y las experiencias rituales, as\u00ed como a coleccionistas.<\/li>\n<li>Mercado masculino: Colecci\u00f3n de cuidado para caballeros (b\u00e1lsamo despu\u00e9s del afeitado, aceite para el cabello), champ\u00fa de gama alta de la l\u00ednea de sal\u00f3n, loci\u00f3n perfumada a madera. La combinaci\u00f3n de oro y negro de baja saturaci\u00f3n crea una imagen cl\u00e1sica, compuesta, exitosa, orientada al detalle y subestimada de un hombre, evitando la feminidad o la frivolidad. Industria de ung\u00fcentos farmac\u00e9uticos y agentes de mantenimiento mec\u00e1nico.<\/li>\n<\/ul>\n<p>&nbsp;<\/p>\n<ul>\n<li>Cuidado personal de gama alta y mercado de restauraci\u00f3n profesional: gel de reparaci\u00f3n de cicatrices de gama alta, crema de masaje de rehabilitaci\u00f3n deportiva profesional y productos de emergencia para el cuidado de la piel de marcas de lujo. El embalaje transmite un sentido de autoridad profesional con frases como \u201cartesan\u00eda\u201d, \u201ceficacia\u201d y \u201cconfiable\u201d, que respaldan el posicionamiento de gama alta del producto y el compromiso profesional.<\/li>\n<\/ul>\n<h3><b>1.\u00a0 <\/b><strong><b>Atributos del producto<\/b><\/strong><\/h3>\n<p>Caracter\u00edsticas del di\u00e1metro de 35 mm, capacidad de 50 ml, perla-acabado, oro vintage PE material de envasado de tubo suave, botella de envasado individual:<\/p>\n<ul>\n<li>El oro retro iridescente crea una sensaci\u00f3n de \u201clujo narrativo\u201d, caracterizada por su calidad discreta, c\u00e1lida y rica, que contrasta con el oro brillante com\u00fanmente utilizado en las celebraciones tradicionales y agrega un aire de sofisticaci\u00f3n y refinamiento.<\/li>\n<li>S\u00edmbolos visuales atemporales e ic\u00f3nicos: El esquema de colores negro y oro es una combinaci\u00f3n de colores cl\u00e1sica y autorizada que trasciende el tiempo, las culturas y las industrias, simbolizando calidad, fiabilidad y valor. Instantaneamente establece una identidad de marca profesional de gama alta y requiere un m\u00ednimo esfuerzo de comunicaci\u00f3n.<\/li>\n<li>Excepcional profundidad de textura y dise\u00f1o general: El contraste en textura entre el cuerpo del tubo perloso y la tapa brillante galvanizada, todo en un esquema de colores unificado, demuestra consideraciones de dise\u00f1o meticulosas, haciendo que el producto sea rico en detalles mientras mantiene una apariencia elegante y coherente.<\/li>\n<li>Dise\u00f1o elegante y port\u00e1til: su capacidad de 50 mililitros lo hace perfecto para su uso como conjunto de viaje, paquete de muestras o esencia diaria para productos de gama alta. Es compacto, port\u00e1til y todav\u00eda se siente sustancial.<\/li>\n<\/ul>","protected":false},"excerpt":{"rendered":"<ul>\n<li><b><\/b><strong><b>Dise\u00f1o del cuerpo del tubo<\/b><\/strong>.<\/li>\n<\/ul>\n<p>El dise\u00f1o del cuerpo del tubo para el di\u00e1metro de 35 mm, capacidad de 50 ml, perla-acabado, oro vintage PE material de envasado de tubo suave, botella de envasado individual:<\/p>\n<ul>\n<li>El valor eterno de los colores y s\u00edmbolos:<\/li>\n<li>Oro vintage con brillo de perlas: Evita la ostentativa exhibici\u00f3n de \u201cnovedad\u201d a favor del valor que ha demostrado con el tiempo. Evoca im\u00e1genes de elegancia atemporal, joyas de herencia y empaques de lujo cl\u00e1sicos, transmitiendo una sensaci\u00f3n de confianza, fiabilidad y sofisticaci\u00f3n tranquila.<\/li>\n<li>Serigraf\u00eda negra: En una base de oro, el negro es la elecci\u00f3n m\u00e1s autorizada y clara. Transmite solemnidad, precisi\u00f3n e informaci\u00f3n esencial, mejorando as\u00ed la profesionalidad y credibilidad del producto.<\/li>\n<li>La filosof\u00eda de dise\u00f1o del \u201cManifiesto Unificado\u201d: El tema dorado que va desde la carrocer\u00eda hasta la tapa de tornillo es una poderosa declaraci\u00f3n de integridad de la marca. Indica que la marca se esfuerza por la perfecta armon\u00eda en cada detalle, y esta \u201cintegridad\u201d en s\u00ed misma es una manifestaci\u00f3n de lujo.<\/li>\n<li>Est\u00e9tica cl\u00e1sica sin sesgos de g\u00e9nero: Este dise\u00f1o elimina con \u00e9xito las etiquetas de g\u00e9nero expl\u00edcitas. Para las mujeres, representa lujo y recompensa; para los hombres, encarna la sustancia y la autoridad. cautiva a los consumidores que resuenan con su propuesta de valor a trav\u00e9s del poder de la est\u00e9tica cl\u00e1sica.<\/li>\n<\/ul>\n<p>Las ventajas del di\u00e1metro de 35 mm, capacidad de 50 ml, perla-acabado, oro vintage PE material de envasado de tubo suave, botella de envasado individual:<\/p>\n<ul>\n<li>Establecer la autoridad y la confianza de la marca: Los efectos psicol\u00f3gicos del esquema de colores oro negro pueden crear r\u00e1pidamente impresiones de anclaje de \u201cpremium\u201d, \u201cexperiencia\u201d y \u201cconfiabilidad\u201d en las mentes de los consumidores, proporcionando un atajo para la ampliaci\u00f3n de la marca.<\/li>\n<li>Atrae clientes maduros con alto patrimonio neto y lealtad: Su dise\u00f1o cl\u00e1sico y discreto atrae efectivamente a los consumidores exigentes que priorizan la calidad, no les gusta el marketing abierto y buscan valor a largo plazo. Estos clientes tienen un alto valor de vida.<\/li>\n<li>Lograr un valor unificado y mejorado en diferentes categor\u00edas: Este envase puede impartir un atributo consistente de \u201cprofesional de gama alta\u201d a productos que van desde productos de cuidado de la piel y ung\u00fcentos especializados hasta agentes de cuidado de lujo, facilitando extensiones de categor\u00eda seguras para las marcas.<\/li>\n<li>Valor est\u00e9tico y comercial duradero: Al evitar el ciclo de vida fugaz de los colores de moda, los dise\u00f1os negros y dorados permanecen atemporales y pueden servir como un activo de marca a largo plazo, reduciendo los costos asociados con los cambios de embalaje debido a las tendencias cambiantes.<\/li>\n<\/ul>\n<p><strong><b>Escenarios donde el di\u00e1metro de 35 mm, capacidad de 50 ml, perla-acabado, oro vintage PE material de envasado de tubo blando, botella de envasado individual se puede usar:<\/b><\/strong><\/p>\n<ul>\n<li>Ba\u00f1o de una suite ejecutiva en un hotel de 5 estrellas: Como parte de las comodidades de la habitaci\u00f3n, su elegancia discreta se mezcla perfectamente con el entorno del hotel, mejorando sutilmente la experiencia de estancia del hu\u00e9sped.<\/li>\n<li>\u201cProfesionalismo en Cl\u00ednicas Privadas o Salones de Belleza de Alta Calidad\u201d: Presentado en la recepci\u00f3n o en las salas de tratamientos, esta apariencia profesional y autoritaria aumenta inmediatamente la confianza de los clientes en la experiencia de la instituci\u00f3n.<\/li>\n<li>\u201cAtenci\u00f3n al detalle\u201d en clubes de caballeros o peluquer\u00edas de lujo: En peluquer\u00edas tradicionales para hombres, estos elementos, como sillas de peluquer\u00eda vintage y sof\u00e1s de cuero, sirven como s\u00edmbolos visuales de tradici\u00f3n y calidad.<\/li>\n<li>\u201cServicios de valor a\u00f1adido posventa\u201d para los mostradores de art\u00edculos de lujo: como kits de cuidado especializados para art\u00edculos de cuero y relojes de lujo, su calidad de embalaje se alinea con el prestigio de los principales productos, aumentando as\u00ed el valor global de la marca.<\/li>\n<li>El \u201cC\u00f3digo de Sabor\u201d en una bolsa de art\u00edculos esenciales para viajes de negocios: los profesionales de negocios internacionales usan los productos de cuidado de la piel o los productos para el cabello empaquetados dentro de esta bolsa, y el empaquetado se convierte en una extensi\u00f3n de su gusto personal y estilo meticuloso.<\/li>\n<\/ul>","protected":false},"featured_media":3794,"comment_status":"closed","ping_status":"closed","template":"","meta":[],"product_brand":[],"product_cat":[29,46],"product_tag":[],"class_list":{"0":"post-3788","1":"product","2":"type-product","3":"status-publish","4":"has-post-thumbnail","6":"product_cat-skin-care-plastic-tube","7":"product_cat-35-pe-plastic-tube","9":"first","10":"instock","11":"shipping-taxable","12":"purchasable","13":"product-type-simple"},"_links":{"self":[{"href":"https:\/\/www.hongyitube.com\/es\/wp-json\/wp\/v2\/product\/3788","targetHints":{"allow":["GET"]}}],"collection":[{"href":"https:\/\/www.hongyitube.com\/es\/wp-json\/wp\/v2\/product"}],"about":[{"href":"https:\/\/www.hongyitube.com\/es\/wp-json\/wp\/v2\/types\/product"}],"replies":[{"embeddable":true,"href":"https:\/\/www.hongyitube.com\/es\/wp-json\/wp\/v2\/comments?post=3788"}],"wp:featuredmedia":[{"embeddable":true,"href":"https:\/\/www.hongyitube.com\/es\/wp-json\/wp\/v2\/media\/3794"}],"wp:attachment":[{"href":"https:\/\/www.hongyitube.com\/es\/wp-json\/wp\/v2\/media?parent=3788"}],"wp:term":[{"taxonomy":"product_brand","embeddable":true,"href":"https:\/\/www.hongyitube.com\/es\/wp-json\/wp\/v2\/product_brand?post=3788"},{"taxonomy":"product_cat","embeddable":true,"href":"https:\/\/www.hongyitube.com\/es\/wp-json\/wp\/v2\/product_cat?post=3788"},{"taxonomy":"product_tag","embeddable":true,"href":"https:\/\/www.hongyitube.com\/es\/wp-json\/wp\/v2\/product_tag?post=3788"}],"curies":[{"name":"WP","href":"https:\/\/api.w.org\/{rel}","templated":true}]}}