{"id":3776,"date":"2026-01-09T21:43:55","date_gmt":"2026-01-09T13:43:55","guid":{"rendered":"https:\/\/www.hongyitube.com\/?post_type=product&#038;p=3776"},"modified":"2026-01-09T21:43:55","modified_gmt":"2026-01-09T13:43:55","slug":"35mm-diameter-75ml-capacity-rose-colored-gradient-soft-tube-hongyi-plastic","status":"publish","type":"product","link":"https:\/\/www.hongyitube.com\/es\/product\/35mm-diameter-75ml-capacity-rose-colored-gradient-soft-tube-hongyi-plastic\/","title":{"rendered":"35mm de di\u00e1metro, 75ml de capacidad, tubo suave de gradiente rosado.  - Pl\u00e1stico Hongyi"},"content":{"rendered":"<p>Hongyi Plastic 35mm de di\u00e1metro, 75ml de capacidad, tubo blando gradiente de color rosa es un recipiente de envasado de tubo blando de PE de gama alta con un di\u00e1metro de 35mm, centrado en torno a los temas de \"color din\u00e1mico y una declaraci\u00f3n de lujo\". Tiene una capacidad de 75 mililitros. El cuerpo del tubo presenta un llamativo gradiente de tonos rosados, que pasan sin problemas de un vibrante color rosado a una sombra m\u00e1s suave, creando un efecto visual din\u00e1mico similar a una puesta de sol o un resplandor de ne\u00f3n. El logotipo de la marca se muestra mediante un lujoso estampado de hoja de oro, creando un sorprendente contraste con el color base gradiente. Toda la otra informaci\u00f3n est\u00e1 claramente impresa en blanco de alto contraste, garantizando tanto la funcionalidad como la est\u00e9tica. El envase cuenta con un dise\u00f1o de alta calidad con una tapa de tornillo cromada, que ofrece excelentes propiedades de sellado y una sensaci\u00f3n precisa. El brillante acabado met\u00e1lico complementa el cuerpo del tubo gradiente, formando juntos una imagen vibrante y moderna de lujo. Combinado con un proceso de sellado de pared recta, este producto garantiza una fiabilidad absoluta cuando se utiliza para fines de viaje.<\/p>\n<p>El material del di\u00e1metro de 35 mm, capacidad de 75 ml, tubo suave gradiente de color rosa:<\/p>\n<p>Material principal: Material de PE con alta representaci\u00f3n de color y alta tenacidad, cuidadosamente seleccionado para lograr efectos de gradiente completos y uniformes al tiempo que garantiza una excelente resistencia a las gotas y la compresi\u00f3n.<\/p>\n<ul>\n<li>Procesos principales:<\/li>\n<li>Impresi\u00f3n gradual: Utiliza tecnolog\u00eda de sobreimpresi\u00f3n de alta precisi\u00f3n para lograr transiciones de color naturales y sin costuras, lo que resulta en un efecto visual suave y din\u00e1mico.<\/li>\n<li>Estampado de hoja de oro: Destacando la marca en una base de colores gradientes para mejorar el lujo general y la caracter\u00edstica distintiva.<\/li>\n<li>Tapa de tornillo de oro electrochapado: Ofrece un brillo y una durabilidad como un espejo, lo que lo convierte en un componente crucial de la sensaci\u00f3n de lujo general.<\/li>\n<li>Seguridad: Compliante con la normativa internacional para materiales utilizados en contacto con alimentos y productos farmac\u00e9uticos, adecuados para una amplia gama de productos de cuidado personal y de consumo.<\/li>\n<\/ul>\n<p><strong><b>Aplicaciones recomendadas <\/b><\/strong>:<\/p>\n<p>Uso recomendado para este tubo suave de 35 mm de di\u00e1metro, capacidad de 75 ml, gradiente de color rosa:<\/p>\n<p>La industria de belleza y cuidado de la piel.<\/p>\n<p>&nbsp;<\/p>\n<ul>\n<li>Mercado femenino: productos de maquillaje de edici\u00f3n limitada (como imprimantes y l\u00edquidos destacadores), jabones de ba\u00f1o tem\u00e1ticos para fiestas \/ discotecas y cremas corporales perfumadas de moda. El gradiente mauve es visualmente sorprendente y elegante, aline\u00e1ndose perfectamente con las preferencias de las mujeres j\u00f3venes y los marcadores de tendencias que valoran la individualidad y disfrutan de compartir contenido en las redes sociales.<\/li>\n<li>Mercado masculino: como opci\u00f3n de nicho para segmentos extremadamente especializados, como productos tem\u00e1ticos de festivales y art\u00edculos de colaboraci\u00f3n con marcas de moda para el cuidado del cuidado. Para la gran mayor\u00eda de los productos convencionales de cuidado masculino, este dise\u00f1o es excepcional.<\/li>\n<\/ul>\n<p>&nbsp;<\/p>\n<ul>\n<li>Marcas de moda para el cuidado personal y el estilo de vida: aceites de masaje perfumados de alta gama, cremas calmantes exclusivas para las vacaciones y geles desinfectantes utilizados como accesorios de moda. El valor emocional y est\u00e9tico de sus envases supera con mucho sus funcionalidades b\u00e1sicas, lo que los hace adecuados para marcas que comercializan productos de cuidado personal como \u201caccesorios de moda\u201d o \u201cmoneda social\u201d.<\/li>\n<\/ul>\n<p>La industria de pigmentos qu\u00edmicos industriales.<\/p>\n<ul>\n<li>Industrias creativas y mercado de juguetes de cultura pop: pintura fluorescente modelo de edici\u00f3n limitada, cola brillante artesanal creativa y aceites de mantenimiento especializados para juguetes de moda. Su sorprendente apariencia puede atraer a artistas, dise\u00f1adores y coleccionistas de cultura pop, convirtiendo los productos industriales en objetos de colecci\u00f3n.<\/li>\n<\/ul>\n<h3><b>1. <\/b><strong><b>Atributos del producto\u00a0<\/b><\/strong><\/h3>\n<p>Caracter\u00edsticas del tubo suave de 35 mm de di\u00e1metro, capacidad de 75 ml, gradiente rosado: \u00b7 Intensa din\u00e1mica visual y atractivo:<\/p>\n<p>Los colores gradientes crean una ilusi\u00f3n visual din\u00e1mica en el envase est\u00e1tico, lo que lo hace altamente eficaz para capturar la atenci\u00f3n en los estantes o p\u00e1ginas en l\u00ednea.<\/p>\n<ul>\n<li>Fusi\u00f3n de moda callejera y est\u00e9tica de lujo: El vibrante color rosa se encuentra con la opulencia del oro galvanizado, creando un estilo \u00fanico que combina la moda juvenil con la sofisticaci\u00f3n. Esto es perfecto para crear una experiencia de \u201clujo asequible\u201d.<\/li>\n<li>Practicidad excepcional: La tapa roscada de alta calidad garantiza un excelente rendimiento de sellado. Su capacidad de 75 mililitros y su robusta construcci\u00f3n lo convierten en una opci\u00f3n ideal para kits de viaje de alta gama o art\u00edculos esenciales de uso diario.<\/li>\n<li>Expresi\u00f3n clara de la actitud de la marca: El uso de este envase significa la confianza, la audacia y la voluntad de una marca de estar en el centro de atenci\u00f3n, atrayendo r\u00e1pidamente a los consumidores que comparten valores similares.<\/li>\n<\/ul>","protected":false},"excerpt":{"rendered":"<p>Las ventajas del di\u00e1metro de 35 mm, capacidad de 75 ml, tubo suave gradiente de color rosa:<\/p>\n<ul>\n<li>Psicolog\u00eda del color y s\u00edmbolos de tendencia:<\/li>\n<li>Gradiente Mauve: Esta es la expresi\u00f3n definitiva de confianza, energ\u00eda, atractivo y modernidad digital. Se origina de la est\u00e9tica de ne\u00f3n y la cultura de renderizaci\u00f3n digital, fuertemente vinculada a la m\u00fasica, la moda, la vida nocturna y la cultura de las redes sociales. Representa no la naturaleza suave sino m\u00e1s bien el brillo artificial, meticulosamente dise\u00f1ado.<\/li>\n<li>Oro electrochapado: A\u00f1adir oro al esquema de color rosa-rojo, no para un aspecto cl\u00e1sico, sino para \u201cpotenciar el valor visual\u201d y agregar una sensaci\u00f3n de opulencia, evitando la apariencia barata de transiciones graduales. Esto colectivamente tiene como objetivo crear una apariencia \"magn\u00edficamente adornada\".<\/li>\n<li>La estrategia de comunicaci\u00f3n \u201cbombardeo visual\u201d: Este dise\u00f1o evita la sutileza y el espacio blanco, optando por un fondo gradiente de ancho completo como punto focal visual, dirigido a capturar la atenci\u00f3n inmediatamente y en la mayor medida posible. La marca en relieve sirve como un faro en este mar de colores, asegurando que la informaci\u00f3n de la marca no se pierda.<\/li>\n<li>Contexto claro y p\u00fablico objetivo: Su lenguaje est\u00e9tico apunta naturalmente a escenarios que involucran la vida nocturna urbana, festivales de m\u00fasica, fiestas de moda y vitrines de redes sociales, que enfatizan la expresi\u00f3n visual y el encanto personal.<\/li>\n<\/ul>\n<p><strong><b>Escenarios donde el di\u00e1metro de 35mm, capacidad de 75ml, tubo suave gradiente de color rosa. puede ser utilizado:<\/b><\/strong><\/p>\n<ul>\n<li>\u201cRitual Pre-Festival o Fiesta de Moda\u201d: Los consumidores usan la loci\u00f3n corporal brillante o el producto destacador de este envase antes de asistir a grandes eventos, con el envase en s\u00ed mismo sirviendo como parte de la acumulaci\u00f3n de emoci\u00f3n.<\/li>\n<li>La \u201cestrella del espect\u00e1culo\u201d en los videos de blogueros de belleza: Este envase se convierte f\u00e1cilmente en el punto focal visual en los tutoriales de belleza en YouTube o Instagram, lo que lo hace perfecto para temas como \u201cmaquillaje hermoso\u201d, \u201cmaquillaje de fiesta\u201d y m\u00e1s.<\/li>\n<li>Los \u201cHighlights\u201d de las tiendas de moda de gama alta: Dentro de una tienda que vende marcas de dise\u00f1o y etiquetas de moda, los productos pueden crear una est\u00e9tica visual unificada a trav\u00e9s de su embalaje y la mercanc\u00eda que lo acompa\u00f1a, capturando as\u00ed la atenci\u00f3n de los entusiastas de la moda.<\/li>\n<li>Art\u00edculos de lujo como una forma de \"auto-recompensa\": Los consumidores compran productos de dise\u00f1o elegante para recompensarse a s\u00ed mismos despu\u00e9s de alcanzar un hito en particular. El envase mejora la sensaci\u00f3n de placer asociada con la recompensa.<\/li>\n<\/ul>","protected":false},"featured_media":3786,"comment_status":"closed","ping_status":"closed","template":"","meta":[],"product_brand":[],"product_cat":[29,46],"product_tag":[],"class_list":{"0":"post-3776","1":"product","2":"type-product","3":"status-publish","4":"has-post-thumbnail","6":"product_cat-skin-care-plastic-tube","7":"product_cat-35-pe-plastic-tube","9":"first","10":"instock","11":"shipping-taxable","12":"purchasable","13":"product-type-simple"},"_links":{"self":[{"href":"https:\/\/www.hongyitube.com\/es\/wp-json\/wp\/v2\/product\/3776","targetHints":{"allow":["GET"]}}],"collection":[{"href":"https:\/\/www.hongyitube.com\/es\/wp-json\/wp\/v2\/product"}],"about":[{"href":"https:\/\/www.hongyitube.com\/es\/wp-json\/wp\/v2\/types\/product"}],"replies":[{"embeddable":true,"href":"https:\/\/www.hongyitube.com\/es\/wp-json\/wp\/v2\/comments?post=3776"}],"wp:featuredmedia":[{"embeddable":true,"href":"https:\/\/www.hongyitube.com\/es\/wp-json\/wp\/v2\/media\/3786"}],"wp:attachment":[{"href":"https:\/\/www.hongyitube.com\/es\/wp-json\/wp\/v2\/media?parent=3776"}],"wp:term":[{"taxonomy":"product_brand","embeddable":true,"href":"https:\/\/www.hongyitube.com\/es\/wp-json\/wp\/v2\/product_brand?post=3776"},{"taxonomy":"product_cat","embeddable":true,"href":"https:\/\/www.hongyitube.com\/es\/wp-json\/wp\/v2\/product_cat?post=3776"},{"taxonomy":"product_tag","embeddable":true,"href":"https:\/\/www.hongyitube.com\/es\/wp-json\/wp\/v2\/product_tag?post=3776"}],"curies":[{"name":"WP","href":"https:\/\/api.w.org\/{rel}","templated":true}]}}