{"id":3764,"date":"2026-01-09T21:38:48","date_gmt":"2026-01-09T13:38:48","guid":{"rendered":"https:\/\/www.hongyitube.com\/?post_type=product&#038;p=3764"},"modified":"2026-01-09T21:38:48","modified_gmt":"2026-01-09T13:38:48","slug":"35mm-diameter-delicate-purple-sorrel-leaf-color-100-ml-pe-soft-tube-packaging-container-bottle-hongyi-plastic","status":"publish","type":"product","link":"https:\/\/www.hongyitube.com\/es\/product\/35mm-diameter-delicate-purple-sorrel-leaf-color-100-ml-pe-soft-tube-packaging-container-bottle-hongyi-plastic\/","title":{"rendered":"35mm de di\u00e1metro, delicado color de la hoja de amarillo p\u00farpura, botella de envasado de tubo suave de 100 ml de PE - pl\u00e1stico Hongyi"},"content":{"rendered":"<p>Hongyi Plastic 35mm de di\u00e1metro, delicado color de hoja de amarillo p\u00farpura, botella de envase de tubo suave de PE de 100 ml es un envase de envase de tubo suave de PE de 35mm de di\u00e1metro que mezcla a la perfecci\u00f3n \"est\u00e9tica curativa natural\" con \"funcionalidad de viaje extrema\". Tiene una capacidad de 100 mililitros. El cuerpo del tubo presenta un tono suave y elegante de amarillo p\u00farpura, con un acabado brillante aplicado a la superficie, d\u00e1ndole el aspecto y la vitalidad de las hojas de plantas frescas. El lado delantero del tubo presenta delicadas l\u00edneas estampadas en seda de amarillo p\u00farpura y flores en gris claro, d\u00e1ndole un aspecto fresco y natural. Todo el texto funcional est\u00e1 claramente impreso en seda blanca para garantizar la legibilidad. El n\u00facleo del envase consiste en una combinaci\u00f3n de dise\u00f1o ergon\u00f3mico de perfil bajo y una tapa flip brillante blanca, lo que permite operaciones de apertura y compresi\u00f3n con una sola mano realmente suaves y duraderas. Junto con una tapa de pared recta y tecnolog\u00eda de llenado frontal precisa, este producto ofrece propiedades de sellado excepcionales, resistencia a fugas y resistencia a golpes, lo que lo convierte en una soluci\u00f3n ideal para viajes y empaques diarios que prioriza tanto la elegancia como la comodidad.<\/p>\n<p>El material del di\u00e1metro de 35 mm, delicado color de hoja de amarillo p\u00farpura, botella de envasado de tubo suave de 100 ml de PE:<\/p>\n<ul>\n<li>Material primario: material de PE con alta tenacidad y fidelidad al color, asegurando que las hojas de amarillo p\u00farpura permanezcan vibrantes y duraderos, al mismo tiempo que poseen excelentes capacidades de resistencia al impacto y absorci\u00f3n de golpes.<\/li>\n<li>Tratamiento superficial: revestimiento de barniz de alto brillo para mejorar la saturaci\u00f3n de color y la durabilidad de la superficie, proporcionando una textura lisa y una superficie f\u00e1cil de limpiar.<\/li>\n<li>Proceso de impresi\u00f3n: La tecnolog\u00eda de serigraf\u00eda de alta precisi\u00f3n asegura que los patrones de l\u00ednea bot\u00e1nica gris claro son detallados y claros, mezclando sin problemas con el color de fondo, mientras que el texto blanco destaca de manera n\u00edtida.<\/li>\n<li>Caracter\u00edsticas clave: El sistema compacto de cabeza dental se ha sometido a un dise\u00f1o mejorado para garantizar la fiabilidad y las propiedades de sellado durante per\u00edodos prolongados de uso repetido. El proceso de sellado de ranura recta garantiza un sellado seguro en el extremo del tubo.<\/li>\n<\/ul>\n<p><strong><b>Aplicaciones recomendadas <\/b><\/strong>:<\/p>\n<p>Uso recomendado para este 35mm de di\u00e1metro, delicado color de hoja de amarillo p\u00farpura, botella de envase de tubo suave de PE de 100 ml:<\/p>\n<p>La industria de belleza y cuidado de la piel.<\/p>\n<p>&nbsp;<\/p>\n<ul>\n<li>Mercado femenino: champ\u00fas de tama\u00f1o de viaje, lavados corporales, cremas de esencia facial y productos protectores solares que contienen ingredientes vegetales naturales. Como un bien conocido componente de plantas calmantes y antibacterianos, los s\u00edmbolos visuales de mugwort pueden evocar directamente asociaciones con productos \u201cnaturales\u201d, \u201ccalmantes\u201d y \u201ceficaces\u201d, atrayendo a los entusiastas de los ingredientes y los amantes de la naturaleza.<\/li>\n<li>Mercado masculino: Limpiador herbal con control de aceite, loci\u00f3n calmante despu\u00e9s del afeitado y lavado corporal enfocado en el deporte. Los refrescantes tonos bot\u00e1nicos y las l\u00edneas de dise\u00f1o minimalistas satisfacen las preferencias de los hombres por la frescura, la eficacia y la est\u00e9tica moderna, evitando cualquier connotaci\u00f3n femenina o infantil.<\/li>\n<li>Mercado Infantil: Formulaciones suaves a base de plantas para jabones de ba\u00f1o, champ\u00fas y protectores solares para ni\u00f1os. Los colores suaves y los motivos vegetales son amigables con los ni\u00f1os, y los padres se sienten tranquilizados por el \u00e9nfasis de la marca en la \u201csuavidad natural\u201d.<\/li>\n<\/ul>\n<p>&nbsp;<\/p>\n<p>La industria de agentes de mantenimiento mec\u00e1nico para productos de ung\u00fcentos farmac\u00e9uticos.<\/p>\n<p>&nbsp;<\/p>\n<ul>\n<li>Mercado de Salud Personal y Aromaterapia: cremas de masaje calmantes que contienen extractos de hierbas de mugwort o similares, ung\u00fcentos t\u00f3picos para picaduras de mosquitos para aliviar la picaz\u00f3n, lociones de aceites esenciales de aromaterapia en recipientes individuales, geles desinfectantes port\u00e1tiles. El envase tem\u00e1tico vegetal se alinea perfectamente con el aspecto curativo natural de los productos.<\/li>\n<li>Mercado al aire libre profesional: Versiones compactas de cremas calmantes y repelentes de insectos a base natural para actividades al aire libre. Ligero y resistente, dise\u00f1ado para adaptarse al entorno exterior.<\/li>\n<\/ul>\n<p>&nbsp;<\/p>\n<p>La industria de pigmentos qu\u00edmicos industriales.<\/p>\n<p>&nbsp;<\/p>\n<ul>\n<li>Mercado creativo y educativo: adhesivos artesanales seguros y no t\u00f3xicos, pigmentos de pintura con los dedos para ni\u00f1os, tintes vegetales preempaquetados y recubrimientos ecol\u00f3gicos para modelos. Su apariencia segura y fresca los hace ideales para su uso en hogares, escuelas y estudios creativos.<\/li>\n<\/ul>\n<h3><b>1. <\/b><strong><b>Atributos del producto<\/b><\/strong><\/h3>\n<p>Caracter\u00edsticas del di\u00e1metro de 35 mm, delicado color de hoja de amarillo p\u00farpura, botella de envase de tubo suave de PE de 100 ml: \u00b7 Comunicaci\u00f3n eficiente de ingredientes naturales: Utilizar colores y patrones para visualizar el ingrediente vegetal ampliamente reconocido y funcional, \"or\u00e9gano\", proporcionando as\u00ed educaci\u00f3n gratuita sobre el mercado con el principio de \"lo que ves es lo que obtienes\".<\/p>\n<ul>\n<li>Funcionamiento y durabilidad excepcionales con una sola mano: La cubierta compacta y de perfil bajo, optimizada para escenarios din\u00e1micos, ofrece una experiencia sin esfuerzo con una sola mano. La robusta construcci\u00f3n del dispositivo cumple con las rigurosas exigencias de viajes frecuentes y uso diario.<\/li>\n<li>Excepcional frescura visual y sofisticaci\u00f3n: La combinaci\u00f3n de hojas de amarillo p\u00farpura y brillo crea una vibrante pero sofisticada sensaci\u00f3n de limpieza. Los patrones de l\u00ednea gris claro agregan detalles art\u00edsticos, evitando la monoton\u00eda.<\/li>\n<li>Compatibilidad completa con los viajes: la capacidad de 100 mililitros se alinea perfectamente con las restricciones de las aerol\u00edneas sobre l\u00edquidos de equipaje de mano. Su dise\u00f1o ligero, herm\u00e9tico y resistente a los golpes aborda de manera integral los desaf\u00edos fundamentales de viajar con l\u00edquidos.<\/li>\n<\/ul>","protected":false},"excerpt":{"rendered":"<p>Las ventajas del di\u00e1metro de 35 mm, delicado color de hoja de amarillo p\u00farpura, botella de envasado de tubo suave de 100 ml de PE:<\/p>\n<ul>\n<li>Psicolog\u00eda y comercializaci\u00f3n de colores y patrones:<\/li>\n<li>Color de hoja de amarillo p\u00farpura: Este es un color curativo derivado de la naturaleza. Est\u00e1 estrechamente asociado con conceptos como \u201cpuro\u201d, \u201ccalmante\u201d, \u201cantibacteriano\u201d y \u201cnatural\u201d en los sectores globales de salud y belleza. R\u00e1pidamente atrae a los consumidores que priorizan el origen de los ingredientes y buscan el equilibrio entre su bienestar f\u00edsico y mental.<\/li>\n<li>L\u00edneas bot\u00e1nicas grises claros: Empleando un estilo de arte de l\u00ednea simple y moderno, este dise\u00f1o evita la sensaci\u00f3n tradicional o anticuada que podr\u00eda estar asociada con patrones realistas. Transmite mensajes de \u201cextracci\u00f3n cient\u00edfica\u201d, \u201cnaturalismo moderno\u201d y \u201csimplicidad y refinamiento\u201d, aline\u00e1ndose con la est\u00e9tica contempor\u00e1nea.<\/li>\n<li>Integraci\u00f3n perfecta de funcionalidad y est\u00e9tica.<\/li>\n<li>El dise\u00f1o combina perfectamente el valor emocional de la \u201cinspiraci\u00f3n vegetal\u201d con el valor pr\u00e1ctico de la \u201coperaci\u00f3n con una sola mano\u201d. La cubierta blanca brillante y el color del tubo crean un contraste refrescante, pero sigue siendo discreto como componente funcional.<\/li>\n<li>El texto blanco sobre un fondo oscuro garantiza una legibilidad excepcional, lo que refleja la importancia dada a los detalles de la experiencia del usuario.<\/li>\n<li>Posicionamiento contextual claro: Desde el color y la capacidad hasta los m\u00e9todos operativos, cada decisi\u00f3n de dise\u00f1o apunta hacia el escenario de uso principal de \u201cun estilo de vida activo, saludable y moderno en movimiento\u201d.<\/li>\n<\/ul>\n<p><strong><b>Escenarios en los que el di\u00e1metro de 35 mm, delicado color de la hoja de amarillo p\u00farpura, botella de envase de tubo suave de PE de 100 ml se puede usar:<\/b><\/strong><\/p>\n<ul>\n<li>\u201cStar Products\u201d de los mercados de agricultores de fin de semana o tiendas de alimentos saludables: En un entorno minorista que valora la vida org\u00e1nica, su embalaje y la atm\u00f3sfera de la tienda se alinean de forma natural, lo que hace que sea m\u00e1s probable que los consumidores que prioricen el estilo de vida los elijan.<\/li>\n<li>\u201cRetail Displays\u201d en Estudios de Yoga o Estudios de Pilates: En las \u00e1reas minoristas de las instalaciones de bienestar f\u00edsico y mental, este envase de loci\u00f3n o crema de masaje es una opci\u00f3n l\u00f3gica para que los estudiantes compren despu\u00e9s de sus clases.<\/li>\n<li>\u201cGreen gear\u201d para campamentos familiares o picnics en parques: Este art\u00edculo, que promueve una conexi\u00f3n con la naturaleza, es perfecto para las familias en excursiones, permiti\u00e9ndoles empacar todos sus art\u00edculos de cuidado personal en un recipiente conveniente. Su dise\u00f1o complementa el entorno exterior.<\/li>\n<li>\u201cEsenciales compartidos\u201d en los dormitorios universitarios: El dise\u00f1o fresco, neutral y la funcionalidad pr\u00e1ctica de los art\u00edculos encontrados en los ba\u00f1os comunes de la universidad o en las habitaciones del dormitorio pueden convertirse f\u00e1cilmente en productos de cuidado personal que los estudiantes est\u00e1n dispuestos a compartir y discutir.<\/li>\n<li>\u201cKit de emergencia\u201d para vuelos de larga distancia: Despu\u00e9s de llegar en un entorno seco o desconocido, los viajeros pueden usar los productos calmantes e hidratantes empaquetados dentro del kit. El concepto basado en plantas proporciona una sensaci\u00f3n de comodidad psicol\u00f3gica.<\/li>\n<\/ul>","protected":false},"featured_media":3774,"comment_status":"closed","ping_status":"closed","template":"","meta":[],"product_brand":[],"product_cat":[29,46],"product_tag":[],"class_list":{"0":"post-3764","1":"product","2":"type-product","3":"status-publish","4":"has-post-thumbnail","6":"product_cat-skin-care-plastic-tube","7":"product_cat-35-pe-plastic-tube","9":"first","10":"instock","11":"shipping-taxable","12":"purchasable","13":"product-type-simple"},"_links":{"self":[{"href":"https:\/\/www.hongyitube.com\/es\/wp-json\/wp\/v2\/product\/3764","targetHints":{"allow":["GET"]}}],"collection":[{"href":"https:\/\/www.hongyitube.com\/es\/wp-json\/wp\/v2\/product"}],"about":[{"href":"https:\/\/www.hongyitube.com\/es\/wp-json\/wp\/v2\/types\/product"}],"replies":[{"embeddable":true,"href":"https:\/\/www.hongyitube.com\/es\/wp-json\/wp\/v2\/comments?post=3764"}],"wp:featuredmedia":[{"embeddable":true,"href":"https:\/\/www.hongyitube.com\/es\/wp-json\/wp\/v2\/media\/3774"}],"wp:attachment":[{"href":"https:\/\/www.hongyitube.com\/es\/wp-json\/wp\/v2\/media?parent=3764"}],"wp:term":[{"taxonomy":"product_brand","embeddable":true,"href":"https:\/\/www.hongyitube.com\/es\/wp-json\/wp\/v2\/product_brand?post=3764"},{"taxonomy":"product_cat","embeddable":true,"href":"https:\/\/www.hongyitube.com\/es\/wp-json\/wp\/v2\/product_cat?post=3764"},{"taxonomy":"product_tag","embeddable":true,"href":"https:\/\/www.hongyitube.com\/es\/wp-json\/wp\/v2\/product_tag?post=3764"}],"curies":[{"name":"WP","href":"https:\/\/api.w.org\/{rel}","templated":true}]}}