{"id":3747,"date":"2026-01-09T21:30:59","date_gmt":"2026-01-09T13:30:59","guid":{"rendered":"https:\/\/www.hongyitube.com\/?post_type=product&#038;p=3747"},"modified":"2026-01-09T21:30:59","modified_gmt":"2026-01-09T13:30:59","slug":"35mm-diameter-100ml-capacity-transparent-matte-finish-universal-functional-packaging-tube-hongyi-plastic","status":"publish","type":"product","link":"https:\/\/www.hongyitube.com\/es\/product\/35mm-diameter-100ml-capacity-transparent-matte-finish-universal-functional-packaging-tube-hongyi-plastic\/","title":{"rendered":"35mm de di\u00e1metro, capacidad de 100ml, transparente, acabado mate, tubo de embalaje funcional universal - pl\u00e1stico Hongyi"},"content":{"rendered":"<p>Hongyi pl\u00e1stico 35mm de di\u00e1metro, capacidad de 100ml, transparente, acabado mate, tubo de embalaje funcional universal.<\/p>\n<ol>\n<li>Descripci\u00f3n del di\u00e1metro de 35mm, capacidad de 100ml, transparente, acabado mate, tubo de embalaje funcional universal:<\/li>\n<\/ol>\n<p>El tubo de envasado funcional mate transparente de 35mm de di\u00e1metro de 100ml de uso general es un recipiente de tubo suave de PE de 35mm de di\u00e1metro de uso general centrado en torno a los principios de \"minimalismo, transparencia y m\u00e1xima funcionalidad\". Tiene una capacidad de 100ml. El cuerpo del tubo cuenta con un dise\u00f1o mate transparente, con un acabado mate texturizado aplicado a la superficie, d\u00e1ndole una sensaci\u00f3n suave, como vidrio y una experiencia t\u00e1ctil lujosa. Al mismo tiempo, permite a los usuarios observar claramente los contenidos restantes. El envase utiliza un dise\u00f1o de perfil bajo con una tapa flip transparente y brillante, lo que permite operaciones de apertura y compresi\u00f3n suaves y con una sola mano. La estructura es duradera y duradera. Emplea un extremo de sellado nervioso y un proceso de llenado de boquilla preciso para garantizar un sellado excepcional, resistencia a fugas y resistencia a golpes. Su naturaleza compacta y ligera, combinada con sus caracter\u00edsticas robustas y duraderas, lo convierte en una opci\u00f3n ideal para viajes, desplazamientos y empaques cotidianos.<\/p>\n<p>2.El material del di\u00e1metro de 35 mm, capacidad de 100 ml, transparente, acabado mate, tubo de envasado funcional universal:<\/p>\n<ul>\n<li>Material primario: El material PE de alta transparencia y alta tenacidad garantiza una excelente flexibilidad y resistencia al impacto, lo que lo hace duradero y resistente a la rotura.<\/li>\n<li>Tratamiento superficial: acabado mate con una textura de arena, proporcionando una sensaci\u00f3n de piel, propiedades antideslizantes y resistentes a las huellas digitales, al mismo tiempo que da al cuerpo transparente del tubo una apariencia sofisticada y borrosa.<\/li>\n<li>Estructuras clave:<\/li>\n<li>Sistema compacto de cubierta dental: articulaciones pivotantes y cierres cuidadosamente dise\u00f1ados aseguran que el mecanismo siga funcionando incluso despu\u00e9s de miles de ciclos de apertura y cierre. Los sellos proporcionan una protecci\u00f3n fiable contra fugas.<\/li>\n<li>Cierre de tapa de pared recta: Mejora la resistencia del cierre de tapa para evitar fugas desde el extremo de cola.<\/li>\n<li>Seguridad: Cumple con las normas internacionales para materiales utilizados en contacto con alimentos y productos farmac\u00e9uticos, adecuados para una amplia gama de l\u00edquidos y pastas.<\/li>\n<\/ul>\n<p>&nbsp;<\/p>\n<p><strong><b>Aplicaciones recomendadas <\/b><\/strong>:<\/p>\n<p>uso ecommended para este di\u00e1metro de 35mm, capacidad de 100ml, transparente, acabado mate, tubo de embalaje funcional universal:<\/p>\n<p>La industria de belleza y cuidado de la piel.<\/p>\n<ul>\n<li>Mercado femenino: champ\u00fas de tama\u00f1o de viaje, lavados corporales, protectores solares y eliminadores de maquillaje. El dise\u00f1o transparente hace que sea f\u00e1cil identificarlos r\u00e1pidamente durante los controles de seguridad, mientras que el acabado mate agrega un toque de sofisticaci\u00f3n. La capacidad de operar con una mano es particularmente conveniente en ambientes de ba\u00f1o.<\/li>\n<li>Mercado masculino: Kits de viaje con loci\u00f3n despu\u00e9s del afeitado, cera para el cabello y limpiador facial de alta viscosidad. El dise\u00f1o minimalista y transparente es neutral en t\u00e9rminos de g\u00e9nero, atendiendo a las demandas de los consumidores masculinos por eficiencia, practicidad y ordenamiento.<\/li>\n<li>Mercado infantil: productos de ba\u00f1o y protecci\u00f3n solar para ni\u00f1os en viajes. Los padres pueden ver f\u00e1cilmente la cantidad restante, y la facilidad de uso del producto con una mano hace que sea conveniente para los padres aplicarlo a sus hijos. Sus propiedades robustas y resistentes a los golpes reducen el riesgo de da\u00f1os accidentales.<\/li>\n<\/ul>\n<p>La industria de agentes de mantenimiento mec\u00e1nico para productos de ung\u00fcentos farmac\u00e9uticos.<\/p>\n<ul>\n<li>Cuidados personales y mercado al aire libre: geles desinfectantes port\u00e1tiles, cremas deportivas de relajaci\u00f3n, envasado individualizado de agentes de acoplamiento m\u00e9dico, ung\u00fcentos de primeros auxilios al aire libre. Las excelentes propiedades de sellado evitan la p\u00e9rdida de eficacia o contaminaci\u00f3n, y las botellas transparentes hacen que sea f\u00e1cil localizar r\u00e1pidamente los art\u00edculos deseados.<\/li>\n<li>Mercados especializados: Distribuci\u00f3n de lubricantes para instrumentos de precisi\u00f3n, aceites para el mantenimiento de equipos peque\u00f1os. Conveniente para los ingenieros o t\u00e9cnicos para llevar en sus kits de herramientas personales para un f\u00e1cil acceso en cualquier momento.<\/li>\n<\/ul>\n<p>La industria de pigmentos qu\u00edmicos industriales.<\/p>\n<ul>\n<li>Mercados creativos, educativos y de mantenimiento: kits de dispensaci\u00f3n de adhesivos hechos a mano, pintura modelo, muestras de pintura y pasta conductora para reparaciones electr\u00f3nicas. El dise\u00f1o transparente de la botella facilita la identificaci\u00f3n del contenido, y el dise\u00f1o a prueba de fugas evita la contaminaci\u00f3n del kit de herramientas, lo que lo convierte en una opci\u00f3n pr\u00e1ctica para profesionales creativos y personal de mantenimiento.<\/li>\n<\/ul>\n<h3>1.\u00a0 <strong><b>Atributos del producto<\/b><\/strong><\/h3>\n<p>Caracter\u00edsticas del di\u00e1metro de 35 mm, capacidad de 100 ml, acabado transparente, mate, tubo de envasado funcional universal:<\/p>\n<ul>\n<li>Experiencia revolucionaria de operaci\u00f3n con una sola mano: El dise\u00f1o compacto de la cubierta flip ha sido optimizado para la ergonom\u00eda, permitiendo realmente \u201coperaci\u00f3n con una mano y apertura y cierre instant\u00e1neos\u201d, liberando la otra mano. Es particularmente adecuado para su uso mientras se mueve, cuando las manos est\u00e1n mojadas o cuando se sujetan art\u00edculos.<\/li>\n<li>Excepcional durabilidad y capacidad de sellado: La estructura ha sido sometida a pruebas de fatiga para asegurarse de que permanece intacta incluso despu\u00e9s de uso repetido. M\u00faltiples dise\u00f1os de sellado han pasado las pruebas de inclinaci\u00f3n e inversi\u00f3n, lo que facilita el viaje y el transporte.<\/li>\n<li>Est\u00e9tica pragm\u00e1tica transparente: El acabado mate elimina la apariencia barata t\u00edpica de los pl\u00e1sticos transparentes ordinarios, al tiempo que mantiene la visibilidad funcional e imbue con un valor est\u00e9tico sencillo, tranquilo y moderno.<\/li>\n<li>Amplia compatibilidad con diversos contenidos: adecuado para empaquetar una amplia gama de sustancias, desde emulsiones a base de agua hasta pastas gruesas, con buena estabilidad qu\u00edmica.<\/li>\n<\/ul>","protected":false},"excerpt":{"rendered":"<ul>\n<li><b><\/b><strong><b>Dise\u00f1o del cuerpo del tubo<\/b><\/strong>.<\/li>\n<\/ul>\n<p>El dise\u00f1o del cuerpo del tubo para el di\u00e1metro de 35 mm, capacidad de 100 ml, acabado transparente, mate, tuberculo de envasado funcional universal:<\/p>\n<ul>\n<li>El estilo \u201cMuji\u201d de la est\u00e9tica funcional: caracterizado por dise\u00f1os minimalistas y funcionales que despojan todos los elementos decorativos, haciendo del material, la estructura y la practicidad en s\u00ed la fuente de la belleza. El acabado mate transparente transmite una sensaci\u00f3n de \u201chonestidad\u201d, \u201cclaridad\u201d y \u201corden\u201d.<\/li>\n<li>Dise\u00f1o de interacci\u00f3n centrado en escenarios de usuario: Cada detalle de dise\u00f1o se adapta al escenario de \u201cviaje y uso\u201d.<\/li>\n<li>Acabado mate transparente: Identifique r\u00e1pidamente el contenido del contenedor sin tener que buscar a trav\u00e9s del equipaje.<\/li>\n<li>Dise\u00f1o compacto y deslizable: Ideal para situaciones en las que se requiere acceso r\u00e1pido, como despu\u00e9s de los controles de seguridad del aeropuerto, en los ba\u00f1os de los hoteles o en campamentos al aire libre.<\/li>\n<li>Compacto y robusto: maximiza el uso del espacio de equipaje de mano y soporta los golpes de los viajes.<\/li>\n<li>Neutralizaci\u00f3n del color y la textura: los acabados transparentes y mates son neutrales en funci\u00f3n del g\u00e9nero y la edad, lo que garantiza que los productos sean aceptables para una amplia gama de clientes. Este enfoque asegura que el \u00e9nfasis principal est\u00e1 en transmitir sus atributos funcionales.<\/li>\n<\/ul>\n<p>Las ventajas de the35mm de di\u00e1metro, capacidad de 100ml, transparente, acabado mate, tubo de envasado funcional universal:<\/p>\n<ul>\n<li>Abordar los principales puntos de dolor de viaje: al abordar directamente los tres principales problemas de \"dificultad para encontrar, fugas y apertura inconveniente de l\u00edquidos\" durante el viaje, proporcionamos una soluci\u00f3n integral, lo que lo convierte en un producto genuino \"analg\u00e9sico de puntos de dolor\".<\/li>\n<li>Simplifica el proceso de toma de decisiones para los consumidores: su dise\u00f1o minimalista, neutral y enfoque funcional claro permiten tanto a los hombres de mente pr\u00e1ctica como a las mujeres orientadas al detalle comprender r\u00e1pidamente su valor y desarrollar el deseo de comprarlo.<\/li>\n<li>Promover el consumo sostenible: Alentar a los consumidores a reutilizar los productos y reemplazar las botellas de envases de pl\u00e1stico de un solo uso, aline\u00e1ndose con las tendencias ambientales globales. Las marcas pueden aprovechar esta oportunidad para contar una historia sobre la sostenibilidad.<\/li>\n<li>Como un lienzo en blanco perfecto: el embalaje minimalista proporciona amplio espacio para la personalizaci\u00f3n (como logotipos de serigraf\u00eda), mientras que su funcionalidad inherente mejora la imagen profesional de la marca.<\/li>\n<\/ul>\n<p><strong><b>Escenarios en los que el di\u00e1metro de 35 mm, capacidad de 100 ml, acabado transparente, mate, tubo de envasado funcional universal se puede usar:<\/b><\/strong><\/p>\n<ul>\n<li>Kit de comodidades est\u00e1ndar para vuelos internacionales: Los viajeros frecuentes que se han sometido a rigurosos controles de seguridad de l\u00edquidos conf\u00edan en la fiabilidad y comodidad de este kit para almacenar todos los l\u00edquidos compatibles de una manera organizada.<\/li>\n<li>\u201cCompa\u00f1eros de eficiencia\u201d para el \u00e1rea de ducha del gimnasio: los entusiastas del fitness pueden usar champ\u00fa y lavado corporal con una mano mientras se duchan, evitando deslizamientos de manos y ca\u00eddas de botellas, aumentando as\u00ed la eficiencia.<\/li>\n<li>Una \u201cestaci\u00f3n de empaquetado universal\u201d para acampar o caminar el fin de semana: los entusiastas del aire libre la utilizan para empaquetar detergente de limpieza, repelente de insectos, ung\u00fcento de primeros auxilios y lubricante para herramientas en un formato estandarizado, ahorrando as\u00ed espacio en las mochilas.<\/li>\n<li>La \u201cBolsa de Esenciales Pac\u00edficos\u201d para excursiones familiares: Los padres usan esta bolsa uniforme para almacenar productos para el cuidado de la piel de los ni\u00f1os, desinfectantes de manos y otros art\u00edculos. Es resistente y resistente a las gotas, lo que reduce las molestias durante el viaje.<\/li>\n<li>\u201cAccesorios m\u00f3viles para estaciones de trabajo\u201d para profesionales creativos o ingenieros: Ya sea el medio de pintura de un ilustrador o el limpiador electr\u00f3nico preciso de un programador, todo se puede almacenar de forma segura y ordenada en una bolsa port\u00e1til.<\/li>\n<\/ul>","protected":false},"featured_media":3756,"comment_status":"closed","ping_status":"closed","template":"","meta":[],"product_brand":[],"product_cat":[29,46],"product_tag":[],"class_list":{"0":"post-3747","1":"product","2":"type-product","3":"status-publish","4":"has-post-thumbnail","6":"product_cat-skin-care-plastic-tube","7":"product_cat-35-pe-plastic-tube","9":"first","10":"instock","11":"shipping-taxable","12":"purchasable","13":"product-type-simple"},"_links":{"self":[{"href":"https:\/\/www.hongyitube.com\/es\/wp-json\/wp\/v2\/product\/3747","targetHints":{"allow":["GET"]}}],"collection":[{"href":"https:\/\/www.hongyitube.com\/es\/wp-json\/wp\/v2\/product"}],"about":[{"href":"https:\/\/www.hongyitube.com\/es\/wp-json\/wp\/v2\/types\/product"}],"replies":[{"embeddable":true,"href":"https:\/\/www.hongyitube.com\/es\/wp-json\/wp\/v2\/comments?post=3747"}],"wp:featuredmedia":[{"embeddable":true,"href":"https:\/\/www.hongyitube.com\/es\/wp-json\/wp\/v2\/media\/3756"}],"wp:attachment":[{"href":"https:\/\/www.hongyitube.com\/es\/wp-json\/wp\/v2\/media?parent=3747"}],"wp:term":[{"taxonomy":"product_brand","embeddable":true,"href":"https:\/\/www.hongyitube.com\/es\/wp-json\/wp\/v2\/product_brand?post=3747"},{"taxonomy":"product_cat","embeddable":true,"href":"https:\/\/www.hongyitube.com\/es\/wp-json\/wp\/v2\/product_cat?post=3747"},{"taxonomy":"product_tag","embeddable":true,"href":"https:\/\/www.hongyitube.com\/es\/wp-json\/wp\/v2\/product_tag?post=3747"}],"curies":[{"name":"WP","href":"https:\/\/api.w.org\/{rel}","templated":true}]}}