{"id":3701,"date":"2026-01-09T21:01:12","date_gmt":"2026-01-09T13:01:12","guid":{"rendered":"https:\/\/www.hongyitube.com\/?post_type=product&#038;p=3701"},"modified":"2026-01-09T21:01:12","modified_gmt":"2026-01-09T13:01:12","slug":"semi-transparent-light-yellow-pearlescent-35mm-id-pe-soft-tube-packaging-container-with-a-capacity-of-75-ml-hongyi-plastic","status":"publish","type":"product","link":"https:\/\/www.hongyitube.com\/es\/product\/semi-transparent-light-yellow-pearlescent-35mm-id-pe-soft-tube-packaging-container-with-a-capacity-of-75-ml-hongyi-plastic\/","title":{"rendered":"Semi-transparente, amarillo claro, perloso 35mm ID PE recipiente de envasado de tubo blando con una capacidad de 75 ml.- Hongyi Plastic"},"content":{"rendered":"<p>Hongyi Plastic Semi-transparente, amarillo claro, perloso 35mm ID PE recipiente de envasado de tubo blando con una capacidad de 75 ml.<\/p>\n<p>&nbsp;<\/p>\n<p>&nbsp;<\/p>\n<ol>\n<li>Descripci\u00f3n del recipiente de envasado de tubo blando de 35 mm ID PE, semitransparente, amarillo claro, perloso, con una capacidad de 75 ml:<\/li>\n<\/ol>\n<p>Este recipiente de envasado de tubo suave de PE amarillo claro semitransparente de 35mm de di\u00e1metro es un recipiente de envasado de tubo suave de PE de 35mm de di\u00e1metro con una filosof\u00eda est\u00e9tica central centrada en \"textura c\u00e1lida y cl\u00e1sicos atemporales\". Tiene una capacidad de 75 mililitros. El cuerpo del tubo presenta un material \u00fanico \u201cefecto perla amarillo claro semitransparente\u201d, d\u00e1ndole una apariencia c\u00e1lida y transl\u00facida similar al \u00e1mbar, la miel o los primeros rayos de luz solar. La luz interact\u00faa suavemente con su superficie e interior, produciendo sutiles refracciones y efectos semejantes a la perla. Toda la informaci\u00f3n del producto se muestra claramente en ambos lados a trav\u00e9s de una simple impresi\u00f3n en negro, creando un contraste cl\u00e1sico y de alto contraste con el cuerpo del tubo caliente. El envase cuenta con un dise\u00f1o de tapa de tornillo de alta calidad, completo con una tapa de tornillo de alta calidad perlasta en el mismo color que el cuerpo del tubo, lo que garantiza una unidad visual e integridad sin igual entre el cuerpo del tubo y la tapa en t\u00e9rminos de color, textura y brillo. El dise\u00f1o es perfecto y natural.<\/p>\n<p>El material del recipiente de envasado de tubo blando de 35 mm ID PE de color amarillo claro, semitransparente con una capacidad de 75 ml:<\/p>\n<ul>\n<li>Material primario: Material compuesto de PE perloso amarillo claro dise\u00f1ado a medida. A trav\u00e9s de la combinaci\u00f3n precisa de masterbatch especial de perlas y masterbatch de color semitransparente, este material logra un exquisito equilibrio de transparencia sutil, un color base c\u00e1lido y efectos delicados de brillo de perlas, superando la textura de pl\u00e1sticos de colores ordinarios.<\/li>\n<li>Propiedades clave: Al tiempo que mantiene una excelente flexibilidad, posee una resistencia sobresaliente al envejecimiento ultravioleta, asegurando que el color amarillo no se desvanezca ni el brillo pierda su brillo incluso despu\u00e9s de uso prolongado o exhibici\u00f3n.<\/li>\n<li>Seguridad: Cumple con las normas globales para los materiales utilizados en contacto con alimentos y productos farmac\u00e9uticos. Las propiedades qu\u00edmicas del material son estables e inertes, lo que lo hace adecuado para una amplia gama de contenidos de formulaci\u00f3n.<\/li>\n<\/ul>\n<p><strong><b>Aplicaciones recomendadas <\/b><\/strong>:<\/p>\n<p>Uso recomendado para este recipiente de envasado de tubo suave de 35 mm ID PE de color amarillo claro, semitransparente con una capacidad de 75 ml:<\/p>\n<p>La industria de belleza y cuidado de la piel.<\/p>\n<p>&nbsp;<\/p>\n<ul>\n<li>El mercado femenino: cremas para manos de alta gama, b\u00e1lsamos labiales naturales, aceites para el cuidado corporal y productos nutritivos con \u201cmiel\u201d, \u201cpr\u00f3polis de abeja\u201d o \u201cespino marino\u201d como ingredientes principales. El color amarillo c\u00e1lido y el acabado perloso transmiten un fuerte mensaje de \u201cnutrici\u00f3n natural\u201d, \u201ccuidado lujoso\u201d y \u201celegancia cl\u00e1sica\u201d.<\/li>\n<li>Mercado masculino: loci\u00f3n para el cuidado despu\u00e9s del afeitado con una base cl\u00e1sica de colonia, loci\u00f3n corporal con aroma de cuero y crema para el cuidado del cabello de gama alta. El dise\u00f1o unificado en el mismo esquema de colores exuda elegancia discreta. El c\u00e1lido tono \u00e1mbar mitiga la sensaci\u00f3n de fr\u00edo, encarnando una est\u00e9tica masculina sofisticada y refinada.<\/li>\n<li>Mercado infantil: No aplicable. Las texturas semitransparentes e iridescentes son demasiado sofisticadas y elegantes, lo que no se alinea con el lenguaje de dise\u00f1o requerido para los productos para ni\u00f1os, que debe ser intuitivo, brillante y juguet\u00f3n.<\/li>\n<\/ul>\n<p>&nbsp;<\/p>\n<p>La industria de agentes de mantenimiento mec\u00e1nico para productos de ung\u00fcentos farmac\u00e9uticos.<\/p>\n<p>&nbsp;<\/p>\n<ul>\n<li>Mercado de atenci\u00f3n al consumidor de alta gama: crema de reparaci\u00f3n hidratante de alta intensidad (para uso en \u00e1reas extremadamente secas), ung\u00fcento a base de hierbas suave, grasa lubricante de mantenimiento de instrumentos de alta calidad (como aceite de cadena de bicicletas premium y aceite de mantenimiento de instrumentos de precisi\u00f3n). La textura de estos productos transmite nociones de \u201cpureza\u201d, \u201cpureza\u201d y \u201cprotecci\u00f3n\u201d, lo que los hace adecuados para el segmento de consumidores de gama alta que valora las experiencias premium.<\/li>\n<\/ul>\n<p>&nbsp;<\/p>\n<p>La industria de pigmentos qu\u00edmicos industriales.<\/p>\n<p>&nbsp;<\/p>\n<ul>\n<li>Accesorios especializados y de lujo: Agentes espec\u00edficos para la restauraci\u00f3n y mantenimiento de \u00e1gata \u00e1mbar\/musgo, pasta de te\u00f1ido de cuero de alta gama, cera de restauraci\u00f3n de muebles para piezas cl\u00e1sicas y pasta de limpieza de cuero de lujo. El tema visual \u201c\u00e1mbar\u201d del envase est\u00e1 muy alineado con estos materiales naturales que requieren mantenimiento (cuero, madera) en t\u00e9rminos de est\u00e9tica y concepto, reflejando profesionalidad y elegancia.<\/li>\n<\/ul>\n<p>&nbsp;<\/p>\n<h3>1. <strong><b>Atributos del producto<\/b><\/strong><\/h3>\n<p>Caracter\u00edsticas del recipiente de envasado de tubo blando de 35 mm ID PE, semitransparente, amarillo claro, perloso, con una capacidad de 75 ml:<\/p>\n<ul>\n<li>Completidad integrada excepcional: La coincidencia sin costuras entre el cuerpo del tubo y la tapa en t\u00e9rminos de color, brillo y textura (brillo) logra el efecto visual \u201cconexi\u00f3n sin costuras\u201d buscado en el dise\u00f1o industrial, dando al producto una apariencia global escult\u00f3rica y un sentido de sofisticaci\u00f3n.<\/li>\n<li>Experiencia sensorial \u00fanica: El material semitransparente permite que pase la luz, creando una sensaci\u00f3n de profundidad y misterio a trav\u00e9s de las formas sutiles de los contenidos entrelazados con el tono amarillo c\u00e1lido del tubo y el brillo de las perlas. La textura suave mejora la sensaci\u00f3n general de placer.<\/li>\n<li>Esquema de color cl\u00e1sico atemporal: La combinaci\u00f3n de amarillo claro (\u00e1mbar \/ oro) y negro es un esquema de color atemporal y lujoso que trasciende \u00e9pocas y culturas. Transmite sin esfuerzo cualidades, valor y atemporalidad, nunca saliendo de moda.<\/li>\n<li>Asociaci\u00f3n sugestiva de ingredientes: Amarillo claro evoca f\u00e1cilmente asociaciones con ingredientes nutritivos naturales como miel, gelatina real, mantequilla de karit\u00e9 y aceite de espino marino. Incluso si el producto no contiene estos ingredientes, puede crear asociaciones subconscientes positivas de \u201criqueza\u201d y \u201creparaci\u00f3n\u201d.<\/li>\n<\/ul>","protected":false},"excerpt":{"rendered":"<ul>\n<li><b><\/b><strong><b>Dise\u00f1o del cuerpo del tubo<\/b><\/strong>.<\/li>\n<\/ul>\n<p>El dise\u00f1o del cuerpo del tubo para el recipiente de envasado de tubo suave de 35 mm ID PE de color amarillo claro y semitransparente con una capacidad de 75 ml.<\/p>\n<ul>\n<li>Asociaciones psicol\u00f3gicas de colores y materiales:<\/li>\n<li>Perla amarilla clara semitransparente: Simult\u00e1neamente evoca m\u00faltiples asociaciones de alto valor: \u00e1mbar (eterno, precioso), miel (natural, dulce, nutritivo), sol (c\u00e1lido, energizante) y oro (lujoso, valioso). Este conjunto compuesto de asociaciones lo imbue de connotaciones positivas y emocionales.<\/li>\n<li>Filosof\u00eda de dise\u00f1o integrado: Al evitar la pr\u00e1ctica com\u00fan de crear contraste o inter\u00e9s visual a trav\u00e9s del color de la cubierta, optar por la \"integraci\u00f3n de color\" representa una elecci\u00f3n de dise\u00f1o altamente segura. Hace hincapi\u00e9 en la unidad, la pureza y un sentido de calidad intacta, apuntando al lujo discreto y la elegancia moderada, atrayendo a los consumidores que no gustan la complejidad y aprecian el poder de la simplicidad.<\/li>\n<li>Equilibrio de funcionalidad y est\u00e9tica: La serigraf\u00eda negra garantiza que toda la informaci\u00f3n esencial sea claramente legible en el color de fondo m\u00e1s adecuado (amarillo claro c\u00e1lido), garantizando la funcionalidad. La tapa de tornillo de dientes altos ofrece una seguridad de sellado superior en comparaci\u00f3n con la tapa de dientes bajos y una sensaci\u00f3n m\u00e1s c\u00f3moda al abrir y cerrar.<\/li>\n<\/ul>\n<p><strong><b>Escenarios en los que se puede utilizar el envase de tubo blando de 35 mm ID PE de color amarillo claro, semitransparente y perloso con una capacidad de 75 ml:<\/b><\/strong><\/p>\n<p>La \u201cexperiencia est\u00e1ndar\u201d para las suites de lujo: En los ba\u00f1os de hoteles de primera clase como Four Seasons y Aman, este paquete de productos de cuidado personal se integra perfectamente con el ambiente lujoso y sereno, mejorando la experiencia general del hu\u00e9sped.<\/p>\n<ul>\n<li>\u201cLa elecci\u00f3n del experto\u201d de una tienda de cuidado de caballeros: Este envase de aceite de afeitado o cabello funciona hermosamente tanto en las peluquer\u00edas tradicionales masculinas como en los modernos salones de cuidado, complementando la sensaci\u00f3n cl\u00e1sica con un ambiente profesional.<\/li>\n<li>Una \u201cherramienta de confianza\u201d para los estudios profesionales: Este recipiente es utilizado por fabricantes de violines o restauradores de muebles especializados para almacenar aceites de mantenimiento especializados. Su embalaje refleja los altos est\u00e1ndares que mantienen para sus herramientas y materiales.<\/li>\n<li>\u201cArt\u00edculos de estilo de vida\u201d de Boutique Boutiques: En una boutique que exhibe velas perfumadas y art\u00edculos artesanales, este producto aparece como una crema para manos visualmente atractiva. Los clientes lo compran como una representaci\u00f3n del estilo de vida general y la est\u00e9tica a la que aspiran.<\/li>\n<li>La \u201cescena de mesa de maquillaje\u201d de un hogar acogedor: En una mesa de maquillaje favorecida por los consumidores que priorizan la est\u00e9tica del hogar, su esquema de colores c\u00e1lidos y su dise\u00f1o cohesivo se integran a la perfecci\u00f3n en la decoraci\u00f3n, aportando una sensaci\u00f3n de tranquilidad y placer a las rutinas de cuidado de la piel por la ma\u00f1ana.<\/li>\n<\/ul>","protected":false},"featured_media":3708,"comment_status":"closed","ping_status":"closed","template":"","meta":[],"product_brand":[],"product_cat":[29,46],"product_tag":[],"class_list":{"0":"post-3701","1":"product","2":"type-product","3":"status-publish","4":"has-post-thumbnail","6":"product_cat-skin-care-plastic-tube","7":"product_cat-35-pe-plastic-tube","9":"first","10":"instock","11":"shipping-taxable","12":"purchasable","13":"product-type-simple"},"_links":{"self":[{"href":"https:\/\/www.hongyitube.com\/es\/wp-json\/wp\/v2\/product\/3701","targetHints":{"allow":["GET"]}}],"collection":[{"href":"https:\/\/www.hongyitube.com\/es\/wp-json\/wp\/v2\/product"}],"about":[{"href":"https:\/\/www.hongyitube.com\/es\/wp-json\/wp\/v2\/types\/product"}],"replies":[{"embeddable":true,"href":"https:\/\/www.hongyitube.com\/es\/wp-json\/wp\/v2\/comments?post=3701"}],"wp:featuredmedia":[{"embeddable":true,"href":"https:\/\/www.hongyitube.com\/es\/wp-json\/wp\/v2\/media\/3708"}],"wp:attachment":[{"href":"https:\/\/www.hongyitube.com\/es\/wp-json\/wp\/v2\/media?parent=3701"}],"wp:term":[{"taxonomy":"product_brand","embeddable":true,"href":"https:\/\/www.hongyitube.com\/es\/wp-json\/wp\/v2\/product_brand?post=3701"},{"taxonomy":"product_cat","embeddable":true,"href":"https:\/\/www.hongyitube.com\/es\/wp-json\/wp\/v2\/product_cat?post=3701"},{"taxonomy":"product_tag","embeddable":true,"href":"https:\/\/www.hongyitube.com\/es\/wp-json\/wp\/v2\/product_tag?post=3701"}],"curies":[{"name":"WP","href":"https:\/\/api.w.org\/{rel}","templated":true}]}}