{"id":3679,"date":"2026-01-09T20:47:47","date_gmt":"2026-01-09T12:47:47","guid":{"rendered":"https:\/\/www.hongyitube.com\/?post_type=product&#038;p=3679"},"modified":"2026-01-09T20:47:47","modified_gmt":"2026-01-09T12:47:47","slug":"35mm-diameter-earths-texture-theme-75ml-pe-soft-tube-hongyi-plastic","status":"publish","type":"product","link":"https:\/\/www.hongyitube.com\/es\/product\/35mm-diameter-earths-texture-theme-75ml-pe-soft-tube-hongyi-plastic\/","title":{"rendered":"35mm de di\u00e1metro, tema \"Textura de la Tierra\", tubo suave de 75 ml de PE.  - Pl\u00e1stico Hongyi"},"content":{"rendered":"<p>Hongyi Pl\u00e1stico 35mm de di\u00e1metro, tema \"Textura de la Tierra\", tubo suave de 75 ml de PE.<\/p>\n<p>&nbsp;<\/p>\n<p>1.Descripci\u00f3n del tubo suave de PE de 75ml tem\u00e1tico \"Textura de la Tierra\" de 35mm de di\u00e1metro:<\/p>\n<p>35mm de di\u00e1metro, \"Textura de la Tierra\", el tubo blando de PE de 75ml es un recipiente de envasado de tubo blando de PE de 35mm de di\u00e1metro con una filosof\u00eda de dise\u00f1o central centrada en \"textura natural e informaci\u00f3n modular\". Tiene una capacidad de 75 mililitros. El cuerpo del tubo cuenta con una base mate blanca pura, lo que le da una sensaci\u00f3n de papel de alta calidad. El dise\u00f1o emplea una impresi\u00f3n offset precisa en capas para crear un flujo de informaci\u00f3n visualmente din\u00e1mico: en la parte frontal del tubo, se apilan m\u00faltiples bloques de colores en marr\u00f3n oscuro, marr\u00f3n medio, marr\u00f3n claro (o tonos de gris dentro del mismo sistema) a intervalos definidos con precisi\u00f3n (como 1 mm) para contener el texto promocional y los gr\u00e1ficos principales. El punto focal visual es un patr\u00f3n de \u00e1rbol estilizado que mide 35x37 mm en marr\u00f3n claro (o gris claro) en el hombro del tubo, recubierto con el texto del nombre del contenido marr\u00f3n oscuro (o gris oscuro), creando un fuerte punto de recuerdo de la marca. El lado inverso del tubo sigue la misma l\u00f3gica, con la informaci\u00f3n basada en el texto predominante. El envase cuenta con un dise\u00f1o innovador de perfil bajo que se puede abrir y cerrar con facilidad utilizando diversos materiales como tonos de tierra (marr\u00f3n de terra cota, color arenisca), colores met\u00e1licos (cobre mate, gris titanio) o acr\u00edlico transparente, asegurando un lenguaje de dise\u00f1o global unificado y sofisticado.<\/p>\n<p>El material del tubo suave de 75ml PE de 35mm de di\u00e1metro \u201cTextura de la Tierra\u201d.<\/p>\n<ul>\n<li>Material primario: Ultra-blanco, alta resistencia a la tracci\u00f3n, material compuesto de PE mate. Espec\u00edficamente desarrollado para lograr un acabado blanco mate excepcionalmente puro. Cuenta con una excelente blancura y opacidad, asegurando que el color de base permanezca imperceptible despu\u00e9s de m\u00faltiples capas de impresi\u00f3n de tinta oscura, con contrastes de color vibrantes y excelente resistencia a la deformaci\u00f3n.<\/li>\n<li>Proceso de impresi\u00f3n: Utilizando la tecnolog\u00eda de impresi\u00f3n y registro offset de alta precisi\u00f3n, nos aseguramos de que m\u00faltiples bloques de color estrechamente adyacentes, texto de l\u00ednea fina y los bordes del patr\u00f3n de \u00e1rbol sean afilados y la impresi\u00f3n sea precisa, reflejando la precisi\u00f3n y la est\u00e9tica industrial parecida a los relojes suizos.<\/li>\n<li>Seguridad: Cumple con las normas m\u00e1s estrictas que rigen los materiales de contacto con alimentos y productos farmac\u00e9uticos en la Uni\u00f3n Europea y Am\u00e9rica del Norte. El acabado mate y las tintas han sido sometidos a pruebas de seguridad, lo que los hace adecuados para productos que entran en contacto prolongado con la piel.<\/li>\n<\/ul>\n<p>&nbsp;<\/p>\n<p><strong><b>Aplicaciones recomendadas <\/b><\/strong>:<\/p>\n<p>Uso recomendado para este tubo suave de PE de 75ml \u201cTextura de la Tierra\u201d de 35mm de di\u00e1metro: la industria de la belleza y el cuidado de la piel.<\/p>\n<p>&nbsp;<\/p>\n<ul>\n<li>El mercado femenino: cremas para manos y cuerpo, limpiadores de gama alta con ingredientes naturales y org\u00e1nicos (como mantequilla de karit\u00e9 y aceite de arg\u00e1n marroqu\u00ed). Los tonos terrenales y los motivos de los \u00e1rboles transmiten fuertes mensajes de \u201cra\u00edces\u201d, \u201cnutrici\u00f3n\u201d y \u201csostenibilidad\u201d, que resonan profundamente con las mujeres consumidoras que priorizan el origen y el valor ambiental de sus productos.<\/li>\n<li>Mercado masculino: Productos de cuidado masculino con aromas como \u201cmadera de roble\u201d, \u201cmusgo\u201d y \u201ccedro\u201d, as\u00ed como champ\u00fas de gama alta y cremas exfoliantes faciales. Las variantes grises son particularmente adecuadas para crear una imagen moderna de un hombre tranquilo, racional y sofisticado.<\/li>\n<li>Mercado infantil: No recomendado. El dise\u00f1o modular y el estilo racional est\u00e1n m\u00e1s all\u00e1 de las habilidades cognitivas de los ni\u00f1os, y la tapa de perfil bajo puede ser dif\u00edcil para los ni\u00f1os peque\u00f1os de usar.<\/li>\n<\/ul>\n<p>&nbsp;<\/p>\n<p>Industria de lubricantes para dispositivos m\u00e9dicos.<\/p>\n<p>&nbsp;<\/p>\n<ul>\n<li>El mercado de productos de fisioterapia profesional y cuidado natural: aceites de masaje con extracto vegetal, geles de sensaci\u00f3n fr\u00edo\/caliente para rehabilitaci\u00f3n deportiva, cremas de confort f\u00edsico. El dise\u00f1o transmite los mensajes de \u201cpoder natural\u201d y \u201cmodularidad profesional\u201d, que pueden atender simult\u00e1neamente a las preferencias de los consumidores por ingredientes naturales y su confianza en la profesionalidad de los productos.<\/li>\n<\/ul>\n<p>&nbsp;<\/p>\n<p>La industria de pigmentos qu\u00edmicos industriales.<\/p>\n<p>&nbsp;<\/p>\n<ul>\n<li>Mercado profesional y de dise\u00f1o de alta gama: aceites de conservaci\u00f3n de madera, pasta de te\u00f1ido de cuero, adhesivos \/ pinturas especializadas para modelos arquitect\u00f3nicos, materiales artesanales de dise\u00f1o. Los motivos de los \u00e1rboles y los tonos terrosos est\u00e1n directamente asociados con materiales naturales como la madera y el cuero, lo que los hace ideales para empaquetar productos relacionados con el cuidado o creativos, destacando la profesionalidad y la sofisticaci\u00f3n.<\/li>\n<\/ul>\n<h3>1.\u00a0 <strong><b>Atributos del producto<\/b><\/strong><\/h3>\n<p>Caracter\u00edsticas del tubo suave de PE de 75ml con tema \u201cTextura de la Tierra\u201d de 35mm de di\u00e1metro: \u00b7 Dise\u00f1o revolucionario de dise\u00f1o \u201ceditable\u201d: Ver el envase como una p\u00e1gina meticulosamente formateada de una revista o un informe cient\u00edfico, donde la informaci\u00f3n compleja (texto promocional, nombres de productos, patrones) se organiza clara y sistem\u00e1ticamente a trav\u00e9s de un riguroso sistema de rejilla, segmentaci\u00f3n de bloques de color y espaciamiento preciso, exudando un sentido de belleza y sofisticaci\u00f3n racionales.<\/p>\n<ul>\n<li>Experiencia de usuario \u00fanica \"Mini Teeth Flip Cover\": El dise\u00f1o de Mini Teeth hace que el \u00e1rea de apertura del tubo sea m\u00e1s plana, combinada con el mecanismo de la cubierta flip, lo que permite una apertura y cierre instant\u00e1neos con una sola mano, lo que mejora en gran medida la comodidad de uso, particularmente adecuado para su uso durante el ba\u00f1o, el ejercicio o cuando las manos est\u00e1n ocupadas.<\/li>\n<li>El sistema de doble color atiende a una amplia gama de clientes: el esquema de color marr\u00f3n terroso es c\u00e1lido, natural y org\u00e1nico; El sofisticado esquema de color gris es racional, moderno y urbano. Ambos dise\u00f1os comparten la misma l\u00f3gica de dise\u00f1o, lo que permite a la marca cubrir sin esfuerzo varias l\u00edneas de productos que van desde naturales y org\u00e1nicos hasta modernos y minimalistas.<\/li>\n<\/ul>\n<p>Eficiencia de comunicaci\u00f3n de informaci\u00f3n de estante excepcional: El dise\u00f1o modular permite que la informaci\u00f3n principal (el patr\u00f3n del \u00e1rbol y el nombre del producto) se destaque de manera prominente en el \u00e1rea de hombro m\u00e1s visible, mientras que la informaci\u00f3n secundaria (texto promocional) se dispone de manera estructurada, lo que facilita a los consumidores captar la informaci\u00f3n clave en 3 segundos.<\/p>","protected":false},"excerpt":{"rendered":"<ul>\n<li><b><\/b><strong><b>Dise\u00f1o del cuerpo del tubo<\/b><\/strong>.<\/li>\n<\/ul>\n<p>El dise\u00f1o del cuerpo del tubo para el di\u00e1metro de 35 mm \u201cTextura de la Tierra\u201d tema 75ml PE tubo suave.<\/p>\n<p>El dise\u00f1o del cuerpo del tubo para el tubo suave de 75 ml de PE de 35 mm de di\u00e1metro \u201cTextura de la Tierra\u201d.<\/p>\n<p>&nbsp;<\/p>\n<ul>\n<li>La psicolog\u00eda de los colores y los gr\u00e1ficos:<\/li>\n<li>Tonos de tierra (marr\u00f3n): Representan el suelo, los \u00e1rboles, las ra\u00edces, la fiabilidad, el calor y la nutrici\u00f3n. Est\u00e1 intr\u00ednsecamente vinculado a conceptos como \u201corg\u00e1nico\u201d, \u201csostenible\u201d y \u201cderivado de la tierra\u201d, lo que lo convierte en uno de los lenguajes visuales m\u00e1s confiables en el sector de la belleza limpia.<\/li>\n<li>La paleta gris de gama alta: simboliza roca, hormig\u00f3n, sabidur\u00eda, calma y modernidad. Desnuda adornos emocionales, transmitiendo los valores racionales de composici\u00f3n precisa, formulaci\u00f3n cient\u00edfica y dise\u00f1o meticuloso, atrayendo a los consumidores urbanos que valoran la eficiencia y la calidad.<\/li>\n<li>El motivo estilizado del \u00e1rbol sirve como \u201cancla visual\u201d de la marca. Trasciende las especies espec\u00edficas de \u00e1rboles para convertirse en un s\u00edmbolo abstracto que representa \u201ccrecimiento\u201d, \u201cvitalidad\u201d, \u201cciclos naturales\u201d y \u201clas ra\u00edces de la marca\u201d, lo que lo hace altamente simb\u00f3lico y reconocible.<\/li>\n<li>Dise\u00f1o Arquitect\u00f3nico para Jerarqu\u00edas de Informaci\u00f3n: Jerarqu\u00edas de informaci\u00f3n de dise\u00f1o similares a la construcci\u00f3n de una casa: El gran patr\u00f3n de \u00e1rbol sirve como el \u201ctecho\u201d (logotipo de marca), los grandes bloques de color representan la \u201cestructura principal\u201d (informaci\u00f3n b\u00e1sica), los bloques de color m\u00e1s peque\u00f1os y el texto fino significan \u201cdecoraci\u00f3n interior\u201d (explicaciones detalladas), creando una estructura visual estable, fiable y digna de profundizar.<\/li>\n<li>Una mejora t\u00e1ctil con un acabado mate: La superficie mate blanca se asemeja a un cart\u00f3n o piel de alta calidad, ofreciendo una sensaci\u00f3n suave y calmante que se combina con la textura sutil creada por las tintas para crear una experiencia de lectura y tacto inmersiva.<\/li>\n<\/ul>\n<p>&nbsp;<\/p>\n<p><strong>Ventajas del producto:\u00a0<\/strong><\/p>\n<p>Las ventajas del tubo suave de PE de 75ml tem\u00e1tico \u201cTextura de la Tierra\u201d de 35mm de di\u00e1metro:<\/p>\n<ul>\n<li>Establecer reconocimiento de marca de primer nivel por \u201clujo racional\u201d o \u201corg\u00e1nico basado en ra\u00edces\u201d: mediante el empleo de un etos de dise\u00f1o extremadamente refinado, transmitir la obsesi\u00f3n de la marca con los detalles, el respeto por la informaci\u00f3n y la consideraci\u00f3n reflexiva de la experiencia del usuario, justificando as\u00ed una alta prima de marca.<\/li>\n<li>F\u00e1cilidad de uso e higiene incomparable: El dise\u00f1o compacto y deslizable es una soluci\u00f3n genuina a los puntos de dolor comunes, creando una ventaja competitiva distinta en el mercado premium y mejorando significativamente la lealtad del usuario despu\u00e9s del uso.<\/li>\n<li>Robustas capacidades de expansi\u00f3n del sistema de marca: El marco de dise\u00f1o modular permite a las marcas lograr la uniformidad con las variaciones mediante el intercambio de esquemas de color (marr\u00f3n\/gris), variaciones de patrones de \u00e1rbol o bloques de color en diferentes l\u00edneas de productos, reduciendo as\u00ed los costos de gesti\u00f3n del dise\u00f1o.<\/li>\n<li>Atraer clientes de alto conocimiento y sensibles al dise\u00f1o: Este dise\u00f1o est\u00e1 dise\u00f1ado espec\u00edficamente para atraer a los consumidores exigentes que est\u00e1n cansados de la comercializaci\u00f3n excesiva, aprecian el dise\u00f1o excelente y valoran la armon\u00eda entre la funcionalidad del producto y la est\u00e9tica. Esto incluye profesionales como dise\u00f1adores, arquitectos y profesionales m\u00e9dicos.<\/li>\n<li><strong><b>Escenarios de aplicaci\u00f3n para el producto:\u00a0<\/b><\/strong><\/li>\n<\/ul>\n<p><strong><b>Escenarios en los que se puede usar el tubo suave de PE de 75ml con el tema \u201cTextura de la Tierra\u201d de 35mm de di\u00e1metro:<\/b><\/strong><\/p>\n<ul>\n<li>\u201cFuncional Beauty Essentials\u201d para las estaciones de trabajo de los dise\u00f1adores: En el estudio de un arquitecto o dise\u00f1ador de productos, este envase de crema de manos o b\u00e1lsamo para el cuidado de herramientas se integra perfectamente con la est\u00e9tica general del dise\u00f1o, convirti\u00e9ndose en una herramienta pr\u00e1ctica que refleja el refinado gusto del propietario.<\/li>\n<li>Los \"art\u00edculos de firma\" de las tiendas org\u00e1nicas de alta gama: En Whole Foods o supermercados org\u00e1nicos de alta gama similares, su paleta de colores terrenales y el claro \u00e9nfasis en la naturaleza los hacen parecer particularmente cre\u00edbles y de alta gama entre productos similares.<\/li>\n<li>El \u201cCompa\u00f1ero Eficiente\u201d para la ducha del gimnasio: Despu\u00e9s de hacer ejercicio, los usuarios pueden abrir f\u00e1cilmente el gel de ducha o el recipiente de champ\u00fa con una sola mano. Su dise\u00f1o racional y moderno (especialmente la versi\u00f3n gris) complementa perfectamente la atm\u00f3sfera de un gimnasio.<\/li>\n<li>\u201cExperiencias inmersivas\u201d en los resorts de spa: En los resorts que enfatizan las terapias naturales, el uso de productos de cuidado envasados en tonos marrones terrosos puede mejorar la experiencia de curaci\u00f3n general de los hu\u00e9spedes al fomentar una conexi\u00f3n m\u00e1s fuerte con la naturaleza.<\/li>\n<li>\"Los detalles hablan vol\u00famenes\" en las habitaciones de los hoteles boutique: en los ba\u00f1os enfocados en el dise\u00f1o de los hoteles boutique, este envase de productos de cuidado personal transmite silenciosamente el compromiso inquebrantable del hotel con la calidad y la est\u00e9tica de las comodidades de los hu\u00e9spedes.<\/li>\n<\/ul>","protected":false},"featured_media":3691,"comment_status":"closed","ping_status":"closed","template":"","meta":[],"product_brand":[],"product_cat":[29,46],"product_tag":[],"class_list":{"0":"post-3679","1":"product","2":"type-product","3":"status-publish","4":"has-post-thumbnail","6":"product_cat-skin-care-plastic-tube","7":"product_cat-35-pe-plastic-tube","9":"first","10":"instock","11":"shipping-taxable","12":"purchasable","13":"product-type-simple"},"_links":{"self":[{"href":"https:\/\/www.hongyitube.com\/es\/wp-json\/wp\/v2\/product\/3679","targetHints":{"allow":["GET"]}}],"collection":[{"href":"https:\/\/www.hongyitube.com\/es\/wp-json\/wp\/v2\/product"}],"about":[{"href":"https:\/\/www.hongyitube.com\/es\/wp-json\/wp\/v2\/types\/product"}],"replies":[{"embeddable":true,"href":"https:\/\/www.hongyitube.com\/es\/wp-json\/wp\/v2\/comments?post=3679"}],"wp:featuredmedia":[{"embeddable":true,"href":"https:\/\/www.hongyitube.com\/es\/wp-json\/wp\/v2\/media\/3691"}],"wp:attachment":[{"href":"https:\/\/www.hongyitube.com\/es\/wp-json\/wp\/v2\/media?parent=3679"}],"wp:term":[{"taxonomy":"product_brand","embeddable":true,"href":"https:\/\/www.hongyitube.com\/es\/wp-json\/wp\/v2\/product_brand?post=3679"},{"taxonomy":"product_cat","embeddable":true,"href":"https:\/\/www.hongyitube.com\/es\/wp-json\/wp\/v2\/product_cat?post=3679"},{"taxonomy":"product_tag","embeddable":true,"href":"https:\/\/www.hongyitube.com\/es\/wp-json\/wp\/v2\/product_tag?post=3679"}],"curies":[{"name":"WP","href":"https:\/\/api.w.org\/{rel}","templated":true}]}}