{"id":3618,"date":"2026-01-09T15:05:29","date_gmt":"2026-01-09T07:05:29","guid":{"rendered":"https:\/\/www.hongyitube.com\/?post_type=product&#038;p=3618"},"modified":"2026-01-09T15:05:29","modified_gmt":"2026-01-09T07:05:29","slug":"30-35ml-1-00-1-18fl-oz-30g-35g-30mm-diameter-partially-transparent-black-matte-multifunctional-high-end-collapsible-packaging-tube-hongyi-plastic","status":"publish","type":"product","link":"https:\/\/www.hongyitube.com\/es\/product\/30-35ml-1-00-1-18fl-oz-30g-35g-30mm-diameter-partially-transparent-black-matte-multifunctional-high-end-collapsible-packaging-tube-hongyi-plastic\/","title":{"rendered":"30-35ml 1.00-1.18fl.oz 30g-35g, 30mm de di\u00e1metro, parcialmente transparente, negro mate, multifuncional, de gama alta, tubo de embalaje plegable.  - Pl\u00e1stico Hongyi"},"content":{"rendered":"<p>Hongyi Plastic, 30-35ml 1.00-1.18fl.oz 30g-35g, 30mm de di\u00e1metro, parcialmente transparente, negro mate, multifuncional, de gama alta, conjunto de tubos de envasado plegables.<\/p>\n<p>El envase\/recipiente de tubo blando dispensador multifuncional negro mate semitransparente de 30 mm de di\u00e1metro (30-35 ml) es un envase de tubo blando de PE que mezcla a la perfecci\u00f3n est\u00e9tica prospectiva, funcionalidad pr\u00e1ctica y textura de gama alta. Su combinaci\u00f3n \u00fanica de negro mate, ventanas transparentes y detalles de l\u00e1mina de oro crea un sentido de misterio y sofisticaci\u00f3n, con el objetivo de satisfacer las necesidades integrales de los consumidores de gama alta globales para la personalizaci\u00f3n, la transparencia de los ingredientes y experiencias excepcionales.<\/p>\n<p><strong>Aplicaciones recomendadas:<\/strong><\/p>\n<h3><strong>1. Muy recomendado.<\/strong><\/h3>\n<h3><strong>2.\u00a0<\/strong><\/h3>\n<h3><strong>3. \u00b7 La industria de belleza y cuidado de la piel:<\/strong><\/h3>\n<h3><strong>4. \u00b7 Productos de l\u00ednea de gama alta: Esencia de reparaci\u00f3n nocturna, esencia de vitamina C de alta concentraci\u00f3n, crema de pre-fundaci\u00f3n mate, colecci\u00f3n de cuidado de la piel de gama alta para hombres.<\/strong><\/h3>\n<h3><strong>5. \u00b7 Productos de l\u00ednea profesional: crema de masaje de grado SPA, m\u00e1scaras de resurfacing enfocadas en la eficacia.<\/strong><\/h3>\n<h3><strong>6. \u00b7 Industria farmac\u00e9utica: ung\u00fcentos de tratamiento localizados de alta gama (como geles de reparaci\u00f3n de cicatrices), cremas que inducen el sue\u00f1o y calman, pasta de dientes especializada. El envase oscuro ayuda a proteger ciertos ingredientes fotosensibles de la exposici\u00f3n a la luz.<\/strong><\/h3>\n<h3><strong>7. \u00b7 Sector industrial: Cremas de cuidado especializadas para productos electr\u00f3nicos de alta gama (como l\u00edquidos de reparaci\u00f3n de recubrimientos de pantalla), pintura de modelo de edici\u00f3n limitada y limpiadores de lentes fotogr\u00e1ficas. Su aspecto profesional contrasta con los envases industriales tradicionales, destacando la calidad superior de los productos.<\/strong><\/h3>\n<h3>\u00a0 <strong><b>Atributos del producto:<\/b><\/strong><\/h3>\n<p>30mm de di\u00e1metro, parcialmente transparente, negro mate, multifuncional, de gama alta, conjunto de tubos plegables (30-35ml). Caracter\u00edsticas del producto.<\/p>\n<p>&nbsp;<\/p>\n<ul>\n<li>\"Est\u00e9tica oscura\" y visibilidad del contenido: El acabado negro mate profundo exuda una sensaci\u00f3n de lujo y misterio, mientras que las ventanas transparentes cuidadosamente dise\u00f1adas satisfacen el deseo de los consumidores modernos de \"visibilidad de ingredientes\", logrando un equilibrio perfecto entre el atractivo visual y la utilidad funcional.<\/li>\n<li>Detalles de lujo: La tira dorada de 3 mm sirve como punto destacado, mejorando instant\u00e1neamente la sofisticaci\u00f3n y el valor del envase, aline\u00e1ndose con la apreciaci\u00f3n de los consumidores internacionales por la intrincada artesan\u00eda.<\/li>\n<li>Excepcional experiencia de usuario: El gran di\u00e1metro de 8 mm facilita el acceso a la pasta y la limpieza, lo que la hace particularmente adecuada para contenidos viscosos. El dise\u00f1o de la tapa de alta calidad garantiza un sellado fiable y una sensaci\u00f3n premium al atornillar la tapa.<\/li>\n<li>Duradero y duradero: El acabado mate resiste ara\u00f1azos y huellas digitales, lo que garantiza que el embalaje permanezca limpio y sofisticado durante un per\u00edodo prolongado.<\/li>\n<\/ul>","protected":false},"excerpt":{"rendered":"<ul>\n<li><b><\/b><strong><b>Dise\u00f1o del cuerpo del tubo<\/b><\/strong>.<\/li>\n<\/ul>\n<p>Dise\u00f1o del cuerpo del recipiente para 30 mm de di\u00e1metro, parcialmente transparente, negro mate, multifuncional, material de embalaje de tubo blando dispensador de gama alta.<\/p>\n<p>&nbsp;<\/p>\n<ul>\n<li>Dimensiones y dise\u00f1o: Optimizado para una experiencia port\u00e1til premium. La boca ancha de 8 mm con dientes de alta calidad es una caracter\u00edstica clave, proporcionando f\u00e1cil acceso al contenido al mismo tiempo que transmite una sensaci\u00f3n de robustez y fiabilidad a trav\u00e9s de su dise\u00f1o.<\/li>\n<li>Colores y artesan\u00eda:<\/li>\n<li>Base: Una innovadora combinaci\u00f3n de impresi\u00f3n en relieve en negro mate y un cuerpo de tubo de PE parcialmente transparente.<\/li>\n<li>L\u00edneas decorativas: tiras doradas de 3 mm de ancho que separan inteligentemente las \u00e1reas transparentes y negras, agregando un toque de lujo.<\/li>\n<li>Informaci\u00f3n de texto: texto impreso en blanco en ambos lados, garantizando una legibilidad \u00f3ptima contra fondos oscuros. El gran nombre de marca en la parte delantera del panel trasero refuerza el reconocimiento de la marca.<\/li>\n<\/ul>\n<p>Ventajas del producto: puede incluir el alcance de la aplicaci\u00f3n del producto, control de dosis, uso conveniente, ligero y duradero, amplia gama de aplicaciones, etc., como target a diverse Global Customer base:<\/p>\n<p>Las ventajas del recipiente de envasado de tubo blando de 30 mm de di\u00e1metro, parcialmente transparente, negro mate, multifuncional y de alta gama.<\/p>\n<p>&nbsp;<\/p>\n<ul>\n<li>Un sentido de sofisticaci\u00f3n que atrae a un p\u00fablico amplio.<\/li>\n<li>Usuarios masculinos: Acabado negro mate, estampado en l\u00e1mina de oro y una est\u00e9tica de dise\u00f1o industrial, perfectamente alineada con las preferencias de los hombres por una est\u00e9tica discreta, robusta y con conocimientos t\u00e9cnicos.<\/li>\n<li>Usuarias femeninas: Este dise\u00f1o tambi\u00e9n es atractivo para las mujeres independientes que aprecian la alta moda \u201ctem\u00e1tica oscura\u201d, priorizan los ingredientes y la eficacia.<\/li>\n<li>Todos los usuarios: Su lenguaje de dise\u00f1o transg\u00e9nero y su textura superior lo hacen atractivo para una amplia gama de consumidores que aprecian el dise\u00f1o moderno de gama alta.<\/li>\n<li>Establecer la autoridad de la marca: El embalaje mismo transmite una imagen de marca profesional, eficaz y lujosa, proporcionando un fuerte apoyo para el posicionamiento en el mercado de gama alta.<\/li>\n<li>Mejorar la participaci\u00f3n del usuario: La ventana transparente no solo crea confianza, sino que tambi\u00e9n permite a los consumidores observar visualmente el proceso de consumo del producto, aumentando as\u00ed la interactividad.<\/li>\n<li>Adaptabilidad sin igual entre las industrias: Este envase se integra perfectamente con todo, desde laboratorios de belleza hasta farmacias especializadas y productos industriales de alta gama.<\/li>\n<\/ul>\n<p>&nbsp;<\/p>\n<p>&nbsp;<\/p>\n<p>&nbsp;<\/p>\n<ul>\n<li><b><\/b><strong><b>Escenario de aplicaci\u00f3n del producto: se puede enumerar el alcance de la aplicaci\u00f3n del producto por puntos, por ejemplo<\/b><\/strong><\/li>\n<\/ul>\n<p>Casos de uso para envases de tubo blando de 30 mm de di\u00e1metro, parcialmente transparentes, negro mate, multifuncionales y de alta gama.<\/p>\n<p>&nbsp;<\/p>\n<ul>\n<li>Bolsa de aseo para hombre de negocios: Dise\u00f1ada con lujo discreto, complementa perfectamente los gustos refinados de los profesionales de negocios y sirve como s\u00edmbolo de calidad durante los viajes.<\/li>\n<li>Gimnasio de gama alta y centro de spa: Dise\u00f1ado para albergar cremas de recuperaci\u00f3n despu\u00e9s del ejercicio o aceites de masaje de primera calidad, que se mezclan sin problemas con el entorno circundante.<\/li>\n<li>Estaciones de trabajo profesionales y estudios creativos: Estos recipientes adhesivos especializados sirven como estaciones de trabajo para dise\u00f1adores e ingenieros, encarnando profesionalismo y estilo.<\/li>\n<li>Tiendas minoristas y boutiques: Sus dise\u00f1os distintivos los hacen visualmente atractivos en s\u00ed mismos, lo que los hace adecuados para exhibir en tiendas de moda.<\/li>\n<li>Regalos y colaboraciones: sirven como una plataforma ideal para crear colaboraciones de edici\u00f3n limitada de alta gama o lujosas cajas de regalo.<\/li>\n<\/ul>","protected":false},"featured_media":3624,"comment_status":"closed","ping_status":"closed","template":"","meta":[],"product_brand":[],"product_cat":[29,45],"product_tag":[],"class_list":{"0":"post-3618","1":"product","2":"type-product","3":"status-publish","4":"has-post-thumbnail","6":"product_cat-skin-care-plastic-tube","7":"product_cat-30-pe-plastic-tube","9":"first","10":"instock","11":"shipping-taxable","12":"purchasable","13":"product-type-simple"},"_links":{"self":[{"href":"https:\/\/www.hongyitube.com\/es\/wp-json\/wp\/v2\/product\/3618","targetHints":{"allow":["GET"]}}],"collection":[{"href":"https:\/\/www.hongyitube.com\/es\/wp-json\/wp\/v2\/product"}],"about":[{"href":"https:\/\/www.hongyitube.com\/es\/wp-json\/wp\/v2\/types\/product"}],"replies":[{"embeddable":true,"href":"https:\/\/www.hongyitube.com\/es\/wp-json\/wp\/v2\/comments?post=3618"}],"wp:featuredmedia":[{"embeddable":true,"href":"https:\/\/www.hongyitube.com\/es\/wp-json\/wp\/v2\/media\/3624"}],"wp:attachment":[{"href":"https:\/\/www.hongyitube.com\/es\/wp-json\/wp\/v2\/media?parent=3618"}],"wp:term":[{"taxonomy":"product_brand","embeddable":true,"href":"https:\/\/www.hongyitube.com\/es\/wp-json\/wp\/v2\/product_brand?post=3618"},{"taxonomy":"product_cat","embeddable":true,"href":"https:\/\/www.hongyitube.com\/es\/wp-json\/wp\/v2\/product_cat?post=3618"},{"taxonomy":"product_tag","embeddable":true,"href":"https:\/\/www.hongyitube.com\/es\/wp-json\/wp\/v2\/product_tag?post=3618"}],"curies":[{"name":"WP","href":"https:\/\/api.w.org\/{rel}","templated":true}]}}