{"id":3596,"date":"2026-01-09T14:46:55","date_gmt":"2026-01-09T06:46:55","guid":{"rendered":"https:\/\/www.hongyitube.com\/?post_type=product&#038;p=3596"},"modified":"2026-01-13T13:00:10","modified_gmt":"2026-01-13T05:00:10","slug":"30ml-35ml-1-00-1-18-fl-oz-30g-35g-white-matte-finish-pe-soft-tube-packaging-for-skincare-bath-facial-cleanser-liquid-paste-adhesive-pigment-individual-packaging-materials-filling-tubes","status":"publish","type":"product","link":"https:\/\/www.hongyitube.com\/es\/product\/30ml-35ml-1-00-1-18-fl-oz-30g-35g-white-matte-finish-pe-soft-tube-packaging-for-skincare-bath-facial-cleanser-liquid-paste-adhesive-pigment-individual-packaging-materials-filling-tubes\/","title":{"rendered":"30ml-35ml 1.00 -1.18 fl.oz 30g-35g, blanco, acabado mate, envasado de tubo suave de PE para el cuidado de la piel, ba\u00f1o, limpiador facial, l\u00edquido, pasta, pigmento adhesivo, materiales de envasado individuales, tubos de llenado.   &#8211; pl\u00e1stico Hongyi"},"content":{"rendered":"<p>Hongyi Plastic\uff0c30ml-35ml 1.00 -1.18 fl.oz 30g-35g, blanco, acabado mate, envasado de tubo suave de PE para el cuidado de la piel, ba\u00f1o, limpiador facial, l\u00edquido, pasta, pigmento adhesivo, materiales de envasado individuales, tubos de llenado.<\/p>\n<p>Nuestro tubo dispensador de acabado mate (30-35ml) es un recipiente dispensador de tubos de PE caracterizado por un minimalismo moderno y una funcionalidad excepcional. Su distintivo acabado blanco mate y su dise\u00f1o contrastante con texto brillante crean un lenguaje visual suave, profesional y sofisticado, que se alinea perfectamente con la tendencia est\u00e9tica global actual para envases limpios y tecnol\u00f3gicamente avanzados.  1. Descripci\u00f3n del producto<\/p>\n<p>&nbsp;<\/p>\n<p>El envase de tubos consiste en tubos de PE con un di\u00e1metro de 30 mm y una capacidad de 30-35 ml. El cuerpo principal de la tuber\u00eda est\u00e1 hecho de material mate blanco de alta calidad, proporcionando una textura lisa. Por debajo del hombro del tubo, hay una franja amarilla mate precisa de 30 mm de ancho, creando una divisi\u00f3n de color distinta. Por encima de la raya, hay texto blanco de marca impreso, mientras que las \u00e1reas blancas mate restantes presentan recubrimientos brillantes amarillos impresos en seda que muestran las especificaciones del producto, creando un contraste entre las texturas mate y brillante. El texto explicativo en la parte posterior del tubo est\u00e1 impreso en negro para garantizar claridad y legibilidad. El dise\u00f1o \u00fanico de perfil bajo de 5 mm de la boquilla hace que la estructura del tubo sea m\u00e1s compacta y refinada.<\/p>\n<p>&nbsp;<\/p>\n<ol start=\"2\">\n<li>Material del producto.<\/li>\n<\/ol>\n<p>&nbsp;<\/p>\n<ul>\n<li>Cuerpo: Hecho de material de polietileno (PE) de alta calidad, que cuenta con una excelente flexibilidad, compatibilidad qu\u00edmica y propiedades ecol\u00f3gicas. El tratamiento superficial de acabado blanco mate evita eficazmente los residuos de huellas digitales, al mismo tiempo que proporciona una sofisticada experiencia t\u00e1ctil y visual para el envase.<\/li>\n<li>Tapas de tubo: Ofrecen una amplia gama de opciones de personalizaci\u00f3n, incluyendo varios colores de galvanoplastia (como plata mate, gris espacial profundo), colores moldeados por inyecci\u00f3n (compatibles con rayas amarillas), acabados mate \/ brillante, y est\u00e1n dise\u00f1ados espec\u00edficamente para coincidir con varias tapas de tornillo de perfil bajo de forma irregular. Estas tapas se integran perfectamente con el dise\u00f1o de perfil bajo del cuerpo del tubo, asegurando una apariencia general suave y unificada.<\/li>\n<\/ul>\n<p><strong><b>Aplicaciones recomendadas <\/b><\/strong>:<\/p>\n<p>Este tubo dispensador de acabado mate es altamente recomendable.<\/p>\n<ul>\n<li>La industria de belleza y cuidado de la piel:<\/li>\n<li>Productos masculinos: l\u00edquido esencial, gel de control de aceites, crema de reparaci\u00f3n despu\u00e9s del afeitado, hidratante funcional.<\/li>\n<li>Productos para mujer: esencia de alta concentraci\u00f3n, hidratante pre-maquillaje, protector solar, crema de tratamiento localizada.<\/li>\n<li>Neutral\/Infancia: Crema para reparar la piel sensible, Loci\u00f3n hidratante sin fragancia, Protector solar suave.<\/li>\n<li>Industria farmac\u00e9utica: ung\u00fcentos t\u00f3picos para uso localizado (por ejemplo, cremas antibi\u00f3ticas, cremas corticosteroides), geles de reparaci\u00f3n m\u00e9dica, b\u00e1lsamos labiales. Una apariencia profesional puede mejorar la confianza de los usuarios en la eficacia del producto.<\/li>\n<li>Sector industrial: Los dispositivos electr\u00f3nicos de gama alta utilizan grasa de silicona conductora, pasta de lubricaci\u00f3n de instrumentos de precisi\u00f3n y consumibles de pluma de impresi\u00f3n 3D. Las etiquetas simples facilitan la identificaci\u00f3n y la gesti\u00f3n en entornos industriales.<\/li>\n<\/ul>","protected":false},"excerpt":{"rendered":"<ul>\n<li><b><\/b><strong><b>Dise\u00f1o del cuerpo del tubo<\/b><\/strong>.<\/li>\n<\/ul>\n<p>Dise\u00f1o del cuerpo del tubo dispensador de acabado mate 30ML.<\/p>\n<p>&nbsp;<\/p>\n<ul>\n<li>Dimensiones: Longitud total de 87mm, tama\u00f1o adecuado, agarre c\u00f3modo. Los dientes de perfil bajo de 5 mm son una caracter\u00edstica clave del dise\u00f1o, reduciendo la altura del hombro del tubo, haciendo que la forma general sea m\u00e1s agilizada y visualmente m\u00e1s moderna.<\/li>\n<li>Colores y artesan\u00eda:<\/li>\n<li>Base: Todo el cuerpo es un acabado blanco mate, que establece un tono sofisticado.<\/li>\n<li>Bloques de color: Una tira amarilla mate de 30 mm sirve como el punto focal visual principal, exudando energ\u00eda mientras mantiene una sensaci\u00f3n de serenidad.<\/li>\n<li>Informaci\u00f3n basada en texto:<\/li>\n<li>Frente: texto impreso blanco en una tira de color amarillo; Las \u00e1reas blancas mate presentan texto impreso en serigraf\u00eda brillante amarillo.<\/li>\n<li>Reverso: texto explicativo impreso en negro para garantizar la m\u00e1xima legibilidad de la informaci\u00f3n funcional.<\/li>\n<\/ul>\n<p><strong>Ventajas del producto:<\/strong><\/p>\n<p>Ventajas de este producto de tubo dispensador mate de 30ML.<\/p>\n<p>&nbsp;<\/p>\n<ul>\n<li>Atrae segmentos de clientes objetivo.<\/li>\n<li>Usuarios masculinos: L\u00edneas sencillas, esquemas de colores neutrales (blanco\/amarillo\/negro) y un acabado mate profesional, que se alinean estrechamente con las preferencias de los consumidores masculinos para un dise\u00f1o eficiente y minimalista.<\/li>\n<li>Usuarias femeninas: El dise\u00f1o elegante y moderno tambi\u00e9n atrae a las mujeres maduras que valoran la est\u00e9tica de \u201cmenos es m\u00e1s\u201d y priorizan los ingredientes y la eficacia.<\/li>\n<li>Los bloques amarillos brillantes y el dise\u00f1o seguro y de bajo perfil tambi\u00e9n son adecuados para dise\u00f1ar productos de cuidado infantil con una est\u00e9tica minimalista, transmitiendo una sensaci\u00f3n de suavidad y fiabilidad.<\/li>\n<li>Establecer una imagen de marca profesional: El envase general exuda una sensaci\u00f3n de eficacia y profesionalismo de grado de laboratorio, lo que lo hace particularmente adecuado para marcas centradas en ingredientes o l\u00edneas de cuidado de la piel de grado farmac\u00e9utico.<\/li>\n<li>Mejora de la experiencia del usuario: El dise\u00f1o compacto de la tapa de la botella permite una apertura y cierre m\u00e1s suaves, mientras que el acabado mate proporciona una superficie antideslizante que evita las huellas digitales. Cada detalle refleja una cuidadosa consideraci\u00f3n de la experiencia del usuario.<\/li>\n<li>Adaptabilidad intersectorial: Su aspecto profesional y limpio le permite integrarse sin problemas en diversos campos, desde cosm\u00e9ticos hasta farmac\u00e9uticos y la industria.<\/li>\n<\/ul>\n<p><strong>\u00a0Escenarios de aplicaci\u00f3n para el producto:<\/strong><\/p>\n<p>Casos de uso para este tubo dispensador de acabado mate de 30ML.<\/p>\n<p>&nbsp;<\/p>\n<ul>\n<li>Viajes de negocios: Su dise\u00f1o compacto y profesional lo hace perfecto para que los profesionales de negocios lo lleven en sus bolsas de aseo o maletines, asegurando que permanezcan en condiciones \u00f3ptimas en todo momento.<\/li>\n<li>Gimnasio y post-entrenamiento: Ideal para llevar cremas de recuperaci\u00f3n post-entrenamiento, productos de protecci\u00f3n solar o geles hidratantes. Su dise\u00f1o moderno complementa a la perfecci\u00f3n un estilo de vida centrado en el fitness y el bienestar.<\/li>\n<li>Viajes diarios y vestidor minimalista: Una opci\u00f3n ideal para los consumidores que priorizan rutinas de cuidado diario eficientes, con una apariencia que se combina perfectamente con los espacios de vida modernos.<\/li>\n<li>Estaciones de trabajo profesionales: Dise\u00f1adas como contenedores para suministros industriales o de laboratorio, estas estaciones de trabajo presentan una apariencia limpia y organizada, lo que las hace f\u00e1ciles de distinguir y gestionar.<\/li>\n<li>Regalos y beneficios de membres\u00eda: El acabado de alta calidad lo convierte en una excelente opci\u00f3n para crear cajas de regalo de membres\u00eda premium o art\u00edculos promocionales para marcas.<\/li>\n<\/ul>\n<p>&nbsp;<\/p>","protected":false},"featured_media":3602,"comment_status":"closed","ping_status":"closed","template":"","meta":[],"product_brand":[],"product_cat":[29,45],"product_tag":[],"class_list":{"0":"post-3596","1":"product","2":"type-product","3":"status-publish","4":"has-post-thumbnail","6":"product_cat-skin-care-plastic-tube","7":"product_cat-30-pe-plastic-tube","9":"first","10":"instock","11":"shipping-taxable","12":"purchasable","13":"product-type-simple"},"_links":{"self":[{"href":"https:\/\/www.hongyitube.com\/es\/wp-json\/wp\/v2\/product\/3596","targetHints":{"allow":["GET"]}}],"collection":[{"href":"https:\/\/www.hongyitube.com\/es\/wp-json\/wp\/v2\/product"}],"about":[{"href":"https:\/\/www.hongyitube.com\/es\/wp-json\/wp\/v2\/types\/product"}],"replies":[{"embeddable":true,"href":"https:\/\/www.hongyitube.com\/es\/wp-json\/wp\/v2\/comments?post=3596"}],"wp:featuredmedia":[{"embeddable":true,"href":"https:\/\/www.hongyitube.com\/es\/wp-json\/wp\/v2\/media\/3602"}],"wp:attachment":[{"href":"https:\/\/www.hongyitube.com\/es\/wp-json\/wp\/v2\/media?parent=3596"}],"wp:term":[{"taxonomy":"product_brand","embeddable":true,"href":"https:\/\/www.hongyitube.com\/es\/wp-json\/wp\/v2\/product_brand?post=3596"},{"taxonomy":"product_cat","embeddable":true,"href":"https:\/\/www.hongyitube.com\/es\/wp-json\/wp\/v2\/product_cat?post=3596"},{"taxonomy":"product_tag","embeddable":true,"href":"https:\/\/www.hongyitube.com\/es\/wp-json\/wp\/v2\/product_tag?post=3596"}],"curies":[{"name":"WP","href":"https:\/\/api.w.org\/{rel}","templated":true}]}}