{"id":3557,"date":"2026-01-09T12:47:19","date_gmt":"2026-01-09T04:47:19","guid":{"rendered":"https:\/\/www.hongyitube.com\/?post_type=product&#038;p=3557"},"modified":"2026-01-09T12:54:34","modified_gmt":"2026-01-09T04:54:34","slug":"30-35ml-1-00-1-18fl-oz-30g-35g-30-mm-diameter-semi-transparent-colorful-pe-dispensing-tube-packaging-material-hongyi-plastic","status":"publish","type":"product","link":"https:\/\/www.hongyitube.com\/es\/product\/30-35ml-1-00-1-18fl-oz-30g-35g-30-mm-diameter-semi-transparent-colorful-pe-dispensing-tube-packaging-material-hongyi-plastic\/","title":{"rendered":"30-35ml 1.00-1.18fl.oz 30g-35g, 30 mm de di\u00e1metro semitransparente colorido PE material de envasado del tubo de dispensaci\u00f3n.  .  - Pl\u00e1stico Hongyi"},"content":{"rendered":"<p>Hongyi Plastic\uff0c30-35ml 1.00-1.18fl.oz 30g-35g, 30 mm de di\u00e1metro semi-transparente colorido PE material de envasado de tubo dispensador.<\/p>\n<p>Material de envasado de tubo de dispensaci\u00f3n de PE colorido semitransparente de 30 mm de di\u00e1metro. Este envase de tubos de PE presenta visuales de vanguardia y est\u00e9tica tecnol\u00f3gica elegante como su ventaja competitiva principal. A trav\u00e9s del uso de tubos transparentes, un color base rosa-verde claro, sorprendentes contrastes entre elementos de plata y negro grabados con l\u00e1ser y patrones din\u00e1micos de onda blanca, crea una imagen visualmente din\u00e1mica que exuda energ\u00eda y atractivo futurista, dirigida perfectamente a los consumidores j\u00f3venes de todo el mundo que valoran la individualidad, el estilo y las experiencias tecnol\u00f3gicas.  1. Descripci\u00f3n del producto<\/p>\n<p>Este producto cuenta con un tubo de PE brillante y transparente como base, con una sola capa de tinta verde rosa fresca aplicada a lo largo. El lado delantero del tubo presenta una raya de impresi\u00f3n negra prominente. Sobre esta franja, un proceso de estampado en caliente con plata grabada con l\u00e1ser se utiliza para cubrir ciertas \u00e1reas, inteligentemente \u201crevelando\u201d el texto negro subyacente, creando un sorprendente contraste en color y textura. En la secci\u00f3n transparente del tubo, hay siete l\u00edneas onduladas blancas que fluyen impresas en el tubo, dando al dise\u00f1o una sensaci\u00f3n din\u00e1mica y r\u00edtmica. Combinado con un dise\u00f1o de 4 mm de ancho y dientes altos, el envase general encarna tanto una est\u00e9tica de vanguardia como una funcionalidad excepcional.<\/p>\n<ol start=\"2\">\n<li>Material del producto.<\/li>\n<\/ol>\n<ul>\n<li>Cuerpo: Hecho de material de polietileno (PE) de alta transparencia y alto brillo, muestra perfectamente la textura clara y verde rosa p\u00e1lida en el interior y los deslumbrantes efectos de la plata grabada con l\u00e1ser.<\/li>\n<li>Tapas de tubo: Ofrecen opciones altamente personalizables con fuertes recomendaciones para colores galvanizados (por ejemplo, plata vibrante, azul electroluminescente), colores transparentes moldeados por inyecci\u00f3n (por ejemplo, gris ahumado) y tapas de tornillo de alto perfil texturizadas con acabados mate \/ brillante para mejorar el tema general de la tecnolog\u00eda y la modernidad.<\/li>\n<\/ul>\n<p><strong><b>Aplicaciones recomendadas <\/b><\/strong>:<\/p>\n<p>Uso recomendado del embalaje de tubos de dispensaci\u00f3n de PE de color semitransparente de 30 mm de di\u00e1metro para la industria de la belleza y el cuidado de la piel:<\/p>\n<ul>\n<li>Productos principales: Aceptador de maquillaje, esencia, gel hidratante, m\u00e1scara para dormir.<\/li>\n<li>Art\u00edculos de moda: crema de manos, b\u00e1lsamo labial, productos colaborativos de edici\u00f3n limitada.<\/li>\n<li>Industria farmac\u00e9utica: Adecuado para productos de cuidado personal funcionales dirigidos a grupos demogr\u00e1ficos m\u00e1s j\u00f3venes, como tonificadores de piel que aumentan la energ\u00eda, geles de enfriamiento deportivo y cremas calmantes que ayudan al sue\u00f1o. Su dise\u00f1o futurista aumenta la confianza en la eficacia del producto.<\/li>\n<li>Sector industrial: Este material es altamente adecuado para el envasado de productos tecnol\u00f3gicos, como l\u00edquidos de recubrimiento de pantalla para tel\u00e9fonos m\u00f3viles, cremas de limpieza de dispositivos VR y productos de cuidado con un tema de esports. La consistencia est\u00e9tica con los propios productos es notable.<\/li>\n<\/ul>\n<p>&nbsp;<\/p>\n<h3>\u00a0 <strong><b>Atributos del producto:<\/b><\/strong><\/h3>\n<p>Caracter\u00edsticas del material de envasado del tubo dispensador de PE colorido semitransparente de 30 mm de di\u00e1metro.<\/p>\n<p>&nbsp;<\/p>\n<ul>\n<li>Impacto visual incomparable: Los elementos l\u00e1ser-plata exhiben colores din\u00e1micos que cambian seg\u00fan el \u00e1ngulo de la luz, lo que los hace muy atractivos y valiosos para fines de colecci\u00f3n. Esto se alinea perfectamente con la cultura de \u201ccompartir fotos\u201d prevaleciente en la era de las redes sociales.<\/li>\n<li>Futurista y tecnol\u00f3gico: La combinaci\u00f3n de bloques negros y acentos de plata l\u00e1ser, combinados con l\u00edneas elegantes y fluidas, crea una fuerte sensaci\u00f3n de la era digital y la atm\u00f3sfera de ciencia ficci\u00f3n.<\/li>\n<li>Interactividad de los contenidos: La combinaci\u00f3n de un cuerpo de tubo transparente y un color rosa-verde claro no solo permite un vistazo a la textura de los contenidos, sino que tambi\u00e9n mantiene la m\u00edstica y la unidad del dise\u00f1o.<\/li>\n<li>Experiencia de usuario excepcional: El dise\u00f1o de alto perfil de 4 mm de ancho garantiza un f\u00e1cil acceso al contenido, al tiempo que proporciona un sello seguro y una sensaci\u00f3n c\u00f3moda al abrir y cerrar.<\/li>\n<\/ul>\n<p>&nbsp;<\/p>\n<p>&nbsp;<\/p>","protected":false},"excerpt":{"rendered":"<ul>\n<li><b><\/b><strong><b>Dise\u00f1o del cuerpo del tubo<\/b><\/strong>.<\/li>\n<\/ul>\n<p>Dise\u00f1o del cuerpo del tubo para envases de tubos dispensadores de PE semitransparentes de 30 mm de di\u00e1metro.<\/p>\n<ul>\n<li>Estructura: La caracter\u00edstica de dientes de alto perfil de 4 mm de ancho mejora la sensaci\u00f3n de precisi\u00f3n del envase mientras mantiene la funcionalidad.<\/li>\n<li>Colores y artesan\u00eda:<\/li>\n<li>Capa 1 (Base): cuerpo de tubo transparente brillante de color rosa-verde claro impreso con tinta de tubo completo.<\/li>\n<li>Capa 2 (Visual principal): Un bloque negro impreso con tinta en el lado frontal un bloque de plata estampado con l\u00e1mina con texto negro visible a trav\u00e9s de \u00e9l.<\/li>\n<li>Capa 3 (Elementos Din\u00e1micos): \u00c1reas transparentes con siete l\u00edneas onduladas blancas impresas para mejorar la sensaci\u00f3n de movimiento y velocidad.<\/li>\n<\/ul>\n<p><strong> Ventajas del producto:\u00a0<\/strong><\/p>\n<p>30 di\u00e1metro transl\u00facido colorido PE manguera ventajas del material del paquete, atraer la b\u00fasqueda de la personalidad de todo el grupo de clientes:<\/p>\n<ul>\n<li>Adolescentes y consumidores j\u00f3venes (independientemente del g\u00e9nero): Este es el grupo objetivo principal. Los efectos l\u00e1ser frescos y el dise\u00f1o din\u00e1mico son profundamente atractivos para la Gen Z y los millennials, en l\u00ednea con su deseo de expresarse y seguir las tendencias.<\/li>\n<li>Usuarios masculinos: La tecnolog\u00eda, el color negro y plata y las l\u00edneas de onda de poder son muy est\u00e9ticamente atractivas para los consumidores masculinos y son adecuadas para los hombres. productos de cuidado de la piel, cuidado personal y tecnolog\u00eda.<\/li>\n<li>Usuarias femeninas: El fondo verde rosa claro suaviza la frescura de la tecnolog\u00eda, creando un &#8220; cool&#8221; estilo que atrae a las mujeres de moda y vanguardia.<\/li>\n<li>Crear &#8220; Celebridad de Internet&#8221; Potencial: Su apariencia altamente reconocible hace que sea f\u00e1cil difundir y discutir en las redes sociales, que es una poderosa herramienta para el marketing digital de marca.<\/li>\n<li>Comunicar la marca&#8217; Imagen de innovaci\u00f3n: Packaging comunica directamente la imagen de la marca como pionera que se atreve a innovar, abrazar la tecnolog\u00eda y liderar el camino.<\/li>\n<li>Aplicaci\u00f3n transversal: Su lenguaje de dise\u00f1o es altamente adaptable en los campos de la belleza, el cuidado personal e incluso los bienes de consumo creativos.<\/li>\n<\/ul>\n<p><b><\/b><strong><b>Escenarios de aplicaci\u00f3n para el producto:\u00a0<\/b><\/strong><\/p>\n<p>Casos de uso para material de envasado de tubos de distribuci\u00f3n de PE colorido semitransparente de 30 mm de di\u00e1metro.<\/p>\n<p>&nbsp;<\/p>\n<ul>\n<li>Festivales de m\u00fasica y fiestas de tendencia: Los looks elegantes son perfectos para estas ocasiones, lo que los hace ideales para aplicar protector solar o hidratantes.<\/li>\n<li>Gimnasio y \u00c1rea de Ejercicio: Los patrones de ondas din\u00e1micas se alinean con el tema deportivo y se utilizan para almacenar cremas de reparaci\u00f3n despu\u00e9s del ejercicio o geles hidratantes.<\/li>\n<li>Esports Room and Tech Enthusiast Desks: Dise\u00f1ados como productos de cuidado de escritorio, se integran perfectamente con entornos de alta tecnolog\u00eda.<\/li>\n<li>Viajes y desplazamientos: su dise\u00f1o compacto y elegante lo convierte en un accesorio ideal para llevar contigo.<\/li>\n<li>Creaci\u00f3n de contenidos en redes sociales: Esta misma es una excelente herramienta visual, adecuada para su uso en contenidos en l\u00ednea como tutoriales de belleza y v\u00eddeos de unboxing.<\/li>\n<\/ul>\n<p>&nbsp;<\/p>","protected":false},"featured_media":3558,"comment_status":"closed","ping_status":"closed","template":"","meta":[],"product_brand":[],"product_cat":[29,45],"product_tag":[],"class_list":{"0":"post-3557","1":"product","2":"type-product","3":"status-publish","4":"has-post-thumbnail","6":"product_cat-skin-care-plastic-tube","7":"product_cat-30-pe-plastic-tube","9":"first","10":"instock","11":"shipping-taxable","12":"purchasable","13":"product-type-simple"},"_links":{"self":[{"href":"https:\/\/www.hongyitube.com\/es\/wp-json\/wp\/v2\/product\/3557","targetHints":{"allow":["GET"]}}],"collection":[{"href":"https:\/\/www.hongyitube.com\/es\/wp-json\/wp\/v2\/product"}],"about":[{"href":"https:\/\/www.hongyitube.com\/es\/wp-json\/wp\/v2\/types\/product"}],"replies":[{"embeddable":true,"href":"https:\/\/www.hongyitube.com\/es\/wp-json\/wp\/v2\/comments?post=3557"}],"wp:featuredmedia":[{"embeddable":true,"href":"https:\/\/www.hongyitube.com\/es\/wp-json\/wp\/v2\/media\/3558"}],"wp:attachment":[{"href":"https:\/\/www.hongyitube.com\/es\/wp-json\/wp\/v2\/media?parent=3557"}],"wp:term":[{"taxonomy":"product_brand","embeddable":true,"href":"https:\/\/www.hongyitube.com\/es\/wp-json\/wp\/v2\/product_brand?post=3557"},{"taxonomy":"product_cat","embeddable":true,"href":"https:\/\/www.hongyitube.com\/es\/wp-json\/wp\/v2\/product_cat?post=3557"},{"taxonomy":"product_tag","embeddable":true,"href":"https:\/\/www.hongyitube.com\/es\/wp-json\/wp\/v2\/product_tag?post=3557"}],"curies":[{"name":"WP","href":"https:\/\/api.w.org\/{rel}","templated":true}]}}