{"id":3516,"date":"2026-01-08T21:35:39","date_gmt":"2026-01-08T13:35:39","guid":{"rendered":"https:\/\/www.hongyitube.com\/?post_type=product&#038;p=3516"},"modified":"2026-01-08T21:35:39","modified_gmt":"2026-01-08T13:35:39","slug":"%cf%8625-20ml-45ml-0-68-0-1-52fl-oz-white-pearlescent-round-finish-tube-packaging-for-skincare-products-hongyi-plastic-2","status":"publish","type":"product","link":"https:\/\/www.hongyitube.com\/es\/product\/%cf%8625-20ml-45ml-0-68-0-1-52fl-oz-white-pearlescent-round-finish-tube-packaging-for-skincare-products-hongyi-plastic-2\/","title":{"rendered":"\u03a625 20ml-45ml 0.68-0.1.52fl.oz Embalaje de tubo de acabado redondo perloso blanco para productos de cuidado de la piel.  &#8211; pl\u00e1stico Hongyi"},"content":{"rendered":"<p>Hongyi Plastic20ml-45ml 0.68-0.1.52fl.oz Embalaje de tubo de acabado redondo perloso blanco para productos de cuidado de la piel.<\/p>\n<p>Este tubo perloso blanco minimalista ejemplifica la simplicidad y subraya el poder de sus componentes.<\/p>\n<p>&nbsp;<\/p>\n<p>Este producto est\u00e1 dise\u00f1ado espec\u00edficamente para consumidores maduros que priorizan listas de ingredientes transparentes, se adhieren a un enfoque cient\u00edfico para el cuidado de la piel y aprecian la filosof\u00eda de &#8220; menos es m\u00e1s&#8221; en dise\u00f1o. Evita adornos innecesarios, creando en su lugar una imagen profesional, cre\u00edble y eficiente a trav\u00e9s del marcado contraste entre los materiales y el texto. El envase presenta un tubo delgado de gel suave con una capacidad de 20-45 ml\/g. El cuerpo del tubo est\u00e1 hecho de un material perloso blanco puro con texto negro impreso en \u00e9l, complementado por una tapa blanca y brillante. El dise\u00f1o general encarna el concepto modernista de &#8220; funci\u00f3n primero,&#8221; transmitir eficazmente la informaci\u00f3n de la marca y los ingredientes a trav\u00e9s de un sorprendente contraste visual, estableciendo as\u00ed un sentido inmediato de confianza entre los consumidores que priorizan la eficacia. El material del cuerpo del tubo: pl\u00e1stico PE de alta calidad garantiza la estabilidad del contenido y una fuerza de compresi\u00f3n c\u00f3moda.<\/p>\n<ul>\n<li>Color y textura:<\/li>\n<li>Cuerpo de tubo perloso blanco: Proporciona una base tranquila y profesional, con el sutil brillo de la perlescencia d\u00e1ndole una elegancia discreta, evitando el aspecto barato asociado con el blanco puro.<\/li>\n<li>Tapa de torsi\u00f3n brillante blanca: Armoniza con el color del cuerpo del tubo, con la textura brillante creando un efecto en capas que contrasta con el acabado perloso del cuerpo del tubo, lo que resulta en un aspecto altamente cohesivo.<\/li>\n<li>Proceso de impresi\u00f3n: La marca y las descripciones de los ingredientes se imprimen usando tinta negra. El proceso es robusto, asegurando un texto claro y n\u00edtido que es altamente legible en cualquier condici\u00f3n de iluminaci\u00f3n, transmitiendo efectivamente el concepto central de &#8220; informaci\u00f3n transparente. &#8221;<\/li>\n<\/ul>\n<p><strong><b>Aplicaciones recomendadas <\/b><\/strong>:<\/p>\n<ol>\n<li>Recomendaci\u00f3n b\u00e1sica: Esencia Profesional Efectiva<\/li>\n<\/ol>\n<p>&nbsp;<\/p>\n<ul>\n<li>Productos principales: Esencia antiarrugas de retinol, esencia aclaradora de nicotinamida y esencia exfoliante de \u00e1cido frutal complejo.<\/li>\n<li>Combinaci\u00f3n de estilo de tapa: gorra blanca, brillante, torcida. Este dise\u00f1o mantiene la uniformidad general y enfatiza los atributos de las herramientas cient\u00edficas.<\/li>\n<li>An\u00e1lisis: El &#8220; laboratorio&#8221; El estilo de envasado se alinea perfectamente con la imagen profesional de ingredientes activos de alta concentraci\u00f3n, lo que permite el r\u00e1pido establecimiento de confianza.<\/li>\n<\/ul>\n<p>&nbsp;<\/p>\n<ol start=\"2\">\n<li>Muy recomendable: productos de reparaci\u00f3n espec\u00edficos para la piel<\/li>\n<\/ol>\n<p>&nbsp;<\/p>\n<ul>\n<li>Productos principales: Crema de reparaci\u00f3n de la barrera de la piel, l\u00edquido de tratamiento del acn\u00e9, gel hidratante espec\u00edfico post cirug\u00eda.<\/li>\n<li>Combinaci\u00f3n de estilo de gorra: gorra blanca brillante o gorra blanca mate (si est\u00e1 disponible). El acabado mate puede mejorar a\u00fan m\u00e1s la sensaci\u00f3n de calma asociada con &#8220; grado m\u00e9dico&#8221; productos.<\/li>\n<li>An\u00e1lisis: El dise\u00f1o minimalista transmite el mensaje de &#8220; sin est\u00edmulos innecesarios,&#8221; lo que lo hace particularmente adecuado para rutinas de cuidado de la piel sensibles dirigidas a condiciones de la piel problem\u00e1ticas.<\/li>\n<\/ul>\n<p>&nbsp;<\/p>\n<ol start=\"3\">\n<li>Recomendaci\u00f3n ampliada: productos de cuidado b\u00e1sico de gama alta y neutrales en relaci\u00f3n con el g\u00e9nero<\/li>\n<\/ol>\n<p>&nbsp;<\/p>\n<ul>\n<li>Productos principales: Crema facial hidratante de alta eficiencia, loci\u00f3n protectora solar diaria de amplio espectro y limpiador facial suave.<\/li>\n<li>Dise\u00f1o al estilo de la c\u00e1psula: Tapa blanca, brillante y torcida.<\/li>\n<li>An\u00e1lisis: El dise\u00f1o neutral y limpio puede atraer a usuarios de todos los g\u00e9neros y es adecuado como producto de l\u00ednea de base para la marca, creando una imagen cl\u00e1sica de &#8220; Uso diario esencial. &#8221;<\/li>\n<\/ul>","protected":false},"excerpt":{"rendered":"<ul>\n<li><b><\/b><strong><b>Dise\u00f1o del cuerpo del tubo<\/b><\/strong>.<\/li>\n<li>Tono de dise\u00f1o: &#8220; Minimalismo racional&#8221;.<\/li>\n<li>Estrategia de color: Perla blanca como color primario, simbolizando la pureza, la eficiencia y la modernidad. El texto negro sirve como el \u00fanico medio para transmitir informaci\u00f3n, creando la jerarqu\u00eda visual m\u00e1s clara e impactante.<\/li>\n<li>Dise\u00f1o como el n\u00facleo: El foco del dise\u00f1o est\u00e1 enteramente en la selecci\u00f3n de fuentes y la disposici\u00f3n del dise\u00f1o. Utiliza fuentes modernas, sencillas y sin serif, y organiza la informaci\u00f3n a trav\u00e9s del contraste entre los tama\u00f1os y pesos de las fuentes, haciendo que la informaci\u00f3n cr\u00edtica (como los nombres de marca e ingredientes clave) sea f\u00e1cilmente identificable.<\/li>\n<\/ul>\n<p>Ventajas del producto:<\/p>\n<ul>\n<li>Establecer autoridad profesional: Un lenguaje de dise\u00f1o compuesto construye r\u00e1pidamente una imagen profesional para la marca en t\u00e9rminos de ingredientes y tecnolog\u00eda, ganando as\u00ed la confianza de &#8220; Entusiastas de ingredientes. &#8221;<\/li>\n<li>Comunicar un compromiso con la eficiencia: Al eliminar cualquier adorno innecesario, transmite la idea de que la marca prioriza y asigna recursos hacia la formulaci\u00f3n central del producto.<\/li>\n<li>Establecer un cl\u00e1sico de marca: El esquema de colores blanco y negro es un cl\u00e1sico duradero que permanece relevante con el tiempo y ayuda a construir una identidad de marca duradera y estable.<\/li>\n<li>Estimular la compra racional: Crear una conexi\u00f3n con &#8220; consumidores inteligentes&#8221; que est\u00e1n cansados de la comercializaci\u00f3n excesiva y conf\u00edan m\u00e1s en su propia investigaci\u00f3n, lo que los lleva a tomar decisiones de compra basadas en los ingredientes y la marca; S experiencia.\u00a0 \u00a0 \u00a0 \u00a0 \u00a0 \u00a0 \u00a0 \u00a0 \u00a0 \u00a0 \u00a0 \u00a0 \u00a0 \u00a0 \u00a0 \u00a0 \u00a0 \u00a0 \u00a0 \u00a0 \u00a0 \u00a0 \u00a0 \u00a0 \u00a0 \u00a0 \u00a0 \u00a0 \u00a0 \u00a0 \u00a0 \u00a0 \u00a0 \u00a0 \u00a0 \u00a0 \u00a0 \u00a0 \u00a0 \u00a0 \u00a0 \u00a0 \u00a0 \u00a0 \u00a0 \u00a0 \u00a0 \u00a0 \u00a0 \u00a0 \u00a0 \u00a0 \u00a0 \u00a0 \u00a0 \u00a0 \u00a0 \u00a0 \u00a0 \u00a0 \u00a0 \u00a0 \u00a0 \u00a0 \u00a0 \u00a0 \u00a0 \u00a0 \u00a0 \u00a0 \u00a0 \u00a0 \u00a0 \u00a0 \u00a0 \u00a0 \u00a0 \u00a0 \u00a0 \u00a0 \u00a0 \u00a0 \u00a0 \u00a0 \u00a0 \u00a0 \u00a0 \u00a0 \u00a0 \u00a0 \u00a0 \u00a0 \u00a0 \u00a0 \u00a0 \u00a0 \u00a0 \u00a0 \u00a0 \u00a0 \u00a0 \u00a0 \u00a0 \u00a0 \u00a0 \u00a0 \u00a0 \u00a0 \u00a0 \u00a0 \u00a0 \u00a0 \u00a0 \u00a0 \u00a0 \u00a0 \u00a0 \u00a0 \u00a0 \u00a0 \u00a0 \u00a0 \u00a0 \u00a0 \u00a0 \u00a0 \u00a0 \u00a0 \u00a0 \u00a0 \u00a0 \u00a0 \u00a0 \u00a0 \u00a0 \u00a0 \u00a0 \u00a0 \u00a0 \u00a0 \u00a0 \u00a0 \u00a0 \u00a0 \u00a0 \u00a0 \u00a0 \u00a0 \u00a0 \u00a0 \u00a0 \u00a0 \u00a0 \u00a0 \u00a0 \u00a0 \u00a0 \u00a0 \u00a0 \u00a0 \u00a0 \u00a0 \u00a0 \u00a0 \u00a0 \u00a0 \u00a0 \u00a0 \u00a0 \u00a0 \u00a0 \u00a0 \u00a0 \u00a0 \u00a0 \u00a0 \u00a0 \u00a0 \u00a0 \u00a0 \u00a0 \u00a0 \u00a0 <strong>\u00a0Escenarios de aplicaci\u00f3n para el producto:<\/strong><\/li>\n<\/ul>\n<p>Nuestras botellas de envasado de tubo blando son particularmente adecuadas para los siguientes productos y escenarios de consumo:<\/p>\n<p>&nbsp;<\/p>\n<ul>\n<li>Para usuarios interesados en &#8220; ingredientes de calidad profesional&#8221;  and &#8220; productos de cuidado de la piel de alta eficacia&#8221;:<\/li>\n<li>Productos recomendados: suero de retinol, suero de niacinamida, soluci\u00f3n exfoliante de \u00e1cido glic\u00f3lico.<\/li>\n<li>Escenario: Sirviendo como el producto funcional principal dentro de la rutina diaria de cuidado de la piel, su apariencia profesional se alinea armoniosamente con su potente eficacia.<\/li>\n<li>For &#8220; marcas de colaboraci\u00f3n en los sectores farmac\u00e9utico y dermatologico&#8221;:<\/li>\n<li>Productos recomendados: Crema de reparaci\u00f3n de la barrera de la piel, Gel de tratamiento del acn\u00e9, Crema relajante despu\u00e9s del procedimiento.<\/li>\n<li>Escenario: El &#8220; laboratorio&#8221; El embalaje de estilo se integra perfectamente con el sentido de confianza recomendado por los dermat\u00f3logos.<\/li>\n<li>Con respecto a &#8220; productos de belleza neutrales de g\u00e9nero&#8221;:<\/li>\n<li>Productos recomendados: Esencia hidratante, loci\u00f3n protectora solar, limpiador facial.<\/li>\n<li>Escenario: El dise\u00f1o neutral se puede colocar tanto en su \u00e1rea de lavabo como en su vanidad, atendiendo a las necesidades b\u00e1sicas de cuidado de la piel de todo el hogar o usuarios individuales.<\/li>\n<li>Se centra en &#8220; estilo de vida urbano minimalista&#8221;:<\/li>\n<li>Productos recomendados: Cremas para manos de alta gama, desinfectantes para manos port\u00e1tiles, geles hidratantes.<\/li>\n<li>Escenario: Su dise\u00f1o elegante se integra perfectamente en entornos modernos y minimalistas de vida o trabajo, convirti\u00e9ndolo en un art\u00edculo cotidiano elegante.<\/li>\n<\/ul>","protected":false},"featured_media":0,"comment_status":"closed","ping_status":"closed","template":"","meta":[],"product_brand":[],"product_cat":[44],"product_tag":[],"class_list":{"0":"post-3516","1":"product","2":"type-product","3":"status-publish","5":"product_cat-25-pe-plastic-tube","7":"first","8":"instock","9":"shipping-taxable","10":"purchasable","11":"product-type-simple"},"_links":{"self":[{"href":"https:\/\/www.hongyitube.com\/es\/wp-json\/wp\/v2\/product\/3516","targetHints":{"allow":["GET"]}}],"collection":[{"href":"https:\/\/www.hongyitube.com\/es\/wp-json\/wp\/v2\/product"}],"about":[{"href":"https:\/\/www.hongyitube.com\/es\/wp-json\/wp\/v2\/types\/product"}],"replies":[{"embeddable":true,"href":"https:\/\/www.hongyitube.com\/es\/wp-json\/wp\/v2\/comments?post=3516"}],"wp:attachment":[{"href":"https:\/\/www.hongyitube.com\/es\/wp-json\/wp\/v2\/media?parent=3516"}],"wp:term":[{"taxonomy":"product_brand","embeddable":true,"href":"https:\/\/www.hongyitube.com\/es\/wp-json\/wp\/v2\/product_brand?post=3516"},{"taxonomy":"product_cat","embeddable":true,"href":"https:\/\/www.hongyitube.com\/es\/wp-json\/wp\/v2\/product_cat?post=3516"},{"taxonomy":"product_tag","embeddable":true,"href":"https:\/\/www.hongyitube.com\/es\/wp-json\/wp\/v2\/product_tag?post=3516"}],"curies":[{"name":"WP","href":"https:\/\/api.w.org\/{rel}","templated":true}]}}