{"id":3505,"date":"2026-01-08T21:27:51","date_gmt":"2026-01-08T13:27:51","guid":{"rendered":"https:\/\/www.hongyitube.com\/?post_type=product&#038;p=3505"},"modified":"2026-01-08T21:27:51","modified_gmt":"2026-01-08T13:27:51","slug":"%cf%8625-20ml-45ml-0-68-0-1-52fl-oz-white-pearlescent-round-finish-tube-packaging-for-skincare-products-hongyi-plastic","status":"publish","type":"product","link":"https:\/\/www.hongyitube.com\/es\/product\/%cf%8625-20ml-45ml-0-68-0-1-52fl-oz-white-pearlescent-round-finish-tube-packaging-for-skincare-products-hongyi-plastic\/","title":{"rendered":"\u03a625 20ml-45ml 0.68-0.1.52fl.oz Embalaje de tubo de acabado redondo perloso blanco para productos de cuidado de la piel.  &#8211; pl\u00e1stico Hongyi"},"content":{"rendered":"<p>Hongyi Plastic20ml-45ml 0.68-0.1.52fl.oz Embalaje de tubo de acabado redondo perloso blanco para productos de cuidado de la piel.<\/p>\n<p>Concepto b\u00e1sico: ligero como plumas, llevar el lujo del cuidado de la piel.<\/p>\n<p>&nbsp;<\/p>\n<p>Este producto est\u00e1 dise\u00f1ado para los consumidores modernos que buscan alta gama, atentos a la experiencia sensorial y apreciadores de la simplicidad y el lujo. La combinaci\u00f3n de calidad de perla y plumas fluyentes ofrece un concepto de cuidado de la piel de lujo que es extremadamente ligero, altamente penetrante y dise\u00f1ado personalmente.<\/p>\n<p>&nbsp;<\/p>\n<p>&#8212;<\/p>\n<p>&nbsp;<\/p>\n<ol>\n<li>Descripci\u00f3n del producto<\/li>\n<\/ol>\n<p>&nbsp;<\/p>\n<p>Se trata de una delgada y elegante manguera de cuidado de la piel de 25 di\u00e1metros con una longitud de 120 mm sin tapa y una capacidad de 20-45 ml \/ g. Ideal para sueros, lociones, cremas solares o cremas de mano de alta gama. El tubo de perlas blancas cuenta con una textura de alta calidad como un filtro de luz suave, con un patr\u00f3n de impresi\u00f3n de plumas grises y texto rosado, lo que lo hace visualmente ligero y hermoso. Al mismo tiempo, una variedad de opciones de personalizaci\u00f3n de cubiertas est\u00e1n disponibles para satisfacer el posicionamiento de lujo de diferentes marcas.<\/p>\n<p>&nbsp;<\/p>\n<ol>\n<li>Material y proceso del producto<\/li>\n<\/ol>\n<p>&nbsp;<\/p>\n<ul>\n<li>Material del cuerpo del tubo: pl\u00e1stico PE de alta calidad para garantizar una buena flexibilidad y compatibilidad del contenido.<\/li>\n<li>Color y textura:<\/li>\n<li>Perlas blancas: El efecto de cuentas da un resplandor suave y lujoso, produce cambios delicados en diferentes niveles de luz y est\u00e1 estrechamente vinculado al lenguaje visual de &#8220; alta costumbre. &#8221;<\/li>\n<li>Revestimientos brillantes o mates: Dependiendo de la marca&#8217; Las necesidades de los clientes, puede elegir cubrir un aceite brillante (brillo mejorado) o un aceite mate (mejora del tacto) despu\u00e9s de la impresi\u00f3n.<\/li>\n<li>Proceso de impresi\u00f3n: El patr\u00f3n de pluma gris y el texto rosado utilizan tecnolog\u00eda de impresi\u00f3n de alta precisi\u00f3n, con un color suave, transici\u00f3n natural y detalle de patr\u00f3n fuerte.<\/li>\n<li>Personalizaci\u00f3n de la cubierta:<\/li>\n<li>Cubierta remolinosa de lujo: puede emparejarse con metal galvanizado, joyas o colores personalizados.<\/li>\n<li>F\u00e1cil de difundir: adecuado para productos de crema que no necesitan ser utilizados con frecuencia.<\/li>\n<li>Cubiertas acr\u00edlicas avanzadas: una textura transparente que puede revestirse con colores met\u00e1licos para crear una experiencia de lujo pesada.<\/li>\n<li>Cubiertas de madera natural: se alinean con la filosof\u00eda de la marca de pureza, org\u00e1nica y sostenible.<\/li>\n<\/ul>\n<p><strong><b>Aplicaciones recomendadas <\/b><\/strong>:<\/p>\n<p>su empaquetado de manguera con tema de pluma de perla blanca<\/p>\n<ol>\n<li>Posicionamiento en el mercado principal<\/li>\n<\/ol>\n<p>&nbsp;<\/p>\n<ul>\n<li>P\u00fablico objetivo: Los consumidores que prefieren experiencias de calidad sobre caracter\u00edsticas b\u00e1sicas, est\u00e1n dispuestos a pagar una prima por un sentido de dise\u00f1o y resonancia emocional, y se centran en rituales de cuidado de la piel (principalmente mujeres de 25 a 45 a\u00f1os).<\/li>\n<li>Propuesta de valor: Proporcionar una experiencia de &#8220; lujo a su alcance&#8221; que eleva el cuidado diario de la piel a un ritual sensorial elegante y placentero.<\/li>\n<li>Posicionamiento de la gama de precios: Medio a alto extremo a alto extremo.<\/li>\n<\/ul>\n<p>&nbsp;<\/p>\n<ol>\n<li>Recomendaci\u00f3n de productos de precisi\u00f3n<\/li>\n<\/ol>\n<p>&nbsp;<\/p>\n<ol>\n<li>Los sueros y lociones que penetran la luz<\/li>\n<\/ol>\n<p>&nbsp;<\/p>\n<ul>\n<li>Motivos de la recomendaci\u00f3n: La imagen visual de un &#8220; pluma&#8221; implica directamente una piel ligera, de absorci\u00f3n r\u00e1pida y sin aceite.<\/li>\n<li>Productos espec\u00edficos:<\/li>\n<li>&#8220; Pluma-como&#8221; hidratante esenciales: Mantener ingredientes de hidrataci\u00f3n como el \u00e1cido hialur\u00f3nico con un \u00e9nfasis en la absorci\u00f3n instant\u00e1nea.<\/li>\n<li>Esencia de revitalizaci\u00f3n celular: Principalmente dirigida a la reparaci\u00f3n y el antienvejecimiento, est\u00e1 conceptualmente asociada con &#8220; ligereza&#8221; contra el &#8220; pesada sensaci\u00f3n de envejecimiento. &#8221;<\/li>\n<li>Crema de barrera pre-maquillaje: Crea un efecto de ap\u00f3sito ligero y delgado.<\/li>\n<\/ul>\n<p>&nbsp;<\/p>\n<ol start=\"2\">\n<li>Mano de gama alta &amp; Cuidado corporal<\/li>\n<\/ol>\n<p>&nbsp;<\/p>\n<ul>\n<li>Motivos de la recomendaci\u00f3n: El cuerpo largo de la botella se ajusta a la est\u00e9tica de mano, y la textura de las perlas da una sensaci\u00f3n de lujo al cuidado b\u00e1sico.<\/li>\n<li>Productos espec\u00edficos:<\/li>\n<li>Crema de manos de lujo: Posici\u00f3n como &#8220; escritorio de oficina de lujo&#8221;  or a &#8220; Bolso de mano debe tener. &#8221;<\/li>\n<li>Hidratante corporal: Una alternativa a la loci\u00f3n corporal tradicional con un tono de piel y fragancia m\u00e1s refinados.<\/li>\n<\/ul>\n<p>&nbsp;<\/p>\n<ol start=\"3\">\n<li>Productos calmantes para la piel sensible<\/li>\n<\/ol>\n<p>&nbsp;<\/p>\n<ul>\n<li>Motivo de la recomendaci\u00f3n: Blanco, luz perlada y plumas juntos env\u00edan una fuerte se\u00f1al de pureza, suavidad y cero carga.<\/li>\n<li>Productos espec\u00edficos:<\/li>\n<li>Cremas calmantes y restauradoras: Para la piel roja y sensible.<\/li>\n<li>Serum curativo de barrera: enfatiza la seguridad de los ingredientes y un tono de piel suave. La elecci\u00f3n de la forma de la cubierta determina directamente el estilo final y el escenario de uso del producto:<\/li>\n<\/ul>\n<p>&nbsp;<\/p>\n<p>Formas de cubierta Accesorios recomendados Estilo y escenas recomendados<\/p>\n<p>Soros antienvejecimiento, cremas faciales de lujo Lujo moderno: atrayendo a clientes j\u00f3venes de gama alta que buscan un sentido de la tecnolog\u00eda y la moda.<\/p>\n<p>Alexis Alexis Aceites esenciales de gama alta, esencias de fragancia de edici\u00f3n limitada blockbuster lujo: crear una textura coleccional para las cajas de vacaciones.<\/p>\n<p>Crema de cubierta de madera org\u00e1nica, aromaterapia y crema curativa natural: posicionamiento preciso para los amantes de la belleza pura y el estilo de vida sostenible.<\/p>\n<p>Cremas de mano, cremas corporales, cremas pre-maquillaje elegantes y pr\u00e1cticas: equilibrando belleza y costo para productos cotidianos de alta gama que requieren una amplia disponibilidad. Apelaci\u00f3n Vanidad:<\/p>\n<ul>\n<li>Escenarios: El producto act\u00faa como un vestidor en el dormitorio o ba\u00f1o.<\/li>\n<li>An\u00e1lisis: La textura de la joyer\u00eda y el dise\u00f1o elegante lo han hecho parte de la decoraci\u00f3n del hogar, reuniendo a los consumidores&#8217; necesita mostrar un &#8220; buena vida&#8221; en las redes sociales.<\/li>\n<\/ul>\n<ol start=\"2\">\n<li>La econom\u00eda del regalo:<\/li>\n<\/ol>\n<ul>\n<li>Escenarios: Fiestas, cumplea\u00f1os, regalos de gracias.<\/li>\n<li>An\u00e1lisis: Su apariencia de gama alta y su significado emocional positivo (como el s\u00edmbolo de la pluma del cuidado suave) lo convierten en la elecci\u00f3n perfecta para regalar, especialmente cuando se combina con una cubierta de acr\u00edlico o un envase especial.<\/li>\n<\/ul>\n<ol start=\"3\">\n<li>Viajes y portabilidad:<\/li>\n<\/ol>\n<ul>\n<li>Escenarios: Negocios, bolsa de viajero, escritorio de oficina.<\/li>\n<li>An\u00e1lisis: La forma larga ahorra espacio, y la superficie de la perla es resistente a los ara\u00f1azos y al desgaste. Como un elemento del cuerpo, puede demostrar silenciosamente el usuario&#8217; s discurso sensible a la piel: &#8220; T\u00f3calo suavemente como una pluma, penetra al instante y tenga cero peso en la piel. &#8221;<\/li>\n<li>Discurso de composici\u00f3n: &#8220; Envuelve ingredientes de alto rendimiento en una textura ligera que combate suavemente las huellas del tiempo. &#8221;<\/li>\n<li>Discurso emocional: &#8220; Cada mancha es un rito de adoraci\u00f3n para ti mismo. &#8221; La competitividad central de este paquete es que encapsula perfectamente valores emocionales abstractos (ligereza, lujo, amor) a trav\u00e9s de elementos de dise\u00f1o tangibles (cuentas, plumas, tapas personalizadas). La clave para el uso recomendado es siempre combinar las caracter\u00edsticas del producto con met\u00e1foras visuales, y usar tapas personalizables para dirigirse a diferentes segmentos con precisi\u00f3n, para crear con \u00e9xito una imagen de marca \u00fanica y atractiva en un mercado extranjero altamente competitivo.<\/li>\n<\/ul>","protected":false},"excerpt":{"rendered":"<ul>\n<li><b><\/b><strong><b>Dise\u00f1o del cuerpo del tubo<\/b><\/strong>.<\/li>\n<\/ul>\n<p>Se trata de un tubo suave de cuidado de la piel delgado y elegante de calibre 25, sin tapa, de 120 mm de longitud, con una capacidad de 20-45 ml\/g. Es una opci\u00f3n ideal para sueros, lociones, protector solar o cremas de mano de alta gama. El cuerpo de tubo blanco de resplandor perlado tiene una sensaci\u00f3n sofisticada similar a un filtro de luz suave, complementado por un patr\u00f3n de pluma gris y texto rosado, creando una apariencia visualmente ligera y delicada. Adem\u00e1s, varios estilos de gorras est\u00e1n disponibles para personalizaci\u00f3n para alinearse con el posicionamiento lujoso de diferentes marcas.<\/p>\n<p>1.Materiales del producto y procesos de fabricaci\u00f3n<\/p>\n<p>&nbsp;<\/p>\n<ul>\n<li>Material del cuerpo: Fabricado en pl\u00e1stico PE de alta calidad, garantizando una excelente flexibilidad y compatibilidad con los contenidos que se almacenan.<\/li>\n<li>Color y textura:<\/li>\n<li>Cuerpo de tubo blanco de resplandor de perla: El efecto de resplandor de perla exhibe un brillo suave y lujoso, con variaciones sutiles que ocurren en diferentes condiciones de iluminaci\u00f3n, estrechamente ligadas al lenguaje visual de &#8220; personalizaci\u00f3n de alta gama. &#8221;<\/li>\n<li>Revestimientos brillantes o mates: Dependiendo de la marca&#8217; Los requisitos de la impresi\u00f3n, es posible aplicar un acabado brillante (mejorando el brillo) o un acabado mate (mejorando la sensaci\u00f3n t\u00e1ctil) despu\u00e9s del proceso de impresi\u00f3n.<\/li>\n<li>Proceso de impresi\u00f3n: El patr\u00f3n de pluma gris y el texto rosado se imprimen utilizando tecnolog\u00eda de impresi\u00f3n offset de alta precisi\u00f3n. Los colores son suaves y las transiciones son naturales, con una fuerte representaci\u00f3n de detalles en los patrones.<\/li>\n<li>Dise\u00f1os de cubierta personalizados:<\/li>\n<li>Capucha de lujo: Se puede combinar con colores met\u00e1licos galvanizados, colores perlosos o tonos dise\u00f1ados a medida.<\/li>\n<li>Dise\u00f1o abierto: Adecuado para productos de crema que no se usan con frecuencia.<\/li>\n<li>Cubierta de acr\u00edlico de alta calidad: textura transparente, se puede revestir con colores met\u00e1licos, creando una experiencia lujosa y sustancial.<\/li>\n<li>Tapa de madera natural: se alinea con la marca&#8217; principios de pureza, materiales org\u00e1nicos y sostenibilidad.<\/li>\n<\/ul>\n<p>Ventajas del producto:<\/p>\n<ul>\n<li>Construir una imagen de marca de gama alta: La combinaci\u00f3n de joyer\u00eda y tapas personalizadas proclama silenciosamente el posicionamiento de gama alta del producto, apoyando su capacidad premium.<\/li>\n<li>Resonancia emocional precisa: La imagen de pluma puede instant\u00e1neamente permitir a los consumidores Lenovo &#8220; luz,&#8221;  &#8220; sin carga,&#8221;  &#8220; suave&#8221; y otros sentimientos positivos, transmiten con precisi\u00f3n las caracter\u00edsticas del producto.<\/li>\n<li>Extremo atractivo de estante: Las botellas largas, la textura de perlas y el dise\u00f1o elegante las hacen destacar en el estante y atraer a los consumidores que buscan calidad.<\/li>\n<li>Portaregalo perfecto: su apariencia elegante es inherentemente adecuada como regalo de vacaciones, envase de edici\u00f3n limitada e inspira el deseo de comprar y dar<\/li>\n<\/ul>\n<p>&nbsp;<\/p>\n<p>&nbsp;<\/p>\n<ul>\n<li><b><\/b><strong><b>Escenarios de aplicaci\u00f3n para el producto:\u00a0<\/b><\/strong><\/li>\n<\/ul>\n<p>Este producto es particularmente adecuado para los siguientes productos y escenarios de consumo:<\/p>\n<p>&nbsp;<\/p>\n<ul>\n<li>Catering a la demanda de &#8220; cuidado de la piel de lujo&#8221;:<\/li>\n<li>Productos recomendados: Esencia antienvejecimiento, Crema lujosa, Loci\u00f3n protectora solar de gama alta.<\/li>\n<li>Escenario: Como parte esencial del ritual nocturno de cuidado de la piel, su apariencia elegante mejora el sentido general de ceremonia dentro de la rutina de cuidado de la piel.<\/li>\n<li>Se centra en &#8220; sensaci\u00f3n de piel ligera&#8221;  and &#8220; cuidado corporal&#8221;:<\/li>\n<li>Productos recomendados: Crema de esencia corporal, Crema de manos, Loci\u00f3n hidratante ligera.<\/li>\n<li>Escenario: Colocarlo en el vestidor en el dormitorio o en el ba\u00f1o. El acabado semejante a una perla se mezcla bien con el entorno del hogar y puede servir como un art\u00edculo decorativo.<\/li>\n<li>Dirigirse a &#8220; Regalos y mercado de edici\u00f3n limitada&#8221;:<\/li>\n<li>Productos recomendados: Cajas de regalo festivas, Favores nupciales, Productos exclusivos para miembros.<\/li>\n<li>Escenario: El producto se puede emparejar con una cubierta de acr\u00edlico o una tapa especial de metal para un aspecto ultra-lujoso; cuando se combina con una cubierta de madera, crea una est\u00e9tica natural y pura, atendiendo a diversas necesidades de regalo.<\/li>\n<li>Con respecto a &#8220; Compartir en redes sociales&#8221;:<\/li>\n<li>Productos recomendados: Cualquier producto de cuidado de la piel que enfatize &#8220; experiencias de lujo&#8221;  and &#8220; alto atractivo est\u00e9tico. &#8221;<\/li>\n<li>Escenario: El dise\u00f1o, caracterizado por un altamente &#8220; Instagram est\u00e9tica, &#8221; es adecuado para la difusi\u00f3n en plataformas sociales impulsadas por la visi\u00f3n (como Instagram, Pinterest). Anima a los usuarios a compartir sus propias interpretaciones de la est\u00e9tica de la belleza. Este tubo suave con un tema de pluma blanca e iridescente est\u00e1 dise\u00f1ado con una combinaci\u00f3n de materiales de alta gama, im\u00e1genes elegantes y una amplia personalizaci\u00f3n, que aborda efectivamente las necesidades m\u00e1s profundas de los consumidores internacionales para experiencias de lujo, resonancia emocional y personalizaci\u00f3n. No es simplemente una soluci\u00f3n de envasado sino m\u00e1s bien una pieza art\u00edstica capaz de narrar la marca&#8217; historia y mejorar el ritual diario de cuidado de la piel para el usuario.<\/li>\n<\/ul>","protected":false},"featured_media":0,"comment_status":"closed","ping_status":"closed","template":"","meta":[],"product_brand":[],"product_cat":[44],"product_tag":[],"class_list":{"0":"post-3505","1":"product","2":"type-product","3":"status-publish","5":"product_cat-25-pe-plastic-tube","7":"first","8":"instock","9":"shipping-taxable","10":"purchasable","11":"product-type-simple"},"_links":{"self":[{"href":"https:\/\/www.hongyitube.com\/es\/wp-json\/wp\/v2\/product\/3505","targetHints":{"allow":["GET"]}}],"collection":[{"href":"https:\/\/www.hongyitube.com\/es\/wp-json\/wp\/v2\/product"}],"about":[{"href":"https:\/\/www.hongyitube.com\/es\/wp-json\/wp\/v2\/types\/product"}],"replies":[{"embeddable":true,"href":"https:\/\/www.hongyitube.com\/es\/wp-json\/wp\/v2\/comments?post=3505"}],"wp:attachment":[{"href":"https:\/\/www.hongyitube.com\/es\/wp-json\/wp\/v2\/media?parent=3505"}],"wp:term":[{"taxonomy":"product_brand","embeddable":true,"href":"https:\/\/www.hongyitube.com\/es\/wp-json\/wp\/v2\/product_brand?post=3505"},{"taxonomy":"product_cat","embeddable":true,"href":"https:\/\/www.hongyitube.com\/es\/wp-json\/wp\/v2\/product_cat?post=3505"},{"taxonomy":"product_tag","embeddable":true,"href":"https:\/\/www.hongyitube.com\/es\/wp-json\/wp\/v2\/product_tag?post=3505"}],"curies":[{"name":"WP","href":"https:\/\/api.w.org\/{rel}","templated":true}]}}