{"id":3496,"date":"2026-01-08T21:19:04","date_gmt":"2026-01-08T13:19:04","guid":{"rendered":"https:\/\/www.hongyitube.com\/?post_type=product&#038;p=3496"},"modified":"2026-01-08T21:19:05","modified_gmt":"2026-01-08T13:19:05","slug":"%cf%8625-20ml-25ml-round-finish-tube-packaging-for-skincare-products-hongyi-plastic","status":"publish","type":"product","link":"https:\/\/www.hongyitube.com\/es\/product\/%cf%8625-20ml-25ml-round-finish-tube-packaging-for-skincare-products-hongyi-plastic\/","title":{"rendered":"\u03a625 20ml-25ml Embalaje de tubo de acabado redondo para productos de cuidado de la piel.  &#8211; pl\u00e1stico Hongyi"},"content":{"rendered":"<p>Hongyi Plastic\u03a625 20ml-25ml Embalaje de tubo de acabado redondo para productos de cuidado de la piel.<\/p>\n<p>&#8220; Serie de inspiraci\u00f3n de la naturaleza&#8221;  &#8211; Informaci\u00f3n detallada sobre el empaquetado del tubo<\/p>\n<p>&nbsp;<\/p>\n<p>Concepto b\u00e1sico: Infuse la energ\u00eda refrescante del huerto en su rutina diaria de cuidado de la piel.<\/p>\n<p>&nbsp;<\/p>\n<p>Este producto est\u00e1 dise\u00f1ado espec\u00edficamente para los consumidores modernos que priorizan la vitalidad, los ingredientes naturales y las experiencias sensoriales placenteras. El refrescante cuerpo de tubo verde claro combinado con vibrantes patrones de fruta transmite al instante las caracter\u00edsticas naturales, en\u00e9rgicas y refrescantes del producto, convirti\u00e9ndolo en una encarnaci\u00f3n ideal de los conceptos de belleza pura y cuidado de la piel alegre.<\/p>\n<p>&nbsp;<\/p>\n<ol>\n<li>Descripci\u00f3n del producto<\/li>\n<\/ol>\n<p>&nbsp;<\/p>\n<p>Se trata de un sofisticado tubo suave de cuidado de la piel de calibre 25, sin tapa, de 70 mm de longitud, con una capacidad de 15-20 ml\/g, lo que lo convierte en una opci\u00f3n ideal para productos de esencia, loci\u00f3n o gel. El dise\u00f1o se inspira en un vibrante huerto, con el cuerpo de tubo verde claro que simboliza la naturalidad y la frescura. La combinaci\u00f3n de un revestimiento brillante y animados patrones de impresi\u00f3n de c\u00edtricos (naranjas \/ limones) transmite directamente el producto&#8217; pureza, vibrancia y placer desde una perspectiva visual.<\/p>\n<p>&nbsp;<\/p>\n<ol>\n<li>Materiales del producto y procesos de fabricaci\u00f3n<\/li>\n<\/ol>\n<p>&nbsp;<\/p>\n<ul>\n<li>Material del cuerpo: Fabricado en pl\u00e1stico PE de alta calidad, garantizando una excelente flexibilidad y compatibilidad con los contenidos que se almacenan.<\/li>\n<li>Color y textura:<\/li>\n<li>Cuerpo de tubo de color verde claro: Este tono verde discreto pero sofisticado est\u00e1 estrechamente asociado a los ojos de los consumidores occidentales con los conceptos de naturalidad, producci\u00f3n org\u00e1nica, sostenibilidad y tranquilidad.<\/li>\n<li>Revestimiento brillante: Todo el cuerpo del tubo est\u00e1 cubierto con un acabado brillante, d\u00e1ndole un brillo saludable e hidratante, parecido a la piel de las frutas frescas, mejorando el producto&#8217; pureza y vibrancia.<\/li>\n<li>Proceso de impresi\u00f3n: Los dise\u00f1os y explicaciones textuales, como los que presentan naranjas y pomelos, se imprimen utilizando un proceso de serigraf\u00eda. Los dise\u00f1os son robustos y duraderos, con colores vibrantes y saturados que crean un sorprendente contraste con el cuerpo brillante del tubo, lo que los hace altamente impactantes visualmente.<\/li>\n<\/ul>\n<p><strong><b>Aplicaciones recomendadas <\/b><\/strong>:<\/p>\n<p>Las caracter\u00edsticas de esta manguera de color verde claro con tema c\u00edtrico se recomiendan para su uso en:<\/p>\n<p>&nbsp;<\/p>\n<p>Recomendaciones de recetas de precisi\u00f3n<\/p>\n<p>&nbsp;<\/p>\n<ol>\n<li>La serie Vitamin Glow<\/li>\n<\/ol>\n<p>&nbsp;<\/p>\n<ul>\n<li>Vitamina C Brightening Serum (15 ml)<\/li>\n<li>Esencia Antioxidante Complejo Pomelo (20ml)<\/li>\n<li>Leche frontal de maquillaje ligero naranja (15 g)<\/li>\n<\/ul>\n<p>&nbsp;<\/p>\n<ol start=\"2\">\n<li>Una l\u00ednea hidratante refrescante<\/li>\n<\/ol>\n<p>&nbsp;<\/p>\n<ul>\n<li>Gel hidratante Neroli (20 g)<\/li>\n<li>Pomelo Calmante Esencia Hidratante (15ml)<\/li>\n<li>Gel hidratante c\u00edtrico (20ml)<\/li>\n<\/ul>\n<p>&nbsp;<\/p>\n<ol start=\"3\">\n<li>Cuidado corporal vital<\/li>\n<\/ol>\n<p>&nbsp;<\/p>\n<ul>\n<li>Serum de rejuvenecimiento de manos (15ml)<\/li>\n<li>Serum de Rejuvenamiento Corporal (20ml)<\/li>\n<li>Crema para el cuidado de las articulaciones (20 g)<\/li>\n<\/ul>\n<p>&nbsp;<\/p>\n<p>Utilizar la coincidencia de escenarios<\/p>\n<p>&nbsp;<\/p>\n<p>Cuidados de rejuvenecimiento por la ma\u00f1ana<\/p>\n<p>&nbsp;<\/p>\n<ul>\n<li>Morning Snack: esencia de vitamina C, con aroma c\u00edtrico para despertar la piel<\/li>\n<li>Recargar antes del maquillaje: crema pre-maquillaje naranja para crear m\u00fasculos de brillo natural<\/li>\n<li>Una cosa imprescindible en su escritorio: suero refrescante de manos para rehidratarse en todo momento<\/li>\n<\/ul>\n<p>&nbsp;<\/p>\n<p>Momentos de Cuidados Especiales<\/p>\n<p>&nbsp;<\/p>\n<ul>\n<li>Reparaci\u00f3n despu\u00e9s del ejercicio: gel calmante de pomelo para calmar la piel despu\u00e9s del ejercicio<\/li>\n<li>Rejuvenamiento de la piel de fin de semana: crema de rejuvenecimiento corporal, disfrutar del tiempo de SPA en casa<\/li>\n<li>Compa\u00f1ero de viaje: 15ml en perfecto cumplimiento con las regulaciones de aviaci\u00f3n<\/li>\n<\/ul>\n<p>&nbsp;<\/p>\n<p>Consejos de uso<\/p>\n<p>&nbsp;<\/p>\n<p>Una gu\u00eda para un uso preciso<\/p>\n<p>&nbsp;<\/p>\n<ul>\n<li>Esenciales: Usar por la ma\u00f1ana y la noche, 2-3 gotas cada una, durante 4-6 semanas<\/li>\n<li>Tipo de gel: Reaplicar en cualquier momento seg\u00fan la necesidad, 15g es adecuado para 1-2<\/li>\n<li>Cremas: uso t\u00f3pico, 20 g durante 8-10 semanas<\/li>\n<\/ul>\n<p>&nbsp;<\/p>\n<p>Mejor momento para usar<\/p>\n<p>&nbsp;<\/p>\n<ul>\n<li>El per\u00edodo de transici\u00f3n estacional: brillo en primavera, blanco brillante en verano<\/li>\n<li>Cuidado del estr\u00e9s: Mejora tu estado de \u00e1nimo con aromas c\u00edtricos cuando&#8217; Ocupado en el trabajo<\/li>\n<li>Durante el viaje: adaptarse a las necesidades de la piel de diferentes climas<\/li>\n<\/ul>\n<p>&nbsp;<\/p>\n<p>Sugerencias de emparejamiento<\/p>\n<p>&nbsp;<\/p>\n<p>Eficacia combinada<\/p>\n<p>&nbsp;<\/p>\n<ol>\n<li>Un Combo Blanco Brillante<\/li>\n<\/ol>\n<ul>\n<li>Ma\u00f1ana: Esencia de vitamina C<\/li>\n<li>Por la noche: esencia compleja de pomelo<\/li>\n<\/ul>\n<ol start=\"2\">\n<li>Combinaciones hidratantes<\/li>\n<\/ol>\n<ul>\n<li>Durante el d\u00eda: gel hidratante de flor de naranja<\/li>\n<li>Por la noche: Gel hidratante de c\u00edtricos<\/li>\n<\/ul>\n<p>&nbsp;<\/p>\n<p>Temporada limitada<\/p>\n<p>&nbsp;<\/p>\n<ul>\n<li>Primavera y verano: refrescante textura de gel<\/li>\n<li>Oto\u00f1o e Invierno Recomendaciones: recetas hidratantes<\/li>\n<\/ul>\n<p>Este paquete es especialmente adecuado para los consumidores que buscan ingredientes naturales, prestan atenci\u00f3n a la experiencia de uso y disfrutan del placer de los sentidos, satisfaciendo tanto las necesidades de cuidado de la piel como trayendo una experiencia de estado de \u00e1nimo agradable. El dise\u00f1o fresco con el tema c\u00edtrico es m\u00e1s propicio para compartir en las redes sociales y es ideal para las marcas modernas de cuidado de la piel.<\/p>","protected":false},"excerpt":{"rendered":"<ul>\n<li><b><\/b><strong><b>Dise\u00f1o del cuerpo del tubo<\/b><\/strong>.<\/li>\n<li>Tono de dise\u00f1o: &#8220; La vitalidad natural. &#8221;<\/li>\n<li>Estrategia de color: tinta verde claro como el color principal establece un tono natural y fiable que se destaca f\u00e1cilmente en muchos empaques.<\/li>\n<li>N\u00facleo gr\u00e1fico: llamativos patrones de serigraf\u00eda naranja, pomelo como foco visual, indica directamente y claramente los ingredientes principales y el aroma del producto, lo que hace que los consumidores &#8220; vitamina C,&#8221;  &#8220; Huanhuo, &#8221;  &#8220; fresco&#8221; positivo de Lenovo.<\/li>\n<li>Textura general: El revestimiento brillante no solo protege los patrones impresos, sino que tambi\u00e9n da al paquete un aspecto hidratado y fresco, como fruta reci\u00e9n limpiada, lo que es una delicia.<\/li>\n<\/ul>\n<p><strong>Ventajas del producto:\u00a0<\/strong><\/p>\n<ul>\n<li>El lenguaje de dise\u00f1o es intuitivo y claro, lo que permite a los consumidores entender los atributos del producto en 0,2 segundos, impulsando as\u00ed las compras impulsivas.<\/li>\n<li>Establecer confianza en la marca: El uso de elementos verdes y naturales ayuda a construir r\u00e1pidamente una percepci\u00f3n de la marca como &#8220; puro, seguro y eficaz. &#8221;<\/li>\n<li>Estimular emociones positivas: Los patrones de fruta brillantes y atractivos tienen un impacto emocional, mejorando la marca&#8217; atractivo y haciendo el cuidado de la piel una experiencia m\u00e1s agradable.<\/li>\n<li>Targeting de mercado preciso: se alinea perfectamente con las tres tendencias globales de &#8220; pura belleza,&#8221;  &#8220; placer sensorial &#8221;  and &#8220; enfoque centrado en ingredientes,&#8221; que est\u00e1n experimentando una popularidad sostenida.<\/li>\n<\/ul>\n<p>&nbsp;<\/p>\n<p>&nbsp;<\/p>\n<ul>\n<li><b><\/b><strong><b>Escenarios de aplicaci\u00f3n para el producto:<\/b><\/strong><\/li>\n<\/ul>\n<p>Este producto es especialmente adecuado para los siguientes productos y escenarios de consumo:<\/p>\n<p>&nbsp;<\/p>\n<ul>\n<li>For &#8220; vibrante&#8221; necesidades:<\/li>\n<li>Productos recomendados: Vitamina C Brightening Essence, Pomelo Facial Rejuvenating Cream, Orange Light Makeup Cream.<\/li>\n<li>Escenarios: Como primer paso en el cuidado de la piel durante la ma\u00f1ana, el visual y el aroma de los c\u00edtricos pueden despertar inmediatamente la piel y estimular el esp\u00edritu.<\/li>\n<li>For &#8220; hidratantes refrescantes&#8221;  and &#8220; cuidado corporal&#8221;:<\/li>\n<li>Productos recomendados: Hidratante de flor de naranja, suero corporal de pomelo, suero refrescante de manos.<\/li>\n<li>Escenarios: El tubo peque\u00f1o es adecuado para sentarse en un escritorio o en una bolsa de fitness para rehidratar y energizar su piel en cualquier momento.<\/li>\n<li>Para los viajes &amp; Mercado de regalos:<\/li>\n<li>Productos recomendados: Esenciales de viaje, Conjunto especial de vacaciones, Paquetes de experiencia de cuidado de la piel de fin de semana.<\/li>\n<li>Escenarios: El dise\u00f1o animado es perfecto para promociones de verano, piezas de repuesto de hotel de gama alta o un regalo de miembro que da una sensaci\u00f3n fresca y agradable.<\/li>\n<li>For &#8220; Compartir en redes sociales&#8221;:<\/li>\n<li>Producto recomendado: Cualquier producto de cuidado de la piel que tenga el potencial de ser una celebridad de Internet.<\/li>\n<li>Escena: Con alta apariencia y alto grado de saturaci\u00f3n, es naturalmente el favorito de Instagram, Tiktok y Xiaohong Book. Anima a los clientes a tomar fotos y compartir, formando una segunda comunicaci\u00f3n.<\/li>\n<\/ul>\n<p><strong><b>\u00a0<\/b><\/strong><\/p>","protected":false},"featured_media":0,"comment_status":"closed","ping_status":"closed","template":"","meta":[],"product_brand":[],"product_cat":[44],"product_tag":[],"class_list":{"0":"post-3496","1":"product","2":"type-product","3":"status-publish","5":"product_cat-25-pe-plastic-tube","7":"first","8":"instock","9":"shipping-taxable","10":"purchasable","11":"product-type-simple"},"_links":{"self":[{"href":"https:\/\/www.hongyitube.com\/es\/wp-json\/wp\/v2\/product\/3496","targetHints":{"allow":["GET"]}}],"collection":[{"href":"https:\/\/www.hongyitube.com\/es\/wp-json\/wp\/v2\/product"}],"about":[{"href":"https:\/\/www.hongyitube.com\/es\/wp-json\/wp\/v2\/types\/product"}],"replies":[{"embeddable":true,"href":"https:\/\/www.hongyitube.com\/es\/wp-json\/wp\/v2\/comments?post=3496"}],"wp:attachment":[{"href":"https:\/\/www.hongyitube.com\/es\/wp-json\/wp\/v2\/media?parent=3496"}],"wp:term":[{"taxonomy":"product_brand","embeddable":true,"href":"https:\/\/www.hongyitube.com\/es\/wp-json\/wp\/v2\/product_brand?post=3496"},{"taxonomy":"product_cat","embeddable":true,"href":"https:\/\/www.hongyitube.com\/es\/wp-json\/wp\/v2\/product_cat?post=3496"},{"taxonomy":"product_tag","embeddable":true,"href":"https:\/\/www.hongyitube.com\/es\/wp-json\/wp\/v2\/product_tag?post=3496"}],"curies":[{"name":"WP","href":"https:\/\/api.w.org\/{rel}","templated":true}]}}