{"id":3485,"date":"2026-01-08T21:12:31","date_gmt":"2026-01-08T13:12:31","guid":{"rendered":"https:\/\/www.hongyitube.com\/?post_type=product&#038;p=3485"},"modified":"2026-01-08T21:12:31","modified_gmt":"2026-01-08T13:12:31","slug":"%cf%8625-20ml-25ml-round-soft-glossy-finish-tube-packaging-for-skincare-products-hongyi-plastic","status":"publish","type":"product","link":"https:\/\/www.hongyitube.com\/es\/product\/%cf%8625-20ml-25ml-round-soft-glossy-finish-tube-packaging-for-skincare-products-hongyi-plastic\/","title":{"rendered":"\u03a625 20ml-25ml Embalaje redondo de tubo de acabado suave brillante para productos de cuidado de la piel.  &#8211; pl\u00e1stico Hongyi"},"content":{"rendered":"<p>Hongyi Plastic\u03a625 20ml-25ml 0.68-0.85fl.oz Embalaje redondo de tubo de acabado suave brillante para productos de cuidado de la piel.<\/p>\n<p>Este producto est\u00e1 dise\u00f1ado espec\u00edficamente para los consumidores modernos que priorizan experiencias naturales, suaves y sensoriales. Evita la sensaci\u00f3n fr\u00eda e industrial, optando por un color beige suave y cremoso y la artesan\u00eda t\u00e1ctil para crear un paquete de cuidado de la piel que se integra a la perfecci\u00f3n en un ambiente de vida c\u00e1lido y acogedor, proporcionando una sensaci\u00f3n de confort y placer. Concepto b\u00e1sico: Infunde un toque de minimalismo c\u00e1lido en tus rituales de cuidado de la piel.<\/p>\n<ol>\n<li>Descripci\u00f3n del producto<\/li>\n<\/ol>\n<p>&nbsp;<\/p>\n<p>Se trata de un envase de tubo blando de calibre 25 dise\u00f1ado espec\u00edficamente para productos de cuidado de la piel de gama media a alta. El tubo sin tapa mide 100 mm de longitud y tiene una capacidad de 20-35 ml, lo que lo convierte en un recipiente ideal para esencias, lociones y cremas. Su caracter\u00edstica destacada reside en el cuerpo de tubo beige c\u00e1lido y suave con una superficie mate, que transmite una experiencia sensorial natural, calmante y de alta calidad tanto visualmente como t\u00e1ctilmente, perfectamente alineada con las tendencias globales de &#8220; bienestar sensorial&#8221;  and &#8220; pura belleza. &#8221;<\/p>\n<p>&nbsp;<\/p>\n<ol>\n<li>Material y proceso del producto<\/li>\n<\/ol>\n<p>&nbsp;<\/p>\n<ul>\n<li>Material del cuerpo del tubo: pl\u00e1stico PE de alta calidad para garantizar una buena flexibilidad y compatibilidad del contenido.<\/li>\n<li>Color y textura:<\/li>\n<li>Cuerpo beige c\u00e1lido: opaco para una mejor protecci\u00f3n de los ingredientes activos sensibles a la luz (por ejemplo, retinol, vitamina C). Los tonos c\u00e1lidos aportan un lenguaje visual natural y org\u00e1nico.<\/li>\n<li>Recubrimiento con aceite de humedad: Despu\u00e9s de la impresi\u00f3n, todo el cuerpo est\u00e1 cubierto con un aceite de humedad mate, creando un toque delicado y parecido a la piel que es extremadamente f\u00e1cil de usar y resbaladizo. Evita la reflectancia barata del aceite ligero ordinario y presenta una calidad silenciada avanzada.<\/li>\n<li>Proceso de impresi\u00f3n: El texto y los patrones utilizan tecnolog\u00eda de impresi\u00f3n offset, con una alta reducci\u00f3n de color, bordes claros y afilados, y un efecto visual refinado y discreto en una superficie mate.<\/li>\n<\/ul>\n<p><strong><b>Aplicaciones recomendadas <\/b><\/strong>:<\/p>\n<ol>\n<li>Ingredientes activos fotosensibles Productos para el cuidado de la piel<\/li>\n<\/ol>\n<p>&nbsp;<\/p>\n<ul>\n<li>Retinol esenciales: El tubo beige proporciona una protecci\u00f3n perfecta contra la luz y garantiza la actividad de los ingredientes<\/li>\n<li>Loci\u00f3n derivada de vitamina C: protege los antioxidantes de la luz<\/li>\n<li>Leche corporal de rejuvenecimiento de \u00e1cido de fruta: capacidad de 35ml para uso de rejuvenecimiento local<\/li>\n<\/ul>\n<p>&nbsp;<\/p>\n<ol start=\"2\">\n<li>Colecci\u00f3n Org\u00e1nica Natural<\/li>\n<\/ol>\n<p>&nbsp;<\/p>\n<ul>\n<li>Crema de manos Milky grove: textura c\u00e1lida e ingredientes naturales complementan<\/li>\n<li>Crema calmante de avena: una f\u00f3rmula suave para la piel sensible<\/li>\n<li>Esenciales de \u00e1rbol de t\u00e9 org\u00e1nico: cuidado t\u00f3pico para los m\u00fasculos de la espinilla<\/li>\n<\/ul>\n<p>&nbsp;<\/p>\n<ol start=\"3\">\n<li>Serie anti-envejecimiento de gama alta<\/li>\n<\/ol>\n<p>&nbsp;<\/p>\n<ul>\n<li>Esencia de endurecimiento de p\u00e9ptidos: dosificaci\u00f3n precisa de 20ml, con anti-envejecimiento profesional<\/li>\n<li>Crema de llenado hialur\u00f3nica: cuidado t\u00f3pico para l\u00edneas de pedido, l\u00edneas de cuello<\/li>\n<\/ul>\n<p>&nbsp;<\/p>\n<p>Utilizar la coincidencia de escenarios<\/p>\n<p>&nbsp;<\/p>\n<p>Cuidado diario de precisi\u00f3n<\/p>\n<p>&nbsp;<\/p>\n<ul>\n<li>Una mesa de noche imprescindible: un tono beige que es suave y no duro, haciendo que el cuidado de la piel sea m\u00e1s c\u00f3modo por la noche<\/li>\n<li>Compa\u00f1ero de viajero: 35ml perfecto en la bolsa de maquillaje, listo para llenar<\/li>\n<li>Equipo de gimnasio: acabado mate antideslizante, mejor agarre despu\u00e9s del ejercicio<\/li>\n<\/ul>\n<p>&nbsp;<\/p>\n<p>Aplicaciones para ocasiones especiales<\/p>\n<p>&nbsp;<\/p>\n<ul>\n<li>Cuidados intensivos antes de la boda: paquete de tratamientos esenciales de 4 semanas<\/li>\n<li>El protagonista de un kit de viaje: Proteger la piel para diferentes climas<\/li>\n<li>Regalos de negocios: Opciones de regalo de lujo de bajo nivel<\/li>\n<\/ul>\n<p>&nbsp;<\/p>\n<p>Consejos de uso<\/p>\n<p>&nbsp;<\/p>\n<p>Control de uso de precisi\u00f3n<\/p>\n<p>&nbsp;<\/p>\n<ul>\n<li>Esenciales: 2-3 tama\u00f1os de perla a la vez, durando 4-6 semanas con uso por la ma\u00f1ana y la noche<\/li>\n<li>Categor\u00eda crema: 35ml instalado como producto de temporada, perfecto para la temporada<\/li>\n<\/ul>\n<p>&nbsp;<\/p>\n<p>Mejor momento para usar<\/p>\n<p>&nbsp;<\/p>\n<ul>\n<li>Temporada de alta iluminaci\u00f3n: se proporciona protecci\u00f3n adicional contra la luz durante la primavera y el verano<\/li>\n<li>Ambiente con aire acondicionado: proporciona una barrera de protecci\u00f3n continua a la piel<\/li>\n<li>Vuelos de larga distancia: mantenimiento intensivo en cabina<\/li>\n<\/ul>\n<p>&nbsp;<\/p>\n<p>Sugerencias de emparejamiento<\/p>\n<p>&nbsp;<\/p>\n<p>Portfolio de productos<\/p>\n<p>&nbsp;<\/p>\n<ol>\n<li>Combo de la ma\u00f1ana<\/li>\n<\/ol>\n<ul>\n<li>Tubos de ma\u00edz: suero antioxidante<\/li>\n<li>Emparejamiento: Protector solar<\/li>\n<\/ul>\n<ol start=\"2\">\n<li>Noche Combo<\/li>\n<\/ol>\n<ul>\n<li>Metilfenidato: esencia de retinol<\/li>\n<li>Emparejamiento: Crema para el rostro restaurada<\/li>\n<\/ul>\n<p>&nbsp;<\/p>\n<p>Recomendaciones de temporada<\/p>\n<p>&nbsp;<\/p>\n<ul>\n<li>Oto\u00f1o e Invierno: serie de restauraci\u00f3n hidratante<\/li>\n<li>Primavera y verano: una l\u00ednea de blanqueamiento refrescante<\/li>\n<\/ul>\n<p>Este envase es particularmente adecuado para los consumidores que priorizan la conservaci\u00f3n de ingredientes, se centran en la experiencia del usuario y aprecian la est\u00e9tica minimalista. Satisfa las necesidades funcionales al mismo tiempo que proporciona una experiencia sensorial agradable.<\/p>\n<p>&nbsp;<\/p>","protected":false},"excerpt":{"rendered":"<ul>\n<li><b><\/b><strong><b>Dise\u00f1o del cuerpo del tubo<\/b><\/strong>.<\/li>\n<li>Tono de dise\u00f1o: Adoptar un &#8220; estilo minimalista c\u00e1lido&#8221;.<\/li>\n<li>Estrategia de color: La paleta general presenta un tono beige suave, creando una sensaci\u00f3n de pureza y naturalidad.<\/li>\n<li>Presentaci\u00f3n visual y textual: Utilizando t\u00e9cnicas de impresi\u00f3n offset de alta precisi\u00f3n, el logotipo y la informaci\u00f3n de la marca se presentan de manera concisa y clara. Los patrones y el texto est\u00e1n perfectamente integrados con un barniz de acabado suave, lo que resulta en un tacto suave y una apariencia visualmente sofisticada pero discreta.<\/li>\n<\/ul>\n<p>Ventajas del producto:<\/p>\n<ul>\n<li>Diferenciaci\u00f3n de estantes: En medio de estantes dominados por tonos frescos como blanco, azul y plata, el tono c\u00e1lido de amarillo cremoso puede destacar y captar la atenci\u00f3n.<\/li>\n<li>Establecer la confianza de la marca: Los tonos suaves y el acabado mate trabajan juntos para crear una imagen profesional de la marca como &#8220; suave, eficaz y confiable. &#8221;<\/li>\n<li>Mejorar la experiencia del usuario: La sensaci\u00f3n t\u00e1ctil superior hace que el producto&#8217; uso m\u00e1s ceremonial y agradable, aumentando as\u00ed la afinidad de la marca y la lealtad del cliente.<\/li>\n<li>Comunicar el concepto de pureza: El lenguaje de dise\u00f1o general se relaciona intr\u00ednsecamente con conceptos como &#8220; pura belleza,&#8221;  &#8220; sin aditivos,&#8221;  and &#8220; cuidado de la piel suave,&#8221; llegar efectivamente al p\u00fablico objetivo.<\/li>\n<\/ul>\n<p>&nbsp;<\/p>\n<ul>\n<li><b><\/b><strong><b>Escenarios de aplicaci\u00f3n para el producto.\uff1a\u00a0<\/b><\/strong><\/li>\n<\/ul>\n<p>Este producto es particularmente adecuado para los siguientes productos y escenarios de consumo:<\/p>\n<p>&nbsp;<\/p>\n<ul>\n<li>Para los entusiastas de &#8220; pura belleza&#8221; productos:<\/li>\n<li>Productos recomendados: Crema facial org\u00e1nica natural, loci\u00f3n hidratante suave, crema de reparaci\u00f3n de la piel sensible.<\/li>\n<li>Escenario: La sensaci\u00f3n natural del envase complementa la formulaci\u00f3n pura del producto, aumentando as\u00ed la confianza del consumidor.<\/li>\n<li>Para usuarios interesados en &#8220; enfocado en ingredientes&#8221;  and &#8220; cuidado de la piel de alta eficacia&#8221;:<\/li>\n<li>Productos recomendados: suero de retinol, suero antioxidante, crema antiarrugas.<\/li>\n<li>Escenario: El tubo opaco de color beige proporciona una protecci\u00f3n \u00f3ptima para estos ingredientes activos fotosensibles, asegurando su eficacia durante el uso.<\/li>\n<li>Para personas apasionadas por &#8220; est\u00e9tica del hogar&#8221;:<\/li>\n<li>Productos recomendados: Crema de manos, Loci\u00f3n de masaje para el hogar, B\u00e1lsamo labial.<\/li>\n<li>Escenario: La apariencia c\u00e1lida puede mezclarse perfectamente en mesas de vanidad del ba\u00f1o, mesas de noche o \u00e1reas de lavabo de cocina, convirti\u00e9ndola en una pieza decorativa elegante.<\/li>\n<li>Dirigirse a &#8220; mercado de regalos&#8221;:<\/li>\n<li>Productos recomendados: Juegos de edici\u00f3n limitada festiva, art\u00edculos de regalo de experiencia spa.<\/li>\n<li>Escenario: Su apariencia c\u00e1lida y suave transmite intr\u00ednsecamente un &#8220; regalo&#8221; calidad, evocando sentimientos de reflexi\u00f3n y cuidado, por lo que es una opci\u00f3n ideal para regalos.  The &#8220; Tubo de luz suave de tono c\u00e1lido&#8221; es m\u00e1s que un contenedor; representa una forma de transferencia de valor emocional. Proporciona a los consumidores una sensaci\u00f3n de seguridad, comodidad y placer a trav\u00e9s de sus colores c\u00e1lidos y sensaci\u00f3n t\u00e1ctil, aline\u00e1ndose perfectamente con las necesidades integrales del mercado internacional de conexiones emocionales, experiencias sensoriales y protecci\u00f3n de ingredientes.<\/li>\n<\/ul>","protected":false},"featured_media":0,"comment_status":"closed","ping_status":"closed","template":"","meta":[],"product_brand":[],"product_cat":[44],"product_tag":[],"class_list":{"0":"post-3485","1":"product","2":"type-product","3":"status-publish","5":"product_cat-25-pe-plastic-tube","7":"first","8":"instock","9":"shipping-taxable","10":"purchasable","11":"product-type-simple"},"_links":{"self":[{"href":"https:\/\/www.hongyitube.com\/es\/wp-json\/wp\/v2\/product\/3485","targetHints":{"allow":["GET"]}}],"collection":[{"href":"https:\/\/www.hongyitube.com\/es\/wp-json\/wp\/v2\/product"}],"about":[{"href":"https:\/\/www.hongyitube.com\/es\/wp-json\/wp\/v2\/types\/product"}],"replies":[{"embeddable":true,"href":"https:\/\/www.hongyitube.com\/es\/wp-json\/wp\/v2\/comments?post=3485"}],"wp:attachment":[{"href":"https:\/\/www.hongyitube.com\/es\/wp-json\/wp\/v2\/media?parent=3485"}],"wp:term":[{"taxonomy":"product_brand","embeddable":true,"href":"https:\/\/www.hongyitube.com\/es\/wp-json\/wp\/v2\/product_brand?post=3485"},{"taxonomy":"product_cat","embeddable":true,"href":"https:\/\/www.hongyitube.com\/es\/wp-json\/wp\/v2\/product_cat?post=3485"},{"taxonomy":"product_tag","embeddable":true,"href":"https:\/\/www.hongyitube.com\/es\/wp-json\/wp\/v2\/product_tag?post=3485"}],"curies":[{"name":"WP","href":"https:\/\/api.w.org\/{rel}","templated":true}]}}