{"id":3476,"date":"2026-01-08T19:28:17","date_gmt":"2026-01-08T11:28:17","guid":{"rendered":"https:\/\/www.hongyitube.com\/?post_type=product&#038;p=3476"},"modified":"2026-01-08T19:28:17","modified_gmt":"2026-01-08T11:28:17","slug":"%cf%8625-20ml-40ml-20g-40g-0-68-1-35fl-oz-black-tube-with-heat-applied-blue-colored-coating-skincare-medical-industrial-adhesive-soft-gel-tube-squeezed-packaging-bottle-hongyi-plastic","status":"publish","type":"product","link":"https:\/\/www.hongyitube.com\/es\/product\/%cf%8625-20ml-40ml-20g-40g-0-68-1-35fl-oz-black-tube-with-heat-applied-blue-colored-coating-skincare-medical-industrial-adhesive-soft-gel-tube-squeezed-packaging-bottle-hongyi-plastic\/","title":{"rendered":"\u03a625 20ml-40ml 20g-40g 0.68-1.35fl.oz Tubo negro con recubrimiento azul aplicado por calor, cuidado de la piel, adhesivo m\u00e9dico, industrial, tubo de gel suave, botella de envasado prensada &#8211; pl\u00e1stico Hongyi"},"content":{"rendered":"<p>Hongyi Plastic \u03a625 20ml-40ml 20g-40g 0.68-1.35fl.oz Tubo negro con recubrimiento azul aplicado por calor, cuidado de la piel, adhesivo m\u00e9dico, industrial, tubo de gel suave, botella de envasado presionada.<\/p>\n<p>Este tubo flexible de PE negro de 25 mm de di\u00e1metro altamente orientado al dise\u00f1o es un envase de tubo flexible de PE premium dise\u00f1ado espec\u00edficamente para marcas que priorizan tanto la est\u00e9tica moderna como la funcionalidad. Las especificaciones est\u00e1ndar son un di\u00e1metro de 25 mm y una longitud de 112 mm (excluyendo la tapa), con una capacidad de 20-35 ml. El elemento central del dise\u00f1o radica en el uso innovador de las t\u00e9cnicas de estampado en caliente y estampado en relieve: a partir del tubo&#8217; s final, un bloque de color azul de 43 mm de ancho est\u00e1 estampado en caliente, con el &#8220; FIT&#8221; logotipo de marca y un 8&#215; Ventana rectangular negra de 18 mm en relieve en este bloque de color. El azul &#8220; me&#8221; El texto se sella en caliente en la ventana, creando una fuerte jerarqu\u00eda visual. Una tira larga azul tambi\u00e9n est\u00e1 estampada en caliente en el lado frontal del cuerpo del tubo, utilizado para serigraf\u00eda del producto&#8217; mensaje principal. Todos los par\u00e1metros y el texto en la parte posterior se imprimen utilizando t\u00e9cnicas de alto contraste para garantizar la m\u00e1xima legibilidad. Este producto se puede combinar con una amplia gama de soluciones, adecuadas para varios colores galvanizados, dise\u00f1os de tapas \/ tapas moldeadas por inyecci\u00f3n y opciones de tapas funcionales como insertos en forma de punta, para satisfacer diversas necesidades que van desde productos de consumo diarios hasta aplicaciones especializadas.<\/p>\n<ul>\n<li>Material principal: Polietileno (PE). Este es un material seguro ampliamente reconocido a nivel mundial, conocido por su excelente estabilidad qu\u00edmica, lo que le permite ser compatible con la mayor\u00eda de las pastas, geles y l\u00edquidos sin sufrir reacciones da\u00f1inas.<\/li>\n<li>Certificaci\u00f3n de seguridad: El material PE cumple con las normas internacionales para los materiales de contacto con alimentos y farmac\u00e9uticos (como FDA, CE 1935\/2004), garantizando una seguridad absoluta cuando se utiliza en productos m\u00e9dicos y de cuidado personal.<\/li>\n<li>Propiedades f\u00edsicas: El material PE tiene una excelente flexibilidad y resistencia a la compresi\u00f3n, lo que facilita la expulsi\u00f3n completa del contenido al tiempo que minimiza los residuos. Adem\u00e1s, es ligero y resistente a golpes, lo que lo hace adecuado para aplicaciones industriales de viajes y al aire libre.<\/li>\n<li>Atributos ambientales: El PE es un material reciclable, que se alinea con las expectativas globales de los consumidores para envases sostenibles.<\/li>\n<\/ul>\n<p><strong><b>Materiales de envasado de tubos flexibles <\/b><\/strong><strong><b>Aplicaciones recomendadas <\/b><\/strong>:<\/p>\n<p>El tubo flexible de PE negro con un di\u00e1metro de 25 calibres, conocido por su apariencia profesional, materiales seguros y capacidad precisa, es una opci\u00f3n ideal para las siguientes tres aplicaciones principales:<\/p>\n<p>&nbsp;<\/p>\n<ul>\n<li>La industria de la belleza y el cuidado personal:<\/li>\n<li>Hombres&#8217; s l\u00ednea de cuidado de la piel: productos como sueros, cremas para los ojos y geles de cuidado post-afeitado.<\/li>\n<li>Maquillaje profesional: crema base pre-maquillaje, l\u00edquido destacador.<\/li>\n<li>Conjunto de viaje de gama alta: esencia concentrada y loci\u00f3n.<\/li>\n<li>La industria farmac\u00e9utica y sanitaria:<\/li>\n<li>Formulaciones t\u00f3picas locales: gel analg\u00e9sico, crema para aliviar la tensi\u00f3n muscular, agente de acoplamiento m\u00e9dico, ung\u00fcento para el cuidado de las cicatrices.<\/li>\n<li>Productos de salud: aceites esenciales de masaje, l\u00edquidos de aromaterapia roll-on, cremas vitam\u00ednicas.<\/li>\n<li>Industria y sector qu\u00edmico:<\/li>\n<li>Lubricantes de precisi\u00f3n: Se usan en dispositivos electr\u00f3nicos, instrumentos de precisi\u00f3n y equipos deportivos.<\/li>\n<li>Adhesivos especializados: adhesivos epoxi de un solo componente, adhesivos instant\u00e1neos de alta resistencia.<\/li>\n<li>Productos de mantenimiento y cuidado: pasta de limpieza de pantalla, pasta de protecci\u00f3n de metal, tintes especializados.<\/li>\n<\/ul>\n<h3>1.\u00a0 \u00a0<strong><b>Atributos del producto\u00a0<\/b><\/strong><\/h3>\n<ul>\n<li>Dise\u00f1o visual disruptivo: Combinando t\u00e9cnicas de grabado en relieve y perforaci\u00f3n para crear un &#8220; ventana&#8221; efecto, que combina tecnolog\u00eda y dise\u00f1o, creando un fuerte impacto visual.<\/li>\n<li>Claridad extrema de la informaci\u00f3n: Use esquemas de colores de alto contraste (fondo negro texto azul \/ blanco) para asegurarse de que toda la informaci\u00f3n clave (incluyendo advertencias de seguridad, listas de ingredientes, instrucciones de uso) sea clara de un vistazo, lo que es crucial para el uso seguro de productos farmac\u00e9uticos y industriales.<\/li>\n<li>Flexibilidad incomparable en la coincidencia: desde tapas electrochapadas de lujo hasta tapas de inyecci\u00f3n simples, desde tapas de tornillo est\u00e1ndar hasta tapas de boquillo funcionales, las marcas pueden coincidir con precisi\u00f3n seg\u00fan el posicionamiento del producto y los escenarios de uso.<\/li>\n<li>Durable: el material de PE puede resistir la fricci\u00f3n y las colisiones en entornos industriales o en kits de herramientas, garantizando la integridad del embalaje y la seguridad del contenido.<\/li>\n<li>Cuantificaci\u00f3n precisa: El di\u00e1metro peque\u00f1o y el cuerpo flexible del tubo facilitan el control preciso de la dosificaci\u00f3n, lo que puede ahorrar efectivamente costos para productos industriales y farmac\u00e9uticos de alto precio unitario o alta concentraci\u00f3n.<\/li>\n<\/ul>","protected":false},"excerpt":{"rendered":"<ul>\n<li><b><\/b><strong><b>Dise\u00f1o del cuerpo del tubo<\/b><\/strong>.<\/li>\n<li>Lenguaje de dise\u00f1o: Est\u00e9tica tecnol\u00f3gica y modularidad:<\/li>\n<li>Psicolog\u00eda del color: el negro representa la autoridad, la tecnolog\u00eda y el lujo. El azul simboliza la confianza, la confiabilidad y la calma. Este esquema de colores se alinea perfectamente con los tonos de la industria de &#8220; cuidado tecnol\u00f3gico de la piel,&#8221;  &#8220; formulaciones profesionales,&#8221;  and &#8220; industrias de precisi\u00f3n. &#8221;<\/li>\n<li>Dise\u00f1o del logotipo principal: El hueco &#8220; FIT&#8221; combinado con el relieve &#8220; me&#8221; crea un s\u00faper s\u00edmbolo que es dif\u00edcil de olvidar. Este dise\u00f1o no solo es de moda sino que tambi\u00e9n sugiere sutilmente la precisi\u00f3n (Fit) y la personalizaci\u00f3n (me) del producto a trav\u00e9s del &#8220; ventana-como&#8221; efecto, que resuena con los conceptos de marca de varias industrias.<\/li>\n<li>Segmentaci\u00f3n funcional clara: El dise\u00f1o separa efectivamente el cuerpo en secciones distintas, incluyendo el \u00e1rea de identificaci\u00f3n de marca (FIT me), el \u00e1rea del punto de venta principal (tiras largas azules), la secci\u00f3n de par\u00e1metros (en el lado del tubo) y la secci\u00f3n de informaci\u00f3n regulatoria (en la parte posterior). Este dise\u00f1o modular est\u00e1 organizado l\u00f3gicamente y se alinea con el consumidor global&#8217; la preferencia de captar r\u00e1pidamente la informaci\u00f3n.<\/li>\n<\/ul>\n<p>Ventajas del producto:<\/p>\n<ul>\n<li>Establecer una identidad de marca distinta: El dise\u00f1o \u00fanico posiciona al producto como el punto focal visual en medio de un estante lleno de gente, ayudando a las nuevas marcas a obtener reconocimiento r\u00e1pidamente o actualizando la imagen de las marcas establecidas.<\/li>\n<li>Proyectar profesionalidad y confiabilidad: El dise\u00f1o general transmite una sensaci\u00f3n de minuciosidad, precisi\u00f3n y fiabilidad, lo que puede establecer r\u00e1pidamente la confianza con los consumidores globales que tienen altas expectativas de calidad.<\/li>\n<li>Establecer una imagen de marca unificada en todas las industrias: Cuando una marca opera tanto en las l\u00edneas de productos de cuidado personal como en los productos de cuidado dom\u00e9stico, el uso de este envase puede ayudar a crear una imagen de familia de marca fuerte y unificada.<\/li>\n<li>Mejorar la experiencia del usuario final: si&#8217; logrando la dispensaci\u00f3n precisa del adhesivo a trav\u00e9s de un inserto de punta especializado o facilitando el apretamiento f\u00e1cil con un cuerpo de tubo flexible, estas caracter\u00edsticas mejoran significativamente la experiencia general del usuario.<\/li>\n<li>Cumplimiento de los requisitos regulatorios globales: las \u00e1reas de etiquetado claras facilitan la impresi\u00f3n de instrucciones multiling\u00fces y s\u00edmbolos de seguridad que cumplen con las normas locales, lo que facilita la entrada del producto en los mercados internacionales.<\/li>\n<\/ul>\n<p>&nbsp;<\/p>\n<ul>\n<li><b><\/b><strong><b>Escenarios de aplicaci\u00f3n para el producto:\u00a0<\/b><\/strong><\/li>\n<li>Accesorio conveniente para los viajeros urbanos: Los consumidores guardan este art\u00edculo, que contiene crema para manos o protector solar, en sus maletines o bolsas para port\u00e1tiles. Su dise\u00f1o elegante hace que parezca un accesorio tecnol\u00f3gico, garantizando un f\u00e1cil acceso cuando sea necesario.<\/li>\n<li>Entusiasta del fitness&#8217; s paquete de recuperaci\u00f3n deportiva: Dise\u00f1ado para mantener el gel de masaje utilizado para aliviar el dolor muscular despu\u00e9s del ejercicio.  The &#8220; FIT&#8221; tema se alinea perfectamente con el contexto de fitness, lo que lo hace perfectamente integrado en una bolsa relacionada con el fitness.<\/li>\n<li>Mayordomo inteligente para espacios de trabajo en el hogar: los entusiastas del bricolaje lo usan para almacenar lubricantes el\u00e9ctricos de precisi\u00f3n o adhesivos fuertes. Su aspecto profesional en negro y azul lo distingue de las herramientas ordinarias, mientras que el transparente &#8220; ventana&#8221; dise\u00f1o (la secci\u00f3n hueca) facilita la identificaci\u00f3n r\u00e1pida de los contenidos.<\/li>\n<li>Viajero&#8217; Protecci\u00f3n de la salud: Incorpore este art\u00edculo, que contiene recipientes para pomadas para aliviar el dolor o cremas de mentol, en el kit de medicamentos para viajes. Es compacto y tiene buenas propiedades de sellado, proporcionando tranquilidad con respecto a la protecci\u00f3n de la salud durante el viaje.<\/li>\n<li>Herramientas de eficiencia para profesionales: Desde ingenieros hasta masajistas, estos profesionales pueden incorporar sus art\u00edculos especializados en sus cajas de herramientas de trabajo, con una apariencia que refleje la profesionalidad del usuario.<\/li>\n<\/ul>\n<p>Este tubo flexible PE negro de calibre 25 es un &#8220; motor de dise\u00f1o que empodera a las marcas. &#8221; Integra con \u00e9xito la est\u00e9tica, la funcionalidad y la confianza a trav\u00e9s de un lenguaje de dise\u00f1o pionero, materiales seguros y fiables y configuraciones altamente flexibles. Para sus consumidores, elegir este producto de envasado significa que est\u00e1n optando por un estilo de vida que se alinea con la vida tecnol\u00f3gica moderna, enfatizando tanto la eficiencia como el gusto. Ya sea que los contenidos sean productos para el cuidado de la piel, productos farmac\u00e9uticos o bienes industriales, ayuda a las marcas a contar una historia convincente sobre precisi\u00f3n, profesionalismo e individualidad.<\/p>","protected":false},"featured_media":3482,"comment_status":"closed","ping_status":"closed","template":"","meta":[],"product_brand":[],"product_cat":[44],"product_tag":[],"class_list":{"0":"post-3476","1":"product","2":"type-product","3":"status-publish","4":"has-post-thumbnail","6":"product_cat-25-pe-plastic-tube","8":"first","9":"instock","10":"shipping-taxable","11":"purchasable","12":"product-type-simple"},"_links":{"self":[{"href":"https:\/\/www.hongyitube.com\/es\/wp-json\/wp\/v2\/product\/3476","targetHints":{"allow":["GET"]}}],"collection":[{"href":"https:\/\/www.hongyitube.com\/es\/wp-json\/wp\/v2\/product"}],"about":[{"href":"https:\/\/www.hongyitube.com\/es\/wp-json\/wp\/v2\/types\/product"}],"replies":[{"embeddable":true,"href":"https:\/\/www.hongyitube.com\/es\/wp-json\/wp\/v2\/comments?post=3476"}],"wp:featuredmedia":[{"embeddable":true,"href":"https:\/\/www.hongyitube.com\/es\/wp-json\/wp\/v2\/media\/3482"}],"wp:attachment":[{"href":"https:\/\/www.hongyitube.com\/es\/wp-json\/wp\/v2\/media?parent=3476"}],"wp:term":[{"taxonomy":"product_brand","embeddable":true,"href":"https:\/\/www.hongyitube.com\/es\/wp-json\/wp\/v2\/product_brand?post=3476"},{"taxonomy":"product_cat","embeddable":true,"href":"https:\/\/www.hongyitube.com\/es\/wp-json\/wp\/v2\/product_cat?post=3476"},{"taxonomy":"product_tag","embeddable":true,"href":"https:\/\/www.hongyitube.com\/es\/wp-json\/wp\/v2\/product_tag?post=3476"}],"curies":[{"name":"WP","href":"https:\/\/api.w.org\/{rel}","templated":true}]}}