{"id":3466,"date":"2026-01-08T19:18:30","date_gmt":"2026-01-08T11:18:30","guid":{"rendered":"https:\/\/www.hongyitube.com\/?post_type=product&#038;p=3466"},"modified":"2026-01-08T19:18:30","modified_gmt":"2026-01-08T11:18:30","slug":"%cf%8625-20ml-45ml-round-soft-tube-packaging-for-skincare-products-hongyi-plastic-2","status":"publish","type":"product","link":"https:\/\/www.hongyitube.com\/es\/product\/%cf%8625-20ml-45ml-round-soft-tube-packaging-for-skincare-products-hongyi-plastic-2\/","title":{"rendered":"\u03a625 20ml-45ml Envasado redondo de tubo blando para productos de cuidado de la piel.  &#8211; pl\u00e1stico Hongyi"},"content":{"rendered":"<p>Hongyi Plastic\u03a625 20ml-45ml 0.68-1.52fl.oz Materiales de envasado de tubo blando redondo para productos de cuidado de la piel.<\/p>\n<p>Este producto es un art\u00edculo de cuidado de la piel de gama media a alta envasado en un tubo de gel suave. El cuerpo del tubo tiene un di\u00e1metro est\u00e1ndar de 25 mm, y la longitud sin tapa es de 100 mm. La capacidad var\u00eda de 20 a 35 ml, lo que lo hace adecuado para su uso como producto de tama\u00f1o completo. El concepto principal del dise\u00f1o es &#8220; textura transparente y lujoso brillo,&#8221; logrado a trav\u00e9s de la combinaci\u00f3n inteligente de un cuerpo de tubo transparente, recubrimientos brillantes e impresi\u00f3n por transferencia de calor, junto con una tapa cromada. Esto crea una soluci\u00f3n de envasado altamente moderna y visualmente sorprendente, y ofrece varias opciones de tapa para permitir la personalizaci\u00f3n de la marca personalizada.<\/p>\n<ul>\n<li>Cuerpo: Material transparente PE (polietileno), que ofrece una excelente flexibilidad y visibilidad de los contenidos.<\/li>\n<li>Tratamiento superficial: Se aplica un revestimiento brillante al exterior del tubo, mejorando su textura y protegiendo el dise\u00f1o impreso.<\/li>\n<li>Impresi\u00f3n y estampado de l\u00e1mina: El texto utiliza t\u00e9cnicas de serigraf\u00eda; Los patrones de marca emplean estampado de papel de un solo color, verde claro, azul y rosado.<\/li>\n<li>Opciones de tipo de cubierta (puede emparejarse con):<\/li>\n<li>Tapa de gama alta: tapa de acr\u00edlico con revestimiento UV (con acabado met\u00e1lico o perloso), tapa de revestimiento UV.<\/li>\n<li>Tapas pr\u00e1cticas: Tapas roscadas moldeadas por inyecci\u00f3n de varios colores, as\u00ed como tapas cil\u00edndricas de doble capa y capa \u00fanica en diferentes colores.<\/li>\n<li>Cubierta conveniente: Varios colores hechos de materiales moldeados por inyecci\u00f3n con dise\u00f1os vol\u00e1tiles.<\/li>\n<li>Nese: Viene con un inserto est\u00e1ndar de boquilla moldeada por inyecci\u00f3n para garantizar una dispensaci\u00f3n precisa de material y un sello higi\u00e9nico.<\/li>\n<\/ul>\n<p><strong><b>Aplicaciones recomendadas <\/b><\/strong>:<\/p>\n<p>Este producto es una opci\u00f3n de embalaje ideal para los siguientes art\u00edculos de cuidado de la piel de gama media a alta:<\/p>\n<p>&nbsp;<\/p>\n<ul>\n<li>Productos de tipo esencia: l\u00edquido de esencia, l\u00edquido de base de piel y esencia de ampolla.<\/li>\n<li>Cuidado de los ojos: Crema para los ojos, suero para los ojos.<\/li>\n<li>Productos de cuidado local: suero para acn\u00e9, loci\u00f3n para acn\u00e9 y crema anti arrugas local.<\/li>\n<li>Productos de cuidado de la piel de alto rendimiento: imprimante de maquillaje, crema de barrera, esencia de alta concentraci\u00f3n.<\/li>\n<\/ul>\n<p>&nbsp;<\/p>\n<h3>1.\u00a0 \u00a0<strong><b>Atributos del producto\u00a0<\/b><\/strong><\/h3>\n<ul>\n<li>Acabado transparente y visualmente atractivo, de alta calidad: El cuerpo transparente combinado con un revestimiento brillante da al envase una apariencia cristalina y brillante, haciendo que sea f\u00e1cil ver la cantidad restante de contenido, mejorando de este modo significativamente el producto&#8217; sentido de pureza y confiabilidad.<\/li>\n<li>Experiencia visual de lujo ligero: El brillo met\u00e1lico o coloreado de los patrones en relieve en la superficie brillante, complementado por la deslumbrante textura del acabado recubierto con rayos UV, crean juntos una experiencia visual de lujo ligero y elegante.<\/li>\n<li>Altamente personalizable: Ofrece varias opciones de combinaci\u00f3n que van desde el tipo y el color de la tapa hasta el color utilizado para el estampado en caliente, lo que permite a los propietarios de marcas seleccionar libremente combinaciones que se alinean con su identidad de marca y crear dise\u00f1os de envases \u00fanicos.<\/li>\n<li>Dispensaci\u00f3n de higiene precisa: La punta de la boquilla moldeada por inyecci\u00f3n asegura un control preciso de la cantidad dispensada, evitando el desperdicio y al mismo tiempo evitando el contacto excesivo entre la pasta y el aire o los dedos, mejorando as\u00ed la higiene.<\/li>\n<li>Rendimiento de sellado y durabilidad excepcionales: El material PE, combinado con el ajuste apretado de varias tapas y tapones internos, garantiza propiedades de sellado fiables. El revestimiento brillante tambi\u00e9n mejora la resistencia a la abrasi\u00f3n del cuerpo del tubo.<\/li>\n<\/ul>","protected":false},"excerpt":{"rendered":"<ul>\n<li><b><\/b><strong><b>Dise\u00f1o del cuerpo del tubo<\/b><\/strong>.<\/li>\n<li>Textura b\u00e1sica: El cuerpo transparente del tubo combinado con un revestimiento brillante forma la base del dise\u00f1o, creando un efecto visual claro y brillante.<\/li>\n<li>Artesan\u00eda gr\u00e1fica y textual:<\/li>\n<li>Informaci\u00f3n del texto: Todo el texto explicativo se imprime mediante serigraf\u00eda sobre un revestimiento brillante, garantizando claridad y durabilidad.<\/li>\n<li>Patr\u00f3n de marca\/logotipo: Este es un punto destacado del dise\u00f1o. Utiliza un proceso de estampado en caliente monocrom\u00e1tico, ofreciendo opciones de color elegantes como opciones de color verde claro, azul y rosa. Los patrones estampados en caliente flotan por encima de la superficie brillante, proporcionando una textura lisa y una apariencia visualmente atractiva y prominente.<\/li>\n<\/ul>\n<p>Ventajas del producto:<\/p>\n<ul>\n<li>Fuerte atractivo de estante: La textura transparente, la cubierta galvanizada brillante y los intrincados patrones estampados en caliente hacen que el producto destaque r\u00e1pidamente en un entorno minorista.<\/li>\n<li>Proyectar una imagen de marca pura y de gama alta: El embalaje transparente transmite directamente la marca&#8217; valores de &#8220; pureza, &#8221;  &#8220; seguridad,&#8221;  and &#8220; eficiencia. &#8221; Este enfoque, combinado con un toque de artesan\u00eda de lujo, mejora significativamente la marca&#8217; capacidad de ordenar un precio premium.<\/li>\n<li>Adaptabilidad de marketing flexible: Al cambiar el color de estampado y el tipo de cubierta, es f\u00e1cil crear diferentes l\u00edneas de productos (como series cl\u00e1sicas, series de edici\u00f3n limitada, etc.), atendiendo a diversas necesidades de marketing.<\/li>\n<li>Experiencia de usuario excepcional: El dise\u00f1o puntiagudo hace que sea f\u00e1cil de usar, el cuerpo transparente del tubo permite una f\u00e1cil visibilidad de la cantidad restante y varios tipos de tapas (como la conveniencia de las tapas giratorias y las propiedades de sellado de las tapas giratorias) ofrecen diferentes experiencias t\u00e1ctiles, aumentando as\u00ed la satisfacci\u00f3n del cliente.<\/li>\n<li><b><\/b><strong><b>Escenarios de aplicaci\u00f3n para el producto:\u00a0<\/b><\/strong><\/li>\n<\/ul>\n<ol>\n<li>For &#8220; ingredientes&#8221;  and &#8220; cuidado de la piel minimalista&#8221; entusiastas:<\/li>\n<\/ol>\n<p>&nbsp;<\/p>\n<ul>\n<li>Recomendado: Extracto de vitamina C, extracto de HA, concentrado de nicotinamida.<\/li>\n<li>Escenarios: La botella transparente muestra la pureza de los ingredientes, y la aplicaci\u00f3n precisa asegura que los ingredientes activos funcionen con la m\u00e1xima eficiencia.<\/li>\n<\/ul>\n<p>&nbsp;<\/p>\n<ol start=\"2\">\n<li>For &#8220; especialistas en cuidado de la piel&#8221;  and &#8220; cuidado en varios pasos&#8221; practicantes:<\/li>\n<\/ol>\n<p>&nbsp;<\/p>\n<ul>\n<li>Productos recomendados: hidratante ocular, t\u00f3ner t\u00f3pico, t\u00f3ner para la eliminaci\u00f3n del acn\u00e9.<\/li>\n<li>Escenarios: La boquilla est\u00e1 perfectamente dise\u00f1ada para el cuidado t\u00f3pico, y la botella peque\u00f1a es f\u00e1cil de incorporar en su rutina compleja de cuidado de la piel.<\/li>\n<\/ul>\n<p>&nbsp;<\/p>\n<ol start=\"3\">\n<li>For &#8220; viajeros frecuentes&#8221;  and &#8220; habitantes urbanos&#8221;:<\/li>\n<\/ol>\n<p>&nbsp;<\/p>\n<ul>\n<li>Productos recomendados: Esenciales de viaje, Crema Facial Multi-Factor, Pre\u00e1mbulo de maquillaje.<\/li>\n<li>Escenarios: Siga las normas de aviaci\u00f3n y mant\u00e9ngalo en las mejores condiciones en cualquier momento, en cualquier lugar, en una bolsa de maquillaje o en el armario del gimnasio.<\/li>\n<\/ul>\n<p>&nbsp;<\/p>\n<ol start=\"4\">\n<li>For &#8220; cari\u00f1os sociales&#8221;  and &#8220; coleccionistas de regalos&#8221;:<\/li>\n<\/ol>\n<p>&nbsp;<\/p>\n<ul>\n<li>Productos recomendados: art\u00edculos esenciales de edici\u00f3n limitada, productos de cuidado de la piel de marca conjunta, cajas de regalo de vacaciones.<\/li>\n<li>Escenarios: Un look impresionante es la opci\u00f3n perfecta para regalar a un amigo cercano o recompensarse a s\u00ed mismo, pero tambi\u00e9n para hacer una hermosa decoraci\u00f3n en su casa.<\/li>\n<\/ul>","protected":false},"featured_media":0,"comment_status":"closed","ping_status":"closed","template":"","meta":[],"product_brand":[],"product_cat":[44],"product_tag":[],"class_list":{"0":"post-3466","1":"product","2":"type-product","3":"status-publish","5":"product_cat-25-pe-plastic-tube","7":"first","8":"instock","9":"shipping-taxable","10":"product-type-simple"},"_links":{"self":[{"href":"https:\/\/www.hongyitube.com\/es\/wp-json\/wp\/v2\/product\/3466","targetHints":{"allow":["GET"]}}],"collection":[{"href":"https:\/\/www.hongyitube.com\/es\/wp-json\/wp\/v2\/product"}],"about":[{"href":"https:\/\/www.hongyitube.com\/es\/wp-json\/wp\/v2\/types\/product"}],"replies":[{"embeddable":true,"href":"https:\/\/www.hongyitube.com\/es\/wp-json\/wp\/v2\/comments?post=3466"}],"wp:attachment":[{"href":"https:\/\/www.hongyitube.com\/es\/wp-json\/wp\/v2\/media?parent=3466"}],"wp:term":[{"taxonomy":"product_brand","embeddable":true,"href":"https:\/\/www.hongyitube.com\/es\/wp-json\/wp\/v2\/product_brand?post=3466"},{"taxonomy":"product_cat","embeddable":true,"href":"https:\/\/www.hongyitube.com\/es\/wp-json\/wp\/v2\/product_cat?post=3466"},{"taxonomy":"product_tag","embeddable":true,"href":"https:\/\/www.hongyitube.com\/es\/wp-json\/wp\/v2\/product_tag?post=3466"}],"curies":[{"name":"WP","href":"https:\/\/api.w.org\/{rel}","templated":true}]}}