{"id":3461,"date":"2026-01-08T19:12:25","date_gmt":"2026-01-08T11:12:25","guid":{"rendered":"https:\/\/www.hongyitube.com\/?post_type=product&#038;p=3461"},"modified":"2026-01-08T19:12:25","modified_gmt":"2026-01-08T11:12:25","slug":"%cf%8625-20ml-45ml-round-soft-tube-packaging-for-skincare-products-hongyi-plastic","status":"publish","type":"product","link":"https:\/\/www.hongyitube.com\/es\/product\/%cf%8625-20ml-45ml-round-soft-tube-packaging-for-skincare-products-hongyi-plastic\/","title":{"rendered":"\u03a625 20ml-45ml Envasado redondo de tubo blando para productos de cuidado de la piel.  &#8211; pl\u00e1stico Hongyi"},"content":{"rendered":"<p><span dir=\"auto\" style=\"vertical-align: inherit;\"><span dir=\"auto\" style=\"vertical-align: inherit;\">Hongyi plastic phi25 20ml - 45ml 0,68 - 1,52fl.oz material de embalaje de mangueras redondas, adecuado para productos para el cuidado de la piel.<\/span><\/span><\/p>\n<p><span dir=\"auto\" style=\"vertical-align: inherit;\"><span dir=\"auto\" style=\"vertical-align: inherit;\">Este producto es una manguera PE de 25 mm de di\u00e1metro de gama media y alta, especialmente dise\u00f1ada para productos para el cuidado de la piel de alta gama. No tiene tapa, tiene una longitud de 122 mm y una capacidad de 20 - 45 ml, y es ideal para un solo uso o ropa de viaje, como esencias, lociones, geles y otros productos.<\/span><\/span><\/p>\n<p>&nbsp;<\/p>\n<p><span dir=\"auto\" style=\"vertical-align: inherit;\"><span dir=\"auto\" style=\"vertical-align: inherit;\">El cuerpo del tubo de este embalaje est\u00e1 dominado por el elegante azul gris\u00e1ceo, d\u00e1ndole una sensaci\u00f3n moderna discreta y tranquila. La informaci\u00f3n de la marca y el producto se imprime en malla de alambre en blanco y negro, que es clara y f\u00e1cil de leer, y contrasta fuertemente con el color del cuerpo del tubo, mostrando la calidad de alta gama. Lo m\u00e1s destacado del dise\u00f1o del embalaje radica en su selecci\u00f3n flexible de tapas: tapa giratoria de cara brillante azul y gris est\u00e1ndar del mismo sistema de color para crear un esquema de color visual armonioso y unificado; Adem\u00e1s, se puede combinar con tapas giratorias doradas, plateadas, blancas o negras para crear diferentes estilos de marca y impacto visual.<\/span><\/span><\/p>\n<p><strong><b><span dir=\"auto\" style=\"vertical-align: inherit;\"><span dir=\"auto\" style=\"vertical-align: inherit;\">Aplicaci\u00f3n recomendada<\/span><\/span><\/b><\/strong><span dir=\"auto\" style=\"vertical-align: inherit;\"><span dir=\"auto\" style=\"vertical-align: inherit;\">:<\/span><\/span><\/p>\n<p><span dir=\"auto\" style=\"vertical-align: inherit;\"><span dir=\"auto\" style=\"vertical-align: inherit;\">Debido a su apariencia profesional y pr\u00e1ctica, se recomienda encarecidamente utilizar este material de embalaje para los siguientes tipos de productos:<\/span><\/span><\/p>\n<p>&nbsp;<\/p>\n<ul>\n<li><span dir=\"auto\" style=\"vertical-align: inherit;\"><span dir=\"auto\" style=\"vertical-align: inherit;\">Esencia y ampollas: adecuado para esencias efectivas y f\u00f3rmulas de ampollas concentradas.<\/span><\/span><\/li>\n<li><span dir=\"auto\" style=\"vertical-align: inherit;\"><span dir=\"auto\" style=\"vertical-align: inherit;\">Cuidado ocular: almacenamiento perfecto de crema ocular, esencia ocular y otros productos.<\/span><\/span><\/li>\n<li><span dir=\"auto\" style=\"vertical-align: inherit;\"><span dir=\"auto\" style=\"vertical-align: inherit;\">Productos locales para el cuidado de la piel: como gel antiarrugas, esencia de blanqueamiento local y ung\u00fcento antipolvo.<\/span><\/span><\/li>\n<li><span dir=\"auto\" style=\"vertical-align: inherit;\"><span dir=\"auto\" style=\"vertical-align: inherit;\">Emulsi\u00f3n \/ crema de alta concentraci\u00f3n: adecuada para productos que requieren un control preciso de la cantidad y una textura delicada y sedosa.<\/span><\/span><\/li>\n<li><span dir=\"auto\" style=\"vertical-align: inherit;\"><span dir=\"auto\" style=\"vertical-align: inherit;\">L\u00ednea de productos profesional y productos de sal\u00f3n de belleza: cumplir con los requisitos dobles de los canales profesionales para la calidad y funci\u00f3n del embalaje.<\/span><\/span><\/li>\n<\/ul>\n<p>&nbsp;<\/p>\n<h3><span dir=\"auto\" style=\"vertical-align: inherit;\"><span dir=\"auto\" style=\"vertical-align: inherit;\">1.\u00a0 <\/span><\/span><strong><b><span dir=\"auto\" style=\"vertical-align: inherit;\"><span dir=\"auto\" style=\"vertical-align: inherit;\">atributos del producto\u00a0<\/span><\/span><\/b><\/strong><\/h3>\n<ul>\n<li><span dir=\"auto\" style=\"vertical-align: inherit;\"><span dir=\"auto\" style=\"vertical-align: inherit;\">Color de textura de alta gama: los tonos grises y azules transmiten un sentido de calma, confiabilidad y tecnolog\u00eda, y es m\u00e1s f\u00e1cil establecer una imagen profesional para la marca.<\/span><\/span><\/li>\n<li><span dir=\"auto\" style=\"vertical-align: inherit;\"><span dir=\"auto\" style=\"vertical-align: inherit;\">Excelente calidad de impresi\u00f3n: el proceso de impresi\u00f3n en pantalla garantiza que el texto y el logotipo sean duraderos, claros y resistentes al desgaste, y pueden mantener su apariencia durante mucho tiempo.<\/span><\/span><\/li>\n<li><span dir=\"auto\" style=\"vertical-align: inherit;\"><span dir=\"auto\" style=\"vertical-align: inherit;\">Sistema flexible de combinaci\u00f3n de colores: ofrece una variedad de opciones de tapa de botella, lo que permite a la marca elegir libremente la combinaci\u00f3n de acuerdo con su posicionamiento en el mercado, logrando as\u00ed diversidad y uniformidad en su l\u00ednea de productos.<\/span><\/span><\/li>\n<li><span dir=\"auto\" style=\"vertical-align: inherit;\"><span dir=\"auto\" style=\"vertical-align: inherit;\">Excelentes propiedades f\u00edsicas: el material pe tiene una excelente flexibilidad, f\u00e1cil de formar y propiedades qu\u00edmicas estables, lo que garantiza la compatibilidad con la mayor\u00eda de las f\u00f3rmulas de ingredientes para el cuidado de la piel.<\/span><\/span><\/li>\n<li><span dir=\"auto\" style=\"vertical-align: inherit;\"><span dir=\"auto\" style=\"vertical-align: inherit;\">Control preciso de la capacidad: el dise\u00f1o tubular delgado facilita el acceso completo al contenido, reduce el desperdicio y lo hace especialmente adecuado para productos para el cuidado de la piel de alto valor.<\/span><\/span><\/li>\n<\/ul>","protected":false},"excerpt":{"rendered":"<ul>\n<li><b><\/b><strong><b>Dise\u00f1o del cuerpo del tubo<\/b><\/strong>.<\/li>\n<li>Aplicaci\u00f3n de la psicolog\u00eda del color: El tono de azul gris\u00e1ceo simboliza la confianza, la calma y el sentido de la tecnolog\u00eda en la psicolog\u00eda del color. Evita los tonos demasiado femeninos del rosa o los tonos demasiado masculinos de los colores oscuros, en vez de presentar una est\u00e9tica neutral, moderna y profesional que puede atraer ampliamente a los consumidores de ambos g\u00e9neros.<\/li>\n<li>Est\u00e9tica minimalista: El dise\u00f1o se adhiere al principio de &#8220; menos es m\u00e1s. &#8221; El cuerpo uniforme y monocrom\u00e1tico del tubo, combinado con el texto de serigraf\u00eda minimalista, crea una experiencia visual limpia y ordenada, centrando la atenci\u00f3n en el propio producto, enfatizando as\u00ed la marca&#8217; Filosof\u00eda de &#8220; priorizar los ingredientes. &#8221;<\/li>\n<li>Filosof\u00eda de emparejamiento modular: El concepto de dise\u00f1o central gira en torno a &#8220; modularidad. &#8221; Un cuerpo de tubo gris-azul est\u00e1ndar, cuando se empareja con tapas de diferentes colores y texturas, puede transformarse al instante en varios estilos:<\/li>\n<li>Complementado por una cubierta brillante a la vez: Esto crea una est\u00e9tica minimalista cohesiva, armoniosa y sin costuras.<\/li>\n<li>Acompa\u00f1ado de una gorra de oro o plata chapada: Esto mejora instant\u00e1neamente el sentido de lujo y la est\u00e9tica met\u00e1lica de la tecnolog\u00eda, lo que lo convierte en adecuado para l\u00edneas de cuidado de la piel anti-envejecimiento de alta gama o enfocadas en la tecnolog\u00eda.<\/li>\n<li>Acompa\u00f1ado de una cubierta en blanco y negro: Esta combinaci\u00f3n crea un contraste cl\u00e1sico y llamativo, potenciando el car\u00e1cter distintivo de la marca.<\/li>\n<\/ul>\n<p>Ventajas del producto:<\/p>\n<ul>\n<li>Establecer una imagen de marca profesional: El esquema de colores gris-azul \u00fanico y compuesto ayuda al producto a destacar en los estantes coloridos, creando r\u00e1pidamente una imagen de marca profesional y confiable.<\/li>\n<li>Lograr una expansi\u00f3n eficiente y sistem\u00e1tica: La marca puede utilizar el mismo cuerpo de tubo y diferenciar f\u00e1cilmente entre diferentes l\u00edneas de productos (como la l\u00ednea b\u00e1sica, la l\u00ednea de blanqueamiento y la l\u00ednea antiarrugas) o productos con diferentes funcionalidades simplemente cambiando el color de la tapa. Este enfoque reduce significativamente los costos de desarrollo de materiales de envasado y la complejidad de la gesti\u00f3n del inventario.<\/li>\n<li>Comunicaci\u00f3n de Propuestas de Valor Fundamental: El lenguaje de dise\u00f1o general transmite sutilmente los valores fundamentales de &#8220; formulaci\u00f3n cient\u00edfica,&#8221;  &#8220; cuidado racional de la piel,&#8221;  and &#8220; eficiencia y profesionalidad,&#8221; que se alinean estrechamente con las preferencias de los consumidores interesados en los ingredientes y la toma de decisiones racional.<\/li>\n<li>Mejorar la experiencia del usuario: La capacidad adecuada y el di\u00e1metro del tubo garantizan una sensaci\u00f3n c\u00f3moda durante el uso y un control preciso sobre la cantidad dispensada. La flexibilidad del material PE hace que el proceso de compresi\u00f3n sea sencillo y eficiente.<\/li>\n<li>Amplia aceptaci\u00f3n del mercado: Su estilo de dise\u00f1o neutral y moderno, que combina profesionalismo con est\u00e9tica, puede atraer a una amplia base de consumidores, ya sea en p\u00e1ginas de comercio electr\u00f3nico en l\u00ednea o tiendas boutique offline.<\/li>\n<\/ul>\n<p>&nbsp;<\/p>\n<ul>\n<li><b><\/b><strong><b>Escenarios de aplicaci\u00f3n para el producto:\u00a0<\/b><\/strong><\/li>\n<li>Rutina diaria meticulosa de cuidado de la piel: Como un hu\u00e9sped frecuente en los consumidores&#8217; mesas de vanidad, su aspecto elegante es una vista a contemplar y es adecuado para su uso durante los pasos de la ma\u00f1ana y la noche que implican esencia o crema para los ojos.<\/li>\n<li>Viajes y portabilidad: El cuerpo delgado y la capacidad moderada hacen que sea f\u00e1cil de empacar, reduciendo el riesgo de fugas, lo que lo convierte en una opci\u00f3n ideal para mantener rutinas de cuidado de la piel durante viajes de negocios, excursiones de fin de semana o viajes de fitness.<\/li>\n<li>Regalos y Conjuntos de Edici\u00f3n Limitada: Particularmente las versiones combinadas con gorras de oro o plata galvanizadas, que exudan una sensaci\u00f3n de lujo y los hacen ideales para su uso como regalos de vacaciones, recompensas de membres\u00eda o como el envase preferido para colaboraciones de edici\u00f3n limitada.<\/li>\n<li>Establecimientos profesionales de belleza: Estos se pueden encontrar en salones de belleza, centros de spa o cl\u00ednicas de tratamiento de la piel. Su apariencia profesional se integra perfectamente con el entorno, lo que los hace adecuados para ofrecer productos especializados de post-tratamiento o soluciones personalizadas.<\/li>\n<\/ul>","protected":false},"featured_media":0,"comment_status":"closed","ping_status":"closed","template":"","meta":[],"product_brand":[],"product_cat":[44],"product_tag":[],"class_list":{"0":"post-3461","1":"product","2":"type-product","3":"status-publish","5":"product_cat-25-pe-plastic-tube","7":"first","8":"instock","9":"shipping-taxable","10":"purchasable","11":"product-type-simple"},"_links":{"self":[{"href":"https:\/\/www.hongyitube.com\/es\/wp-json\/wp\/v2\/product\/3461","targetHints":{"allow":["GET"]}}],"collection":[{"href":"https:\/\/www.hongyitube.com\/es\/wp-json\/wp\/v2\/product"}],"about":[{"href":"https:\/\/www.hongyitube.com\/es\/wp-json\/wp\/v2\/types\/product"}],"replies":[{"embeddable":true,"href":"https:\/\/www.hongyitube.com\/es\/wp-json\/wp\/v2\/comments?post=3461"}],"wp:attachment":[{"href":"https:\/\/www.hongyitube.com\/es\/wp-json\/wp\/v2\/media?parent=3461"}],"wp:term":[{"taxonomy":"product_brand","embeddable":true,"href":"https:\/\/www.hongyitube.com\/es\/wp-json\/wp\/v2\/product_brand?post=3461"},{"taxonomy":"product_cat","embeddable":true,"href":"https:\/\/www.hongyitube.com\/es\/wp-json\/wp\/v2\/product_cat?post=3461"},{"taxonomy":"product_tag","embeddable":true,"href":"https:\/\/www.hongyitube.com\/es\/wp-json\/wp\/v2\/product_tag?post=3461"}],"curies":[{"name":"WP","href":"https:\/\/api.w.org\/{rel}","templated":true}]}}