{"id":3445,"date":"2026-01-08T19:01:00","date_gmt":"2026-01-08T11:01:00","guid":{"rendered":"https:\/\/www.hongyitube.com\/?post_type=product&#038;p=3445"},"modified":"2026-01-08T19:01:00","modified_gmt":"2026-01-08T11:01:00","slug":"%cf%8625-3ml-20mlround-soft-tube-packaging-for-skincare-products-hongyi-plastic","status":"publish","type":"product","link":"https:\/\/www.hongyitube.com\/es\/product\/%cf%8625-3ml-20mlround-soft-tube-packaging-for-skincare-products-hongyi-plastic\/","title":{"rendered":"\u03a625 3ml-20mlEnvasado de tubo blando redondo para productos de cuidado de la piel.  &#8211; pl\u00e1stico Hongyi"},"content":{"rendered":"<p>Hongyi Plastic\u03a625 3ml-20ml Redondo tubo blando materiales de envasado para productos de cuidado de la piel.<\/p>\n<p>Esta es una serie de soluciones de envasado encantadoras y vibrantes dise\u00f1adas espec\u00edficamente para cautivar a los ni\u00f1os&#8217; Mercado S. El producto principal es un tubo blando de PE de 25 mm de di\u00e1metro con una longitud de 70 mm (excluyendo la tapa), que ofrece una capacidad conveniente de 10-20 ml.<\/p>\n<p>&nbsp;<\/p>\n<p>El cuerpo del tubo cuenta con una base blanca con tres dise\u00f1os distintos y deliciosos aplicados a trav\u00e9s de un proceso de impresi\u00f3n offset de alta calidad:<\/p>\n<p>&nbsp;<\/p>\n<ul>\n<li>Variante 1: Diversi\u00f3n dulce &#8211; Muestra un patr\u00f3n juguet\u00f3n de &#8220; Rosa Lollipops&#8221;  and &#8220; Dados de chocolate&#8221; piezas de caramelo en forma.<\/li>\n<li>Variante 2: Delicia tropical &#8211; Caracter\u00edsticas de una vibrante base azul sobreimpresa con divertidos patrones de &#8220; Jelly de coco&#8221;  and &#8220; Leche de coco&#8221;.<\/li>\n<li>Variante 3: Berry Fresh &#8211; Cuenta con una deliciosa base roja fresa impresa sincronicamente con lindos patrones de fruta de fresa.<\/li>\n<\/ul>\n<p>&nbsp;<\/p>\n<p>Todo el texto descriptivo est\u00e1 impreso en negro para una clara legibilidad. Cada tubo est\u00e1 perfectamente emparejado con una tapa de tornillo de acabado mate en el mismo esquema de colores que su cuerpo respectivo del tubo, creando un aspecto cohesivo y visualmente atractivo.<\/p>\n<p>&nbsp;<\/p>\n<p><strong><b>Aplicaciones recomendadas <\/b><\/strong>:<\/p>\n<p>Esta serie est\u00e1 idealmente formulada para ni\u00f1os&#8217; productos para el cuidado del beb\u00e9, donde el atractivo, la seguridad y la aplicaci\u00f3n suave son primordiales. Es altamente recomendable para:<\/p>\n<p>&nbsp;<\/p>\n<ul>\n<li>Cremas para beb\u00e9s &amp; Lociones: Para la cara, el cuerpo y el \u00e1rea del pa\u00f1al.<\/li>\n<li>Ni\u00f1os&#8217; s Champ\u00fas &amp; Lavados corporales: f\u00f3rmulas suaves en un divertido envase.<\/li>\n<li>Ni\u00f1os&#8217; Lociones protectoras solares: Formatos f\u00e1ciles de aplicar para la protecci\u00f3n de la piel.<\/li>\n<li>Geles calmantes y B\u00e1lsamos: Para mejillas agrietadas o irritaciones menores de la piel.<\/li>\n<\/ul>\n<p>&nbsp;<\/p>\n<h3>1.\u00a0 \u00a0<strong><b>Atributos del producto\u00a0<\/b><\/strong><\/h3>\n<ul>\n<li>Dise\u00f1os centrados en el ni\u00f1o: Patrones atractivos y coloridos (lollipops, frutas, caramelos) que instant\u00e1neamente atraen a ni\u00f1os y padres por igual.<\/li>\n<li>Seguridad &amp; Material suave: Hecho de PE (polietileno), un material conocido por su seguridad, flexibilidad y idoneidad para la piel sensible del beb\u00e9.<\/li>\n<li>Acabado mate premium: Las tapas mate coordinadas proporcionan una sensaci\u00f3n suave y premium que es agradable de sostener y evita deslizamientos.<\/li>\n<li>Impresi\u00f3n de alta calidad: La impresi\u00f3n offset garantiza que los patrones sean brillantes, duraderos y no se desvanezcan o froten f\u00e1cilmente durante el uso.<\/li>\n<li>Resistente a fugas y Higiene: El mecanismo de tapa de tornillo garantiza un sello seguro, evitando fugas y manteniendo el contenido limpio e higi\u00e9nico.<\/li>\n<\/ul>","protected":false},"excerpt":{"rendered":"<ul>\n<li><b><\/b><strong><b>Dise\u00f1o del cuerpo del tubo<\/b><\/strong>.<\/li>\n<li>Storytelling visual basado en temas: Cada dise\u00f1o cuenta una historia sencilla y dulce.  The &#8220; Dulce Diversi\u00f3n&#8221; variante evoca la alegr\u00eda de los dulces;  &#8220; Delicia tropical&#8221; trae una sensaci\u00f3n de diversi\u00f3n de verano;  and &#8220; Berry Fresh&#8221; sugiere bondad natural y frutada. Esta narraci\u00f3n conecta emocionalmente tanto con los padres como con los ni\u00f1os.<\/li>\n<li>Psicolog\u00eda del color: El uso de rosa, azul y rojo fresa son colores cl\u00e1sicos que atraen a un ni\u00f1o&#8217; atenci\u00f3n y a menudo se asocian con dulzura, diversi\u00f3n y vitalidad.<\/li>\n<li>T\u00e1ctil &amp; Cohesi\u00f3n visual: El dise\u00f1o se extiende m\u00e1s all\u00e1 del tubo hasta la tapa de acabado mate. Esta coordinaci\u00f3n a todo color crea una apariencia sofisticada y parecida a un juguete que destaca en el estante. La textura mate no solo es premium, sino tambi\u00e9n pr\u00e1ctica para manos peque\u00f1as, a veces jabonadas.<\/li>\n<\/ul>\n<p>Ventajas del producto:<\/p>\n<ul>\n<li>Apelaci\u00f3n instant\u00e1nea de la estanter\u00eda: los dise\u00f1os vibrantes y tem\u00e1ticos inmediatamente llaman la atenci\u00f3n en un mercado competitivo, haciendo del producto un &#8220; debe tener&#8221; para ni\u00f1os.<\/li>\n<li>Construye amor a la marca con los ni\u00f1os: Al convertir actividades rutinarias como ba\u00f1arse o aplicar crema en una experiencia divertida, ayuda a construir asociaciones positivas de marca desde una edad temprana.<\/li>\n<li>Comunica beneficios clave del producto: El uso de motivos frutados y dulces subconscientemente comunica beneficios como &#8220; amabilidad,&#8221;  &#8220; bondad natural,&#8221;  and &#8220; fragancia agradable,&#8221; Factores clave de compra para los padres.<\/li>\n<li>Funcional y f\u00e1cil de usar: El tama\u00f1o peque\u00f1o es perfecto para las manos peque\u00f1as (con la ayuda de los padres) y para viajar. La tapa segura evita accidentes desordenados.<\/li>\n<li>El PE es un material ampliamente aceptado a nivel mundial, lo que hace que esta serie sea adecuada para la distribuci\u00f3n internacional.<\/li>\n<\/ul>\n<p>&nbsp;<\/p>\n<ul>\n<li><b><\/b><strong>Escenarios de aplicaci\u00f3n para el producto:<\/strong><\/li>\n<li>Rutina diaria de cuidado del beb\u00e9: Hace que la aplicaci\u00f3n de crema o loci\u00f3n despu\u00e9s de un ba\u00f1o sea una actividad atractiva. Los padres pueden usar los dise\u00f1os divertidos para distraer y entretener a sus beb\u00e9s.<\/li>\n<li>Viajes y En movimiento: El tama\u00f1o compacto es perfecto para bolsas de pa\u00f1ales, lo que garantiza que los productos familiares y divertidos siempre est\u00e9n a mano durante viajes, visitas o guarder\u00edas.<\/li>\n<li>Conjunto de regalo &amp; Promociones: Una excelente opci\u00f3n para regalos de vacaciones, regalos de cumplea\u00f1os o paquetes promocionales para productos para beb\u00e9s debido a su apariencia altamente atractiva y regalable.<\/li>\n<li>Tiempo de uni\u00f3n padre-hijo: El envase atractivo se puede usar como una herramienta para la interacci\u00f3n, donde los padres pueden hablar sobre los colores y formas (por ejemplo, &#8220;Let&#8217;s find the freshberry!&#8221;) con sus ni\u00f1os peque\u00f1os durante la aplicaci\u00f3n.<\/li>\n<\/ul>\n<p>&nbsp;<\/p>\n<p>Al combinar una est\u00e9tica atractiva y amigable para los ni\u00f1os con una funcionalidad pr\u00e1ctica y segura, esta serie de tubos suaves de PE de 25 mm es el socio perfecto para lanzar o mejorar a sus hijos. l\u00ednea de productos en el mercado mundial.<\/p>\n<p><strong><b>\u00a0<\/b><\/strong><\/p>","protected":false},"featured_media":0,"comment_status":"closed","ping_status":"closed","template":"","meta":[],"product_brand":[],"product_cat":[44],"product_tag":[],"class_list":{"0":"post-3445","1":"product","2":"type-product","3":"status-publish","5":"product_cat-25-pe-plastic-tube","7":"first","8":"instock","9":"shipping-taxable","10":"purchasable","11":"product-type-simple"},"_links":{"self":[{"href":"https:\/\/www.hongyitube.com\/es\/wp-json\/wp\/v2\/product\/3445","targetHints":{"allow":["GET"]}}],"collection":[{"href":"https:\/\/www.hongyitube.com\/es\/wp-json\/wp\/v2\/product"}],"about":[{"href":"https:\/\/www.hongyitube.com\/es\/wp-json\/wp\/v2\/types\/product"}],"replies":[{"embeddable":true,"href":"https:\/\/www.hongyitube.com\/es\/wp-json\/wp\/v2\/comments?post=3445"}],"wp:attachment":[{"href":"https:\/\/www.hongyitube.com\/es\/wp-json\/wp\/v2\/media?parent=3445"}],"wp:term":[{"taxonomy":"product_brand","embeddable":true,"href":"https:\/\/www.hongyitube.com\/es\/wp-json\/wp\/v2\/product_brand?post=3445"},{"taxonomy":"product_cat","embeddable":true,"href":"https:\/\/www.hongyitube.com\/es\/wp-json\/wp\/v2\/product_cat?post=3445"},{"taxonomy":"product_tag","embeddable":true,"href":"https:\/\/www.hongyitube.com\/es\/wp-json\/wp\/v2\/product_tag?post=3445"}],"curies":[{"name":"WP","href":"https:\/\/api.w.org\/{rel}","templated":true}]}}