{"id":3429,"date":"2026-01-08T18:47:48","date_gmt":"2026-01-08T10:47:48","guid":{"rendered":"https:\/\/www.hongyitube.com\/?post_type=product&#038;p=3429"},"modified":"2026-01-08T18:50:08","modified_gmt":"2026-01-08T10:50:08","slug":"packaging-solution-is-specifically-designed-for-fine-high-end-cream-or-liquid-products-the-core-component-is-a-composite-soft-tube-with-a-25mm-inner-diameter-a-length-without-cap-of-68mm-and-a-cap","status":"publish","type":"product","link":"https:\/\/www.hongyitube.com\/es\/product\/packaging-solution-is-specifically-designed-for-fine-high-end-cream-or-liquid-products-the-core-component-is-a-composite-soft-tube-with-a-25mm-inner-diameter-a-length-without-cap-of-68mm-and-a-cap\/","title":{"rendered":"\u03a625 3ml-20mlMateriales de envasado de tubo blando redondo para productos de cuidado de la piel.  &#8211; pl\u00e1stico Hongyi"},"content":{"rendered":"<p>Hongyi Plastic\u03a625 3ml-20ml Redondo tubo blando materiales de envasado para productos de cuidado de la piel.<\/p>\n<p>Nuestra gama de materiales de envasado de mangueras est\u00e1 dise\u00f1ada espec\u00edficamente para marcas de belleza y cuidado de la piel de moda, con envases de mangueras visualmente atractivos y de peque\u00f1a capacidad. Los cuerpos de manguera est\u00e1n hechos de material PE, con un di\u00e1metro est\u00e1ndar de 25 mm y una longitud de 70 mm (excluyendo la tapa). La capacidad var\u00eda de 3 a 20 ml. El dise\u00f1o combina de manera innovadora los principios est\u00e9ticos de un esquema de colores cohesivo con m\u00faltiples procesos compuestos, asegurando una apariencia altamente unificada del cuerpo de la manguera, la tapa y los colores del patr\u00f3n, lo que resulta en un sentido extremo de armon\u00eda y sofisticaci\u00f3n. Esta opci\u00f3n de envasado, combinada con una boquilla de dise\u00f1o preciso, es ideal para productos como esencias, cremas para los ojos y cebadores de maquillaje.<\/p>\n<p>&nbsp;<\/p>\n<ul>\n<li>Material del cuerpo: PE (polietileno). Tiene una excelente flexibilidad, resistencia a la compresi\u00f3n y estabilidad qu\u00edmica, lo que lo hace adecuado para almacenar de forma segura varios tipos de pastas y emulsiones, garantizando as\u00ed la calidad de los contenidos.<\/li>\n<li>Tapa del tubo: Tapa moldeada por inyecci\u00f3n que coincide con el esquema de color del cuerpo del tubo. La tapa se forma como una sola unidad a trav\u00e9s del moldeo por inyecci\u00f3n preciso, asegurando un color consistente con el cuerpo del tubo, mejorando as\u00ed la apariencia general y la armon\u00eda del envase, con un acabado de alta calidad.<\/li>\n<li>T\u00e9cnica: La serigraf\u00eda utiliza tintas respetuosas con el medio ambiente y duraderas; el proceso de transferencia de calor emplea una l\u00e1mina de transferencia de calor de color gradiente personalizada para garantizar la representaci\u00f3n y el efecto del color perfectos.<\/li>\n<\/ul>\n<p><strong><b>Aplicaciones recomendadas <\/b><\/strong>:<\/p>\n<p>Este producto es la opci\u00f3n de envasado preferida para los siguientes art\u00edculos refinados:<\/p>\n<p>&nbsp;<\/p>\n<ul>\n<li>Productos de tipo esencia: esencia facial, esencia ocular, esencia anti-arrugas localizada, esencia ampolla.<\/li>\n<li>Productos relacionados con la fundaci\u00f3n: hidratante pre-maquillaje, imprimante, corrector de color, resaltador l\u00edquido.<\/li>\n<li>Productos de cuidado de la piel de alto rendimiento: esencia de iluminaci\u00f3n de puntos, aceite de cuidado de la piel y crema de reparaci\u00f3n de cicatrices.<\/li>\n<li>Otros: Perfectamente adecuado para su uso como kits de muestras de gama alta, kits de muestras de esencia, kits de muestras de hidratantes, art\u00edculos de regalo de membres\u00eda, conjuntos de viajes, productos de cuidado personal del hotel y productos de tama\u00f1o completo para canales de comercio electr\u00f3nico que requieren un fuerte atractivo visual.<\/li>\n<\/ul>\n<p>&nbsp;<\/p>\n<h3>1.\u00a0 \u00a0<strong><b>Atributos del producto\u00a0<\/b><\/strong><\/h3>\n<ul>\n<li>Dise\u00f1o de color integrado: La caracter\u00edstica destacada es el esquema de color que coincide entre la cubierta del tubo y el cuerpo del tubo, lo que resulta en una experiencia visual unificada y pr\u00edstina, mejorando significativamente el atractivo est\u00e9tico general y la caracter\u00edstica distintiva de la marca del producto.<\/li>\n<li>M\u00faltiples procesos combinados: Las t\u00e9cnicas complejas como &#8220; impresi\u00f3n de transferencia de calor con una serigraf\u00eda de capa base con texto&#8221;  and &#8220; impresi\u00f3n offset con efecto gradiente impresi\u00f3n de transferencia de calor de gradiente&#8221; est\u00e1n integrados para crear una rica textura visual y experiencia t\u00e1ctil dentro de un espacio peque\u00f1o.<\/li>\n<li>Resultado preciso y controlable: El dise\u00f1o de punta puntiaguda incorporado facilita el control preciso sobre peque\u00f1as cantidades de pasta, asegurando la higiene, minimizando los residuos y es particularmente adecuado para productos de esencia de alta actividad y alta concentraci\u00f3n.<\/li>\n<li>Propiedades de sellado excepcionales: La tapa moldeada por inyecci\u00f3n encaja perfectamente con la estructura interna, asegurando un sellado fiable para evitar la oxidaci\u00f3n, secado o fugas de la pasta.<\/li>\n<li>Experiencia personalizada: El dise\u00f1o dental optimizado garantiza un funcionamiento suave y sin esfuerzo al abrir y cerrar la tapa, mejorando la comodidad y el placer del uso diario.<\/li>\n<\/ul>","protected":false},"excerpt":{"rendered":"<ul>\n<li><b><\/b><strong><b>Dise\u00f1o del cuerpo del tubo<\/b><\/strong>.<\/li>\n<li>Esquema de color b\u00e1sico: Ofrece cuatro opciones distintas de tubos de un solo color en amarillo, rosa, p\u00farpura y rosa profundo, proporcionando una rica paleta para estrategias de marketing de colores de marca.<\/li>\n<li>Dise\u00f1o de la zona de identificaci\u00f3n del n\u00facleo (lado delantero):<\/li>\n<\/ul>\n<ol>\n<li>La capa base: Una impresi\u00f3n circular de transferencia t\u00e9rmica con un dise\u00f1o que coincide estrechamente con el color del cuerpo del tubo sirve como fondo, mejorando instant\u00e1neamente la textura y el brillo del \u00e1rea.<\/li>\n<li>Capa superior: Sobre el estampado circular, se imprime un color diferente del nombre de marca mediante serigraf\u00eda. Esta combinaci\u00f3n de t\u00e9cnicas hace que el logotipo de la marca sea excepcionalmente prominente, mezclando lujo con claridad.<\/li>\n<\/ol>\n<ul>\n<li>Dise\u00f1o de sellado y borde del extremo del tubo:<\/li>\n<li>Utilizando el proceso de impresi\u00f3n offset, el producto cuenta con efectos de gradiente de un solo color en tonos de p\u00farpura, azul y rojo, agregando un toque din\u00e1mico al dise\u00f1o uniforme del tubo.<\/li>\n<li>La secci\u00f3n de patr\u00f3n utiliza papel de transferencia t\u00e9rmica de color gradiente para la transferencia t\u00e9rmica, logrando un efecto refinado y din\u00e1mico que transita armoniosamente con el color base del tubo. S final.<\/li>\n<li>Informaci\u00f3n de texto: Todas las descripciones de productos se imprimen utilizando un proceso de serigraf\u00eda claro, asegurando que la informaci\u00f3n siga siendo legible con el tiempo.<\/li>\n<\/ul>\n<p>Ventajas del producto:<\/p>\n<ul>\n<li>Integraci\u00f3n m\u00e1xima de la est\u00e9tica: El dise\u00f1o coordinado en color del cuerpo del tubo y la tapa es la ventaja principal, eliminando la sensaci\u00f3n de incongruencia causada por los saltos de color, lo que resulta en una apariencia del producto que se asemeja a una obra de arte completa, transmitiendo una sensaci\u00f3n de calidad de gama alta.<\/li>\n<li>Reconocimiento de marca excepcional: El logotipo circular positivo y compuesto se ha convertido en un s\u00edmbolo visual \u00fanico, lo que permite a la marca destacar en la competencia y estar profundamente arraigada en la mente de los consumidores.<\/li>\n<li>Artesan\u00eda exquisita que refleja la calidad de alta gama: La combinaci\u00f3n de varios procesos complejos como estampado en caliente, impresi\u00f3n offset gradiente e impresi\u00f3n serigraf\u00eda demuestra directamente la marca&#8217; una rigurosa atenci\u00f3n al detalle y un compromiso inquebrantable con la calidad, transmitiendo as\u00ed un sentido de confianza a los consumidores.<\/li>\n<li>Combinaci\u00f3n perfecta de funcionalidad y forma: no solo es visualmente atractivo, sino que su dise\u00f1o puntiagudo y excelentes propiedades de sellado tambi\u00e9n garantizan comodidad y estabilidad en el uso real.<\/li>\n<\/ul>\n<p>&nbsp;<\/p>\n<ul>\n<li><b><\/b>Escenarios de aplicaci\u00f3n para el producto:<\/li>\n<\/ul>\n<p>Escenario de aplicaci\u00f3n:<\/p>\n<ul>\n<li>Pruebas de mercado de nuevos productos: Antes de lanzar oficialmente una botella grande y costosa de un suero o crema para ojos, puedo comenzar produciendo peque\u00f1os paquetes de prueba. Esto puede reducir efectivamente el riesgo de fallas de nuevos productos y optimizar los productos a trav\u00e9s de la retroalimentaci\u00f3n de los usuarios.<\/li>\n<li>Tiendas especializadas offline y actividades promocionales: Como &#8220; regalos y regalos&#8221; se dan con desgaste formal, sus exquisitos procesos de te\u00f1ido e impresi\u00f3n de seda superan con mucho el desgaste ordinario de prueba, lo que puede mejorar en gran medida la marca; sentido de valor en los corazones de los consumidores y promover las ventas formales de desgaste.<\/li>\n<li>Atracci\u00f3n del canal de comercio electr\u00f3nico: Use las tiendas en l\u00ednea como un &#8220; prueba de bajo precio&#8221;  or a &#8220; regalo nuevo cliente&#8221; para atraer clientes por primera vez. Los envases de alto color pueden alentar a los usuarios a compartir en las redes sociales, formando una distribuci\u00f3n secundaria.<\/li>\n<\/ul>\n<p>&nbsp;<\/p>\n<ol start=\"2\">\n<li>Viajes al por menor y la econom\u00eda de la experiencia de lujo<\/li>\n<\/ol>\n<p>&nbsp;<\/p>\n<ul>\n<li>Valor b\u00e1sico: elevar el nivel de la marca asociada, satisfacer la necesidad de portabilidad y abrir canales de alto margen.<\/li>\n<li>Escenarios de aplicaci\u00f3n:<\/li>\n<li>Asociaciones de hotel y aerol\u00ednea de gama alta: puedo comercializar este paquete a hoteles de lujo, spas o aerol\u00edneas como respaldo de hu\u00e9spedes de gama alta. Los colores unificados y armoniosos y la sofisticada artesan\u00eda coinciden perfectamente con la ubicaci\u00f3n de un hotel de cinco estrellas.<\/li>\n<li>Paquetes de viaje: Combine diferentes productos funcionales para el cuidado de la piel (como limpiadores, sueros, cremas) en un paquete de viaje para la venta. Un dise\u00f1o de cuerpo unificado (que distingue las funciones solo por el color) har\u00e1 que el traje se vea muy profesional y coordinado.<\/li>\n<\/ul>\n<p>&nbsp;<\/p>\n<ol start=\"3\">\n<li>Productos impulsados por las redes sociales y el marketing de celebridades en Internet<\/li>\n<\/ol>\n<p>&nbsp;<\/p>\n<ul>\n<li>Valor b\u00e1sico: Crear &#8220; Productos de celebridades de Internet,&#8221; cuya apariencia es el contenido de marketing en s\u00ed mismo.<\/li>\n<li>Escenarios de aplicaci\u00f3n:<\/li>\n<li>Adaptado para Instagram, TikTok y el Peque\u00f1o Libro Rojo: los colores coordinados, los efectos brillantes de estampado en caliente y el estilo \u00fanico lo hacen muy &#8220; fotog\u00e9nico. &#8221; Puedo decir claramente a las marcas que este envase les ayuda a crear &#8220; video en caja&#8221;  and &#8220; compartir buenos bienes&#8221; contenido adecuado para la distribuci\u00f3n en redes sociales.<\/li>\n<li>Cooperar con blogueros de belleza \/ celebridades de Internet: Enviar a KOL como regalo personalizado, su alto valor de apariencia puede aumentar la probabilidad de ser recomendado.<\/li>\n<\/ul>\n<p>&nbsp;<\/p>\n<ol start=\"4\">\n<li>Segmentos de productos dirigidos con precisi\u00f3n<\/li>\n<\/ol>\n<p>&nbsp;<\/p>\n<ul>\n<li>Valor b\u00e1sico: Servir mercados de nicho con alto crecimiento y alta rentabilidad.<\/li>\n<li>Escenarios de aplicaci\u00f3n:<\/li>\n<li>Aceites esenciales y botellas altamente eficientes: se pone \u00e9nfasis en el envasado de altas concentraciones de ingredientes activos (como vitamina Aol, vitamina C, p\u00e9ptidos), la peque\u00f1a capacidad asegura que los ingredientes permanezcan frescos durante el uso y el dise\u00f1o de la nariz permite un control preciso de las cantidades.<\/li>\n<li>Productos de cuidado t\u00f3pico: Perfecto para cremas de ojos, sueros t\u00f3ner t\u00f3pico, manchas de acn\u00e9, etc. El tubo peque\u00f1o es adecuado para sentarse en el comedor o llevar con usted, y el dise\u00f1o de la boquilla garantiza la higiene y la aplicaci\u00f3n precisa.<\/li>\n<li>Ni\u00f1os &amp; L\u00edneas de cuidado de la piel para adolescentes: encantador rosa, p\u00farpura y tama\u00f1o peque\u00f1o, perfecto para introducir productos de cuidado de la piel de nivel de entrada para las generaciones m\u00e1s j\u00f3venes.<\/li>\n<\/ul>","protected":false},"featured_media":0,"comment_status":"closed","ping_status":"closed","template":"","meta":[],"product_brand":[],"product_cat":[44],"product_tag":[],"class_list":{"0":"post-3429","1":"product","2":"type-product","3":"status-publish","5":"product_cat-25-pe-plastic-tube","7":"first","8":"instock","9":"shipping-taxable","10":"purchasable","11":"product-type-simple"},"_links":{"self":[{"href":"https:\/\/www.hongyitube.com\/es\/wp-json\/wp\/v2\/product\/3429","targetHints":{"allow":["GET"]}}],"collection":[{"href":"https:\/\/www.hongyitube.com\/es\/wp-json\/wp\/v2\/product"}],"about":[{"href":"https:\/\/www.hongyitube.com\/es\/wp-json\/wp\/v2\/types\/product"}],"replies":[{"embeddable":true,"href":"https:\/\/www.hongyitube.com\/es\/wp-json\/wp\/v2\/comments?post=3429"}],"wp:attachment":[{"href":"https:\/\/www.hongyitube.com\/es\/wp-json\/wp\/v2\/media?parent=3429"}],"wp:term":[{"taxonomy":"product_brand","embeddable":true,"href":"https:\/\/www.hongyitube.com\/es\/wp-json\/wp\/v2\/product_brand?post=3429"},{"taxonomy":"product_cat","embeddable":true,"href":"https:\/\/www.hongyitube.com\/es\/wp-json\/wp\/v2\/product_cat?post=3429"},{"taxonomy":"product_tag","embeddable":true,"href":"https:\/\/www.hongyitube.com\/es\/wp-json\/wp\/v2\/product_tag?post=3429"}],"curies":[{"name":"WP","href":"https:\/\/api.w.org\/{rel}","templated":true}]}}