{"id":3400,"date":"2026-01-08T17:30:22","date_gmt":"2026-01-08T09:30:22","guid":{"rendered":"https:\/\/www.hongyitube.com\/?post_type=product&#038;p=3400"},"modified":"2026-01-08T17:30:22","modified_gmt":"2026-01-08T09:30:22","slug":"15ml-20ml-0-51-0-68fl-oz-15g-20gblank-transparent-pe-flexible-tube-cosmetics-skincare-personal-care-pharmaceutical-creams-industrial-pigments-adhesives-pesticide-based-products-packaging-tub","status":"publish","type":"product","link":"https:\/\/www.hongyitube.com\/es\/product\/15ml-20ml-0-51-0-68fl-oz-15g-20gblank-transparent-pe-flexible-tube-cosmetics-skincare-personal-care-pharmaceutical-creams-industrial-pigments-adhesives-pesticide-based-products-packaging-tub\/","title":{"rendered":"15ml-20ml 0.51 -0.68fl.oz 15g-20g, tubo flexible PE transparente en blanco, cosm\u00e9ticos, cuidado de la piel, cuidado personal, cremas farmac\u00e9uticas, pigmentos industriales, adhesivos, productos a base de pesticidas, tubos de envasado, materiales de envasado, recipientes &#8211; pl\u00e1stico Hongyi"},"content":{"rendered":"<ul>\n<li>HongyiPlastic15ml-20ml 0.51 -0.68fl.oz 15g-20g, tubo flexible PE transparente en blanco, cosm\u00e9ticos, cuidado de la piel, cuidado personal, cremas farmac\u00e9uticas, pigmentos industriales, adhesivos, productos a base de pesticidas, tubos de envasado, materiales de envasado, recipientes<\/li>\n<li>Descripci\u00f3n del producto<\/li>\n<li>Este tubo blando de PE transparente en blanco de 22 mm de di\u00e1metro es un producto ultra-minimalista dise\u00f1ado espec\u00edficamente para ofrecer la m\u00e1xima flexibilidad en la personalizaci\u00f3n. Es un tubo suave de PE transparente y brillante con un di\u00e1metro de 22 mm. El tubo sin tapa mide 87 mm de longitud y tiene una capacidad de 15-20 ml, lo que lo convierte en una opci\u00f3n ideal para aplicaciones de envasado de volumen peque\u00f1o a mediano. Todo el cuerpo del tubo es transparente y presenta un acabado brillante, d\u00e1ndole una apariencia limpia y clara. La caracter\u00edstica principal es el cuerpo del tubo completamente en blanco, que no tiene ninguna impresi\u00f3n aplicada, lo que permite al propietario de la marca personalizar completamente el espacio para gr\u00e1ficos, identificadores de marca e informaci\u00f3n. El envase cuenta con un acabado de pared recta con un dise\u00f1o de labio peque\u00f1o de 4 mm, lo que garantiza excelentes propiedades de sellado y un control preciso sobre el flujo de contenido. El tubo se puede emparejar con varias tapas en diferentes colores y acabados, como tapas de torsi\u00f3n o tapas octagonales elegantes, proporcionando un amplio lienzo para la formaci\u00f3n final de la marca&#8217; imagen s.  \u00a02. Material del producto<\/li>\n<li><\/li>\n<li>Material principal: Polietileno (PE). Es un material seguro y flexible reconocido a nivel mundial.<\/li>\n<li>Seguridad: El material PE tiene una naturaleza qu\u00edmica estable y es no t\u00f3xico e inodoro, cumpliendo con las normas internacionales para los materiales utilizados en contacto con alimentos y productos farmac\u00e9uticos (como la FDA), garantizando la seguridad cuando se utiliza en productos de cuidado personal y farmac\u00e9uticos.<\/li>\n<li>Transparencia y pureza: El cuerpo del tubo de alta transparencia permite la visualizaci\u00f3n m\u00e1s directa del color, la textura y el estado de los contenidos, lo que es crucial para productos que enfatizan ingredientes naturales y texturas \u00fanicas.<\/li>\n<li>Propiedades f\u00edsicas: El material es flexible y f\u00e1cil de comprimir; es ligero y resistente a los choques, lo que lo hace adecuado para el transporte y el transporte.<\/li>\n<\/ul>\n<p><strong><b>Aplicaciones recomendadas <\/b><\/strong>:<\/p>\n<p>La extremadamente alta flexibilidad de esta manguera transparente la hace perfectamente adaptada a las preferencias y necesidades \u00fanicas de diferentes g\u00e9neros y grupos de edad.<\/p>\n<p>&nbsp;<\/p>\n<ol>\n<li>El mercado de consumo masculino<\/li>\n<\/ol>\n<p>&nbsp;<\/p>\n<p>Los hombres, especialmente los consumidores j\u00f3venes a de mediana edad, se est\u00e1n convirtiendo cada vez m\u00e1s en el motor de crecimiento del mercado de cuidado personal. Sus preferencias del consumidor generalmente se caracterizan por un enfoque en la eficiencia, los ingredientes y la eficacia, una preferencia por la simplicidad y el profesionalismo, y una aversi\u00f3n a la decoraci\u00f3n excesiva.<\/p>\n<p>&nbsp;<\/p>\n<ul>\n<li>Productos recomendados:<\/li>\n<li>Productos para el cuidado de la piel: esencia de \u00e1cido hialur\u00f3nico, hidratante controlado por aceite, hidratante para la parte posterior de la barba, crema hidratante. El cuerpo transparente puede mostrar visualmente la textura pura del producto y evitar la verg\u00fcenza causada por el envase femenino.<\/li>\n<li>Categor\u00edas cosm\u00e9ticas: crema para el peinado del cabello, aceite para el cuidado de la barba. Una pasta o l\u00edquido transparente puede mostrar el producto en s\u00ed mismo, y una solapa silenciada o de color oscuro puede mejorar la masculinidad.<\/li>\n<li>Categor\u00edas funcionales: gel t\u00f3pico de alta resistencia para aliviar el dolor, crema de masaje deportivo. El look profesional, no de lujo se encuentra con los hombres&#8217; expectativas de productos funcionales.<\/li>\n<li>Direcci\u00f3n de personalizaci\u00f3n: el dise\u00f1o del embalaje debe inclinarse hacia el minimalismo. La cubierta giratoria se puede utilizar en colores gris oscuro, negro, azul y verde tinta, con fuentes simples y potentes y gr\u00e1ficos geom\u00e9tricos para imprimir o marcar, transmitiendo un &#8220; profesional, eficiente y confiable&#8221; se\u00f1al.<\/li>\n<\/ul>\n<p>&nbsp;<\/p>\n<ol start=\"2\">\n<li>Mujeres&#8217; Mercado Consumidor<\/li>\n<\/ol>\n<p>&nbsp;<\/p>\n<p>El mercado de consumo femenino es m\u00e1s diverso, pero las tendencias principales incluyen la b\u00fasqueda de la transparencia en los ingredientes, la preferencia por la personalizaci\u00f3n y el dise\u00f1o est\u00e9tico, y un enfoque en el uso ritual.<\/p>\n<p>&nbsp;<\/p>\n<ul>\n<li>Productos recomendados:<\/li>\n<li>Aceites esenciales y Ampollas: Extracto de vitamina C, Extracto de retinol, Aceites de mezcla. El cuerpo del tubo transparente puede mostrar el color dorado del suero o micropart\u00edculas suspendidas, mejorando la percepci\u00f3n de &#8220; alta actividad&#8221; y &#8220; alta concentraci\u00f3n. &#8221;<\/li>\n<li>Productos pre-maquillaje: pre-maquillajes hidratantes, refrescante ligero de perla. La textura visible y el brillo pueden inspirar el deseo de comprar.<\/li>\n<li>Cuidado natural de la piel: Gel de Aloe Vera, gel defoliante floral. El embalaje transparente refleja mejor el concepto de &#8220; Naturalmente sin aditivos. &#8221;<\/li>\n<li>Direcci\u00f3n personalizada: El espacio de dise\u00f1o es extremadamente extenso. Las cubiertas galvanizadas como el blanco de perla, el oro de champ\u00e1n, el oro rosa se pueden usar para mejorar la sensaci\u00f3n de lujo; Los banners o la impresi\u00f3n pueden usar colores suaves, ilustraciones elegantes y fuentes art\u00edsticas para crear conexiones emocionales. Para las marcas de gama alta, el proceso de tinte de oro puede elevar el nivel al instante.<\/li>\n<\/ul>\n<p>&nbsp;<\/p>\n<ol start=\"3\">\n<li>Ni\u00f1os&#8217; Mercado Consumidor<\/li>\n<\/ol>\n<p>&nbsp;<\/p>\n<p>Los principales tomadores de decisiones en los ni\u00f1os&#8217; mercado son los padres, pero el atractivo del producto afecta directamente al ni\u00f1o. Las exigencias clave son: seguro, divertido y atractivo para los ni\u00f1os para usar.<\/p>\n<p>&nbsp;<\/p>\n<ul>\n<li>Productos recomendados:<\/li>\n<li>Cuidado de la piel para ni\u00f1os: una f\u00f3rmula sin l\u00e1grimas para champ\u00fa, hidratante, protector solar. El cuerpo transparente da a los padres tranquilidad sobre el contenido, y el \u00e1rea de etiqueta en blanco es un lienzo para la creatividad.<\/li>\n<li>Ideas de entretenimiento: pintura facial soluble en agua, esmalte de u\u00f1as seguro, pegamento de mano.<\/li>\n<li>Cuidados de salud: Los ni\u00f1os usan repelente de mosquitos y un gel desinfectante con Cartoon Bandit.<\/li>\n<li>Direcci\u00f3n de personalizaci\u00f3n: Esta es la casa de dibujos animados IP y colores brillantes. La marca puede pegar o imprimir en el tubo en blanco personajes de anime, animales lindos, elementos de cuento de hadas, etc. que son amados por los ni\u00f1os. Combinado con una cubierta octagonal brillante o una cubierta remolinosa de colores brillantes, puede convertir un producto de cuidado ordinario en un &#8220; juguete&#8221; que los ni\u00f1os pueden esperar. Al mismo tiempo, las palabras &#8220; Hipoalerg\u00e9nico&#8221;  (baja sensibilidad) y &#8220; Sin l\u00e1grimas&#8221;  (f\u00f3rmula sin l\u00e1grimas) en el embalaje son la clave para impresionar a los padres.<\/li>\n<\/ul>\n<h3>1. <strong><b>Atributos del producto<\/b><\/strong><\/h3>\n<p>Este tubo flexible de PE transparente en blanco de 22 calibres proporciona a la marca posibilidades creativas ilimitadas, lo que permite la aplicaci\u00f3n libre de varias t\u00e9cnicas de postprocesamiento como etiquetado, serigraf\u00eda, impresi\u00f3n offset y estampado de hoja de oro, creando as\u00ed una imagen \u00fanica de la marca.<\/p>\n<ul>\n<li>Visualizaci\u00f3n del contenido: El cuerpo transparente del tubo permite a los consumidores ver directamente el estado real de los contenidos, creando una primera impresi\u00f3n de &#8220; pureza, autenticidad y transparencia,&#8221; lo que aumenta en gran medida la confianza en la compra.<\/li>\n<li>Control cuantitativo preciso: El dise\u00f1o de boquilla peque\u00f1a de 4 mm facilita el control preciso sobre la extrusi\u00f3n de peque\u00f1as cantidades de productos, evitando as\u00ed el desperdicio.<\/li>\n<li>Propiedades de sellado excepcionales: El proceso de sellado de ranura recta garantiza un envase seguro y herm\u00e9tico, evitando efectivamente fugas y degradaci\u00f3n del contenido.<\/li>\n<li>Diversidad b\u00e1sica en combinaciones: mediante la selecci\u00f3n de tapas de diferentes colores y formas (como tapas octagonales), incluso sin decorar el cuerpo del tubo, se puede lograr r\u00e1pidamente una diferenciaci\u00f3n preliminar de la l\u00ednea de productos.<\/li>\n<\/ul>","protected":false},"excerpt":{"rendered":"<ul>\n<li><b><\/b><strong><b>Dise\u00f1o del cuerpo del tubo<\/b><\/strong>.<\/li>\n<\/ul>\n<p>Este tubo flexible de PE transparente en blanco de 22 calibres &#8220; potencia a las marcas. &#8221; Creemos firmemente que la marca en s\u00ed misma es siempre la mejor autoridad en la comprensi\u00f3n de sus consumidores, por lo que proporcionamos una base pura que permite a las marcas compartir libremente sus historias sin limitaciones.<\/p>\n<ul>\n<li>La transparencia en s\u00ed misma es tambi\u00e9n un lenguaje de dise\u00f1o, transmitiendo los valores de &#8220; honestidad, pureza y apertura,&#8221; que se alinea profundamente con los consumidores modernos&#8217; La b\u00fasqueda de &#8220; transparencia en los ingredientes&#8221; y &#8220; marcas aut\u00e9nticas. &#8221;<\/li>\n<li>Dise\u00f1o estructural orientado a la funci\u00f3n:<\/li>\n<li>Boquilla peque\u00f1a de 4 mm: Asegura un control preciso sobre el proceso de extrusi\u00f3n, lo que la hace adecuada tanto para la aplicaci\u00f3n puntual de esencias como para la dispensaci\u00f3n precisa de adhesivos.<\/li>\n<li>Cierre de tapa de pared recta: Proporciona una protecci\u00f3n de sellado fiable.<\/li>\n<li>Efecto de resplandor: Mejora la textura del envase, evitando que el cuerpo del tubo sencillo parezca barato, sentando as\u00ed una base s\u00f3lida para los esfuerzos de marca futuros.<\/li>\n<\/ul>\n<p>Ventajas del producto:<\/p>\n<p>Nuestra manguera de PE transparente de 22 di\u00e1metros ofrece m\u00e1ximos grados de libertad a la etiqueta: la etiqueta tiene el control completo del efecto visual final del envase, lo que le permite pasar del concepto al producto terminado, sin limitarse al envase predeterminado.<\/p>\n<ul>\n<li>Reducir el umbral de puesta en marcha de la marca y el riesgo de inventario: los propietarios de marcas pueden comprar primero tubos en blanco comunes y luego llevar a cabo la impresi\u00f3n personalizada en lotes de acuerdo con las reacciones del mercado, reduciendo en gran medida los costos de inventario inicial y los riesgos de decisi\u00f3n.<\/li>\n<li>Construir confianza y afinidad: La visibilidad del contenido proporcionada por controles corporales transparentes es una de las formas m\u00e1s directas y efectivas de construir la confianza del consumidor.<\/li>\n<li>Para productos de nicho y experimentales: Las tuber\u00edas en blanco son la soluci\u00f3n m\u00e1s flexible y rentable para marcas multicategor\u00edas de peque\u00f1o volumen (por ejemplo, marcas artesanales o de laboratorio).<\/li>\n<li>Promover la protecci\u00f3n ambiental y el reciclaje: La estructura sencilla y el alto grado de versatilidad facilitan el reciclaje.<\/li>\n<\/ul>\n<p>&nbsp;<\/p>\n<ul>\n<li><b><\/b><strong><b>Escenarios de aplicaci\u00f3n para el producto:<\/b><\/strong><\/li>\n<\/ul>\n<p>Este tubo flexible de PE transparente en blanco de 22 calibres sirve como l\u00ednea de base y se puede adaptar a trav\u00e9s de varios elementos de dise\u00f1o (logrados principalmente a trav\u00e9s del etiquetado \/ impresi\u00f3n, tapas y el propio contenido), lo que influye directamente en su aplicaci\u00f3n en escenarios distintos. El rendimiento espec\u00edfico se puede clasificar en las siguientes cuatro dimensiones principales:<\/p>\n<ol>\n<li>Comunicaci\u00f3n Visual y Posicionamiento de Marca<\/li>\n<\/ol>\n<p>&nbsp;<\/p>\n<ul>\n<li>Rendimiento de dise\u00f1o:<\/li>\n<li>Dise\u00f1o m\u00ednimo: el cuerpo no tiene etiqueta o solo tiene un solo color, letra peque\u00f1a; Combine con cubiertas negras, blancas, grises o met\u00e1licas.<\/li>\n<li>Dise\u00f1o de lujo: etiquetas utilizando procesos de oro \/ plata, ilustraciones inspiradas en el arte; Pareja con una cubierta remolinosa de oro galvanizado, blanco de perla y as\u00ed sucesivamente.<\/li>\n<li>Diversi\u00f3n de dibujos animados: Use pegatinas de dibujos animados con alto grado de saturaci\u00f3n; Combine con tapas octagonales en colores brillantes como rojo, azul, amarillo.<\/li>\n<li>Escenarios correspondientes:<\/li>\n<li>Dise\u00f1o minimalista \u2192  sal\u00f3n profesional &amp; cosm\u00e9ticos de gama alta: por ejemplo, una \u00fanica manguera transparente con logotipo negro, llena de gel transparente, ser\u00e1 naturalmente Lenovo para productos recomendados de dermatolog\u00eda profesional o esencia de sal\u00f3n de gama alta, la escena se centr\u00f3 en el proceso de cuidado de la piel profesional y la investigaci\u00f3n de ingredientes racionales.<\/li>\n<li>Dise\u00f1o de lujo \u2192  Mercado de regalos &amp; Autoestima: Por ejemplo, una manguera con estampado negro a chorro se considerar\u00e1 un regalo delicado o se usar\u00e1 para un ritual de cuidado de la piel de lujo por la noche, enfatizando su valor emocional y sensaci\u00f3n experiencial.<\/li>\n<li>Dise\u00f1o de dibujos animados \u2192  Ni\u00f1os&#8217; s D\u00eda a d\u00eda &amp; Interacci\u00f3n padre-hijo: Por ejemplo, el repelente de mosquitos con un motivo de Spider-Man se utiliza expl\u00edcitamente para actividades al aire libre en la familia, ni\u00f1os&#8217; tiempo de lavado, y el n\u00facleo es hacer que el proceso de cuidado sea divertido.<\/li>\n<\/ul>\n<ol>\n<li>Indicaciones funcionales y dimensiones de experiencia del usuario<\/li>\n<\/ol>\n<p>&nbsp;<\/p>\n<ul>\n<li>Rendimiento de dise\u00f1o:<\/li>\n<li>&#8220; Laboratorio&#8221; estilo: cuerpo transparente con s\u00f3lo l\u00edneas moleculares o t\u00e9cnicas impresas en los componentes; Viene con un remolino de plata y gris.<\/li>\n<li>&#8220; Natural y org\u00e1nico&#8221; estilo: usar etiquetado a base de cuero, ilustraciones de plantas; Combine con un patr\u00f3n de madera o una solapa verde brillante.<\/li>\n<li>El &#8220; herramienta industrial&#8221; estilo: sin decoraci\u00f3n y totalmente dependiente del color del contenido (como la grasa gris); Combine con una solapa \/ tapa de labios funcional negra o azul oscuro.<\/li>\n<li>Escenarios correspondientes:<\/li>\n<li>Estilo de laboratorio \u2192  Cuidado eficaz y preciso: Este dise\u00f1o implica que el producto es potente y formulado con precisi\u00f3n, adecuado para escenarios de cuidado de la piel con problemas espec\u00edficos, como la aplicaci\u00f3n t\u00f3pica del acn\u00e9, la aplicaci\u00f3n de l\u00edneas concentradas.<\/li>\n<li>Estilo natural y org\u00e1nico \u2192  Cuidado diario suave: El dise\u00f1o env\u00eda una se\u00f1al de seguridad y suavidad para situaciones que requieren altos niveles de tranquilidad, como la hidrataci\u00f3n diaria para la piel sensible y las nalgas del beb\u00e9.<\/li>\n<li>Estilo de herramienta industrial \u2192  Reparaci\u00f3n y creaci\u00f3n profesionales: Su apariencia indica directamente que es un &#8220; herramienta&#8221; en vez de &#8220; maquillaje, &#8221; con escenas de adhesivos en la fabricaci\u00f3n de modelos, aceite en cadenas de bicicletas, etc., enfatizando la primac\u00eda de la funci\u00f3n.<\/li>\n<\/ul>\n<p>III. Dimensiones de visibilidad del contenido y creaci\u00f3n de confianza<\/p>\n<p>&nbsp;<\/p>\n<ul>\n<li>Rendimiento de dise\u00f1o:<\/li>\n<li>Visualizaci\u00f3n completa: No hay etiquetas o utilice etiquetas muy peque\u00f1as para maximizar la visualizaci\u00f3n del contenido.<\/li>\n<li>Ventana de visualizaci\u00f3n: Hay un &#8220; ventana&#8221; en el medio de la etiqueta.<\/li>\n<li>Refuerzo de informaci\u00f3n: Las etiquetas est\u00e1n dise\u00f1adas para explicar el color o el estado del contenido (por ejemplo, amarillo natural debido a XXX).<\/li>\n<li>Escenarios correspondientes:<\/li>\n<li>Presentaci\u00f3n completa \u2192  Producto de alto valor &amp; marketing de ingredientes: Por ejemplo, un suero VC que muestra oro es adecuado para la presentaci\u00f3n visual en plataformas de comercio electr\u00f3nico para construir confianza a trav\u00e9s de &#8220; altas concentraciones&#8221; Promover las compras en l\u00ednea.<\/li>\n<li>Ventana de visualizaci\u00f3n \u2192  Equilibriar belleza y autenticidad: Si bien requiere historias de marca complejas (mucho texto gr\u00e1fico) sin sacrificar la promesa de &#8220; transparencia, &#8221; se aplica a los estantes minoristas que atraen la atenci\u00f3n y proporcionan tranquilidad.<\/li>\n<li>Mejora de la informaci\u00f3n \u2192  Gestionar las expectativas del consumidor: Cuando el color del contenido no es convencional (por ejemplo, el gel azul), explicarlo con antelaci\u00f3n por dise\u00f1o, evitando preocupaciones cuando los consumidores lo usen por primera vez y aumentando la satisfacci\u00f3n.<\/li>\n<\/ul>\n<ol>\n<li>Las dimensiones de portabilidad y adaptaci\u00f3n de escena<\/li>\n<\/ol>\n<p>&nbsp;<\/p>\n<ul>\n<li>Rendimiento de dise\u00f1o:<\/li>\n<li>Dise\u00f1o unificado: La misma l\u00ednea de productos utiliza un dise\u00f1o de etiqueta unificado que se distingue solo por el color de la cubierta o la letra peque\u00f1a.<\/li>\n<li>Dise\u00f1o individual: Cada SKU tiene un patr\u00f3n distinto y altamente individual.<\/li>\n<li>Escenarios correspondientes:<\/li>\n<li>Dise\u00f1o unificado \u2192  Viajes de negocios y El dise\u00f1o unificado y discreto hace que los productos sean limpios, profesionales, f\u00e1ciles de llevar y manejar en una bolsa de limpieza de viaje o en un caj\u00f3n de escritorio.<\/li>\n<li>Dise\u00f1o de personalidad \u2192  Exposici\u00f3n social &amp; Accesorios de tendencia: Una manguera de dise\u00f1o \u00fanico (como una co-marca) ser\u00e1 colocada como un art\u00edculo de moda en un bolsillo por los j\u00f3venes y cuando se aplique en p\u00fablico, se convierte en una expresi\u00f3n de personalidad y conversaci\u00f3n en las redes sociales.<\/li>\n<\/ul>\n<p>&nbsp;<\/p>\n<p>En resumen, esta manguera en blanco aparentemente simple logra un posicionamiento preciso en todos los aspectos, desde el lenguaje de comunicaci\u00f3n, la sugerencia funcional, la creaci\u00f3n de confianza hasta la integraci\u00f3n de escenas, a trav\u00e9s de ajustes en el dise\u00f1o exterior. Es&#8217; s como un bloque de construcci\u00f3n que las marcas pueden incorporar en cualquier escenario de vida desde un laboratorio profesional hasta un ni\u00f1o&#8217; parque infantil, desde un vestidor de lujo hasta una caja de herramientas industrial a trav\u00e9s de una variedad de combinaciones de dise\u00f1o. Esta alta aptitud es su valor fundamental.<\/p>\n<p>&nbsp;<\/p>\n<p>&nbsp;<\/p>","protected":false},"featured_media":0,"comment_status":"closed","ping_status":"closed","template":"","meta":[],"product_brand":[],"product_cat":[43],"product_tag":[],"class_list":{"0":"post-3400","1":"product","2":"type-product","3":"status-publish","5":"product_cat-22-pe-plastic-tube","7":"first","8":"instock","9":"shipping-taxable","10":"purchasable","11":"product-type-simple"},"_links":{"self":[{"href":"https:\/\/www.hongyitube.com\/es\/wp-json\/wp\/v2\/product\/3400","targetHints":{"allow":["GET"]}}],"collection":[{"href":"https:\/\/www.hongyitube.com\/es\/wp-json\/wp\/v2\/product"}],"about":[{"href":"https:\/\/www.hongyitube.com\/es\/wp-json\/wp\/v2\/types\/product"}],"replies":[{"embeddable":true,"href":"https:\/\/www.hongyitube.com\/es\/wp-json\/wp\/v2\/comments?post=3400"}],"wp:attachment":[{"href":"https:\/\/www.hongyitube.com\/es\/wp-json\/wp\/v2\/media?parent=3400"}],"wp:term":[{"taxonomy":"product_brand","embeddable":true,"href":"https:\/\/www.hongyitube.com\/es\/wp-json\/wp\/v2\/product_brand?post=3400"},{"taxonomy":"product_cat","embeddable":true,"href":"https:\/\/www.hongyitube.com\/es\/wp-json\/wp\/v2\/product_cat?post=3400"},{"taxonomy":"product_tag","embeddable":true,"href":"https:\/\/www.hongyitube.com\/es\/wp-json\/wp\/v2\/product_tag?post=3400"}],"curies":[{"name":"WP","href":"https:\/\/api.w.org\/{rel}","templated":true}]}}