{"id":3351,"date":"2026-01-08T16:47:42","date_gmt":"2026-01-08T08:47:42","guid":{"rendered":"https:\/\/www.hongyitube.com\/?post_type=product&#038;p=3351"},"modified":"2026-01-08T16:47:42","modified_gmt":"2026-01-08T08:47:42","slug":"%cf%86193ml-8ml-0-10-0-27fl-oz-3g-8g-ultra-small-capacity-19-gauge-black-glossy-dental-care-device-pharmaceutical-grade-adhesive-industrial-grade-adhesive-pest-control-agent-pe-based-packaging","status":"publish","type":"product","link":"https:\/\/www.hongyitube.com\/es\/product\/%cf%86193ml-8ml-0-10-0-27fl-oz-3g-8g-ultra-small-capacity-19-gauge-black-glossy-dental-care-device-pharmaceutical-grade-adhesive-industrial-grade-adhesive-pest-control-agent-pe-based-packaging\/","title":{"rendered":"\u03a6193ml-8ml 0.10 -0.27fl.oz 3g-8g Capacidad ultra peque\u00f1a, 19 calibre, negro, dispositivo de cuidado dental brillante, adhesivo de grado farmac\u00e9utico, adhesivo de grado industrial, agente de control de plagas, tubo de envasado a base de PE, materiales de envasado, recipientes - pl\u00e1stico Hongyi"},"content":{"rendered":"<ul>\n<li>HongyiPlastic\u03a619 3ml-8ml 0.10 -0.27fl.oz 3g-8g, Aparato dental de dise\u00f1o de mariposa, ung\u00fcento m\u00e9dico, adhesivo industrial, insecticida, tubo de dispensaci\u00f3n basado en PE, materiales de envasado, recipientes<\/li>\n<li>Explicaci\u00f3n del producto:<\/li>\n<li>Nuestro tubo flexible de PE brillante negro de calibre 19 de capacidad ultrapeque\u00f1a est\u00e1 dise\u00f1ado espec\u00edficamente para las necesidades de envasado y portabilidad de productos peque\u00f1os y de alto valor. El tubo sin tapa mide solo 50 mm de longitud, cubriendo un rango muy peque\u00f1o de capacidades de 3 a 8 ml. El cuerpo del tubo es tratado con un acabado negro brillante, d\u00e1ndole un aspecto profundo y moderno. Todos los par\u00e1metros, capacidades e instrucciones de uso est\u00e1n claramente marcados en ambos lados con impresi\u00f3n blanca de alto contraste, lo que garantiza que la informaci\u00f3n sea f\u00e1cilmente legible. El tubo cuenta con un acabado de pared recta y un dise\u00f1o de tapa de dientes peque\u00f1os, lo que garantiza excelentes propiedades de sellado y una adaptaci\u00f3n precisa con la tapa. El sistema de envasado es altamente flexible y puede emparejarse con varios colores anodizados, tapas de tornillo est\u00e1ndar, tapas flip-top o se puede usar con insertos de punta de aguja y varias tapas de proceso, lo que lo hace adecuado para una amplia gama de aplicaciones, desde productos de consumo cotidianos hasta campos especializados.<\/li>\n<\/ul>\n<ol start=\"2\">\n<li>Material del producto<\/li>\n<\/ol>\n<ul>\n<li>Material principal: Polietileno (PE). Este es un material seguro y flexible ampliamente reconocido utilizado a nivel mundial.<\/li>\n<li>Seguridad: El PE es qu\u00edmicamente estable, no t\u00f3xico e inodoro, cumpliendo con las normas internacionales para los materiales utilizados en contacto con alimentos y productos farmac\u00e9uticos (como la FDA), garantizando la seguridad cuando est\u00e1 en contacto con varios contenidos.<\/li>\n<li>Propiedades f\u00edsicas: presenta una excelente flexibilidad y resistencia a la compresi\u00f3n, lo que permite extruir f\u00e1cilmente y con precisi\u00f3n incluso peque\u00f1as cantidades de producto. Sus caracter\u00edsticas ultraligeras y resistentes a los golpes lo convierten en una opci\u00f3n ideal para llevar.<\/li>\n<li>Tratamiento superficial: El acabado brillante no solo mejora la apariencia moderna y de alta calidad del envase, sino que tambi\u00e9n proporciona un cierto nivel de resistencia a los ara\u00f1azos.<\/li>\n<\/ul>\n<p><strong><b>Aplicaciones recomendadas <\/b><\/strong>:<\/p>\n<p>Este tubo flexible de PE brillante negro de calibre 19 de capacidad ultra peque\u00f1a es una opci\u00f3n ideal para las siguientes aplicaciones:<\/p>\n<p>&nbsp;<\/p>\n<ul>\n<li>La industria de belleza y cuidado de la piel:<\/li>\n<li>Aceites esenciales y esencias de alta concentraci\u00f3n: productos como \u00e1cido f\u00e9rulico y aceite puro de vitamina E, que requieren solo 1-2 gotas a la vez.<\/li>\n<li>Hidratante pre-maquillaje y corrector localizado.<\/li>\n<li>Aceites de perfume y cremas de fragancia.<\/li>\n<li>Versiones de tama\u00f1o de viaje y tama\u00f1o de muestra.<\/li>\n<li>La industria farmac\u00e9utica y sanitaria:<\/li>\n<li>Medicamentos recetados aplicados localmente: tales como ung\u00fcento de nitroglicerina, cremas de corticosteroides potentes y otros medicamentos que requieren una dosificaci\u00f3n precisa.<\/li>\n<li>Medicamentos de venta libre (OTC): muestras de ensayo de gel para aliviar el dolor, ung\u00fcento para remediar enfermedades automotrices.<\/li>\n<li>Agente de acoplamiento m\u00e9dico (paquete de uso \u00fanico para uso individual).<\/li>\n<li>Aceite esencial y l\u00edquido roll-on de aromaterapia.<\/li>\n<li>Industrias industriales y qu\u00edmicas especializadas:<\/li>\n<li>Lubricante de precisi\u00f3n: Usado para drones&#8217; sistemas de gimbal, rodamientos de instrumentos de precisi\u00f3n y interruptores de micro movimiento.<\/li>\n<li>Adhesivos de alta resistencia: resina epox\u00eddica de un solo componente, adhesivo instant\u00e1neo.<\/li>\n<li>Pasta de plata conductora, pasta de disipaci\u00f3n de calor: Se utiliza para reparaciones electr\u00f3nicas y proyectos de bricolaje.<\/li>\n<li>Ung\u00fcento\/cebo insecticida fuerte.<\/li>\n<\/ul>","protected":false},"excerpt":{"rendered":"<ul>\n<li><b><\/b><strong><b>Dise\u00f1o del cuerpo del tubo<\/b><\/strong>.<\/li>\n<\/ul>\n<p>Este tubo flexible de PE ultra compacto, de calibre 19, negro y de alto brillo presenta un dise\u00f1o minimalista y elementos est\u00e9ticos funcionales:<\/p>\n<ul>\n<li>Psicolog\u00eda del color: El brillo negro transmite se\u00f1ales de profesionalismo, eficiencia, misterio y lujo. Evita la percepci\u00f3n de barato y es adecuado para productos que enfatizan la eficacia y el ocultamiento (como productos farmac\u00e9uticos y productos industriales de alto valor).<\/li>\n<li>Claridad es primordial: El principio b\u00e1sico del dise\u00f1o es garantizar que la informaci\u00f3n transmitida sea absolutamente clara. El contraste entre blanco y negro es la soluci\u00f3n m\u00e1s fiable para mantener la legibilidad en cualquier condici\u00f3n de iluminaci\u00f3n, lo que es particularmente importante para los productos farmac\u00e9uticos e industriales que requieren advertencias de seguridad.<\/li>\n<li>Dise\u00f1o estructural adaptado a los requisitos funcionales:<\/li>\n<li>Dise\u00f1o peque\u00f1o: Esto garantiza un ajuste ajustado con la tapa, mejora la fiabilidad del sello y da como resultado una l\u00ednea de extrusi\u00f3n m\u00e1s fina que es m\u00e1s f\u00e1cil de controlar.<\/li>\n<li>Tapa de pared recta: Proporciona un \u00e1rea de sellado m\u00e1s grande y una mayor resistencia de sellado, particularmente adecuada para sustancias gruesas y viscosas o pastas que contienen disolventes y adhesivos<\/li>\n<\/ul>\n<p>Ventajas del producto:<\/p>\n<p>Esta manguera de PE brillante negro de 19 tubos de di\u00e1metro de capacidad ultrapeque\u00f1a maximiza la percepci\u00f3n del valor del contenido: El tama\u00f1o ultrapeque\u00f1o del envase de productos de alto valor mejora invisiblemente el valor por mililitro del producto, adecuado para marcas de gama alta y orientadas al lujo.<\/p>\n<ul>\n<li>Portabilidad y privacidad incomparables: su tama\u00f1o extremadamente peque\u00f1o lo convierte en la primera opci\u00f3n para viajes y negocios; El cuerpo opaco negro protege los contenidos sensibles a la luz y proporciona un cierto nivel de privacidad para el producto.<\/li>\n<li>Construir un sentido de profesionalismo y confianza: el dise\u00f1o riguroso y las etiquetas de informaci\u00f3n claras transmiten una imagen de marca precisa, fiable y orientada al detalle a los consumidores.<\/li>\n<li>Reduzca significativamente las barreras y los costos de las pruebas: para las marcas, es un excelente veh\u00edculo para crear pruebas y promover la nueva experiencia, reduciendo efectivamente los consumidores. Costos de prueba iniciales.<\/li>\n<li>Cumplir con los estrictos requisitos de viajes a\u00e9reos: El volumen est\u00e1 bien por debajo de los l\u00edmites de fluidos de aviaci\u00f3n, lo que lo convierte en la elecci\u00f3n perfecta para viajes internacionales.<\/li>\n<li><b><\/b><strong><b>Escenarios de aplicaci\u00f3n para el producto:\u00a0<\/b><\/strong><\/li>\n<li>El &#8220; secreto de mano&#8221; para los viajeros internacionales: En vuelos largos, sace l\u00e1piz labial, aceite esencial o ung\u00fcento para las n\u00e1useas del malet\u00edn de mano. Su capacidad est\u00e1 en pleno cumplimiento con las regulaciones de aviaci\u00f3n. Es el \u00edntimo compa\u00f1ero del viaje.<\/li>\n<li>La \u00e9lite urbana&#8217; s &#8220; kit de emergencia personal&#8221; colocado en un bolsillo de traje o bolsa de mano para llevar trazas de potentes gel (parches de emergencia), analg\u00e9sicos (dolores de cabeza) o aceite de perfume para emergencias en la vida urbana.<\/li>\n<li>Un &#8220; estaci\u00f3n de trabajo m\u00f3vil&#8221; para t\u00e9cnicos profesionales: Ingenieros, fot\u00f3grafos o pilotos de drones lo cuelgan (lleno de grasa de precisi\u00f3n, crema conductora o crema de limpieza de lentes) en llavero o en el compartimento de herramientas m\u00e1s peque\u00f1o para responder a las necesidades de micromantenimiento de equipos profesionales.<\/li>\n<li>Un &#8220; l\u00e1piz de punto de precisi\u00f3n&#8221; para los entusiastas de la belleza: Para llevar corrector, manchas de acn\u00e9 o aceites esenciales de alta concentraci\u00f3n, el dise\u00f1o puntiagudo del enchufe permite una aplicaci\u00f3n precisa a escala milim\u00e9trica y evita la contaminaci\u00f3n del \u00e1rea circundante.<\/li>\n<li>Un &#8220; experimento de costo cero&#8221; para una nueva experiencia: Los consumidores est\u00e1n encantados de recibir este peque\u00f1o vestido de prueba de la marca para experimentar un producto formal de una manera sin riesgos, y su apariencia refinada garantiza que incluso como muestra, la marca&#8217; La imagen no est\u00e1 comprometida. Esta manguera de PE de luz negra de capacidad ultra peque\u00f1a de 19 di\u00e1metros es un &#8220; ver en los detalles&#8221; soluci\u00f3n de embalaje micro de grado profesional. Combina con \u00e9xito portabilidad, control preciso e imagen profesional a trav\u00e9s de un dise\u00f1o extremadamente compacto, orientaci\u00f3n funcional clara y configuraci\u00f3n altamente flexible. Para su marca&#8217; Para los consumidores, elegir este producto envasado significa que han elegido un estilo de vida moderno que es eficiente, sofisticado y listo para una variedad de escenarios, representando una actitud intransigente hacia el detalle de calidad.<\/li>\n<\/ul>","protected":false},"featured_media":0,"comment_status":"closed","ping_status":"closed","template":"","meta":[],"product_brand":[],"product_cat":[42],"product_tag":[],"class_list":{"0":"post-3351","1":"product","2":"type-product","3":"status-publish","5":"product_cat-19-pe-plastic-tube","7":"first","8":"instock","9":"shipping-taxable","10":"purchasable","11":"product-type-simple"},"_links":{"self":[{"href":"https:\/\/www.hongyitube.com\/es\/wp-json\/wp\/v2\/product\/3351","targetHints":{"allow":["GET"]}}],"collection":[{"href":"https:\/\/www.hongyitube.com\/es\/wp-json\/wp\/v2\/product"}],"about":[{"href":"https:\/\/www.hongyitube.com\/es\/wp-json\/wp\/v2\/types\/product"}],"replies":[{"embeddable":true,"href":"https:\/\/www.hongyitube.com\/es\/wp-json\/wp\/v2\/comments?post=3351"}],"wp:attachment":[{"href":"https:\/\/www.hongyitube.com\/es\/wp-json\/wp\/v2\/media?parent=3351"}],"wp:term":[{"taxonomy":"product_brand","embeddable":true,"href":"https:\/\/www.hongyitube.com\/es\/wp-json\/wp\/v2\/product_brand?post=3351"},{"taxonomy":"product_cat","embeddable":true,"href":"https:\/\/www.hongyitube.com\/es\/wp-json\/wp\/v2\/product_cat?post=3351"},{"taxonomy":"product_tag","embeddable":true,"href":"https:\/\/www.hongyitube.com\/es\/wp-json\/wp\/v2\/product_tag?post=3351"}],"curies":[{"name":"WP","href":"https:\/\/api.w.org\/{rel}","templated":true}]}}