{"id":3342,"date":"2026-01-08T16:41:28","date_gmt":"2026-01-08T08:41:28","guid":{"rendered":"https:\/\/www.hongyitube.com\/?post_type=product&#038;p=3342"},"modified":"2026-01-08T16:41:28","modified_gmt":"2026-01-08T08:41:28","slug":"%cf%8619-10ml-15ml-butterfly-design-dental-appliance-medical-ointment-industrial-adhesive-insecticide-pe-based-dispensing-tubing-packaging-materials-containers-hongyi-plastic","status":"publish","type":"product","link":"https:\/\/www.hongyitube.com\/es\/product\/%cf%8619-10ml-15ml-butterfly-design-dental-appliance-medical-ointment-industrial-adhesive-insecticide-pe-based-dispensing-tubing-packaging-materials-containers-hongyi-plastic\/","title":{"rendered":"\u03a619 10ml-15ml mariposa dise\u00f1o aparato dental, ung\u00fcento m\u00e9dico, adhesivo industrial, insecticida, tubo de dispensaci\u00f3n basado en PE, materiales de envasado, recipientes - pl\u00e1stico Hongyi"},"content":{"rendered":"<ul>\n<li>HongyiPlastic\u03a619 10ml-15ml 0.34 -0.68fl.oz, Aparato dental de dise\u00f1o de mariposa, ung\u00fcento m\u00e9dico, adhesivo industrial, insecticida, tubo de dispensaci\u00f3n a base de PE, materiales de envasado, recipientes<\/li>\n<li>Descripci\u00f3n del producto: Este tubo flexible de PE dise\u00f1ado con mariposa de 19 mm de di\u00e1metro es una opci\u00f3n de embalaje de aspecto elegante y meticulosamente elaborada para tubos flexibles de PE de 19 mm de di\u00e1metro. Ofrece dos opciones cl\u00e1sicas de cuerpo de tubo: blanco y gris perla. Los tubos son de 95 mm de largo y tienen una capacidad de 10-15 ml, atendiendo al segmento de mercado refinado de peque\u00f1a capacidad. El elemento central del dise\u00f1o es el patr\u00f3n de mariposa negra impreso en la parte trasera del tubo (12x17mm de tama\u00f1o), con la marca sutilmente integrada en el dise\u00f1o, simbolizando la transformaci\u00f3n y la belleza. El tubo&#8217; El \u00e1rea del hombro de S cuenta con capas distintas: los par\u00e1metros de capacidad se imprimen a 10 mm, y el eslogan del producto de color plateado est\u00e1 en relieve a 13 mm, creando un fino contraste en los detalles. El sistema de envasado es altamente compatible y se puede combinar con elegantes tapas octagonales, varios estilos de artesan\u00eda de tapas torcidas \/ flip, as\u00ed como insertos de punta funcionales y sus tapas correspondientes, logrando un perfecto equilibrio entre est\u00e9tica y funcionalidad.<\/li>\n<li>Material del producto<\/li>\n<li>\n<ul>\n<li><\/li>\n<li>Material principal: Polietileno (PE). Este es un material seguro y flexible reconocido a nivel mundial con una excelente estabilidad qu\u00edmica.<\/li>\n<li>Seguridad: El material PE no es t\u00f3xico e inodoro, cumpliendo con las normas internacionales para los materiales utilizados en contacto con alimentos y productos farmac\u00e9uticos (como la FDA), garantizando la seguridad cuando se usa en productos de cuidado personal y farmac\u00e9uticos.<\/li>\n<li>Efectos especiales: El cuerpo del tubo perloso gris-azul se logra mediante la adici\u00f3n de pigmentos perlosos a un material base de PE, dando al envase un resplandor \u00fanico, c\u00e1lido y una textura sofisticada. Tambi\u00e9n parece din\u00e1mico incluso cuando est\u00e1 estacionario.<\/li>\n<li>Propiedades f\u00edsicas: El material es flexible y f\u00e1cil de comprimir, asegurando que el contenido se utilice plenamente; es ligero y resistente a los golpes, lo que lo hace adecuado para viajar y ser transportado.<\/li>\n<\/ul>\n<p><strong><b>Aplicaciones recomendadas <\/b><\/strong>:<\/p>\n<p>El tubo flexible PE de calibre 19 con dise\u00f1o de mariposa se recomienda para su uso en las siguientes \u00e1reas:<\/p>\n<ul>\n<li>La industria de belleza y cuidado de la piel:<\/li>\n<li>Esencias y ampollas de gama alta: Especialmente productos que enfatizan los efectos de reparaci\u00f3n y revitalizaci\u00f3n, que se alinean bien con la met\u00e1fora de transformaci\u00f3n y metamorfosis, parecida a la &#8220; mariposa&#8221; transformaci\u00f3n.<\/li>\n<li>Cuidado de los ojos: Crema para los ojos, suero para los ojos.<\/li>\n<li>Productos de cuidado local: esencia anti-arrugas, pomada de tratamiento spot para el acn\u00e9.<\/li>\n<li>B\u00e1lsamo de fragancia, hidratante para labios.<\/li>\n<li>La industria farmac\u00e9utica y sanitaria:<\/li>\n<li>Productos medicinales para el cuidado de la piel aplicados localmente: como cremas para la eliminaci\u00f3n de cicatrices y geles para el tratamiento del acn\u00e9.<\/li>\n<li>Productos para el cuidado de hierbas: como cremas calmantes que contienen componentes de aceites esenciales y cremas de masaje calmantes.<\/li>\n<li>Suplementos para la salud: cremas de vitamina E usadas t\u00f3picamente, por ejemplo.<\/li>\n<li>Industrias industriales y qu\u00edmicas especializadas:<\/li>\n<li>Productos qu\u00edmicos de precisi\u00f3n de alto valor a\u00f1adido: como pastas lubricantes especializadas utilizadas para relojes y joyer\u00eda de alta gama.<\/li>\n<li>Adhesivo hecho a mano para bricolaje: Un adhesivo en miniatura utilizado para artesan\u00edas hechas a mano de alta calidad.<\/li>\n<li>Agentes de cuidado especial: como cremas de limpieza de lentes de c\u00e1mara y cremas acondicionadoras de cuero de gama alta.<\/li>\n<\/ul>\n<\/li>\n<\/ul>","protected":false},"excerpt":{"rendered":"<ul>\n<li><b><\/b><strong><b>Dise\u00f1o del cuerpo del tubo<\/b><\/strong>.<\/li>\n<li>Dise\u00f1o narrativo y psicolog\u00eda del color:<\/li>\n<li>Imagen de mariposa: Este es un s\u00edmbolo universalmente positivo que evoca sentimientos de &#8220; transformaci\u00f3n,&#8221;  &#8220; renacimiento,&#8221;  &#8220; excelencia,&#8221; y &#8220; naturalidad,&#8221; facilitar el establecimiento de una conexi\u00f3n emocional con los consumidores.<\/li>\n<li>Selecci\u00f3n de color: el blanco representa la pureza, la seguridad y la simplicidad; El acabado perlado gris-azul transmite tranquilidad, elegancia, fiabilidad y una sensaci\u00f3n moderna. Ambos colores son neutrales y tienen un amplio atractivo de mercado.<\/li>\n<li>Dise\u00f1o complicado: El dise\u00f1o emplea una jerarqu\u00eda visual clara. El patr\u00f3n de mariposa sirve como punto focal, capturando la atenci\u00f3n desde la primera vista; el texto en relieve del t\u00edtulo de plata act\u00faa como un punto focal secundario, enfatizando la calidad; La informaci\u00f3n de los par\u00e1metros en la parte superior es clara y f\u00e1cil de leer. Este dise\u00f1o es est\u00e9ticamente agradable y funcionalmente claro.<\/li>\n<li>Sistema de accesorios modulares:<\/li>\n<li>Cap Octagonal\/Cap Artisanal: Mejora el atractivo decorativo y la singularidad del envase, contribuyendo a una apariencia general m\u00e1s lujosa, lo que lo hace particularmente adecuado para productos de belleza y cuidado personal.<\/li>\n<li>Tapa interna de punta afilada: se transforma r\u00e1pidamente en una soluci\u00f3n de envasado funcional, que satisface las necesidades de aplicaci\u00f3n puntual precisa para adhesivos industriales y agentes de cuidado de precisi\u00f3n.<\/li>\n<\/ul>\n<p>Ventajas del producto:<\/p>\n<ul>\n<li>Fuerte conexi\u00f3n emocional: el dise\u00f1o de la mariposa puede superar las barreras culturales y involucrarse directamente con los consumidores. necesidades emocionales, ayudando a las marcas a contar historias convincentes.<\/li>\n<li>Establecer una imagen de marca de gama alta: La combinaci\u00f3n de textura de perla, proceso de estampado en caliente y un dise\u00f1o elegante de tapa transmite sin esfuerzo un posicionamiento de marca de gama alta y refinado.<\/li>\n<li>Enfoque unificado a trav\u00e9s de las categor\u00edas de productos: El mismo lenguaje de dise\u00f1o se puede aplicar a productos de varias industrias, creando una imagen de marca fuerte y familiar.<\/li>\n<li>Mejorar el desenboxeo y la experiencia del usuario: El embalaje elegante transforma el desenboxeo inicial en una experiencia placentera, mientras que el excelente dise\u00f1o funcional (como la punta puntiaguda) hace que el uso diario sea m\u00e1s conveniente.<\/li>\n<li>Atraer a las consumidoras femeninas y a aquellos que priorizan la est\u00e9tica: El dise\u00f1o es particularmente atractivo para las consumidoras femeninas y para cualquiera que valore los aspectos est\u00e9ticos de la vida.<\/li>\n<li><b><\/b><strong><b>Escenarios de aplicaci\u00f3n para el producto:\u00a0<\/b><\/strong><\/li>\n<li>El &#8220; Ritual elegante&#8221; en la mesa de maquillaje: cuando los consumidores aplican productos de cuidado diario, este envase es como una obra de arte refinada. Su dise\u00f1o de mariposa complementa los efectos revitalizantes, potenciando el sentido de ritual en las rutinas de cuidado de la piel.<\/li>\n<li>&#8220; Accesorios de moda&#8221; en Bolsos: Las consumidoras llevan este art\u00edculo, que contiene b\u00e1lsamos labiales o cremas perfumadas, en sus bolsos. Su elegante apariencia lo convierte en un accesorio elegante al que se puede acceder f\u00e1cilmente en cualquier momento.<\/li>\n<li>&#8220; Caja de curaci\u00f3n personal&#8221; para viajes: Este art\u00edculo compacto se puede utilizar para llevar cremas de masaje calmantes o ung\u00fcentos calmantes durante los viajes. Su peque\u00f1o tama\u00f1o y agradable dise\u00f1o proporcionan un momento de tranquilidad y cuidado en medio de la tensi\u00f3n f\u00edsica del viaje.<\/li>\n<li>Alta calidad, artesanal &#8220; Asistente de precisi\u00f3n&#8221; Ideal para artesanos o entusiastas del modelo, este art\u00edculo, que viene con una tapa puntiaguda, se utiliza para almacenar adhesivos o lubricantes especializados. Ofrece un control preciso e integra perfectamente con un entorno de trabajo creativo tanto en t\u00e9rminos de apariencia como de funcionalidad.<\/li>\n<li>El &#8220; Elecci\u00f3n reflexiva&#8221; para regalos emocionales: Perfecto para su uso como cumplea\u00f1os, madre&#8217; D\u00eda, o regalos de gracias. La mariposa simboliza hermosos deseos, y el exquisito envase transmite a\u00fan m\u00e1s la reflexi\u00f3n detr\u00e1s del regalo. Este tubo suave de dise\u00f1o de mariposa de calibre 19 es una sofisticada soluci\u00f3n de envasado que &#8220; impulsa el consumo basado en las emociones. &#8221; Logra un profundo valor emocional y una funcionalidad excepcional a trav\u00e9s de un dise\u00f1o imbuido de significado simb\u00f3lico, tratamiento de textura de alta calidad y versatilidad sin igual en combinaci\u00f3n. Para los consumidores de su marca, elegir este tipo de producto envasado no se trata solo de comprar un producto; es&#8217; Aceptar una promesa de transformaci\u00f3n emocional y un estilo de vida refinado.<\/li>\n<\/ul>","protected":false},"featured_media":0,"comment_status":"closed","ping_status":"closed","template":"","meta":[],"product_brand":[],"product_cat":[42],"product_tag":[],"class_list":{"0":"post-3342","1":"product","2":"type-product","3":"status-publish","5":"product_cat-19-pe-plastic-tube","7":"first","8":"instock","9":"shipping-taxable","10":"purchasable","11":"product-type-simple"},"_links":{"self":[{"href":"https:\/\/www.hongyitube.com\/es\/wp-json\/wp\/v2\/product\/3342","targetHints":{"allow":["GET"]}}],"collection":[{"href":"https:\/\/www.hongyitube.com\/es\/wp-json\/wp\/v2\/product"}],"about":[{"href":"https:\/\/www.hongyitube.com\/es\/wp-json\/wp\/v2\/types\/product"}],"replies":[{"embeddable":true,"href":"https:\/\/www.hongyitube.com\/es\/wp-json\/wp\/v2\/comments?post=3342"}],"wp:attachment":[{"href":"https:\/\/www.hongyitube.com\/es\/wp-json\/wp\/v2\/media?parent=3342"}],"wp:term":[{"taxonomy":"product_brand","embeddable":true,"href":"https:\/\/www.hongyitube.com\/es\/wp-json\/wp\/v2\/product_brand?post=3342"},{"taxonomy":"product_cat","embeddable":true,"href":"https:\/\/www.hongyitube.com\/es\/wp-json\/wp\/v2\/product_cat?post=3342"},{"taxonomy":"product_tag","embeddable":true,"href":"https:\/\/www.hongyitube.com\/es\/wp-json\/wp\/v2\/product_tag?post=3342"}],"curies":[{"name":"WP","href":"https:\/\/api.w.org\/{rel}","templated":true}]}}