{"id":3312,"date":"2026-01-08T15:38:44","date_gmt":"2026-01-08T07:38:44","guid":{"rendered":"https:\/\/www.hongyitube.com\/?post_type=product&#038;p=3312"},"modified":"2026-01-08T15:38:44","modified_gmt":"2026-01-08T07:38:44","slug":"%cf%8619-10ml-15ml-0-34-0-51fl-oz-10g-15g-black-matte-skincare-and-dental-care-device-pharmaceutical-paste-type-industrial-adhesive-pesticide-type-dispensing-packaging-flexible-tube-packaging-mater","status":"publish","type":"product","link":"https:\/\/www.hongyitube.com\/es\/product\/%cf%8619-10ml-15ml-0-34-0-51fl-oz-10g-15g-black-matte-skincare-and-dental-care-device-pharmaceutical-paste-type-industrial-adhesive-pesticide-type-dispensing-packaging-flexible-tube-packaging-mater\/","title":{"rendered":"\u03a619 10ml-15ml\/0.34-0.51fl.oz 10g-15g Negro mate cuidado de la piel y dispositivo de cuidado dental, adhesivo industrial de tipo pasta farmac\u00e9utica, envasado de distribuci\u00f3n de tipo pesticida, materiales de envasado de tubo flexible, recipientes &#8211; pl\u00e1stico Hongyi"},"content":{"rendered":"<p>Hongyi Plastic\u03a619 10ml-15ml\/0.34-0.51fl.oz 10g-15g, dispositivo de cuidado de la piel y cuidado dental mate negro, adhesivo industrial de tipo pasta farmac\u00e9utica, envasado de distribuci\u00f3n de tipo pesticida, materiales de envasado de tubos flexibles, recipientes.<\/p>\n<p>&nbsp;<\/p>\n<ol>\n<li>Descripci\u00f3n del producto<\/li>\n<\/ol>\n<p>El tubo suave de PE mate negro de 19 mm de di\u00e1metro es un tubo suave de PE mate negro con un di\u00e1metro de 19 mm, dise\u00f1ado para satisfacer las necesidades de varias industrias para soluciones de envasado precisas de peque\u00f1a capacidad. El tubo, sin tapa, mide 112 mm de longitud y tiene una capacidad de 10-15 ml. Es particularmente adecuado para productos con alto valor, alta concentraci\u00f3n o aquellos que requieren un uso de un solo ciclo. Todo el cuerpo del tubo tiene un acabado mate negro suave pero lujoso. Todos los textos, par\u00e1metros, identificadores de marca y patrones en ambos lados del tubo se imprimen utilizando un proceso de tinta de plata de alto contraste, lo que resulta en claridad y una apariencia futurista. El envase incluye una tapa torcida brillante negra, que crea un efecto visual sorprendente a trav\u00e9s del contraste entre los acabados brillantes y mates.<\/p>\n<p>2.Material del producto<\/p>\n<ul>\n<li>Material principal: Polietileno (PE). Este es un material seguro y flexible ampliamente reconocido utilizado a nivel mundial.<\/li>\n<li>Seguridad: El PE es qu\u00edmicamente estable, no t\u00f3xico e inodoro, cumpliendo con las normas internacionales para los materiales utilizados en contacto con alimentos y productos farmac\u00e9uticos (como la FDA). Esto garantiza la seguridad en contacto con diversos contenidos, que van desde productos de cuidado de la piel suaves hasta formulaciones qu\u00edmicas especializadas.<\/li>\n<li>Propiedades f\u00edsicas: presenta una excelente flexibilidad y resistencia a la compresi\u00f3n, lo que permite una eliminaci\u00f3n f\u00e1cil y completa del contenido, reduciendo as\u00ed los residuos. Sus propiedades ligeras y resistentes a los golpes lo hacen particularmente adecuado para viajar o usar en entornos industriales.<\/li>\n<li>Consideraciones ambientales: el PE, como material reciclable, se alinea con el creciente \u00e9nfasis global en la sostenibilidad ambiental y las preferencias de los consumidores por los envases sostenibles.<\/li>\n<\/ul>\n<p><strong><b>Aplicaciones recomendadas <\/b><\/strong><\/p>\n<p>Nuestra manguera de PE mate negro de 19 di\u00e1metros recomienda las siguientes \u00e1reas de selecci\u00f3n:<\/p>\n<p>&nbsp;<\/p>\n<ul>\n<li>Belleza &amp; Industria del cuidado de la piel:<\/li>\n<li>Esencia y ampollas de gama alta: tales como esencia de vitamina C, esencia de retinol y otros productos precisos de dosis \u00fanica.<\/li>\n<li>Productos para el cuidado ocular: cremas oculares, sueros oculares.<\/li>\n<li>Productos cosm\u00e9ticos dentales: gels blanqueadores de dientes, cremas para el cuidado de las enc\u00edas.<\/li>\n<li>Precosm\u00e9ticos y cremas cosm\u00e9ticas t\u00f3picas: por ejemplo, kohl, corrector.<\/li>\n<li>Farmac\u00e9utica &amp; Profesiones de salud:<\/li>\n<li>Medicamentos con receta aplicados t\u00f3picamente: como ung\u00fcentos antibi\u00f3ticos, cremas hormonales.<\/li>\n<li>Medicamentos sin receta (OTC): gel analg\u00e9sico, crema de tensi\u00f3n muscular y muscular, crema de reparaci\u00f3n de cicatrices.<\/li>\n<li>Acopladores m\u00e9dicos (paquetes individuales o de viaje).<\/li>\n<li>Suplementos de salud: como la crema de vitaminas para uso t\u00f3pico.<\/li>\n<li>Industria y Industrias qu\u00edmicas especializadas:<\/li>\n<li>Lubricantes de precisi\u00f3n: utilizados en electr\u00f3nica, instrumentos de precisi\u00f3n, drones, c\u00e1maras, etc.<\/li>\n<li>Adhesivos especializados: epoxi de un solo componente, cianoacrilato (adhesivo instant\u00e1neo).<\/li>\n<\/ul>\n<p>Agente de mantenimiento: limpiador de placas de circuito, crema de cuidado del cuero para ancianos.<\/p>\n<ul>\n<li>Pesticidas y repelentes: potentes insecticidas y asesinos de picaduras de mosquitos, aplicados t\u00f3picamente.<\/li>\n<\/ul>\n<h3>1.\u00a0 <strong><b>Atributos del producto<\/b><\/strong><\/h3>\n<ul>\n<li>Acabado mate profesional: La superficie negra mate ofrece una sensaci\u00f3n sutil y lujosa con una apariencia sin huellas digitales, mejorando significativamente el producto. Apelaci\u00f3n general.<\/li>\n<li>Durabilidad de impresi\u00f3n excepcional: La serigraf\u00eda de plata tiene una fuerte adhesi\u00f3n a la base mate negra, lo que la hace duradera y resistente al desgaste. Esto garantiza que la informaci\u00f3n del producto permanezca clara y legible durante toda su vida \u00fatil.<\/li>\n<li>Propiedades de sellado excepcionales: El sistema de tapa de tornillo garantiza un sellado fiable, evitando efectivamente fugas, secado o contaminaci\u00f3n del contenido, manteniendo as\u00ed la estabilidad del producto.<\/li>\n<li>Control cuantitativo preciso: el peque\u00f1o di\u00e1metro del tubo y el cuerpo flexible del tubo permiten a los usuarios controlar con precisi\u00f3n la cantidad extruida, lo que es crucial para productos con altos precios unitarios o altas concentraciones (como esencias, adhesivos y ung\u00fcentos). Esto garantiza la eficiencia en costes y evita el desperdicio.<\/li>\n<li>Amplia compatibilidad qu\u00edmica: El material PE exhibe una buena tolerancia a la mayor\u00eda de las soluciones \u00e1cidas, alcalinas, salinas y agentes qu\u00edmicos.<\/li>\n<\/ul>","protected":false},"excerpt":{"rendered":"<ul>\n<li><b><\/b><strong><b>Dise\u00f1o del cuerpo del tubo<\/b><\/strong>.<\/li>\n<li>Color y psicolog\u00eda visual:<\/li>\n<li>Acabado mate negro: transmite se\u00f1ales de profesionalismo, autoridad, eficiencia, misterio y lujo. Evita una apariencia barata y es adecuada para marcas que enfatizan la eficacia y una sensaci\u00f3n tecnol\u00f3gica.<\/li>\n<li>Serigraf\u00eda de plata: Esta combinaci\u00f3n crea el contraste visual m\u00e1s sorprendente con el negro, simbolizando tecnolog\u00eda, precisi\u00f3n, modernidad y un sentido de futurismo. Este emparejamiento transmite efectivamente el mensaje de &#8220; soluciones de calidad profesional. &#8221;<\/li>\n<li>Est\u00e9tica minimalista: El dise\u00f1o evita todos los adornos innecesarios, en lugar de transmitir informaci\u00f3n a trav\u00e9s de los contrastes de color m\u00e1s fundamentales y dise\u00f1os de texto claros. Esto &#8220; menos es m\u00e1s&#8221; La filosof\u00eda se alinea con la preferencia global por un dise\u00f1o limpio y eficiente entre los consumidores modernos y puede integrarse f\u00e1cilmente en entornos visuales de cualquier estilo.<\/li>\n<li>Dise\u00f1o funcional: Secciones claramente segregadas en ambos lados, facilitando la presentaci\u00f3n organizada de informaci\u00f3n como detalles de marca, instrucciones de uso, listas de ingredientes y advertencias de seguridad, que cumple con los estrictos requisitos regulatorios para la informaci\u00f3n de etiquetado en varios pa\u00edses, particularmente en las industrias farmac\u00e9utica y qu\u00edmica.<\/li>\n<\/ul>\n<p>&nbsp;<\/p>\n<p>&nbsp;<\/p>\n<ul>\n<li><b><\/b><strong><b>Escenarios de aplicaci\u00f3n para el producto.\uff1a\u00a0<\/b><\/strong><\/li>\n<li>&#8220; Dispositivo de eficiencia diaria&#8221; para Urban Elite: Los consumidores colocan este dispositivo, que contiene productos de alta gama de esencia o cuidado ocular, en su mesa de vanidad. Su aspecto profesional se asemeja a un instrumento de alta tecnolog\u00eda, simbolizando un eficiente ritual de cuidado de la piel.<\/li>\n<li>El &#8220; Caja de seguridad todo en uno&#8221; para viajeros: Este producto es utilizado por los consumidores para distribuir ung\u00fcentos, adhesivos o productos para el cuidado de la piel cuando est\u00e1n en un viaje de negocios o de vacaciones. Su tama\u00f1o compacto cumple con las regulaciones de las aerol\u00edneas, y su acabado mate proporciona durabilidad contra ara\u00f1azos, lo que lo convierte en un compa\u00f1ero ideal para las bolsas de viaje.<\/li>\n<li>&#8220; Herramientas de precisi\u00f3n&#8221; para los entusiastas del bricolaje y profesionales: Los entusiastas del modelo, los ingenieros o los fot\u00f3grafos lo usan (lleno de lubricante, pegamento o agente de limpieza) en su banco de trabajo. Su aspecto es indistinguible de las herramientas profesionales, con un cuerpo negro resistente a las manchas y marcas platadas claras y f\u00e1ciles de leer.<\/li>\n<li>&#8220; Guardian de emergencia&#8221; para los entusiastas del aire libre: los senderistas y los campistas lo mantienen (que contiene repelente de insectos, crema para aliviar la picaz\u00f3n o ung\u00fcento para aliviar los m\u00fasculos) en sus kits personales de primeros auxilios para manejar situaciones inesperadas mientras est\u00e1n al aire libre.<\/li>\n<li>El &#8220; Campe\u00f3n de calidad&#8221; en el kit de regalo y muestra: su textura superior lo convierte en una adici\u00f3n ideal a los kits de prueba de productos de alta gama o conjuntos de regalo, mejorando la percepci\u00f3n general del valor de la colecci\u00f3n. Este tubo blando de PE negro mate de 19 calibres es una soluci\u00f3n transversal que &#8220; dise\u00f1o de fideicomisos. &#8221; Se ha convertido con \u00e9xito en un poderoso medio para transmitir profesionalidad, eficiencia y fiabilidad a trav\u00e9s de su lenguaje de color minimalista, meticulosa artesan\u00eda y posicionamiento funcional preciso. Para los consumidores de su marca, elegir un producto empaquetado de esta manera significa su elecci\u00f3n de una marca que priorice la efectividad tangible, demuestre un enfoque profesional y entiende la est\u00e9tica moderna.<\/li>\n<\/ul>","protected":false},"featured_media":0,"comment_status":"closed","ping_status":"closed","template":"","meta":[],"product_brand":[],"product_cat":[42],"product_tag":[],"class_list":{"0":"post-3312","1":"product","2":"type-product","3":"status-publish","5":"product_cat-19-pe-plastic-tube","7":"first","8":"instock","9":"shipping-taxable","10":"purchasable","11":"product-type-simple"},"_links":{"self":[{"href":"https:\/\/www.hongyitube.com\/es\/wp-json\/wp\/v2\/product\/3312","targetHints":{"allow":["GET"]}}],"collection":[{"href":"https:\/\/www.hongyitube.com\/es\/wp-json\/wp\/v2\/product"}],"about":[{"href":"https:\/\/www.hongyitube.com\/es\/wp-json\/wp\/v2\/types\/product"}],"replies":[{"embeddable":true,"href":"https:\/\/www.hongyitube.com\/es\/wp-json\/wp\/v2\/comments?post=3312"}],"wp:attachment":[{"href":"https:\/\/www.hongyitube.com\/es\/wp-json\/wp\/v2\/media?parent=3312"}],"wp:term":[{"taxonomy":"product_brand","embeddable":true,"href":"https:\/\/www.hongyitube.com\/es\/wp-json\/wp\/v2\/product_brand?post=3312"},{"taxonomy":"product_cat","embeddable":true,"href":"https:\/\/www.hongyitube.com\/es\/wp-json\/wp\/v2\/product_cat?post=3312"},{"taxonomy":"product_tag","embeddable":true,"href":"https:\/\/www.hongyitube.com\/es\/wp-json\/wp\/v2\/product_tag?post=3312"}],"curies":[{"name":"WP","href":"https:\/\/api.w.org\/{rel}","templated":true}]}}