{"id":3295,"date":"2026-01-08T15:29:06","date_gmt":"2026-01-08T07:29:06","guid":{"rendered":"https:\/\/www.hongyitube.com\/?post_type=product&#038;p=3295"},"modified":"2026-01-08T15:29:06","modified_gmt":"2026-01-08T07:29:06","slug":"%cf%8619-10ml-25ml-colored-fine-toothed-plastic-soft-tube-packaging-bottle-hongyi-plastic","status":"publish","type":"product","link":"https:\/\/www.hongyitube.com\/es\/product\/%cf%8619-10ml-25ml-colored-fine-toothed-plastic-soft-tube-packaging-bottle-hongyi-plastic\/","title":{"rendered":"\u03a619 botella de envasado de tubo suave de pl\u00e1stico de dientes finos de color de 10ml-25ml &#8211; pl\u00e1stico Hongyi"},"content":{"rendered":"<p>Hongyi pl\u00e1stico \u03a619 coloreado botella de envasado de tubo suave de pl\u00e1stico de dientes finos, llenando la capacidad 10ml-25ml0.34-0.85fl.0z<\/p>\n<p>Nuestra manguera de micropaquete de 16mm de di\u00e1metro para cuidado de la piel y cosm\u00e9ticos de gama alta. Integra h\u00e1bilmente el color est\u00e9tico japon\u00e9s y el dise\u00f1o funcional pragm\u00e1tico, desde la textura transparente del cuerpo del tubo, los exquisitos detalles del texto de impresi\u00f3n de seda, hasta la colocaci\u00f3n inteligente de la cubierta octagonal del mismo color, todo muestra la b\u00fasqueda definitiva de la calidad. Particularmente adecuado para productos refinados de alto valor y de peque\u00f1a capacidad tales como sueros, cremas oculares, cremas t\u00f3picas y precosm\u00e9ticos.<\/p>\n<p>Nuestra gama de tubos para el cuidado de la piel est\u00e1n hechos de polietileno transparente (PE) o polipropileno (PP) de alta calidad, que tiene una buena estabilidad qu\u00edmica y garantiza que los contenidos son seguros y no reaccionen f\u00e1cilmente con la pasta. El sustrato transparente presenta perfectamente el tono suave del polen amarillo canola\/cereza, con colores uniformes y brillantes, dando al producto un atractivo visual fresco y natural.<\/p>\n<ul>\n<li>Material de la cubierta del tubo: Una cubierta octagonal de pl\u00e1stico ecol\u00f3gico que es consistente con el color del cuerpo del tubo, con un alto grado de integraci\u00f3n del color, mejorando la sensaci\u00f3n general del producto.<\/li>\n<li>Proceso de impresi\u00f3n: Los caracteres y el logotipo se imprimen en serigraf\u00eda, con una fuerte adhesi\u00f3n de tinta, alto grado de saturaci\u00f3n, caracteres claros y afilados, tacto delicado, excelente resistencia a la abrasi\u00f3n y evitan eficazmente el ara\u00f1azo y la ca\u00edda en el curso del transporte y el uso.<\/li>\n<\/ul>\n<p><strong><b>Aplicaciones recomendadas:<\/b><\/strong><\/p>\n<p>Nuestra gama de envases de mangueras es una opci\u00f3n ideal para productos que caen en las siguientes categor\u00edas:<\/p>\n<ul>\n<li>Productos para el cuidado de la piel:<\/li>\n<li>Cuidado de los ojos: Crema para los ojos, suero para los ojos<\/li>\n<li>Cuidado Local: Crema de Tratamiento del Acn\u00e9, Soro Anti-arrugas Local<\/li>\n<li>Esencia de alta concentraci\u00f3n: Esencia de vitamina C, Esencia de retinol<\/li>\n<li>Maquillaje imprimante, protector solar<\/li>\n<li>Cosm\u00e9ticos:<\/li>\n<li>Corrector de colores, crema de resaltado<\/li>\n<li>Crema de base labial<\/li>\n<li>Muestras\/Tama\u00f1o de Viaje: Una elegante alternativa al producto de tama\u00f1o completo, mejorando la imagen de la marca.<\/li>\n<\/ul>\n<h3>1.\u00a0 <strong><b>Atributos del producto\u00a0<\/b><\/strong><\/h3>\n<p>Tama\u00f1o compacto: El di\u00e1metro del tubo de 16 mm lo convierte en una opci\u00f3n ideal para el microenvasado. Es peque\u00f1o y delicado, f\u00e1cil de sostener y llevar, especialmente adecuado para viajes, viajes de negocios o para ser colocado en una dama&#8217; s bolsa compacta.<\/p>\n<ul>\n<li>Dise\u00f1o de rosca fina: La abertura del tubo y la tapa tienen accesorios roscados finos, lo que permite una rotaci\u00f3n suave y sin esfuerzo. Esto da como resultado un sellado mejorado y reduce significativamente el desgaste de las roscas causado por la apertura y cierre frecuentes, prolongando as\u00ed la vida \u00fatil del envase y mejorando la experiencia del usuario.<\/li>\n<li>Tapa octagonal coordinada en color:<\/li>\n<li>Dise\u00f1o est\u00e9tico: El dise\u00f1o octagonal \u00fanico rompe con la monoton\u00eda de la tradicional gorra redonda, agregando un toque de belleza geom\u00e9trica y estilo de dise\u00f1o al envase. La tapa coincide con el color del cuerpo del tubo, creando un todo visual armonioso y unificado que exuda un sentido de sofisticaci\u00f3n y personalizaci\u00f3n.<\/li>\n<li>Funci\u00f3n pr\u00e1ctica: La forma octagonal hace que sea f\u00e1cil de agarrar, incluso cuando las manos est\u00e1n h\u00famedas y resbaladizas. Tambi\u00e9n impide eficazmente que la manguera se roda sobre una superficie inclinada.<\/li>\n<li>Dise\u00f1o de sellado de extremo de cola: Utiliza tecnolog\u00eda avanzada de sellado a presi\u00f3n de aire caliente, lo que resulta en un sello seguro, plano y est\u00e9ticamente agradable. Esto garantiza que el producto&#8217; Integridad de sellado y seguridad despu\u00e9s del llenado, evitando fugas y contaminaci\u00f3n.<\/li>\n<\/ul>","protected":false},"excerpt":{"rendered":"<ul>\n<li><b><\/b><strong><b>Dise\u00f1o del cuerpo del tubo<\/b><\/strong>.<\/li>\n<\/ul>\n<p>El dise\u00f1o del cuerpo del tubo en nuestra serie de materiales de envasado de mangueras integra la est\u00e9tica del color:<\/p>\n<ul>\n<li>Flor de repollo amarillo: Un color c\u00e1lido y vibrante que simboliza la naturaleza, la calidez y la energ\u00eda. Adecuado para la esencia VC, crema aclarante o una l\u00ednea de productos para el cuidado de la piel energizantes, trae una sensaci\u00f3n de positividad y alegr\u00eda brillante.<\/li>\n<li>Sakura Pink: Un esquema de colores cl\u00e1sico, suave y rom\u00e1ntico que transmite sentimientos de dulzura, elegancia y cuidado. Complementa perfectamente los productos de cuidado de la piel enfocados en la reparaci\u00f3n anti-irritaci\u00f3n, hidratante, o el concepto suave, as\u00ed como los productos de la &#8220; chica-al lado&#8221; l\u00ednea de maquillaje.<\/li>\n<li>Textura transparente: La combinaci\u00f3n de un cuerpo de tubo transparente y material de color crea un efecto semitransparente \u00fanico. Esto permite una sutil visualizaci\u00f3n de la textura del producto (como un gel blanco cremoso o transparente) sin revelar completamente el contenido, manteniendo as\u00ed una sensaci\u00f3n de misterio y sofisticaci\u00f3n.<\/li>\n<li>Texto tamizado con seda: El proceso de tamizado con seda asegura que el logotipo de la marca y la informaci\u00f3n del producto est\u00e9n fijados de forma segura al cuerpo del tubo. Si es&#8217; s un logotipo simple o una explicaci\u00f3n detallada del producto, se muestra claramente, resaltando la marca&#8217; Atenci\u00f3n al detalle.<\/li>\n<\/ul>\n<p><strong>Ventajas del producto:<\/strong><\/p>\n<p>Alto atractivo visual: La combinaci\u00f3n de colores distintiva emparejada con la elegante gorra octagonal cautiva a los consumidores&#8217; atenci\u00f3n r\u00e1pida, tanto en los estantes como en las p\u00e1ginas de comercio electr\u00f3nico, mejorando as\u00ed el producto&#8217; propuesta de valor.<\/p>\n<ul>\n<li>Experiencia de usuario excepcional: roscado fino para un funcionamiento sin problemas, una tapa octagonal f\u00e1cil de abrir y cerrar, un cuerpo compacto y manejable, cada detalle ha sido cuidadosamente considerado para mejorar la comodidad del usuario.<\/li>\n<li>Duradero y duradero: Desde el sellado robusto hasta la serigraf\u00eda resistente a la abrasi\u00f3n y el acoplamiento preciso de hilos, estas caracter\u00edsticas aseguran la integridad y la fiabilidad del embalaje en todo el producto. ciclo de vida.<\/li>\n<li>Personalizaci\u00f3n flexible: los colores y el contenido impreso se pueden personalizar altamente seg\u00fan la marca&#8217; necesidades, lo que lo convierte en un medio ideal para crear una imagen de marca \u00fanica.<\/li>\n<li>Posicionamiento preciso: el di\u00e1metro del tubo de 16 mm es naturalmente adecuado para productos premium de gama alta, de alto precio y de dosis peque\u00f1as, lo que permite a las marcas dirigirse con precisi\u00f3n a sus segmentos de consumo deseados.<\/li>\n<\/ul>\n<p>&nbsp;<\/p>\n<ul>\n<li><b><\/b><strong><b>Escenarios de aplicaci\u00f3n para el producto:\u00a0<\/b><\/strong><\/li>\n<li>Cuidado meticuloso diario de la piel: Catering para los consumidores&#8217; deseo de un sentido de ritual en su rutina diaria de cuidado de la piel.<\/li>\n<li>Conveniencia de viaje: Su tama\u00f1o compacto cumple con los requisitos para el equipaje de mano en los aviones, lo que lo convierte en un compa\u00f1ero ideal para los viajeros.<\/li>\n<li>Regalos y conjuntos: El embalaje de alto atractivo lo hace destacar como un punto destacado en los regalos de vacaciones y conjuntos de marca.<\/li>\n<li>Ventas de comercio electr\u00f3nico: El dise\u00f1o visual \u00fanico de este producto, un tubo suave cosm\u00e9tico de cuidado de la piel de la flor de colza amarilla \/ rosa de la flor de cerezo de 16 mm, no es solo un recipiente; es una extensi\u00f3n de la marca&#8217; filosof\u00eda y la esencia del producto. Con sus colores frescos y elegantes, ingenioso dise\u00f1o de tapa octagonal y experiencia de usuario meticulosa, satisface perfectamente la demanda actual del mercado de envases personalizados y de alta calidad. Es una excelente opci\u00f3n para ayudar a su producto a destacar en la competencia.<\/li>\n<\/ul>","protected":false},"featured_media":0,"comment_status":"closed","ping_status":"closed","template":"","meta":[],"product_brand":[],"product_cat":[42],"product_tag":[],"class_list":{"0":"post-3295","1":"product","2":"type-product","3":"status-publish","5":"product_cat-19-pe-plastic-tube","7":"first","8":"instock","9":"shipping-taxable","10":"purchasable","11":"product-type-simple"},"_links":{"self":[{"href":"https:\/\/www.hongyitube.com\/es\/wp-json\/wp\/v2\/product\/3295","targetHints":{"allow":["GET"]}}],"collection":[{"href":"https:\/\/www.hongyitube.com\/es\/wp-json\/wp\/v2\/product"}],"about":[{"href":"https:\/\/www.hongyitube.com\/es\/wp-json\/wp\/v2\/types\/product"}],"replies":[{"embeddable":true,"href":"https:\/\/www.hongyitube.com\/es\/wp-json\/wp\/v2\/comments?post=3295"}],"wp:attachment":[{"href":"https:\/\/www.hongyitube.com\/es\/wp-json\/wp\/v2\/media?parent=3295"}],"wp:term":[{"taxonomy":"product_brand","embeddable":true,"href":"https:\/\/www.hongyitube.com\/es\/wp-json\/wp\/v2\/product_brand?post=3295"},{"taxonomy":"product_cat","embeddable":true,"href":"https:\/\/www.hongyitube.com\/es\/wp-json\/wp\/v2\/product_cat?post=3295"},{"taxonomy":"product_tag","embeddable":true,"href":"https:\/\/www.hongyitube.com\/es\/wp-json\/wp\/v2\/product_tag?post=3295"}],"curies":[{"name":"WP","href":"https:\/\/api.w.org\/{rel}","templated":true}]}}