{"id":3285,"date":"2026-01-08T14:52:38","date_gmt":"2026-01-08T06:52:38","guid":{"rendered":"https:\/\/www.hongyitube.com\/?post_type=product&#038;p=3285"},"modified":"2026-01-08T15:13:33","modified_gmt":"2026-01-08T07:13:33","slug":"3ml-10ml-0-10-0-34fl-oz-3g-10g-16-gauge-ultra-small-capacity-pe-semi-transparent-flexible-tube-miniaturized-version-for-skincare-dental-use-pharmaceutical-industry-trial-samples-promotional-packa","status":"publish","type":"product","link":"https:\/\/www.hongyitube.com\/es\/product\/3ml-10ml-0-10-0-34fl-oz-3g-10g-16-gauge-ultra-small-capacity-pe-semi-transparent-flexible-tube-miniaturized-version-for-skincare-dental-use-pharmaceutical-industry-trial-samples-promotional-packa\/","title":{"rendered":"3 mililitros a 10 mililitros, 0,10 \u2013 0,34 onzas l\u00edquidas, 3 gramos a 10 gramos. Tubo flexible mate verde de polietileno de capacidad ultrapeque\u00f1a de 16\u00aa generaci\u00f3n, adecuado para el cuidado de la piel, aplicaciones dentales, pruebas de muestras de la industria farmac\u00e9utica y versiones miniaturizadas para envases promocionales."},"content":{"rendered":"<p><span dir=\"auto\" style=\"vertical-align: inherit;\"><span dir=\"auto\" style=\"vertical-align: inherit;\">3 ML a 10 ml, 0,10 a 0,34 onzas l\u00edquidas, 3 g a 10 G. Mangueras mate verdes de polietileno de ultra peque\u00f1a capacidad de generaci\u00f3n 16, adecuadas para el cuidado de la piel, aplicaciones dentales, pruebas de muestras de la industria farmac\u00e9utica y versiones en miniatura de envases promocionales.<\/span><\/span><\/p>\n<p>&nbsp;<\/p>\n<ul>\n<li><span dir=\"auto\" style=\"vertical-align: inherit;\"><span dir=\"auto\" style=\"vertical-align: inherit;\">Industria de la belleza y el cuidado de la piel:<\/span><\/span><\/li>\n<li><span dir=\"auto\" style=\"vertical-align: inherit;\"><span dir=\"auto\" style=\"vertical-align: inherit;\">Aceite esencial y esencia de alta concentraci\u00f3n: productos como el \u00e1cido fer\u00falico y el aceite de vitamina E pura, solo se necesitan 1 - 2 gotas cada vez.<\/span><\/span><\/li>\n<li><span dir=\"auto\" style=\"vertical-align: inherit;\"><span dir=\"auto\" style=\"vertical-align: inherit;\">Crema hidratante antes del maquillaje y corrector local.<\/span><\/span><\/li>\n<li><span dir=\"auto\" style=\"vertical-align: inherit;\"><span dir=\"auto\" style=\"vertical-align: inherit;\">Aceites esenciales de perfume y cremas perfumadas.<\/span><\/span><\/li>\n<li><span dir=\"auto\" style=\"vertical-align: inherit;\"><span dir=\"auto\" style=\"vertical-align: inherit;\">Ropa de viaje y ropa de prueba.<\/span><\/span><\/li>\n<li><span dir=\"auto\" style=\"vertical-align: inherit;\"><span dir=\"auto\" style=\"vertical-align: inherit;\">Industria farmac\u00e9utica y sanitaria:<\/span><\/span><\/li>\n<li><span dir=\"auto\" style=\"vertical-align: inherit;\"><span dir=\"auto\" style=\"vertical-align: inherit;\">Medicamentos recetados para aplicaciones locales: como ung\u00fcentos de nitroglicerina, cremas de corticoides potentes y otros medicamentos que requieren dosis precisas.<\/span><\/span><\/li>\n<li><span dir=\"auto\" style=\"vertical-align: inherit;\"><span dir=\"auto\" style=\"vertical-align: inherit;\">Medicamentos de venta libre (otc): muestras de prueba de gel analg\u00e9sico y ung\u00fcento para el mareo.<\/span><\/span><\/li>\n<li><span dir=\"auto\" style=\"vertical-align: inherit;\"><span dir=\"auto\" style=\"vertical-align: inherit;\">Agente de acoplamiento m\u00e9dico (embalaje de uso \u00fanico).<\/span><\/span><\/li>\n<li><span dir=\"auto\" style=\"vertical-align: inherit;\"><span dir=\"auto\" style=\"vertical-align: inherit;\">Aceite esencial y l\u00edquido de bola de aromaterapia.<\/span><\/span><\/li>\n<li><span dir=\"auto\" style=\"vertical-align: inherit;\"><span dir=\"auto\" style=\"vertical-align: inherit;\">Industria y productos qu\u00edmicos especiales:<\/span><\/span><\/li>\n<li><span dir=\"auto\" style=\"vertical-align: inherit;\"><span dir=\"auto\" style=\"vertical-align: inherit;\">Lubricante de precisi\u00f3n: para sistemas de plataforma de nubes de drones, rodamientos de instrumentos de precisi\u00f3n y microinterruptores.<\/span><\/span><\/li>\n<li><span dir=\"auto\" style=\"vertical-align: inherit;\"><span dir=\"auto\" style=\"vertical-align: inherit;\">Adhesivo de alta resistencia: resina epoxi de un solo componente, pegamento seco instant\u00e1neo.<\/span><\/span><\/li>\n<li><span dir=\"auto\" style=\"vertical-align: inherit;\"><span dir=\"auto\" style=\"vertical-align: inherit;\">Pulpa de plata conductora, pasta t\u00e9rmica: para mantenimiento electr\u00f3nico y proyectos de bricolaje.<\/span><\/span><\/li>\n<li><span dir=\"auto\" style=\"vertical-align: inherit;\"><span dir=\"auto\" style=\"vertical-align: inherit;\">Ung\u00fcento \/ cebo insecticida potente.<\/span><\/span><\/li>\n<\/ul>","protected":false},"excerpt":{"rendered":"<p><strong><b><span dir=\"auto\" style=\"vertical-align: inherit;\"><span dir=\"auto\" style=\"vertical-align: inherit;\">Dise\u00f1o del cuerpo tubular<\/span><\/span><\/b><\/strong><span dir=\"auto\" style=\"vertical-align: inherit;\"><span dir=\"auto\" style=\"vertical-align: inherit;\">.<\/span><\/span><\/p>\n<p><span dir=\"auto\" style=\"vertical-align: inherit;\"><span dir=\"auto\" style=\"vertical-align: inherit;\">El rango de capacidad es de 3 a 10 mililitros (0,10 a 0,34 onzas l\u00edquidas, 3 a 10 gramos). La decimosexta generaci\u00f3n de mangueras de polietileno mate verde de capacidad ultra peque\u00f1a es adecuada para el cuidado de la piel, aplicaciones dentales, pruebas de muestras en la industria farmac\u00e9utica y peque\u00f1os envases promocionales.\u00a0<\/span><\/span><\/p>\n<ul>\n<li><span dir=\"auto\" style=\"vertical-align: inherit;\"><span dir=\"auto\" style=\"vertical-align: inherit;\">Nivel claro de informaci\u00f3n: el dise\u00f1o divide h\u00e1bilmente las \u00e1reas de informaci\u00f3n.\u00a0<\/span><\/span><\/li>\n<li><span dir=\"auto\" style=\"vertical-align: inherit;\"><span dir=\"auto\" style=\"vertical-align: inherit;\">Dise\u00f1o estructural para aplicaciones de precisi\u00f3n:<\/span><\/span><\/li>\n<li><span dir=\"auto\" style=\"vertical-align: inherit;\"><span dir=\"auto\" style=\"vertical-align: inherit;\">Peque\u00f1a boquilla de 5 mm: puede garantizar la extrusi\u00f3n de l\u00edneas extremadamente finas y lograr una pulverizaci\u00f3n precisa a nivel milim\u00e9trico. Adecuado para aplicaciones de pulverizaci\u00f3n local que requieren un control preciso, como productos para el cuidado de la piel o adhesivos electr\u00f3nicos.<\/span><\/span><\/li>\n<li><span dir=\"auto\" style=\"vertical-align: inherit;\"><span dir=\"auto\" style=\"vertical-align: inherit;\">Tapa de pared recta: proporciona una mayor superficie de sellado y una mayor resistencia al sellado, por lo que es especialmente adecuado para productos pegajosos o productos que contienen disolventes, como ung\u00fcentos y adhesivos.<\/span><\/span><\/li>\n<\/ul>\n<p><span dir=\"auto\" style=\"vertical-align: inherit;\"><span dir=\"auto\" style=\"vertical-align: inherit;\">Escenarios de aplicaci\u00f3n del producto:<\/span><\/span><\/p>\n<ul>\n<li><span dir=\"auto\" style=\"vertical-align: inherit;\"><span dir=\"auto\" style=\"vertical-align: inherit;\">\"Estaci\u00f3n de energ\u00eda personal\" para viajeros urbanos: los consumidores pueden poner cremas hidratantes o hidratantes en maletines o paquetes de computadora, que parecen un accesorio tecnol\u00f3gico profesional disponible en cualquier momento.<\/span><\/span><\/li>\n<li><span dir=\"auto\" style=\"vertical-align: inherit;\"><span dir=\"auto\" style=\"vertical-align: inherit;\">\"Paquete de tranquilidad transparente\" imprescindible para viajeros internacionales: durante el viaje, se pueden almacenar ung\u00fcentos o productos para el cuidado de la piel. El cuerpo transparente del bolso facilita la identificaci\u00f3n r\u00e1pida de los art\u00edculos en el bolso. El tama\u00f1o peque\u00f1o cumple con las regulaciones de aviaci\u00f3n.<\/span><\/span><\/li>\n<li><span dir=\"auto\" style=\"vertical-align: inherit;\"><span dir=\"auto\" style=\"vertical-align: inherit;\">Una \"tiza de punto de precisi\u00f3n\" para entusiastas y profesionales de bricolaje: los jugadores modelo e ingenieros usan tapas puntiagudas para contener pegamento o lubricante, el cuerpo del tubo transparente es f\u00e1cil de ver los residuos, y la boca de la pluma s\u00faper peque\u00f1a es f\u00e1cil de controlar con precisi\u00f3n.<\/span><\/span><\/li>\n<li><span dir=\"auto\" style=\"vertical-align: inherit;\"><span dir=\"auto\" style=\"vertical-align: inherit;\">\"Medidor de precisi\u00f3n local\" creado especialmente para entusiastas de la belleza: se utiliza para contener productos de eliminaci\u00f3n de acn\u00e9 o productos de iluminaci\u00f3n local, que pueden controlar con precisi\u00f3n la cantidad, y el dise\u00f1o transparente puede observar directamente la textura pura del producto.<\/span><\/span><\/li>\n<li><span dir=\"auto\" style=\"vertical-align: inherit;\"><span dir=\"auto\" style=\"vertical-align: inherit;\">La marca lo utiliza como un embalaje de prueba para productos de alta gama, y su exquisita apariencia y efectos visuales pueden estimular efectivamente el deseo de los consumidores de comprar ropa formal. Esta manguera pe mate verde de 16 calibres es una soluci\u00f3n profesional de embalaje en miniatura que se adhiere al concepto de \"detalles determinan el \u00e9xito o el fracaso\". Combina h\u00e1bilmente la portabilidad, el control de precisi\u00f3n, la funcionalidad y la est\u00e9tica moderna, con una combinaci\u00f3n de control de precisi\u00f3n y alta flexibilidad, que interpreta perfectamente este concepto. Para los consumidores de su marca, elegir este producto de embalaje significa que han elegido un estilo de vida moderno eficiente, inteligente y centrado en los detalles, lo que representa una b\u00fasqueda incesante de la calidad y la profesionalidad.<\/span><\/span><\/li>\n<\/ul>","protected":false},"featured_media":0,"comment_status":"closed","ping_status":"closed","template":"","meta":[],"product_brand":[],"product_cat":[29,60],"product_tag":[],"class_list":{"0":"post-3285","1":"product","2":"type-product","3":"status-publish","5":"product_cat-skin-care-plastic-tube","6":"product_cat-16-pe-plastic-tube","8":"first","9":"instock","10":"shipping-taxable","11":"purchasable","12":"product-type-simple"},"_links":{"self":[{"href":"https:\/\/www.hongyitube.com\/es\/wp-json\/wp\/v2\/product\/3285","targetHints":{"allow":["GET"]}}],"collection":[{"href":"https:\/\/www.hongyitube.com\/es\/wp-json\/wp\/v2\/product"}],"about":[{"href":"https:\/\/www.hongyitube.com\/es\/wp-json\/wp\/v2\/types\/product"}],"replies":[{"embeddable":true,"href":"https:\/\/www.hongyitube.com\/es\/wp-json\/wp\/v2\/comments?post=3285"}],"wp:attachment":[{"href":"https:\/\/www.hongyitube.com\/es\/wp-json\/wp\/v2\/media?parent=3285"}],"wp:term":[{"taxonomy":"product_brand","embeddable":true,"href":"https:\/\/www.hongyitube.com\/es\/wp-json\/wp\/v2\/product_brand?post=3285"},{"taxonomy":"product_cat","embeddable":true,"href":"https:\/\/www.hongyitube.com\/es\/wp-json\/wp\/v2\/product_cat?post=3285"},{"taxonomy":"product_tag","embeddable":true,"href":"https:\/\/www.hongyitube.com\/es\/wp-json\/wp\/v2\/product_tag?post=3285"}],"curies":[{"name":"WP","href":"https:\/\/api.w.org\/{rel}","templated":true}]}}