{"id":2648,"date":"2025-08-21T20:27:37","date_gmt":"2025-08-21T12:27:37","guid":{"rendered":"https:\/\/www.hongyitube.com\/?post_type=product&#038;p=2648"},"modified":"2026-01-13T18:07:51","modified_gmt":"2026-01-13T10:07:51","slug":"19-zinc-alloy-massage-head-plastic-tube","status":"publish","type":"product","link":"https:\/\/www.hongyitube.com\/es\/product\/19-zinc-alloy-massage-head-plastic-tube\/","title":{"rendered":"19 tubo de pl\u00e1stico de cabeza de masaje de aleaci\u00f3n de zinc"},"content":{"rendered":"<p>Hongyi pl\u00e1stico \u03a619 zinc aleaci\u00f3n masaje cabeza tubo pl\u00e1stico, llenado Capacity10ml-15ml \/ 0.34-0.51fl.oz.<\/p>\n<p>Este tubo de labio transparente de gama alta de 19 mm, que mezcla perfectamente el arte tradicional con una est\u00e9tica moderna y ligera de lujo. El cuerpo transparente del tubo est\u00e1 elaborado utilizando tecnolog\u00eda de relieve de alta definici\u00f3n, mostrando patrones de mu\u00f1eca de anido rusos vibrantes y coloridos, destacando perfectamente la sustancia&#8217; Sentir. Combinado de forma innovadora con una cabeza de aplicador met\u00e1lico, proporcionando una experiencia de usuario fresca y suave. La tapa angular plateada cromada agrega un toque de sofisticaci\u00f3n. El dise\u00f1o abierto garantiza un llenado preciso de 10-15 ml, lo que lo convierte en un lujoso embalaje de productos labiales que es est\u00e9ticamente agradable y excepcionalmente f\u00e1cil de usar.<\/p>\n<p>Material del cuerpo del tubo:<\/p>\n<ul>\n<li>Material PETG altamente transparente de calidad m\u00e9dica<\/li>\n<li>Calificaci\u00f3n de transparencia \u2265 91%<\/li>\n<li>Sistema de cabeza de labio:<\/li>\n<li>Punta de recubrimiento de metal de acero inoxidable<\/li>\n<li>Tratamiento de pulido superficial en forma de espejo<\/li>\n<li>El sistema de cabeza de cubierta:<\/li>\n<li>Tapa de \u00e1ngulo recto de plata galvanizada<\/li>\n<li>Proceso de galvanizaci\u00f3n multicapa<\/li>\n<li>Artesan\u00eda decorativa:<\/li>\n<li>Impresi\u00f3n offset de alta definici\u00f3n en c\u00edrculo completo de 360 grados<\/li>\n<li>Capa protectora UV resistente a ara\u00f1azos<\/li>\n<li>Sistema de llenado: dise\u00f1o abierto de precisi\u00f3n (OFC)<\/li>\n<\/ul>\n<p><strong><b>Aplicaciones recomendadas:<\/b><\/strong><\/p>\n<ul>\n<li>Marcas de lujo: Embalaje de productos labiales de gama alta \/ embalaje \/ recipientes port\u00e1tiles \/ botellas desechables<\/li>\n<li>Tienda de departamentos boutique: vitrinas de cosm\u00e9ticos de gama alta, materiales de envasado, recipientes port\u00e1tiles y mini botellas.<\/li>\n<li>Mercado de regalos: embalaje\/embalaje\/recipientes port\u00e1tiles\/botellas desechables de la caja de regalos cosm\u00e9ticos de lujo<\/li>\n<li>Evento de Belleza: Semana de la Moda, Exposici\u00f3n de Belleza<\/li>\n<li>Colaboraci\u00f3n de celebridades: Colecci\u00f3n co-marcada de artistas<\/li>\n<\/ul>\n<p><strong><b>\u00a0<\/b><\/strong><\/p>\n<h3><strong><b>Atributos del producto\u00a0<\/b><\/strong><\/h3>\n<ol>\n<li>La experiencia de lujo con cabezas de metal<\/li>\n<\/ol>\n<ul>\n<li>Acero inoxidable cabeza de metal tacto fr\u00edo<\/li>\n<li>Aplicar suavemente sin tirar de los labios<\/li>\n<li>F\u00e1cil de limpiar y no deja residuos<\/li>\n<\/ul>\n<ol start=\"2\">\n<li>Presentaci\u00f3n visual de lujo ligero<\/li>\n<\/ol>\n<ul>\n<li>Cubierta de \u00e1ngulo recto de plata galvanizada con alta textura<\/li>\n<li>El cuerpo transparente muestra la esencia del producto<\/li>\n<\/ul>\n<ol start=\"3\">\n<li>Control de capacidad de precisi\u00f3n<\/li>\n<\/ol>\n<ul>\n<li>Capacidad de oro 10-15ml<\/li>\n<li>Dise\u00f1o de acabado de precisi\u00f3n para llenado<\/li>\n<\/ul>\n<ol start=\"4\">\n<li>Empoderamiento del valor art\u00edstico<\/li>\n<\/ol>\n<ul>\n<li>Elementos culturales tradicionales del dise\u00f1o de mu\u00f1ecas<\/li>\n<li>Aumentar el valor de la colecci\u00f3n de productos<\/li>\n<\/ul>","protected":false},"excerpt":{"rendered":"<p><b><\/b><strong><b>Dise\u00f1o del cuerpo del tubo<\/b><\/strong>.<\/p>\n<ul>\n<li>Especificaciones: Di\u00e1metro del tubo de 19 mm, capacidad de 10-15 ml, tama\u00f1o compacto, f\u00e1cil de llevar.<\/li>\n<li>T\u00e9cnica: El intrincado y colorido dise\u00f1o de mu\u00f1eca de anido ruso se presenta mediante impresi\u00f3n offset, lo que resulta en detalles ricos, capas de color distintas y un efecto visual sobresaliente.<\/li>\n<li>Estructura: La estructura de tres piezas consiste en un cuerpo de tubo, una tapa de punta de silicona y una tapa de cabeza redonda, lo que lo hace simple y fiable. El cuerpo blanco del tubo complementa perfectamente el dise\u00f1o colorido.<\/li>\n<li><b><\/b><strong>Escenarios de aplicaci\u00f3n para el producto:<\/strong><\/li>\n<li>Embalaje de botellas\/envases para marcas de maquillaje: Adecuado para varias marcas de maquillaje, especialmente aquellas que buscan crear una imagen de marca vintage, linda, art\u00edstica o de gama alta.<\/li>\n<li>Serie de productos botellas de envasado \/ materiales de envasado: Particularmente adecuados para su uso como envasado para ediciones limitadas de vacaciones (como Navidad y A\u00f1o Nuevo), art\u00edculos de colaboraci\u00f3n IP y productos estrellas de marca.<\/li>\n<li>Ventas por canales: En las tiendas de colecciones de belleza offline, botellas\/materiales de envasado y en los escaparates de los grandes almacenes, las botellas\/materiales de envasado pueden atraer a los clientes debido a su atractivo est\u00e9tico. En las plataformas de comercio electr\u00f3nico en l\u00ednea y las redes sociales, el marketing visual puede conducir f\u00e1cilmente a la creaci\u00f3n de productos m\u00e1s vendidos.<\/li>\n<\/ul>","protected":false},"featured_media":2650,"comment_status":"closed","ping_status":"closed","template":"","meta":[],"product_brand":[],"product_cat":[33,27],"product_tag":[],"class_list":{"0":"post-2648","1":"product","2":"type-product","3":"status-publish","4":"has-post-thumbnail","6":"product_cat-lip-care","7":"product_cat-makeup-plastic-tube","9":"first","10":"instock","11":"shipping-taxable","12":"purchasable","13":"product-type-simple"},"_links":{"self":[{"href":"https:\/\/www.hongyitube.com\/es\/wp-json\/wp\/v2\/product\/2648","targetHints":{"allow":["GET"]}}],"collection":[{"href":"https:\/\/www.hongyitube.com\/es\/wp-json\/wp\/v2\/product"}],"about":[{"href":"https:\/\/www.hongyitube.com\/es\/wp-json\/wp\/v2\/types\/product"}],"replies":[{"embeddable":true,"href":"https:\/\/www.hongyitube.com\/es\/wp-json\/wp\/v2\/comments?post=2648"}],"wp:featuredmedia":[{"embeddable":true,"href":"https:\/\/www.hongyitube.com\/es\/wp-json\/wp\/v2\/media\/2650"}],"wp:attachment":[{"href":"https:\/\/www.hongyitube.com\/es\/wp-json\/wp\/v2\/media?parent=2648"}],"wp:term":[{"taxonomy":"product_brand","embeddable":true,"href":"https:\/\/www.hongyitube.com\/es\/wp-json\/wp\/v2\/product_brand?post=2648"},{"taxonomy":"product_cat","embeddable":true,"href":"https:\/\/www.hongyitube.com\/es\/wp-json\/wp\/v2\/product_cat?post=2648"},{"taxonomy":"product_tag","embeddable":true,"href":"https:\/\/www.hongyitube.com\/es\/wp-json\/wp\/v2\/product_tag?post=2648"}],"curies":[{"name":"WP","href":"https:\/\/api.w.org\/{rel}","templated":true}]}}