{"id":2640,"date":"2025-08-21T20:24:01","date_gmt":"2025-08-21T12:24:01","guid":{"rendered":"https:\/\/www.hongyitube.com\/?post_type=product&#038;p=2640"},"modified":"2026-01-13T18:39:48","modified_gmt":"2026-01-13T10:39:48","slug":"19-silicone-lip-plastic-tube","status":"publish","type":"product","link":"https:\/\/www.hongyitube.com\/es\/product\/19-silicone-lip-plastic-tube\/","title":{"rendered":"\u03a619 Mu\u00f1eca rusa colorida con tubo de labio de silicona transparente de \u00e1ngulo corto reemplazable &#8211; pl\u00e1stico Hongyi"},"content":{"rendered":"<p>Mu\u00f1eca rusa colorida de pl\u00e1stico Hongyi con tubo de labio de silicona de \u00e1ngulo corto transparente reemplazable, llenando Capacity10ml-15ml \/ 0.34-0.51fl.oz.<\/p>\n<p>Este es un paquete de productos de cuidado labial de gama alta que encarna un arte exquisito, un dise\u00f1o innovador y una funcionalidad pr\u00e1ctica. Su inspiraci\u00f3n proviene de la mu\u00f1eca de anido tradicional rusa, con un impresionante patr\u00f3n litogr\u00e1fico multicolor que sirve como elemento visual central. Junto con una cabeza de silicona transparente extra\u00edble y reemplazable, est\u00e1 dise\u00f1ado espec\u00edficamente para marcas y consumidores que priorizan la est\u00e9tica, la sostenibilidad ambiental y las experiencias personalizadas.<\/p>\n<ul>\n<li>Cuerpo: Hecho de pl\u00e1stico de polietileno (PE) o polipropileno (PP) de alta calidad, que es seguro, no t\u00f3xico, altamente estable qu\u00edmicamente y protege eficazmente el contenido dentro.<\/li>\n<li>Cabeza de tubo de labio: silicona l\u00edquida transparente (LSR) de calidad alimentaria, extremadamente suave, t\u00e1ctilmente amigable con la piel, segura y suave, libre de l\u00e1tex y tiene baja alergenicidad.<\/li>\n<li>Nesai: Dise\u00f1ado con un tap\u00f3n corto y inclinado, t\u00edpicamente hecho de polietileno de baja densidad (LDPE) o silicona, que ofrece excelentes propiedades de sellado y salida precisa.<\/li>\n<li>Cubierta exterior: Una cubierta de pl\u00e1stico transparente o de color s\u00f3lido que coincide con el color de la cabeza del tubo de labio, proporcionando consistencia est\u00e9tica y protecci\u00f3n robusta.<\/li>\n<li>Proceso de impresi\u00f3n: tinta ecol\u00f3gica, impresi\u00f3n offset; colores vibrantes y llenos con capas ricas; duradero y resistente al desgaste.<\/li>\n<\/ul>\n<p><strong><b>Aplicaciones recomendadas:<\/b><\/strong><\/p>\n<p>Nuestro recipiente de envasado de tubo suave es adecuado para las siguientes aplicaciones: recipiente de envasado de tubo suave de cuidado labial, recipiente de envasado de tubo suave transparente de brillo labial, recipiente de envasado de tubo suave de b\u00e1lsamo labial, recipiente de envasado de tubo suave de esencia labial, recipiente de envasado de tubo suave de paraguas de l\u00e1piz labial.<\/p>\n<ul>\n<li>Contenedor de envasado de tubo suave para cuidado de la piel local: esencia anti-acn\u00e9, esencia anti-arrugas, crema para los ojos, imprimante de maquillaje (para uso local)<\/li>\n<li>Otros: materiales de envasado de tubos de aceite de perfume, materiales de envasado de tubos de ung\u00fcento y otros productos de cuidado preciso de peque\u00f1a capacidad.<\/li>\n<\/ul>\n<h3>1. <strong><b>Atributos del producto\u00a0<\/b><\/strong><\/h3>\n<ol>\n<li>Dise\u00f1o de tubo de cola abierta: El extremo del tubo no est\u00e1 sellado, lo que facilita el llenado eficiente del contenido durante la producci\u00f3n y es un dise\u00f1o est\u00e1ndar que es propicio para los procesos de fabricaci\u00f3n.<\/li>\n<li>Tip de silicona extra\u00edble: Esta es la caracter\u00edstica destacada de este producto. La punta del tubo labial de silicona se puede quitar, limpiar y reemplazar f\u00e1cilmente, abordando el problema de los puntos muertos de higiene en los productos labiales tradicionales. Este dise\u00f1o tambi\u00e9n prolonga la vida \u00fatil del tubo y permite a los consumidores comprar paquetes de reemplazo, promoviendo as\u00ed un enfoque ecol\u00f3gico.<\/li>\n<li>Tap\u00f3n interno de \u00e1ngulo corto: encaja de forma compacta con la cabeza de silicona para asegurar un sello herm\u00e9tico, evitando fugas o secado del contenido. El dise\u00f1o de apertura en \u00e1ngulo facilita el control de la cantidad tomada, reduciendo los residuos.<\/li>\n<li>Capacidad precisa: La capacidad de oro de 10-15ml es perfecta para llevar, atendiendo a las necesidades de uso a corto y medio plazo, asegurando al mismo tiempo la frescura del producto.<\/li>\n<\/ol>\n<p>&nbsp;<\/p>","protected":false},"excerpt":{"rendered":"<p><b><\/b><strong><b>Dise\u00f1o del cuerpo del tubo<\/b><\/strong>.<\/p>\n<p>Apariencia: El tubo blanco con un di\u00e1metro de 19 mm y un cuerpo redondo proporciona un color base puro, asegurando que los colores de los patrones impresos se muestran de la manera m\u00e1s aut\u00e9ntica y vibrante posible.<\/p>\n<ul>\n<li>Patr\u00f3n: Utilizando la tecnolog\u00eda de impresi\u00f3n offset multicolor, el vibrante y intrincadamente detallado patr\u00f3n de mu\u00f1eca de anido ruso se replica meticulosamente en el cuerpo del tubo. El dise\u00f1o exuda un sentido de exotismo y estilo art\u00edstico, lo que lo hace altamente coleccionable y visualmente atractivo. Puede capturar inmediatamente a los consumidores&#8217; Atenci\u00f3n en los estantes de la tienda.<\/li>\n<li>Combinaci\u00f3n general: El cuerpo de tubo pintado de color blanco complementa la punta de silicona de color transparente, que no solo resalta la textura del contenido (especialmente adecuado para productos de color), sino que tambi\u00e9n agrega una sensaci\u00f3n refrescante y moderna al producto.<\/li>\n<\/ul>\n<p><strong>Ventajas del producto:<\/strong><\/p>\n<p>Impacto visual de alto atractivo: El dise\u00f1o art\u00edstico \u00fanico de mu\u00f1eca nidificada rusa no solo lo hace un material de envasado sino tambi\u00e9n una pieza de arte, mejorando en gran medida el producto&#8217; valor a\u00f1adido y el potencial de difusi\u00f3n de nuevos medios.<\/p>\n<ul>\n<li>Higiene excepcional y respetuosidad con el medio ambiente: el dise\u00f1o de la cabeza de silicona reemplazable es una ventaja competitiva clave, atendiendo a los consumidores modernos; demanda de productos sostenibles e higi\u00e9nicos, estableciendo as\u00ed la marca&#8217; imagen como verde y responsable.<\/li>\n<li>Experiencia de usuario excepcional: La punta de silicona de calidad alimentaria proporciona una experiencia de aplicaci\u00f3n suave y c\u00f3moda, mientras que la boquilla de \u00e1ngulo corto permite un control preciso sobre la cantidad aplicada, ofreciendo una sensaci\u00f3n superior en comparaci\u00f3n con las puntas de pl\u00e1stico duro tradicionales.<\/li>\n<li>Estrategia comercial flexible: La marca puede vender tanto el cuerpo del tubo (con tapa) como el paquete de reemplazo de punta de silicona por separado, creando nuevos modelos de venta y mejorando la fidelidad del cliente.<\/li>\n<li>Robusta protecci\u00f3n de sellado: El sellado de doble capa, tanto con la inserci\u00f3n interna como con la cubierta, garantiza que los ingredientes activos permanezcan estables y evita fugas o contaminaci\u00f3n.<\/li>\n<\/ul>\n<p><b><\/b><strong>Escenarios de aplicaci\u00f3n para el producto:<\/strong><\/p>\n<p>Clientes de marca: Adecuado para envases de envases cosm\u00e9ticos \/ botellas en miniatura \/ botellas port\u00e1tiles, botellas en miniatura \/ botellas port\u00e1tiles para el cuidado de la piel y marcas de cuidado personal, especialmente aquellos que buscan lanzar ediciones limitadas, productos tem\u00e1ticos de vacaciones, art\u00edculos de colaboraci\u00f3n IP o marcas que enfatizan conceptos naturales, ecol\u00f3gicos y l\u00fadicos en sus botellas en miniatura \/ botellas port\u00e1tiles.<\/p>\n<ul>\n<li>Escenario de consumo:<\/li>\n<li>Como envase primario del producto: Se utiliza para productos premium, de tama\u00f1o completo como esencias y lustres labiales lanzados por la marca.<\/li>\n<li>Como regalo: Debido a su atractivo aspecto y factor de diversi\u00f3n, es perfecto para su uso como regalo promocional, recompensa de membres\u00eda o art\u00edculo de bonificaci\u00f3n para compras que alcancen un cierto umbral.<\/li>\n<li>Viajes y portabilidad: Su dise\u00f1o compacto y exquisito lo hace perfecto para los consumidores que necesitan tocar su maquillaje mientras est\u00e1n en movimiento o con fines de viaje.<\/li>\n<li>Consumidores objetivo: Consumidoras j\u00f3venes que son conscientes de la moda, aprecian el arte y la cultura, priorizan la higiene del producto y tienen una mentalidad respetuosa con el medio ambiente (como miembros de la Generaci\u00f3n Z y los Millennials).<\/li>\n<\/ul>","protected":false},"featured_media":4290,"comment_status":"closed","ping_status":"closed","template":"","meta":[],"product_brand":[],"product_cat":[33,27],"product_tag":[],"class_list":{"0":"post-2640","1":"product","2":"type-product","3":"status-publish","4":"has-post-thumbnail","6":"product_cat-lip-care","7":"product_cat-makeup-plastic-tube","9":"first","10":"instock","11":"shipping-taxable","12":"purchasable","13":"product-type-simple"},"_links":{"self":[{"href":"https:\/\/www.hongyitube.com\/es\/wp-json\/wp\/v2\/product\/2640","targetHints":{"allow":["GET"]}}],"collection":[{"href":"https:\/\/www.hongyitube.com\/es\/wp-json\/wp\/v2\/product"}],"about":[{"href":"https:\/\/www.hongyitube.com\/es\/wp-json\/wp\/v2\/types\/product"}],"replies":[{"embeddable":true,"href":"https:\/\/www.hongyitube.com\/es\/wp-json\/wp\/v2\/comments?post=2640"}],"wp:featuredmedia":[{"embeddable":true,"href":"https:\/\/www.hongyitube.com\/es\/wp-json\/wp\/v2\/media\/4290"}],"wp:attachment":[{"href":"https:\/\/www.hongyitube.com\/es\/wp-json\/wp\/v2\/media?parent=2640"}],"wp:term":[{"taxonomy":"product_brand","embeddable":true,"href":"https:\/\/www.hongyitube.com\/es\/wp-json\/wp\/v2\/product_brand?post=2640"},{"taxonomy":"product_cat","embeddable":true,"href":"https:\/\/www.hongyitube.com\/es\/wp-json\/wp\/v2\/product_cat?post=2640"},{"taxonomy":"product_tag","embeddable":true,"href":"https:\/\/www.hongyitube.com\/es\/wp-json\/wp\/v2\/product_tag?post=2640"}],"curies":[{"name":"WP","href":"https:\/\/api.w.org\/{rel}","templated":true}]}}