{"id":2636,"date":"2025-08-21T20:17:32","date_gmt":"2025-08-21T12:17:32","guid":{"rendered":"https:\/\/www.hongyitube.com\/?post_type=product&#038;p=2636"},"modified":"2026-01-13T19:26:25","modified_gmt":"2026-01-13T11:26:25","slug":"19-one-piece-round-head-lip-plastic-tube","status":"publish","type":"product","link":"https:\/\/www.hongyitube.com\/es\/product\/19-one-piece-round-head-lip-plastic-tube\/","title":{"rendered":"19 tubo de pl\u00e1stico de labio redondo de una sola pieza"},"content":{"rendered":"<p>Descripci\u00f3n del producto<\/p>\n<p>&nbsp;<\/p>\n<p>Este producto es una manguera transparente PE de 19 mm de di\u00e1metro, la capacidad de 15 g \/ ml, hecha de material de polietileno de calidad alimentaria de alta transparencia. El cuerpo muestra un patr\u00f3n multicolor de mu\u00f1ecas rusas a trav\u00e9s de la tecnolog\u00eda de impresi\u00f3n de luz brillante, que es tanto art\u00edstica como pr\u00e1ctica. Con un inserto de cabeza circular transparente y una cubierta de cabeza circular de color de inyecci\u00f3n opcional, soporta un proceso de sellado lineal, y el dise\u00f1o de llenado frontal permite un control preciso del uso, se puede presionar repetidamente para su uso y no se deforma f\u00e1cilmente, adecuado para m\u00faltiples segmentos industriales.<\/p>\n<p>&nbsp;<\/p>\n<p>Material del producto<\/p>\n<p>&nbsp;<\/p>\n<ul>\n<li>Seguridad y protecci\u00f3n del medio ambiente: el uso de material PE (polietileno) de calidad alimentaria, no t\u00f3xico e ins\u00edpido, de acuerdo con las normas ambientales internacionales (como REACH, FDA), adecuado para el contacto con la piel y el contenido de pasta.<\/li>\n<li>Durable y flexible: El material PE altamente el\u00e1stico asegura que puede ser restaurado despu\u00e9s de la extrusi\u00f3n repetida, y no es f\u00e1cil de romper o deformar.<\/li>\n<li>Transparente e intuitivo: El cuerpo totalmente transparente hace que sea f\u00e1cil para los usuarios ver la cantidad de contenido en tiempo real y evitar el desperdicio.<\/li>\n<\/ul>\n<p>&nbsp;<\/p>\n<p>Uso recomendado<\/p>\n<p>&nbsp;<\/p>\n<p>La industria de la belleza y el cuidado de la piel<\/p>\n<p>&nbsp;<\/p>\n<ul>\n<li>Damas: Para productos de alto valor como cremas para el cuidado labial, sueros y lociones de preparaci\u00f3n para el maquillaje. El dise\u00f1o transparente con patrones coloridos mejora el atractivo visual y es adecuado para ropa de viaje o envases de edici\u00f3n limitada.<\/li>\n<li>Hombres: Cremas y hidratantes sencillos y pr\u00e1cticos para el cabello facial, con un tubo transparente con una cubierta oscura para dar una sensaci\u00f3n de estabilidad.<\/li>\n<li>Ni\u00f1os: Ni\u00f1os&#8217; b\u00e1lsamo labial, cremas suaves para el cuidado de la piel, patrones de mu\u00f1ecas rusas agregan a la diversi\u00f3n y materiales seguros para la piel sensible.<\/li>\n<\/ul>\n<p>&nbsp;<\/p>\n<p>Ung\u00fcentos m\u00e9dicos<\/p>\n<p>&nbsp;<\/p>\n<ul>\n<li>Es adecuado para cremas t\u00f3picas, geles antiinflamatorios, etc. El cuerpo transparente facilita la observaci\u00f3n de la textura y cantidad de la crema, y el apriete sanitario evita la contaminaci\u00f3n.<\/li>\n<\/ul>\n<p>&nbsp;<\/p>\n<p>La industria de agentes de mantenimiento mec\u00e1nico<\/p>\n<p>&nbsp;<\/p>\n<ul>\n<li>Utilizado para la grasa lubricante, grasa especial, dise\u00f1o transparente puede comprobar directamente el estado del agente, material PE resistente a la corrosi\u00f3n qu\u00edmica.<\/li>\n<\/ul>\n<p>&nbsp;<\/p>\n<p>Industria de pigmentos qu\u00edmicos industriales<\/p>\n<p>&nbsp;<\/p>\n<ul>\n<li>Separe pigmentos peque\u00f1os, adhesivos o productos qu\u00edmicos experimentales para facilitar el transporte y la recuperaci\u00f3n precisa, con un extremo recto para asegurar el sellado.<\/li>\n<\/ul>\n<p>Caracter\u00edsticas del producto<\/p>\n<p>&nbsp;<\/p>\n<ul>\n<li>Altamente transparente y est\u00e9ticamente agradable: el proceso de impresi\u00f3n de pel\u00edcula luminosa hace que el color del patr\u00f3n sea brillante y mejora el atractivo de la estanter\u00eda.<\/li>\n<li>Fuerte sellabilidad: una combinaci\u00f3n de cubierta de moldeo por inyecci\u00f3n de cierre de cabeza redonda transparente que protege contra fugas y secado, prolongando la vida \u00fatil del contenido.<\/li>\n<li>dise\u00f1o duradero: El cuerpo es resistente a las arrugas y la presi\u00f3n, la compresi\u00f3n repetida no se deforma y es adecuado para uso de alta frecuencia.<\/li>\n<li>Adaptaci\u00f3n flexible: Se puede emparejar con una variedad de cubiertas de moldeo por inyecci\u00f3n de color para satisfacer las necesidades personalizadas de la marca.<\/li>\n<\/ul>","protected":false},"excerpt":{"rendered":"<p>Dise\u00f1o del cuerpo del producto<\/p>\n<p>&nbsp;<\/p>\n<ul>\n<li>Dise\u00f1o de patr\u00f3n: los elementos de mu\u00f1eca rusa transmiten el estilo nacional y el sentido art\u00edstico, y la impresi\u00f3n colorida satisface las preferencias est\u00e9ticas de los consumidores en Europa, Asia y otros lugares.<\/li>\n<li>Detalles pr\u00e1cticos: el relleno frontal asegura que el contenido se utilice plenamente, y un extremo recto mejora la resistencia a la presi\u00f3n del extremo. El di\u00e1metro de la tuber\u00eda es adecuado para la operaci\u00f3n con una sola mano.<\/li>\n<li>Personalizaci\u00f3n de la marca: soporte LOGO, impresi\u00f3n personalizada del patr\u00f3n, ayuda a la comunicaci\u00f3n de la historia de la marca.<\/li>\n<\/ul>\n<p>&nbsp;<\/p>\n<p>Ventajas del producto<\/p>\n<p>&nbsp;<\/p>\n<ul>\n<li>Aplicable a todas las industrias: desde productos de consumo hasta sectores industriales, un tubo puede hacer muchas cosas y reducir el costo del desarrollo de envases.<\/li>\n<li>Una gran experiencia de usuario: visibilidad transparente dise\u00f1o f\u00e1cil de presionar que combina comodidad y precisi\u00f3n de control.<\/li>\n<li>Respectoso del medio ambiente: el material de PE puede ser reciclado, en l\u00ednea con las tendencias de consumo sostenible de la UE y Am\u00e9rica del Norte.<\/li>\n<li>F\u00e1cil almacenamiento: El dise\u00f1o rectangular del extremo permite colocar la manguera en posici\u00f3n vertical, ahorrando espacio.<\/li>\n<\/ul>\n<p>&nbsp;<\/p>\n<p>Escenarios de uso del producto<\/p>\n<p>&nbsp;<\/p>\n<ul>\n<li>Viajes y transporte diario: Peque\u00f1o y port\u00e1til para mujeres&#8217; s bolsas de maquillaje, hombres&#8217; cuidado de viajes, y protecci\u00f3n al aire libre para los ni\u00f1os.<\/li>\n<li>Escenarios profesionales: dispensaci\u00f3n qu\u00edmica de laboratorio, mantenimiento de equipos de planta, almacenamiento de pigmentos de pintura de arte.<\/li>\n<li>Exposici\u00f3n al por menor: las formas transparentes del cuerpo y los patrones brillantes atraen al consumidor final y aumentan la probabilidad de compra impulsiva.<\/li>\n<li>Distribuci\u00f3n de muestras: los ensayos de marca de belleza y las muestras farmac\u00e9uticas se promueven para llegar a los usuarios a bajo costo y de manera eficiente.<\/li>\n<\/ul>","protected":false},"featured_media":4313,"comment_status":"closed","ping_status":"closed","template":"","meta":[],"product_brand":[],"product_cat":[33,27],"product_tag":[],"class_list":{"0":"post-2636","1":"product","2":"type-product","3":"status-publish","4":"has-post-thumbnail","6":"product_cat-lip-care","7":"product_cat-makeup-plastic-tube","9":"first","10":"instock","11":"shipping-taxable","12":"purchasable","13":"product-type-simple"},"_links":{"self":[{"href":"https:\/\/www.hongyitube.com\/es\/wp-json\/wp\/v2\/product\/2636","targetHints":{"allow":["GET"]}}],"collection":[{"href":"https:\/\/www.hongyitube.com\/es\/wp-json\/wp\/v2\/product"}],"about":[{"href":"https:\/\/www.hongyitube.com\/es\/wp-json\/wp\/v2\/types\/product"}],"replies":[{"embeddable":true,"href":"https:\/\/www.hongyitube.com\/es\/wp-json\/wp\/v2\/comments?post=2636"}],"wp:featuredmedia":[{"embeddable":true,"href":"https:\/\/www.hongyitube.com\/es\/wp-json\/wp\/v2\/media\/4313"}],"wp:attachment":[{"href":"https:\/\/www.hongyitube.com\/es\/wp-json\/wp\/v2\/media?parent=2636"}],"wp:term":[{"taxonomy":"product_brand","embeddable":true,"href":"https:\/\/www.hongyitube.com\/es\/wp-json\/wp\/v2\/product_brand?post=2636"},{"taxonomy":"product_cat","embeddable":true,"href":"https:\/\/www.hongyitube.com\/es\/wp-json\/wp\/v2\/product_cat?post=2636"},{"taxonomy":"product_tag","embeddable":true,"href":"https:\/\/www.hongyitube.com\/es\/wp-json\/wp\/v2\/product_tag?post=2636"}],"curies":[{"name":"WP","href":"https:\/\/api.w.org\/{rel}","templated":true}]}}