{"id":2628,"date":"2025-08-21T20:15:41","date_gmt":"2025-08-21T12:15:41","guid":{"rendered":"https:\/\/www.hongyitube.com\/?post_type=product&#038;p=2628"},"modified":"2026-01-13T19:29:16","modified_gmt":"2026-01-13T11:29:16","slug":"19-one-piece-oblique-lip-plug-plastic-tube","status":"publish","type":"product","link":"https:\/\/www.hongyitube.com\/es\/product\/19-one-piece-oblique-lip-plug-plastic-tube\/","title":{"rendered":"19 tubo de pl\u00e1stico tap\u00f3n de labio oblicuo de una sola pieza"},"content":{"rendered":"<p>Hongyi pl\u00e1stico \u03a619 cer\u00e1mica masaje cabeza tubo pl\u00e1stico, llenado Capacity.10-20ml \/ 0.34-0.68fl.oz.<\/p>\n<p>&nbsp;<\/p>\n<p>Este producto es un dise\u00f1o innovador de un tubo labial transparente todo en uno de 19 mm que combina a la perfecci\u00f3n la funcionalidad pr\u00e1ctica con la est\u00e9tica art\u00edstica. El cuerpo transparente del tubo se fabrica utilizando tecnolog\u00eda de impresi\u00f3n offset de alta definici\u00f3n, con vibrantes y coloridos patrones de mu\u00f1eca de anido ruso. La tapa integrada, transparente y todo en uno garantiza un sello seguro. De manera innovadora, ofrece varias opciones de cubierta de llavero (cubierta redondeada transparente, cubierta de color, cubierta de oro\/plata galvanizada), combinada con un dise\u00f1o de relleno pop-top. Con una capacidad de 10-20ml, es perfecto para llevar y es un envase revolucionario de productos labiales que combina est\u00e9tica, funcionalidad y portabilidad.<\/p>\n<p>Material del cuerpo del tubo del envase del cart\u00edlago:<\/p>\n<ul>\n<li>Material PETG altamente transparente (grado m\u00e9dico)<\/li>\n<li>Innovaci\u00f3n b\u00e1sica:<\/li>\n<li>Dise\u00f1o de enchufe transparente y sin costuras de una sola pieza<\/li>\n<li>Estructura sellada para evitar fugas de l\u00edquidos<\/li>\n<li>Artesan\u00eda decorativa:<\/li>\n<li>Impresi\u00f3n offset de alta definici\u00f3n con dise\u00f1o de mu\u00f1eca anidada (impresi\u00f3n envolvente de 360\u00ba)<\/li>\n<li>Recubrimiento UV resistente a ara\u00f1azos<\/li>\n<li>El sistema de cabeza de cubierta:<\/li>\n<li>Transparente, esquina redondeada, tapa rectangular (modelo b\u00e1sico)<\/li>\n<li>Cubierta de llavero de colores (disponible en varios colores)<\/li>\n<li>Cubierta de llavero de oro\/plata galvanizada (modelo de gama alta)<\/li>\n<li>Sistema de llenado: dise\u00f1o abierto (OFC)<\/li>\n<\/ul>\n<p><strong><b>Aplicaciones recomendadas:<\/b><\/strong><\/p>\n<ol>\n<li>Selecci\u00f3n de doble visi\u00f3n<\/li>\n<\/ol>\n<ul>\n<li>Tubo blanco: Destacar la vividez de la mu\u00f1eca&#8217; patr\u00f3n s<\/li>\n<li>Un tubo transparente: una representaci\u00f3n f\u00edsica del contenido<\/li>\n<\/ul>\n<ol start=\"2\">\n<li>Las ventajas de los labios de cer\u00e1mica<\/li>\n<\/ol>\n<ul>\n<li>El tacto fr\u00edo calma los labios<\/li>\n<li>Aplicar suavemente sin tirar<\/li>\n<li>F\u00e1cil de limpiar y sin residuos<\/li>\n<\/ul>\n<ol start=\"3\">\n<li>Dise\u00f1o de capacidad de precisi\u00f3n<\/li>\n<\/ol>\n<ul>\n<li>15-20ml Mejor capacidad de uso<\/li>\n<li>Dise\u00f1o de extremo abierto para garantizar la precisi\u00f3n del llenado<\/li>\n<\/ul>\n<ol start=\"4\">\n<li>Valor de la colecci\u00f3n de arte<\/li>\n<\/ol>\n<ul>\n<li>Elementos de la cultura tradicional de mu\u00f1ecas rusas<\/li>\n<li>Hermosos patrones son coleccionables<\/li>\n<li><strong><b>Atributos del producto\u00a0<\/b><\/strong><\/li>\n<\/ul>\n<ol>\n<li>Dise\u00f1o port\u00e1til e innovador<\/li>\n<\/ol>\n<ul>\n<li>El dise\u00f1o de la cubierta del llavero hace que sea f\u00e1cil de llevar.<\/li>\n<li>Se puede colgar en bolsas, llavero y otros lugares<\/li>\n<\/ul>\n<ol start=\"2\">\n<li>Disfrute visual transparente<\/li>\n<\/ol>\n<ul>\n<li>Cuerpo de tubo totalmente transparente para mostrar el contenido<\/li>\n<li>Exposici\u00f3n circular de 360 grados del dise\u00f1o de mu\u00f1eca anidadora<\/li>\n<\/ul>\n<ol start=\"3\">\n<li>Caracter\u00edsticas de seguridad y seguridad selladas<\/li>\n<\/ol>\n<ul>\n<li>Dise\u00f1o integrado y sin costuras para prevenir fugas<\/li>\n<li>M\u00faltiples tipos de tapas aseguran un sello herm\u00e9tico<\/li>\n<\/ul>\n<ol start=\"4\">\n<li>Control de capacidad preciso<\/li>\n<\/ol>\n<ul>\n<li>Capacidad apropiada: 10-20ml<\/li>\n<li>Llenado preciso con un dise\u00f1o de extremo c\u00f3nico<\/li>\n<\/ul>","protected":false},"excerpt":{"rendered":"<p><b><\/b><strong><b>Dise\u00f1o del cuerpo del tubo<\/b><\/strong>.<\/p>\n<p>Concepto de dise\u00f1o de envases de tubos: &#8220; moda port\u00e1til&#8221; combinado con &#8220; arte tradicional&#8221;<\/p>\n<ul>\n<li>Innovaci\u00f3n estructural:<\/li>\n<li>Enchufes de uni\u00f3n integrados: reducir el riesgo de fugas<\/li>\n<li>Cubierta de llavero: dise\u00f1o funcional port\u00e1til<\/li>\n<li>Dise\u00f1o visual:<\/li>\n<li>Cuerpo transparente: demuestra la textura del producto<\/li>\n<li>Patrones de Tuva: una interpretaci\u00f3n moderna del arte tradicional<\/li>\n<li>Opciones del tipo de cubierta:<\/li>\n<li>Cubierta transparente: un estilo minimalista y moderno<\/li>\n<li>Cubiertas de colores: un estilo moderno y vibrante<\/li>\n<li>Cubiertas galvanizadas: lujosas y avanzadas<\/li>\n<\/ul>\n<p><strong>Ventajas del producto:<\/strong><\/p>\n<ol>\n<li>Avance en portabilidad<\/li>\n<\/ol>\n<ul>\n<li>El dise\u00f1o del llavero permite un f\u00e1cil acceso en cualquier momento.<\/li>\n<li>Abordar el punto de dolor de la necesidad de tocar el maquillaje mientras est\u00e1 fuera y cerca<\/li>\n<\/ul>\n<ol start=\"2\">\n<li>Rendimiento de sellado excepcional<\/li>\n<\/ol>\n<ul>\n<li>Dise\u00f1o de enchufe sin costuras para evitar fugas de l\u00edquido<\/li>\n<li>Protecci\u00f3n de doble capa con varios tipos de cubiertas<\/li>\n<\/ul>\n<ol start=\"3\">\n<li>Apelaci\u00f3n visual<\/li>\n<\/ol>\n<ul>\n<li>Textura transparente, fresca y elegante<\/li>\n<li>Empoderamiento cultural a trav\u00e9s del dise\u00f1o de mu\u00f1eca Matryoshka<\/li>\n<\/ul>\n<ol start=\"4\">\n<li>Escenarios de uso vers\u00e1tiles<\/li>\n<\/ol>\n<ul>\n<li>Para ser transportado para los desplazamientos diarios.<\/li>\n<li>Conveniente para uso en actividades al aire libre<\/li>\n<\/ul>\n<p>&nbsp;<\/p>\n<ul>\n<li><b><\/b><strong>Escenarios de aplicaci\u00f3n para el producto:<\/strong><\/li>\n<\/ul>\n<p>Cosm\u00e9ticos de moda r\u00e1pida: Embalaje para las marcas cosm\u00e9ticas de la ni\u00f1a joven \/ botellas \/ botellas de dispensaci\u00f3n port\u00e1tiles<\/p>\n<ul>\n<li>Deportes al aire libre: Embalaje\/botellas\/botellas dispensadoras port\u00e1tiles para marcas de cuidado de la piel enfocadas en el deporte<\/li>\n<li>Mercado estudiantil: Embalaje\/botella de contenedor\/mini botella port\u00e1til para productos cosm\u00e9ticos del campus<\/li>\n<li>Actividades promocionales: Embalaje\/botella\/botella dispensadora port\u00e1til para regalos de promoci\u00f3n de marca<\/li>\n<li>Mercado tur\u00edstico: Viajes esenciales Productos<\/li>\n<li>Canal de tiendas de conveniencia: impulso de compra de productos<\/li>\n<\/ul>","protected":false},"featured_media":2630,"comment_status":"closed","ping_status":"closed","template":"","meta":[],"product_brand":[],"product_cat":[33,27],"product_tag":[],"class_list":{"0":"post-2628","1":"product","2":"type-product","3":"status-publish","4":"has-post-thumbnail","6":"product_cat-lip-care","7":"product_cat-makeup-plastic-tube","9":"first","10":"instock","11":"shipping-taxable","12":"purchasable","13":"product-type-simple"},"_links":{"self":[{"href":"https:\/\/www.hongyitube.com\/es\/wp-json\/wp\/v2\/product\/2628","targetHints":{"allow":["GET"]}}],"collection":[{"href":"https:\/\/www.hongyitube.com\/es\/wp-json\/wp\/v2\/product"}],"about":[{"href":"https:\/\/www.hongyitube.com\/es\/wp-json\/wp\/v2\/types\/product"}],"replies":[{"embeddable":true,"href":"https:\/\/www.hongyitube.com\/es\/wp-json\/wp\/v2\/comments?post=2628"}],"wp:featuredmedia":[{"embeddable":true,"href":"https:\/\/www.hongyitube.com\/es\/wp-json\/wp\/v2\/media\/2630"}],"wp:attachment":[{"href":"https:\/\/www.hongyitube.com\/es\/wp-json\/wp\/v2\/media?parent=2628"}],"wp:term":[{"taxonomy":"product_brand","embeddable":true,"href":"https:\/\/www.hongyitube.com\/es\/wp-json\/wp\/v2\/product_brand?post=2628"},{"taxonomy":"product_cat","embeddable":true,"href":"https:\/\/www.hongyitube.com\/es\/wp-json\/wp\/v2\/product_cat?post=2628"},{"taxonomy":"product_tag","embeddable":true,"href":"https:\/\/www.hongyitube.com\/es\/wp-json\/wp\/v2\/product_tag?post=2628"}],"curies":[{"name":"WP","href":"https:\/\/api.w.org\/{rel}","templated":true}]}}