{"id":2621,"date":"2025-08-21T20:10:39","date_gmt":"2025-08-21T12:10:39","guid":{"rendered":"https:\/\/www.hongyitube.com\/?post_type=product&#038;p=2621"},"modified":"2026-01-14T11:01:17","modified_gmt":"2026-01-14T03:01:17","slug":"16-lip-care-soft-tube-packaging-bottle-lip-gloss-lip-oil-lip-gloss-lip-glaze-soft-tube-packaging-bottle-soft-tube-bottle-packaging-bottle-3","status":"publish","type":"product","link":"https:\/\/www.hongyitube.com\/es\/product\/16-lip-care-soft-tube-packaging-bottle-lip-gloss-lip-oil-lip-gloss-lip-glaze-soft-tube-packaging-bottle-soft-tube-bottle-packaging-bottle-3\/","title":{"rendered":"\u03a616 cuidado de labios botella de envasado de tubo suave, brillo de labios, aceite de labios, brillo de labios, esmalte de labios botella de envasado de tubo suave botella de envasado de tubo suave botella-3"},"content":{"rendered":"<p>Tubo suave de cuidado de labios de polietileno de color de pl\u00e1stico de Hongyi \u03a616, llenando Capacity.3ml-8ml\/0.10-0.27fl.oz.<\/p>\n<p>Nuestra l\u00ednea de envases de tubos blandos est\u00e1 dise\u00f1ada espec\u00edficamente para productos de cuidado labial como b\u00e1lsamos labiales, sueros labiales y exfoliantes labiales, y se caracteriza por materiales de alta calidad. Todo el dise\u00f1o se centra en una sofisticada combinaci\u00f3n de tonos rosa y p\u00farpura, proporcionando una experiencia visual elegante, delicada y so\u00f1adora que se alinea perfectamente con la industria de la belleza y el cuidado personal. Se hace hincapi\u00e9 tanto en la est\u00e9tica como en la calidad. Desde el dise\u00f1o de doble color del cuerpo del tubo hasta el color coincidente de la tapa, cada detalle muestra la marca&#8217; atenci\u00f3n al detalle y el encanto \u00fanico del producto.<\/p>\n<p>Nuestro material de envasado de tubos blandos utiliza polietileno (PE) de alta calidad o materiales compuestos co-extruidos, que poseen una excelente flexibilidad, propiedades de barrera y estabilidad qu\u00edmica. Estas caracter\u00edsticas aseguran que el contenido se proteja eficazmente de la contaminaci\u00f3n y la oxidaci\u00f3n.<\/p>\n<ul>\n<li>Tapa de tuber\u00eda &amp; Tap\u00f3n en \u00e1ngulo: Hecho de polipropileno (PP) o polietileno de alta densidad (HDPE), estos componentes son extremadamente duros, duraderos y poseen excelentes propiedades de sellado.<\/li>\n<li>Concentrados de color &amp; Tintas: Todos los colorantes y tintas de serigraf\u00eda cumplen con las normas ambientales y de seguridad relevantes para los materiales de envasado cosm\u00e9tico (como REACH de la UE, RoHS, etc.) y son seguros para el uso humano.<\/li>\n<\/ul>\n<p>&nbsp;<\/p>\n<p><strong><b>Aplicaciones recomendadas:<\/b><\/strong><\/p>\n<p>Botella de embalaje l\u00edquido de mejora de labios\/botella dividida\/botella port\u00e1til: l\u00edquido de mejora de labios de \u00e1cido hialur\u00f3nico, l\u00edquido de labios de col\u00e1geno<\/p>\n<ul>\n<li>Embalaje del producto de aceite de labios: botella \/ botella dividida \/ botella port\u00e1til: b\u00e1lsamo labial, aceite de belleza labial<\/li>\n<li>Botella de embalaje de cuidado de los labios \/ botella dividida \/ botella port\u00e1til: esencia de los labios, l\u00edquido de reparaci\u00f3n de labios<\/li>\n<li>Botella de embalaje de b\u00e1lsamo de labios medicinal\/botella dividida\/botella port\u00e1til: cuidado de labios medicinal transparente<\/li>\n<li>Embalaje de la muestra: botella \/ botella dividida \/ botella port\u00e1til &#8211; Tama\u00f1o de prueba de producto labial de gama alta<\/li>\n<\/ul>\n<h3><strong><b>Atributos del producto\u00a0<\/b><\/strong><\/h3>\n<ol>\n<li>Di\u00e1metro del tubo elegante (16 mm): El cuerpo del tubo de 16 mm es peque\u00f1o y elegante, perfectamente adecuado para productos que requieren solo una peque\u00f1a cantidad de uso cada vez. Esto hace que sea f\u00e1cil controlar la cantidad utilizada y conveniente llevar.<\/li>\n<li>Esquema de color elegante: El cuerpo del tubo cuenta con una combinaci\u00f3n de pigmentos rosados y morados, creando un efecto de color \u00fanico o mixto que es sofisticado y llama la atenci\u00f3n. Este dise\u00f1o asegura que el producto se destaque r\u00e1pidamente en los estantes de la tienda.<\/li>\n<li>Dise\u00f1o de sello de cola: El extremo del tubo se sella utilizando tecnolog\u00eda avanzada de prensado por aire caliente, lo que da como resultado un sello fuerte, seguro y est\u00e9ticamente agradable. Esto garantiza que el producto permanezca a prueba de fugas durante el transporte y el almacenamiento y sirve como prueba de que es genuino y no abierto.<\/li>\n<li>Accesorios de tuber\u00edas f\u00e1ciles de usar:<\/li>\n<\/ol>\n<ul>\n<li>Dise\u00f1o en forma de diente, gran apertura: El dise\u00f1o en forma de diente (diente de sierra) en el extremo del tubo permite abrir y cerrar f\u00e1cilmente la tapa, aumentando la fricci\u00f3n durante el proceso de apertura para una mejor experiencia del usuario.<\/li>\n<li>Gran di\u00e1metro: Facilita la extrusi\u00f3n suave de los contenidos, especialmente aquellos con part\u00edculas abrasivas o pastas m\u00e1s gruesas y concentradas, para evitar bloqueos.<\/li>\n<\/ul>\n<p>Proceso de serigraf\u00eda de alta definici\u00f3n: El logotipo de la marca, la descripci\u00f3n del producto y otra informaci\u00f3n de texto utilizan la serigraf\u00eda, una fuerte adhesi\u00f3n, un efecto de impresi\u00f3n claro, brillante y duradero, no f\u00e1cil de desgastar durante el uso, mejoran el grado general de los productos.<\/p>\n<ol start=\"6\">\n<li>Sistema de sellado altamente eficiente:<\/li>\n<\/ol>\n<ul>\n<li>Tap\u00f3n inclinado transparente de tama\u00f1o 16: El tap\u00f3n inclinado de PP transparente incorporado evita efectivamente la recirculaci\u00f3n del aire y evita la contaminaci\u00f3n del contenido, manteniendo la ung\u00fcenta fresca. El dise\u00f1o transparente permite a los usuarios ver claramente la capacidad restante.<\/li>\n<li>Tapa de color combinado: La tapa redonda, disponible en rosa y p\u00farpura, complementa perfectamente el color del cuerpo del tubo, creando un dise\u00f1o general cohesivo y unificado. El dise\u00f1o de la cabeza redonda se siente c\u00f3modo en la mano y es f\u00e1cil de abrir y cerrar.<\/li>\n<\/ul>","protected":false},"excerpt":{"rendered":"<ul>\n<li><b><\/b><strong><b>Dise\u00f1o del cuerpo del tubo<\/b><\/strong>.<\/li>\n<\/ul>\n<ol>\n<li>Visi\u00f3n principal: Dise\u00f1o de color<\/li>\n<\/ol>\n<ul>\n<li>Nombre del dise\u00f1o: Combo rosa \/ p\u00farpura<\/li>\n<li>Proceso de obtenci\u00f3n: Esto se logra a\u00f1adiendo rosa y p\u00farpura a las part\u00edculas pl\u00e1sticas (granos madre) en una proporci\u00f3n espec\u00edfica durante el proceso de producci\u00f3n. No es una simple pulverizaci\u00f3n monocrom\u00e1tica, sino el color que emana del propio material. Los dos colores pueden presentar un efecto de fusi\u00f3n natural, nublado, gradual, lleno de fantas\u00eda y arte, m\u00e1s profundidad y cambio que el color \u00fanico. El rosa representa suavidad, dulzura y romance; El p\u00farpura simboliza la nobleza, el misterio y el encanto. La combinaci\u00f3n de los dos ha dirigido con precisi\u00f3n a las mujeres&#8217; mercado y transmiti\u00f3 las caracter\u00edsticas de un producto que combina alto rendimiento con una experiencia refinada.<\/li>\n<\/ul>\n<ol start=\"2\">\n<li>Forma y dise\u00f1o estructural<\/li>\n<\/ol>\n<ul>\n<li>Di\u00e1metro delgado del tubo (16 mm):<\/li>\n<li>Sensaci\u00f3n delicada: en comparaci\u00f3n con la manguera grande de productos qu\u00edmicos diarios convencionales, el di\u00e1metro de 16 mm es particularmente peque\u00f1o y delicado, lo que est\u00e1 en l\u00ednea con el posicionamiento de los productos de cuidado labial &#8220; boutique. &#8221;<\/li>\n<li>Manipulaci\u00f3n: El tubo m\u00e1s fino hace que sea m\u00e1s f\u00e1cil para los usuarios (especialmente las mujeres) sostener y exprimir, lo que permite un control preciso de la compresi\u00f3n de peque\u00f1as cantidades de l\u00edquido y evitar el desperdicio.<\/li>\n<li>Dise\u00f1o de cierre final:<\/li>\n<li>Est\u00e9tica funcional: El extremo del tubo est\u00e1 sellado por presi\u00f3n t\u00e9rmica, formando un sello plano o ligeramente indentado. Esto no solo es una garant\u00eda de seguridad, sino que su apariencia industrial limpia y profesional tambi\u00e9n mejora la calidad del producto.<\/li>\n<li>S\u00edmbolo de seguridad: El sello es una se\u00f1al importante para que los consumidores determinen si un producto es nuevo y no utilizado, lo que aumenta la confianza.<\/li>\n<\/ul>\n<ol start=\"3\">\n<li>Tratamiento superficial y comunicaci\u00f3n visual<\/li>\n<\/ol>\n<ul>\n<li>Serigraf\u00eda (impresi\u00f3n de seda):<\/li>\n<li>Excelente textura: La capa de tinta de impresi\u00f3n es gruesa, y los patrones impresos y el texto tienen una textura claramente elevada que puede ser tocada por la mano, que es un s\u00edmbolo de artesan\u00eda de alta gama que lo distingue de las pegatinas baratas o la impresi\u00f3n ordinaria.<\/li>\n<li>Durabilidad: tinta de serigraf\u00eda fuerte adhesi\u00f3n, resistencia al desgaste y ara\u00f1azos, para asegurarse de que el logotipo de la marca y la informaci\u00f3n clave en el producto a lo largo del ciclo de vida son claramente visibles, no son f\u00e1ciles de caerse.<\/li>\n<li>Flexibilidad del dise\u00f1o: Se pueden imprimir tintas especiales como colores de metal y perlas para mejorar a\u00fan m\u00e1s el magn\u00edfico efecto del cuerpo, que complementa la combinaci\u00f3n de colores rosa y p\u00farpura.<\/li>\n<\/ul>\n<p>&nbsp;<\/p>\n<ol start=\"4\">\n<li>Dise\u00f1o de conductos: la mejora de la funci\u00f3n y la experiencia<\/li>\n<\/ol>\n<p>&nbsp;<\/p>\n<ul>\n<li>Dise\u00f1o de forma dental para bocas grandes:<\/li>\n<li>La funci\u00f3n es primordial: &#8220; forma del diente&#8221; se refiere a la l\u00ednea rebajada antideslizante en el exterior de la boca del tubo. Aumenta en gran medida la fricci\u00f3n de las puntas de los dedos, lo que hace que sea muy f\u00e1cil y sin esfuerzo abrir y cerrar la solapa, incluso si las manos est\u00e1n mojadas o cubiertas con crema para manos.<\/li>\n<li>Caldero grande: La amplia abertura del tubo asegura que incluso el yeso es grueso, o contiene part\u00edculas o fibras abrasivas, se puede exprimir sin problemas y sin obst\u00e1culos, evitando por completo el riesgo de bloqueo y optimizando la experiencia de uso<\/li>\n<\/ul>\n<p><strong>Ventajas del producto:<\/strong><\/p>\n<ul>\n<li>Apariencia atractiva: El esquema de color p\u00farpura pastel combinado con un dise\u00f1o refinado lo hace altamente atractivo para las mujeres, mejorando significativamente el producto&#8217; valor y imagen de marca.<\/li>\n<li>Protecci\u00f3n excepcional: Excelentes propiedades de sellado (tap\u00f3n de cierre en \u00e1ngulo) protegen eficazmente el producto de la luz y el aire, preservando los ingredientes activos en la ung\u00fcenta y extendiendo el producto&#8217; s vida \u00fatil.<\/li>\n<li>Experiencia de usuario excepcional: Desde la forma de la abertura, la facilidad de aprietar el tubo suave, hasta la tapa redondeada con un mecanismo de torsi\u00f3n, todos los aspectos del dise\u00f1o han sido cuidadosamente considerados para garantizar la conveniencia y la comodidad para el usuario.<\/li>\n<li>Personalizaci\u00f3n flexible: El esquema de colores del cuerpo del tubo y el contenido de serigraf\u00eda se pueden personalizar altamente de acuerdo con la marca&#8217; necesidades espec\u00edficas, lo que lo convierte en un identificador visual \u00fanico para la marca.<\/li>\n<li>Calidad confiable: Utiliza materiales compatibles y seguros para garantizar un nivel de calidad que coincida con los productos de cuidado labial de alta gama.<\/li>\n<li><b><\/b><strong>Escenarios de aplicaci\u00f3n para el producto:<\/strong><\/li>\n<\/ul>\n<p>Clientes de marca: Marcas de varios productos cosm\u00e9ticos y de cuidado de la piel, especialmente marcas enfocadas en el cuidado de los labios, nicho de belleza de gama alta y nuevas marcas chinas.<\/p>\n<ul>\n<li>Ventas de canal: adecuado para plataformas de comercio electr\u00f3nico en l\u00ednea (como Tmall, JD.com, Douyin Store), supermercados boutique, tiendas de belleza (como Sephora), tiendas de regalos y mostradores de marcas.<\/li>\n<li>Usuarios finales: j\u00f3venes consumidoras y entusiastas de la belleza que buscan calidad de vida, se preocupan por los detalles del cuidado de la piel y prefieren envases de alta belleza.<\/li>\n<\/ul>\n<p>Esta manguera de cuidado labial de 16 tubos en color rosa y p\u00farpura no es solo un recipiente de envasado, sino tambi\u00e9n una extensi\u00f3n del concepto de marca y la textura del producto. Con su dise\u00f1o elegante, caracter\u00edsticas pr\u00e1cticas y calidad fiable, es la opci\u00f3n ideal para ayudar a su producto a ganar atenci\u00f3n en un mercado feroz.<\/p>","protected":false},"featured_media":2625,"comment_status":"closed","ping_status":"closed","template":"","meta":[],"product_brand":[],"product_cat":[33,27],"product_tag":[],"class_list":{"0":"post-2621","1":"product","2":"type-product","3":"status-publish","4":"has-post-thumbnail","6":"product_cat-lip-care","7":"product_cat-makeup-plastic-tube","9":"first","10":"instock","11":"shipping-taxable","12":"purchasable","13":"product-type-simple"},"_links":{"self":[{"href":"https:\/\/www.hongyitube.com\/es\/wp-json\/wp\/v2\/product\/2621","targetHints":{"allow":["GET"]}}],"collection":[{"href":"https:\/\/www.hongyitube.com\/es\/wp-json\/wp\/v2\/product"}],"about":[{"href":"https:\/\/www.hongyitube.com\/es\/wp-json\/wp\/v2\/types\/product"}],"replies":[{"embeddable":true,"href":"https:\/\/www.hongyitube.com\/es\/wp-json\/wp\/v2\/comments?post=2621"}],"wp:featuredmedia":[{"embeddable":true,"href":"https:\/\/www.hongyitube.com\/es\/wp-json\/wp\/v2\/media\/2625"}],"wp:attachment":[{"href":"https:\/\/www.hongyitube.com\/es\/wp-json\/wp\/v2\/media?parent=2621"}],"wp:term":[{"taxonomy":"product_brand","embeddable":true,"href":"https:\/\/www.hongyitube.com\/es\/wp-json\/wp\/v2\/product_brand?post=2621"},{"taxonomy":"product_cat","embeddable":true,"href":"https:\/\/www.hongyitube.com\/es\/wp-json\/wp\/v2\/product_cat?post=2621"},{"taxonomy":"product_tag","embeddable":true,"href":"https:\/\/www.hongyitube.com\/es\/wp-json\/wp\/v2\/product_tag?post=2621"}],"curies":[{"name":"WP","href":"https:\/\/api.w.org\/{rel}","templated":true}]}}