{"id":2601,"date":"2025-08-21T20:02:59","date_gmt":"2025-08-21T12:02:59","guid":{"rendered":"https:\/\/www.hongyitube.com\/?post_type=product&#038;p=2601"},"modified":"2026-01-14T11:06:40","modified_gmt":"2026-01-14T03:06:40","slug":"16-lip-care-soft-tube-packaging-bottle-lip-gloss-lip-oil-lip-gloss-lip-glaze-soft-tube-packaging-bottle-soft-tube-bottle-packaging-bottle-2","status":"publish","type":"product","link":"https:\/\/www.hongyitube.com\/es\/product\/16-lip-care-soft-tube-packaging-bottle-lip-gloss-lip-oil-lip-gloss-lip-glaze-soft-tube-packaging-bottle-soft-tube-bottle-packaging-bottle-2\/","title":{"rendered":"\u03a616 cuidado de labios botella de envasado de tubo suave, brillo de labios, aceite de labios, brillo de labios, esmalte de labios botella de envasado de tubo suave botella de envasado de tubo suave botella-2"},"content":{"rendered":"<p>Hongyi pl\u00e1stico \u03a616 brillante PE cuidado de labios tubo suave, llenando Capacity.3ml-5ml \/ 0.10-0.17fl.oz.<\/p>\n<p>Nuestra botella de envasado de tubo suave es un tubo suave transparente y exquisito de 16 mm dise\u00f1ado espec\u00edficamente para el cuidado de los labios. El cuerpo del tubo est\u00e1 hecho de material de alta transparencia y ha sido tratado con un acabado de aceite brillante, d\u00e1ndole un aspecto cristalino y puro. El innovador dise\u00f1o en forma de diente de boca grande garantiza que la crema pueda ser extruida sin problemas. La combinaci\u00f3n de una tapa inclinada transparente de calidad alimentaria y una tapa de \u00e1ngulo recto de alta transparencia muestra perfectamente el color y la textura del contenido. El dise\u00f1o compacto de capacidad de 3-5 ml proporciona una soluci\u00f3n de envasado higi\u00e9nica y precisa de calidad profesional para productos de cuidado labial.<\/p>\n<p>Material del cuerpo del tubo del embalaje de la manguera:<\/p>\n<ul>\n<li>Material PETG altamente transparente (grado m\u00e9dico)<\/li>\n<li>Tratamiento superficial de aceite brillante<\/li>\n<li>Proceso de conformaci\u00f3n:<\/li>\n<li>Di\u00e1metro del tubo ultrafino de 16 mm<\/li>\n<li>Dise\u00f1o de entrada de gran di\u00e1metro (di\u00e1metro de salida: 8 mm)<\/li>\n<li>Sistema transparente:<\/li>\n<li>Tap\u00f3n inclinado transparente de grado alimentario<\/li>\n<li>Tapa rectangular PP de alta transmisi\u00f3n<\/li>\n<li>Precisi\u00f3n de la capacidad: llenado preciso de 3-5ml<\/li>\n<\/ul>\n<p><strong><b>Aplicaciones recomendadas:<\/b><\/strong><\/p>\n<p>Botella de embalaje l\u00edquido de mejora de labios\/botella dividida\/botella port\u00e1til: l\u00edquido de mejora de labios de \u00e1cido hialur\u00f3nico, l\u00edquido de labios de col\u00e1geno<\/p>\n<ul>\n<li>Embalaje del producto de aceite de labios: botella \/ botella dividida \/ botella port\u00e1til: b\u00e1lsamo labial, aceite de belleza labial<\/li>\n<li>Botella de embalaje de cuidado de los labios \/ botella dividida \/ botella port\u00e1til: esencia de los labios, l\u00edquido de reparaci\u00f3n de labios<\/li>\n<li>Botella de embalaje de b\u00e1lsamo de labios medicinal\/botella dividida\/botella port\u00e1til: cuidado de labios medicinal transparente<\/li>\n<li>Embalaje de la muestra: botella \/ botella dividida \/ botella port\u00e1til &#8211; Tama\u00f1o de prueba de producto labial de gama alta<\/li>\n<\/ul>\n<h3><strong><b>Atributos del producto\u00a0<\/b><\/strong><\/h3>\n<p>Transparente y Visible<\/p>\n<ul>\n<li>El cuerpo del tubo altamente transparente proporciona una visibilidad clara del contenido<\/li>\n<li>El tratamiento con aceite brillante mejora la apariencia cristalina.<\/li>\n<\/ul>\n<p>Dise\u00f1o de control preciso<\/p>\n<ul>\n<li>Control preciso de la cantidad utilizando un di\u00e1metro de tubo de 16 mm<\/li>\n<li>Boca abierta para garantizar una expulsi\u00f3n suave.<\/li>\n<\/ul>\n<p>Sistema de Saneamiento y Seguridad<\/p>\n<ul>\n<li>Tap\u00f3n angular transparente de grado alimentario para prevenir la contaminaci\u00f3n<\/li>\n<li>La tapa angular de alta transmisi\u00f3n garantiza un sellado perfecto<\/li>\n<\/ul>\n<p>Textura y apariencia de gama alta<\/p>\n<ul>\n<li>Efecto visual cristalino y transparente<\/li>\n<li>El tama\u00f1o compacto destaca el valor del producto.<\/li>\n<\/ul>","protected":false},"excerpt":{"rendered":"<p><b><\/b><strong><b>Dise\u00f1o del cuerpo del tubo<\/b><\/strong>.<\/p>\n<p>El concepto de dise\u00f1o de esta botella de envasado de manguera es &#8220; puro y transparente&#8221; combinado con &#8220; cuidado de precisi\u00f3n. &#8221;<\/p>\n<ul>\n<li>Dise\u00f1o estructural:<\/li>\n<li>Bocas grandes: suavizar sin bloqueo<\/li>\n<li>Cubierta de \u00e1ngulo recto: un estilo moderno y minimalista<\/li>\n<li>Sistema de visi\u00f3n:<\/li>\n<li>Dise\u00f1o transparente: muestra la esencia de un producto<\/li>\n<li>Tratamiento de iluminaci\u00f3n: elevar el nivel de textura<\/li>\n<li>Dise\u00f1o de capacidad:<\/li>\n<li>Capacidad compacta de 3-5ml<\/li>\n<li>adecuado para uso de alta frecuencia de productos<\/li>\n<\/ul>\n<p><strong>Ventajas del producto:<\/strong><\/p>\n<ol>\n<li>Visualizaci\u00f3n de composici\u00f3n<\/li>\n<\/ol>\n<ul>\n<li>Mostrando directamente la textura y el color del producto<\/li>\n<li>Aumentar la confianza del consumidor<\/li>\n<\/ul>\n<ol start=\"2\">\n<li>Excelente experiencia de usuario<\/li>\n<\/ol>\n<ul>\n<li>El dise\u00f1o de gran apertura garantiza una extrusi\u00f3n suave<\/li>\n<li>Control fino del di\u00e1metro del tubo para optimizar el uso<\/li>\n<\/ul>\n<ol start=\"3\">\n<li>Forte rendimiento sanitario<\/li>\n<\/ol>\n<ul>\n<li>Dise\u00f1o totalmente sellado para prevenir la contaminaci\u00f3n<\/li>\n<li>Los materiales de calidad alimentaria garantizan seguridad y fiabilidad.<\/li>\n<\/ul>\n<ol start=\"4\">\n<li>Excelente imagen de gama alta<\/li>\n<\/ol>\n<ul>\n<li>Textura cristalina y transparente<\/li>\n<li>El dise\u00f1o complicado agrega su valor<\/li>\n<li><b><\/b><strong>Escenarios de aplicaci\u00f3n para el producto:<\/strong><\/li>\n<\/ul>\n<p>Marca de cuidado de la piel de gama alta: serie de cuidado de labios de lujo con botella de envasado de tubo suave.<\/p>\n<ul>\n<li>Marca de cosm\u00e9ticos farmac\u00e9uticos: Embalaje transparente de productos medicinales para labios<\/li>\n<li>Muestra de belleza: botellas\/embalaje divididos para conjuntos de prueba de marca de gama alta<\/li>\n<li>Mercado de regalos: botellas selladas \/ embalaje para exquisitos conjuntos de regalos para el cuidado de la piel<\/li>\n<\/ul>\n<p>\u00b7 Canal de Medicina Est\u00e9tica: Cuidado Post-Tratamiento para Cirug\u00eda Labial<\/p>","protected":false},"featured_media":2620,"comment_status":"closed","ping_status":"closed","template":"","meta":[],"product_brand":[],"product_cat":[33,27],"product_tag":[],"class_list":{"0":"post-2601","1":"product","2":"type-product","3":"status-publish","4":"has-post-thumbnail","6":"product_cat-lip-care","7":"product_cat-makeup-plastic-tube","9":"first","10":"instock","11":"shipping-taxable","12":"purchasable","13":"product-type-simple"},"_links":{"self":[{"href":"https:\/\/www.hongyitube.com\/es\/wp-json\/wp\/v2\/product\/2601","targetHints":{"allow":["GET"]}}],"collection":[{"href":"https:\/\/www.hongyitube.com\/es\/wp-json\/wp\/v2\/product"}],"about":[{"href":"https:\/\/www.hongyitube.com\/es\/wp-json\/wp\/v2\/types\/product"}],"replies":[{"embeddable":true,"href":"https:\/\/www.hongyitube.com\/es\/wp-json\/wp\/v2\/comments?post=2601"}],"wp:featuredmedia":[{"embeddable":true,"href":"https:\/\/www.hongyitube.com\/es\/wp-json\/wp\/v2\/media\/2620"}],"wp:attachment":[{"href":"https:\/\/www.hongyitube.com\/es\/wp-json\/wp\/v2\/media?parent=2601"}],"wp:term":[{"taxonomy":"product_brand","embeddable":true,"href":"https:\/\/www.hongyitube.com\/es\/wp-json\/wp\/v2\/product_brand?post=2601"},{"taxonomy":"product_cat","embeddable":true,"href":"https:\/\/www.hongyitube.com\/es\/wp-json\/wp\/v2\/product_cat?post=2601"},{"taxonomy":"product_tag","embeddable":true,"href":"https:\/\/www.hongyitube.com\/es\/wp-json\/wp\/v2\/product_tag?post=2601"}],"curies":[{"name":"WP","href":"https:\/\/api.w.org\/{rel}","templated":true}]}}