{"id":2594,"date":"2025-08-21T19:49:34","date_gmt":"2025-08-21T11:49:34","guid":{"rendered":"https:\/\/www.hongyitube.com\/?post_type=product&#038;p=2594"},"modified":"2026-01-13T17:08:08","modified_gmt":"2026-01-13T09:08:08","slug":"35-square-plastic-tubepe-plastic-tube-skin-care-makeup-cosmetics-plastic-tube-packaging-bottles","status":"publish","type":"product","link":"https:\/\/www.hongyitube.com\/es\/product\/35-square-plastic-tubepe-plastic-tube-skin-care-makeup-cosmetics-plastic-tube-packaging-bottles\/","title":{"rendered":"35 tubo de pl\u00e1stico cuadrado, tubo de pl\u00e1stico PE, cuidado de la piel, maquillaje, cosm\u00e9ticos, botellas de envasado de tubo de pl\u00e1stico"},"content":{"rendered":"<p>Hongyi Plastic\u03a635 tubo cuadrado ultra delgado, llenando la capacidad 30-55ml \/ 1.0-1.86fl.0z.<\/p>\n<p>Nuestra serie de envases de tubos blandos presenta el tubo ultradelgado de gama alta de 35 mm que se separa de los dise\u00f1os de tubos tradicionales. Emplea una forma geom\u00e9trica plana innovadora. El cuerpo del tubo se ha sometido a un tratamiento de base de brillo blanco, con una impresi\u00f3n de tinta de gradiente azul\/rosa en capas, creando un efecto de gradiente similar a la pureza de la aurora. Se combina con un proceso de estampado en caliente de plata l\u00e1ser y viene en dos configuraciones: una tapa giratoria mate blanca o una tapa de tornillo plateada con un tap\u00f3n interior plano. Combinada con tecnolog\u00eda de sellado profesional, esta soluci\u00f3n de envasado proporciona una soluci\u00f3n de primer nivel que combina est\u00e9tica minimalista con funcionalidad pr\u00e1ctica para productos de cuidado de la piel de alta gama que var\u00edan en volumen de 30 a 55 ml.<\/p>\n<p>Material del cuerpo:<\/p>\n<ul>\n<li>Material PE de alta densidad (formaci\u00f3n de tubo s\u00faper plano)<\/li>\n<li>Tratamiento de subcapa de luz blanca<\/li>\n<li>Proceso de moldeo: tubo ultraplano de 35 mm, geometr\u00eda plana innovadora<\/li>\n<li>Procesos de superficie:<\/li>\n<li>Subcapa UV brillante: mejora la textura de la superficie<\/li>\n<li>Impresi\u00f3n en gradiente monocrom\u00e1tico: Transici\u00f3n azul \/ rosa de precisi\u00f3n<\/li>\n<li>Artesan\u00eda de decoraci\u00f3n:<\/li>\n<li>La quema de plata con l\u00e1ser: efectos din\u00e1micos de luz y sombra<\/li>\n<li>Texto impreso: informaci\u00f3n clara del producto<\/li>\n<li>Sistema de sellado:<\/li>\n<li>Opci\u00f3n A: Cubierta giratoria helada blanca (port\u00e1til)<\/li>\n<li>Opci\u00f3n B: tapa de tornillo plateada tapa superior plana (alto sellado)<\/li>\n<li>Tecnolog\u00eda de cierre de cola profesional (CRB)<\/li>\n<\/ul>\n<p><b>\u00a0<\/b><\/p>\n<h3><strong><b>Atributos del producto<\/b><\/strong><\/h3>\n<p>Utilizaci\u00f3n optimizada del espacio<\/p>\n<ul>\n<li>Dise\u00f1o extremadamente plano para un almacenamiento m\u00e1s f\u00e1cil<\/li>\n<li>Adecuado para viajes y uso diario<\/li>\n<\/ul>\n<p>Efectos visuales mejorados<\/p>\n<ul>\n<li>Mejora de la representaci\u00f3n del color en superficies planas<\/li>\n<li>Mejora la textura con una capa base brillante<\/li>\n<\/ul>\n<p>Mejora de la experiencia del usuario<\/p>\n<ul>\n<li>Dos tipos de dise\u00f1os de tapas satisfacen diversas necesidades<\/li>\n<li>El dise\u00f1o interior plano minimiza los residuos del producto.<\/li>\n<\/ul>\n<p>Mejorar la imagen de marca<\/p>\n<ul>\n<li>Los dise\u00f1os innovadores de tubos destacan la marca&#8217; personalidad \u00fanica<\/li>\n<li>La artesan\u00eda de alta gama refleja un compromiso con la calidad.<\/li>\n<\/ul>","protected":false},"excerpt":{"rendered":"<ul>\n<li><b><\/b><strong><b>Dise\u00f1o del cuerpo del tubo<\/b><\/strong>.<\/li>\n<\/ul>\n<p>Concepto de dise\u00f1o: &#8220; geometr\u00eda plana&#8221;  and &#8220; aurora est\u00e9tica&#8221; fusi\u00f3n<\/p>\n<ul>\n<li>Dise\u00f1o estructural:<\/li>\n<li>Tubos hiperplanos ahorran espacio<\/li>\n<li>Efectos \u00f3ptimos de impresi\u00f3n en superficies planas<\/li>\n<li>Sistema de color:<\/li>\n<li>Progressive Blue: Una l\u00ednea de cuidado de la piel e hidratante<\/li>\n<li>Pink Transition: una colecci\u00f3n resistente y brillante<\/li>\n<li>Dise\u00f1o de la cubierta:<\/li>\n<li>Capucha te\u00f1ida blanca: un estilo moderno minimalista<\/li>\n<li>Los remolinos de plata galvanizados: tecnolog\u00eda de lujo ligera<\/li>\n<\/ul>\n<p><strong>Ventajas del producto:<\/strong><\/p>\n<ol>\n<li>Utilizaci\u00f3n optimizada del espacio<\/li>\n<\/ol>\n<ul>\n<li>Dise\u00f1o extremadamente plano para un almacenamiento m\u00e1s f\u00e1cil<\/li>\n<li>Adecuado para viajes y uso diario<\/li>\n<\/ul>\n<ol start=\"2\">\n<li>Efectos visuales mejorados<\/li>\n<\/ol>\n<ul>\n<li>Mejora de la representaci\u00f3n del color en superficies planas<\/li>\n<li>Mejora la textura con una capa base brillante<\/li>\n<\/ul>\n<ol start=\"3\">\n<li>Mejora de la experiencia del usuario<\/li>\n<\/ol>\n<ul>\n<li>Dos tipos de dise\u00f1os de tapas satisfacen diversas necesidades<\/li>\n<li>El dise\u00f1o interior plano minimiza los residuos del producto.<\/li>\n<\/ul>\n<ol start=\"4\">\n<li>Mejorar la imagen de marca<\/li>\n<\/ol>\n<ul>\n<li>Los dise\u00f1os innovadores de tubos destacan la marca&#8217; personalidad \u00fanica<\/li>\n<li>La artesan\u00eda de alta gama refleja una calidad superior<\/li>\n<li><b><\/b><strong>Escenarios de aplicaci\u00f3n para el producto:<\/strong><\/li>\n<\/ul>\n<p>Embalaje de botellas para marcas de cuidado de la piel de gama alta: l\u00edneas de productos innovadoras<\/p>\n<ul>\n<li>Mercado del kit de viaje: Viales de muestra de kit de viaje de gama alta<\/li>\n<li>Embalaje botella para hombres&#8217; s cuidado de la piel: dise\u00f1o simple y minimalista<\/li>\n<li>Canal premium: Embalaje de botellas desde mostradores de grandes almacenes de gama alta<\/li>\n<li>Mercado libre de impuestos: Tiendas libres de impuestos del aeropuerto<\/li>\n<li>Mercado de regalos: Conjunto de regalos de negocios<\/li>\n<\/ul>","protected":false},"featured_media":2598,"comment_status":"closed","ping_status":"closed","template":"","meta":[],"product_brand":[],"product_cat":[34,27],"product_tag":[],"class_list":{"0":"post-2594","1":"product","2":"type-product","3":"status-publish","4":"has-post-thumbnail","6":"product_cat-facial-treatment","7":"product_cat-makeup-plastic-tube","9":"first","10":"instock","11":"shipping-taxable","12":"purchasable","13":"product-type-simple"},"_links":{"self":[{"href":"https:\/\/www.hongyitube.com\/es\/wp-json\/wp\/v2\/product\/2594","targetHints":{"allow":["GET"]}}],"collection":[{"href":"https:\/\/www.hongyitube.com\/es\/wp-json\/wp\/v2\/product"}],"about":[{"href":"https:\/\/www.hongyitube.com\/es\/wp-json\/wp\/v2\/types\/product"}],"replies":[{"embeddable":true,"href":"https:\/\/www.hongyitube.com\/es\/wp-json\/wp\/v2\/comments?post=2594"}],"wp:featuredmedia":[{"embeddable":true,"href":"https:\/\/www.hongyitube.com\/es\/wp-json\/wp\/v2\/media\/2598"}],"wp:attachment":[{"href":"https:\/\/www.hongyitube.com\/es\/wp-json\/wp\/v2\/media?parent=2594"}],"wp:term":[{"taxonomy":"product_brand","embeddable":true,"href":"https:\/\/www.hongyitube.com\/es\/wp-json\/wp\/v2\/product_brand?post=2594"},{"taxonomy":"product_cat","embeddable":true,"href":"https:\/\/www.hongyitube.com\/es\/wp-json\/wp\/v2\/product_cat?post=2594"},{"taxonomy":"product_tag","embeddable":true,"href":"https:\/\/www.hongyitube.com\/es\/wp-json\/wp\/v2\/product_tag?post=2594"}],"curies":[{"name":"WP","href":"https:\/\/api.w.org\/{rel}","templated":true}]}}