{"id":2578,"date":"2025-08-21T19:45:23","date_gmt":"2025-08-21T11:45:23","guid":{"rendered":"https:\/\/www.hongyitube.com\/?post_type=product&#038;p=2578"},"modified":"2026-01-13T17:11:15","modified_gmt":"2026-01-13T09:11:15","slug":"35-oval-plastic-tubepe-plastic-tube-skin-care-makeup-cosmetics-plastic-tube-packaging-bottles","status":"publish","type":"product","link":"https:\/\/www.hongyitube.com\/es\/product\/35-oval-plastic-tubepe-plastic-tube-skin-care-makeup-cosmetics-plastic-tube-packaging-bottles\/","title":{"rendered":"35 tubo de pl\u00e1stico oval, tubo de pl\u00e1stico PE, cuidado de la piel, maquillaje, cosm\u00e9ticos, botellas de envasado de tubo de pl\u00e1stico"},"content":{"rendered":"<p>Hongyi Plastic\u03a635 tubo de pl\u00e1stico oval, llenando la capacidad 35-50ml \/ 1.18-1.69fl.0z.<\/p>\n<p>Nuestra botella de envasado de tubo suave es un tubo oval de 35 mm de alta gama que combina la est\u00e9tica de la fluidez oval con la tecnolog\u00eda \u00f3ptica. La botella de tubo suave cuenta con un dise\u00f1o innovador de cuerpo de tubo oval en gradiente transparente\/rosa, logrado a trav\u00e9s de un proceso de impresi\u00f3n curva tridimensional que crea un efecto visual en gradiente multi\u00e1ngulo. El cuerpo del tubo est\u00e1 adornado con un patr\u00f3n en relieve de plata l\u00e1ser, combinado con una tapa interna transparente. Esta configuraci\u00f3n, junto con la tecnolog\u00eda de sellado profesional, proporciona una soluci\u00f3n de envasado de primer nivel para productos de cuidado de la piel de alta gama con una capacidad de 30-50 ml, ofreciendo cero residuos y alta utilizaci\u00f3n. El dise\u00f1o oval no solo mejora la comodidad de sostener la botella, sino que tambi\u00e9n le da al producto una caracter\u00edstica visual \u00fanica.<\/p>\n<p>Nuestro envase de tubo suave tiene un cuerpo especial de color gradiente con un estampado rosado (colorante hecho a medida).<\/p>\n<ul>\n<li>Proceso de formaci\u00f3n: cuerpo de tubo oval de 35 mm, dise\u00f1ado con principios ergon\u00f3micos en mente<\/li>\n<li>T\u00e9cnicas de procesamiento \u00f3ptico:<\/li>\n<li>Revestimiento UV brillante: Mejora la textura de la superficie<\/li>\n<li>Artesan\u00eda decorativa:<\/li>\n<li>Estampado en caliente de plata l\u00e1ser: efecto din\u00e1mico, iridescente<\/li>\n<li>Texto impreso en serigraf\u00eda: Informaci\u00f3n clara del producto<\/li>\n<li>Viene con un inserto de superficie plana transparente (dise\u00f1o cero residuos)<\/li>\n<li>Tecnolog\u00eda de sellado de nivel experto<\/li>\n<li>La tapa oval hecha de material PP marr\u00f3n\/rosa complementa perfectamente la forma del cuerpo del tubo.<\/li>\n<\/ul>\n<p><strong><b>\u00a0<\/b><\/strong><strong><b>Aplicaciones recomendadas:<\/b><\/strong><\/p>\n<p>Luxury Care Essence Series Soft Tube Embalaje Botellas: Esencia de oro, Esencia de polvo de diamante, Esencia de ingredientes raros<\/p>\n<ul>\n<li>Ampollas de alta concentraci\u00f3n: Ampollas de reparaci\u00f3n nocturna y esencia de cuidado concentrada en botellas de envasado de tubo blando<\/li>\n<li>Aceite para el cuidado de la piel de gama alta: envases de tubos para aceites esenciales faciales y mezclas complejas de aceites esenciales<\/li>\n<li>Productos personalizados: Embalaje de tubo suave y envasado de botella para una serie de cuidado de la piel personalizada<\/li>\n<li>Coleccionista de regalos&#8217; s Edici\u00f3n: Un producto de edici\u00f3n limitada&#8217; Embalaje y botella de tubo suave<\/li>\n<\/ul>\n<h3><strong><b>Atributos del producto\u00a0<\/b><\/strong><\/h3>\n<p>Est\u00e9tica de fluidos el\u00edpticos<\/p>\n<ul>\n<li>El cuerpo del tubo oval de 35mm est\u00e1 dise\u00f1ado ergon\u00f3micamente<\/li>\n<li>El dise\u00f1o simplificado mejora la comodidad durante la manipulaci\u00f3n<\/li>\n<\/ul>\n<p>Efectos \u00f3pticos tridimensionales<\/p>\n<ul>\n<li>Tecnolog\u00eda de impresi\u00f3n gradual de superficie curva tridimensional<\/li>\n<li>La visualizaci\u00f3n multi\u00e1ngulo da como resultado diversos efectos visuales<\/li>\n<\/ul>\n<p>Sistema de residuos cero<\/p>\n<ul>\n<li>Dise\u00f1o de sellado interior transparente de superficie plana<\/li>\n<li>La tasa de utilizaci\u00f3n del contenido alcanza el 99,2%<\/li>\n<li>Garant\u00eda de doble sello<\/li>\n<li>Sellado interno de superficie plana sellado profesional<\/li>\n<li>Garantizar la frescura y la potencia del producto<\/li>\n<\/ul>\n<p>Textura y apariencia de gama alta<\/p>\n<ul>\n<li>Estampado en caliente de plata l\u00e1ser para una mayor sensaci\u00f3n de lujo<\/li>\n<li>La tapa de forma oval complementa perfectamente el cuerpo del tubo.<\/li>\n<\/ul>","protected":false},"excerpt":{"rendered":"<ul>\n<li><b><\/b><strong><b>Dise\u00f1o del cuerpo del tubo<\/b><\/strong>.<\/li>\n<li>El concepto de dise\u00f1o de este envase de manguera es una fusi\u00f3n de &#8220; mec\u00e1nica de fluidos&#8221;  and &#8220; arte \u00f3ptico.&#8221;<\/li>\n<li>Dise\u00f1o estructural: Secci\u00f3n transversal el\u00edptica para una mayor comodidad de agarre<\/li>\n<li>Integraci\u00f3n sin costuras entre el inserto superior plano y el cuerpo del tubo<\/li>\n<li>Flujo de color gradual tridimensional en el sistema \u00f3ptico<\/li>\n<li>Los efectos cambiantes del l\u00e1ser-plata bajo diferentes condiciones de iluminaci\u00f3n<\/li>\n<li>Combinaci\u00f3n de colores con gradiente transparente: ambiente tecnol\u00f3gico puro y futurista<\/li>\n<li>Gradiente rosa: sensaci\u00f3n suave y lujosa<\/li>\n<li>El dise\u00f1o oval y simplificado de la tapa complementa el cuerpo cil\u00edndrico, creando una apariencia visualmente coherente.<\/li>\n<\/ul>","protected":false},"featured_media":2591,"comment_status":"closed","ping_status":"closed","template":"","meta":[],"product_brand":[],"product_cat":[34,27],"product_tag":[],"class_list":{"0":"post-2578","1":"product","2":"type-product","3":"status-publish","4":"has-post-thumbnail","6":"product_cat-facial-treatment","7":"product_cat-makeup-plastic-tube","9":"first","10":"instock","11":"shipping-taxable","12":"purchasable","13":"product-type-simple"},"_links":{"self":[{"href":"https:\/\/www.hongyitube.com\/es\/wp-json\/wp\/v2\/product\/2578","targetHints":{"allow":["GET"]}}],"collection":[{"href":"https:\/\/www.hongyitube.com\/es\/wp-json\/wp\/v2\/product"}],"about":[{"href":"https:\/\/www.hongyitube.com\/es\/wp-json\/wp\/v2\/types\/product"}],"replies":[{"embeddable":true,"href":"https:\/\/www.hongyitube.com\/es\/wp-json\/wp\/v2\/comments?post=2578"}],"wp:featuredmedia":[{"embeddable":true,"href":"https:\/\/www.hongyitube.com\/es\/wp-json\/wp\/v2\/media\/2591"}],"wp:attachment":[{"href":"https:\/\/www.hongyitube.com\/es\/wp-json\/wp\/v2\/media?parent=2578"}],"wp:term":[{"taxonomy":"product_brand","embeddable":true,"href":"https:\/\/www.hongyitube.com\/es\/wp-json\/wp\/v2\/product_brand?post=2578"},{"taxonomy":"product_cat","embeddable":true,"href":"https:\/\/www.hongyitube.com\/es\/wp-json\/wp\/v2\/product_cat?post=2578"},{"taxonomy":"product_tag","embeddable":true,"href":"https:\/\/www.hongyitube.com\/es\/wp-json\/wp\/v2\/product_tag?post=2578"}],"curies":[{"name":"WP","href":"https:\/\/api.w.org\/{rel}","templated":true}]}}