{"id":2574,"date":"2025-08-21T19:35:23","date_gmt":"2025-08-21T11:35:23","guid":{"rendered":"https:\/\/www.hongyitube.com\/?post_type=product&#038;p=2574"},"modified":"2026-01-13T13:22:27","modified_gmt":"2026-01-13T05:22:27","slug":"30-pump-head-plastic-tubetoiletries-raw-materials-and-semi-finished-product-packaging-bottles-2","status":"publish","type":"product","link":"https:\/\/www.hongyitube.com\/es\/product\/30-pump-head-plastic-tubetoiletries-raw-materials-and-semi-finished-product-packaging-bottles-2\/","title":{"rendered":"30 tubo de pl\u00e1stico de cabeza de bomba, art\u00edculos de aseo, materias primas y botellas de embalaje de productos semiacabados-2"},"content":{"rendered":"<p>Hongyi Plastic\u03a630 de extremo abierto, tubo flexible de boquilla de bomba redonda, capacidad de llenado 30-45ml \/ 1.00-1.52fl.0z.<\/p>\n<p>Este producto es un tubo de bomba de arte de 30 mm que mezcla a la perfecci\u00f3n la rica est\u00e9tica de inspiraci\u00f3n rusa con t\u00e9cnicas modernas de envasado cosm\u00e9tico. El tubo&#8217; Su cuerpo es una base blanca pura, con un patr\u00f3n cl\u00e1sico de mu\u00f1ecas de anido rusas coloridas replicadas a trav\u00e9s de la exquisita tecnolog\u00eda de impresi\u00f3n offset. Los colores son vibrantes y los detalles son ricos. Cuando se combina con una cabeza de bomba de bicho de pato o bicho de pollo y una cubierta exterior transparente, crea un sorprendente contraste visual entre tradici\u00f3n y modernidad. El dise\u00f1o abierto permite llenar hasta 30-50ml, lo que lo convierte no solo en una soluci\u00f3n de envasado pr\u00e1ctica para su marca, sino que tambi\u00e9n mejora su atractivo art\u00edstico. Si usted&#8217; re buscando soluciones de embalaje para su marca&#8217; productos, somos su primera elecci\u00f3n!<\/p>\n<p>Cuerpo: blanco, monocapa de material PE (polietileno). La excepcional flexibilidad, estabilidad qu\u00edmica y seguridad lo convierten en una opci\u00f3n vers\u00e1til y segura para el envasado cosm\u00e9tico. El cuerpo blanco garantiza una representaci\u00f3n precisa y vibrante del patr\u00f3n de mu\u00f1eca anidadora.<\/p>\n<ul>\n<li>Artesan\u00eda del patr\u00f3n: Impresi\u00f3n offset de alta definici\u00f3n. Este m\u00e9todo permite esquemas de color complejos y variados, as\u00ed como l\u00edneas finas, lo que lo hace duradero y mantiene su apariencia con el tiempo.<\/li>\n<li>Cabeza de bomba:<\/li>\n<\/ul>\n<p>&nbsp;<\/p>\n<ul>\n<li>Opciones: Cabezas de bomba de pico\/pato de color negro, blanco o personalizado (hechas de material PP) para satisfacer varios estilos de marca.<\/li>\n<li>Cubierta externa: Una cubierta externa hecha de material PP o PS de alta transparencia, que evita eficazmente el polvo y las manchas al tiempo que permite apreciar plenamente el exquisito dise\u00f1o art\u00edstico del cuerpo del tubo y el deslumbrante brillo de la cabeza de la bomba.<\/li>\n<li>Punto de cola: Dise\u00f1ado con un extremo abierto (OFC), lo que hace que sea f\u00e1cil y eficiente llenar 30-50ml de crema o loci\u00f3n con precisi\u00f3n.<\/li>\n<\/ul>\n<p><strong><b>Aplicaciones recomendadas<\/b><\/strong><strong><b>\u00a0<\/b><\/strong><\/p>\n<p>Esencia de alto rendimiento \/ crema de esencia envasado de tubo suave \/ botella de distribuci\u00f3n de tubo suave \/ botella de envasado de viajes y transporte: esencia antienvejecimiento, esencia de reparaci\u00f3n integral, esencia blanqueadora y crema de esencia gruesa y rica.<\/p>\n<ul>\n<li>Embalaje de crema de mano\/loci\u00f3n corporal de lujo\/botellas dispensadoras de tubo suave\/botellas de embalaje de tama\u00f1o de viaje: Como productos de cuidado de la mano o del cuerpo de alto valor a\u00f1adido, su apariencia art\u00edstica puede estimular el deseo de comprar.<\/li>\n<li>Crema de masaje ligera \/ M\u00e1scara lavable con agua Embalaje de tubo suave \/ Botella de dispensaci\u00f3n de tubo suave \/ Botella de embalaje amigable con los viajes: Un producto a base de crema que requiere una cierta cantidad para un cuidado efectivo.<\/li>\n<li>Crema protectora solar de gama alta\/envase de base de maquillaje con tubo blando\/botella dispensadora con tubo blando\/botella de envase de tama\u00f1o de viaje: Un producto que combina protecci\u00f3n diaria con beneficios para el cuidado de la piel.<\/li>\n<li>Festive Limited Edition\/Gift-Specific Products: Productos dise\u00f1ados para ser usados como regalos de gama alta o como art\u00edculos de edici\u00f3n especial para las vacaciones.<\/li>\n<\/ul>\n<h3>1.\u00a0 <strong><b>Atributos del producto\u00a0<\/b><\/strong><\/h3>\n<p><strong><b>Est\u00e9tica cultural fuerte: <\/b><\/strong><\/p>\n<p>El dise\u00f1o de las mu\u00f1ecas de anido rusas es inherentemente art\u00edstico y ex\u00f3tico, con un fuerte elemento narrativo. Es altamente ornamental y tiene una coleccionabilidad significativa, aumentando instant\u00e1neamente el atractivo general del producto.<\/p>\n<p><strong><b>\u00a0Embalaje pr\u00e1ctico de alta capacidad:<\/b><\/strong><\/p>\n<p>El di\u00e1metro del tubo de 30 mm y el dise\u00f1o abierto se adaptan perfectamente a contenidos que van de 30 a 50 ml, satisfaciendo a los consumidores. demandas para la durabilidad de los productos de tama\u00f1o completo y destacando el producto&#8217; valor por el dinero.<\/p>\n<p><strong><b>Dispensaci\u00f3n y conservaci\u00f3n precisas<\/b><\/strong>:<\/p>\n<p>La cabeza de bomba de pico de pollo\/pato permite un control preciso de la cantidad dispensada a la vez, evitando desperdicios y garantizando la higiene. El sistema de cabezal de bomba&#8217; El sellado es superior al de una tapa regular, preservando as\u00ed mejor la potencia del contenido.<\/p>\n<p><strong><b>Contraste visual y impacto: <\/b><\/strong><\/p>\n<p>La colisi\u00f3n entre el patr\u00f3n tradicional de mu\u00f1eca anidada y la futurista cabeza de bomba plateada crea una tensi\u00f3n visual \u00fanica, haciendo que el producto destaque en los estantes de las tiendas.<\/p>\n<p><strong><b>Mejora de la experiencia del usuario: <\/b><\/strong><\/p>\n<p>El dise\u00f1o de la cabeza de bomba ofrece una forma de uso m\u00e1s elegante, conveniente e higi\u00e9nica en comparaci\u00f3n con los sistemas de mangueras tradicionales, aumentando as\u00ed la satisfacci\u00f3n del usuario.<\/p>\n<p>&nbsp;<\/p>","protected":false},"excerpt":{"rendered":"<ul>\n<li><b><\/b><strong><b>Dise\u00f1o del cuerpo del tubo<\/b><\/strong>.<\/li>\n<li><strong><b> Tema de dise\u00f1o<\/b><\/strong>El patr\u00f3n de la mu\u00f1eca anidada simboliza la sorpresa, la herencia y las bendiciones, y es rico en valor emocional, lo que hace que sea f\u00e1cil establecer una conexi\u00f3n emocional con los consumidores.<\/li>\n<li><strong><b> Sistema de color: <\/b><\/strong>Los coloridos patrones de mu\u00f1eca anidadora florecen brillantemente en el cuerpo blanco del tubo, con sorprendentes contrastes de color que lo hacen altamente atractivo visualmente.<\/li>\n<li><strong><b> Nivel de detalle: \u00a0<\/b><\/strong><\/li>\n<li><strong><b> Cuerpo principal:<\/b><\/strong>Dise\u00f1o de herramientas de alta definici\u00f3n, colorido e intrincado.<\/li>\n<li><strong><b> Acento: <\/b><\/strong>El logotipo de la marca se puede colocar en un lugar apropiado en el cuerpo del tubo utilizando t\u00e9cnicas tales como estampado de hoja de oro, estampado de hoja de plata o serigraf\u00eda.<\/li>\n<li><strong><b> Informaci\u00f3n: <\/b><\/strong>La informaci\u00f3n del producto est\u00e1 impresa en el lado posterior del cuerpo del tubo.<\/li>\n<li><strong><b> Compatibilidad de cabezal de bomba:<\/b><\/strong><\/li>\n<li>Se recomienda el uso de la cabeza de bomba de plata galvanizada, ya que su sensaci\u00f3n met\u00e1lica fresca complementa los patrones c\u00e1lidos e inspirados en el folclore, creando una mezcla fascinante y sofisticada.<\/li>\n<li>La cabeza de bomba blanca exuda una sensaci\u00f3n de pureza y unidad; la cabeza de bomba negra crea un aura de lujo y misterio.<\/li>\n<\/ul>\n<p><strong><b>Mejorar la imagen de marca: <\/b><\/strong>Los materiales de envasado art\u00edsticos y las botellas transmiten directamente la marca&#8217; patrimonio cultural y capacidades creativas, ayudando a la marca a separarse de la competencia homogeneizada y establecer una imagen sofisticada de gama alta.<\/p>\n<ul>\n<li><strong><b> Empoderando la historia de marketing: <\/b><\/strong>El concepto de &#8220; sorpresas inesperadas con cada capa abierta&#8221; del mu\u00f1eco de anido ruso se puede integrar inteligentemente con el producto&#8217; Punto de venta de &#8220; capas de reparaci\u00f3n y nutrici\u00f3n profunda,&#8221; facilitar la creaci\u00f3n de contenido y la promoci\u00f3n del producto.<\/li>\n<li><strong><b> Regalos de alto valor a\u00f1adido:<\/b><\/strong>Su apariencia art\u00edstica y sensaci\u00f3n exquisita los convierten en una excelente opci\u00f3n para regalos de alta gama, perfectos para el marketing de vacaciones y conjuntos de cajas de regalos, lo que aumenta significativamente las ventas.<\/li>\n<li><strong><b> Personalizaci\u00f3n flexible: <\/b><\/strong>Ofrece m\u00faltiples opciones de color para los cabezales de bomba, lo que permite a las marcas combinarlos con su propio sistema de identidad visual (VI) para personalizaci\u00f3n personalizada.<\/li>\n<\/ul>\n<p><strong><b>Materiales de embalaje de botellas\/mangueras de marca intersectorial:<\/b><\/strong>\u00a0Las marcas que buscan crear productos con profundidad cultural y caracter\u00edsticas memorables son adecuadas para colaboraciones en el sector de las artes culturales.<\/p>\n<ul>\n<li><strong><b> Mercado de Edici\u00f3n Limitada Festiva:<\/b><\/strong>El embalaje preferido para productos de edici\u00f3n limitada espec\u00edficos de vacaciones como Navidad y San Valent\u00edn; s Art\u00edculos del d\u00eda.<\/li>\n<li><strong><b> Tiendas de colecci\u00f3n de belleza y botellas de envasado al por menor de viajes \/ envasado de tubo blando:<\/b><\/strong>En canales offline de alto tr\u00e1fico como Sephora y Watson&#8217; Las tiendas, as\u00ed como las tiendas libres de impuestos, su apariencia puede atraer efectivamente a los clientes para detenerse y comprar.<\/li>\n<li><strong><b> Embalaje botellas\/tubo blando embalaje para supermercados boutique y tiendas de regalos: <\/b><\/strong>Estos se utilizan para productos de cuidado de la piel o cuidado de las manos de gama alta y est\u00e1n disponibles en canales premium como Ole&#8217; Ciudad&#8217; super, as\u00ed como tiendas de regalos especializados.<\/li>\n<li><strong><b> Imagen de marca Serie de productos botellas de envasado \/ materiales de envasado de tubo blando:<\/b><\/strong>Se utiliza para productos insignia o series que representan la marca&#8217; tono de marca y destreza de dise\u00f1o.<\/li>\n<\/ul>\n<p>Este Art Pump Head Packaging Soft Tube integra con \u00e9xito el valor emocional, el valor art\u00edstico y el valor funcional de su marca. No es solo un embalaje. es un puente para la comunicaci\u00f3n emocional entre su marca y los consumidores. Es un arma estrat\u00e9gica que puede ayudar a su producto a ganar atenci\u00f3n, ganar favor y, en \u00faltima instancia, dominar el mercado en un entorno competitivo.<\/p>","protected":false},"featured_media":2575,"comment_status":"closed","ping_status":"closed","template":"","meta":[],"product_brand":[],"product_cat":[28,36],"product_tag":[],"class_list":{"0":"post-2574","1":"product","2":"type-product","3":"status-publish","4":"has-post-thumbnail","6":"product_cat-functional-plastic-tube","7":"product_cat-pump-head-plastic-tube","9":"first","10":"instock","11":"shipping-taxable","12":"purchasable","13":"product-type-simple"},"_links":{"self":[{"href":"https:\/\/www.hongyitube.com\/es\/wp-json\/wp\/v2\/product\/2574","targetHints":{"allow":["GET"]}}],"collection":[{"href":"https:\/\/www.hongyitube.com\/es\/wp-json\/wp\/v2\/product"}],"about":[{"href":"https:\/\/www.hongyitube.com\/es\/wp-json\/wp\/v2\/types\/product"}],"replies":[{"embeddable":true,"href":"https:\/\/www.hongyitube.com\/es\/wp-json\/wp\/v2\/comments?post=2574"}],"wp:featuredmedia":[{"embeddable":true,"href":"https:\/\/www.hongyitube.com\/es\/wp-json\/wp\/v2\/media\/2575"}],"wp:attachment":[{"href":"https:\/\/www.hongyitube.com\/es\/wp-json\/wp\/v2\/media?parent=2574"}],"wp:term":[{"taxonomy":"product_brand","embeddable":true,"href":"https:\/\/www.hongyitube.com\/es\/wp-json\/wp\/v2\/product_brand?post=2574"},{"taxonomy":"product_cat","embeddable":true,"href":"https:\/\/www.hongyitube.com\/es\/wp-json\/wp\/v2\/product_cat?post=2574"},{"taxonomy":"product_tag","embeddable":true,"href":"https:\/\/www.hongyitube.com\/es\/wp-json\/wp\/v2\/product_tag?post=2574"}],"curies":[{"name":"WP","href":"https:\/\/api.w.org\/{rel}","templated":true}]}}