{"id":2564,"date":"2025-08-21T19:32:23","date_gmt":"2025-08-21T11:32:23","guid":{"rendered":"https:\/\/www.hongyitube.com\/?post_type=product&#038;p=2564"},"modified":"2026-01-13T13:27:51","modified_gmt":"2026-01-13T05:27:51","slug":"30-pump-head-plastic-tubetoiletries-raw-materials-and-semi-finished-product-packaging-bottles-1","status":"publish","type":"product","link":"https:\/\/www.hongyitube.com\/es\/product\/30-pump-head-plastic-tubetoiletries-raw-materials-and-semi-finished-product-packaging-bottles-1\/","title":{"rendered":"30mm tubo de pl\u00e1stico de la cabeza de la bomba de di\u00e1metro de la tuber\u00eda, art\u00edculos de aseo, materias primas y botellas de embalaje de productos semiacabados-1"},"content":{"rendered":"<p>Hongyi pl\u00e1stico \u03a630 tubo de pl\u00e1stico de cabeza de bomba, llenando la capacidad 30-45ml \/ 1.00-1.52fl.0z.<\/p>\n<p>Nuestra manguera de cabeza redonda de bomba de 30mm de gran di\u00e1metro orientada al mercado cuenta con una base hecha de tubos blancos puros, adornados con un gradiente so\u00f1ador de tonos azules, verdes, rosados y morados. El logotipo de la marca se resalta mediante un proceso de estampado en caliente de plata l\u00e1ser, creando una est\u00e9tica similar a la aurora boreal. Se puede emparejar con una cabeza de bomba de boquilla plateada para mejorar el sentido de la tecnolog\u00eda futurista. El dise\u00f1o de sellado garantiza una preservaci\u00f3n \u00f3ptima del contenido (30-45 ml), lo que lo convierte en la soluci\u00f3n de envasado definitiva para definir productos de nivel insignia en su marca.<\/p>\n<p>Cuerpo: Blanco, material de PE de una sola capa con un color de base puro, asegurando que los colores de gradiente se muestran perfectamente y v\u00edvidamente. El material PE posee una excelente estabilidad qu\u00edmica y propiedades protectoras.<\/p>\n<ul>\n<li>T\u00e9cnica de color: Impresi\u00f3n gradual en tonos azul, verde, rosa y p\u00farpura, con una transici\u00f3n natural y suave que exuda un sentido de fantas\u00eda y arte, lo que lo hace extremadamente atractivo visualmente.<\/li>\n<li>Artesan\u00eda de logotipo \/ patr\u00f3n: Plata grabada con l\u00e1ser, que exhibe un efecto deslumbrante y siempre cambiante bajo varios \u00e1ngulos de luz. La textura de gama alta mejora en gran medida la marca&#8217; identificaci\u00f3n y sensaci\u00f3n de lujo.<\/li>\n<li>Tratamiento de textura: serigraf\u00eda para garantizar que la informaci\u00f3n del producto sea clara y duradera, creando un equilibrio entre funcionalidad y atractivo est\u00e9tico con la vibrante superficie decorativa.<\/li>\n<li>Cabeza de bomba: Ofrece m\u00faltiples opciones de gama alta:<\/li>\n<li>Cabeza de bomba de pico de plata electrochapada (preferida): complementa perfectamente el relieve de plata l\u00e1ser, mejorando la sensaci\u00f3n futurista.<\/li>\n<li>Cabezas de bomba de nariz de pollo \/ pato de color negro \/ blanco \/ personalizado: Dise\u00f1ado para satisfacer los requisitos personalizados de varias marcas &#8217; Sistemas de color.<\/li>\n<li>Cubierta externa: Una cubierta externa de alta transparencia que proporciona una protecci\u00f3n integral para la cabeza de la bomba al tiempo que permite apreciar plenamente el impresionante dise\u00f1o del cuerpo del tubo.<\/li>\n<li>El dise\u00f1o de la barrera de liberaci\u00f3n controlada (CRB) garantiza un sellado \u00f3ptimo, proporcionando una protecci\u00f3n perfecta para contenidos de alto valor y alta actividad que van de 30 a 45 ml.<\/li>\n<\/ul>\n<p><strong><b>Aplicaciones recomendadas<\/b><\/strong><strong><b>\u00a0:<\/b><\/strong>Nuestra botella dispensadora de envasado de tubo suave, con su excelente rendimiento de sellado y apariencia de primera clase, est\u00e1 dise\u00f1ada espec\u00edficamente para las l\u00edneas de productos principales de marcas:<\/p>\n<p>&nbsp;<\/p>\n<ul>\n<li>Botellas de envasado de esencia de nivel insignia: Esencia antienvejecimiento y aprietadora, Esencia de reparaci\u00f3n universal y Esencia de mejora de alta concentraci\u00f3n.<\/li>\n<li>Botella de crema de esencia\/loci\u00f3n hidratante de lujo: Un producto de crema hidratante rica y de alto rendimiento.<\/li>\n<li>M\u00e1scara de reparaci\u00f3n intensiva Botella de embalaje: M\u00e1scara de reparaci\u00f3n intensiva a base de crema lavable en agua.<\/li>\n<li>Botella de crema de protecci\u00f3n solar de alta gama: Un producto de protecci\u00f3n solar de alta eficiencia que ofrece tanto protecci\u00f3n diaria como beneficios nutritivos para la piel.<\/li>\n<li>Productos de l\u00ednea profesional: productos de cuidado de la piel dise\u00f1ados para su uso en salones de belleza o entornos de spa de gama alta.<\/li>\n<\/ul>\n<h3>1.\u00a0 <strong><b>Atributos del producto\u00a0<\/b><\/strong><\/h3>\n<p><strong><b>Fiesta visual:<\/b><\/strong><\/p>\n<p>Los colores de gradiente so\u00f1adores combinados con estampado en caliente de plata l\u00e1ser crean un efecto visual din\u00e1mico que cambia con la luz, exudando lujo, misterio y una sensaci\u00f3n futurista que deja una impresi\u00f3n duradera.<\/p>\n<p><strong><b>Conservaci\u00f3n m\u00e1xima: <\/b><\/strong><\/p>\n<p>El dise\u00f1o de sellado proporciona un rendimiento de sellado l\u00edder en la industria, asegurando que los contenidos mantengan su m\u00e1s alto nivel de actividad y pureza desde el momento de producci\u00f3n hasta el \u00faltimo momento antes de que sean consumidos por el consumidor.<\/p>\n<p><strong><b>Experiencia de uso profesional:<\/b><\/strong><\/p>\n<p>La cabeza de bomba de pico de pollo\/pato proporciona un uso preciso y controlable, es higi\u00e9nica y conveniente, y es particularmente adecuada para productos de crema gruesa y oleosa para prevenir el uso excesivo o la contaminaci\u00f3n.<\/p>\n<p><strong><b>Materiales y artesan\u00eda de primera l\u00ednea:<\/b><\/strong>\u00a0El uso de procesos como cabezales de bomba plateados y estampado grabado con l\u00e1ser destaca la excepcional calidad del producto y la marca&#8217; La incesante b\u00fasqueda de la excelencia, incluso en los m\u00e1s peque\u00f1os detalles.<\/p>\n<p><strong><b>\u00a0Paquete de valor de alta capacidad:<\/b><\/strong>\u00a0La capacidad de 30-45ml cumple con los consumidores&#8217; expectativas para la durabilidad de los productos de tama\u00f1o completo, destacando el valor del producto.<\/p>","protected":false},"excerpt":{"rendered":"<ul>\n<li><b><\/b><strong><b>Dise\u00f1o del cuerpo del tubo<\/b><\/strong>.<\/li>\n<\/ul>\n<p>Concepto de dise\u00f1o: Combinando la calidad so\u00f1adora de &#8220; Aurora natural&#8221; con la sensaci\u00f3n futurista de &#8220; galaxia interestelar. &#8221; A trav\u00e9s de la transformaci\u00f3n de los colores y la luz, el dise\u00f1o transmite la marca&#8217; su enfoque pionero de la tecnolog\u00eda y su aprecio por la est\u00e9tica art\u00edstica.<\/p>\n<ul>\n<li>Sistema de color:<\/li>\n<li>Gradiente azul: transmite tecnolog\u00eda, reparaci\u00f3n, calma y una sensaci\u00f3n de confianza.<\/li>\n<li>Gradiente Verde: Transmite sensaciones naturales, puras, anti-irritantes y revitalizantes.<\/li>\n<li>Gradiente rosa: transmite suavidad, resplandor, humedad y feminidad.<\/li>\n<li>Gradiente p\u00farpura: transmite lujo, misterio, antienvejecimiento y cualidades potenciadoras.<\/li>\n<li>El dise\u00f1o consta de tres capas: la capa base (cambiando gradualmente los colores), la capa media (informaci\u00f3n estampada) y la capa superior (estampado en caliente de plata l\u00e1ser). Las capas son ricas y llenas de detalles.<\/li>\n<li>Emparejamiento de cabeza de bomba: La cabeza de bomba de plata galvanizada es el toque final del dise\u00f1o general. Es altamente recomendable para lograr un pin\u00e1culo de unidad visual.<\/li>\n<\/ul>\n<p>&nbsp;<\/p>\n<p><strong>Ventajas del producto:<\/strong><\/p>\n<p>Definir el pin\u00e1culo de su marca: Esta serie de envases es un s\u00edmbolo de su marca&#8217; habilidad tecnol\u00f3gica y excelencia est\u00e9tica. Se puede utilizar para definir su marca&#8217; productos insignia y mejoran directamente el sentido general de sofisticaci\u00f3n asociada con su marca.<\/p>\n<ul>\n<li>Los efectos visuales extremadamente complejos y sofisticados lo convierten en un punto focal visual absoluto en cualquier canal de ventas, atrayendo a los consumidores a recogerlo activamente, tomar fotos y compartirlos.<\/li>\n<li>Personalizaci\u00f3n profunda: Desde las transiciones de color graduales hasta el color de la cabeza de bomba, hay numerosas opciones de personalizaci\u00f3n disponibles, lo que permite a las marcas crear envases que son \u00fanicamente suyos y fuertemente asociados con su identidad de marca.<\/li>\n<li>Mejorada experiencia de desencajado: Desde el momento en que se abre el envase, el producto puede proporcionar una sensaci\u00f3n de placer similar a la de un art\u00edculo de lujo, lo que aumenta significativamente a los usuarios. sentido de valor y lealtad hacia la marca.<\/li>\n<li>Mina de oro de contenido de marketing: La apariencia de alto atractivo tiene atributos inherentes de compartir en redes sociales, proporcionando un flujo constante de contenido de alta calidad para las redes sociales de la marca (Red Note, Douyin, Instagram, etc.).<\/li>\n<\/ul>\n<p>&nbsp;<\/p>\n<p><b><\/b><strong>Escenarios de aplicaci\u00f3n para el producto:<\/strong><\/p>\n<p><strong><b>Marca de cuidado de la piel de lujo:<\/b><\/strong>\u00a0Usado para la marca&#8217; Series Gold Negro, Platino o coleccionables de edici\u00f3n limitada.<\/p>\n<ul>\n<li><strong><b> Marca de cuidado de la piel impulsada por la tecnolog\u00eda: <\/b><\/strong>Marcas que enfatizan ingredientes propietarios, experiencia en laboratorio y tecnolog\u00eda de vanguardia, con envases que exudan una sensaci\u00f3n futurista que se alinea perfectamente con su imagen de marca.<\/li>\n<li><strong><b> Entrada al concurso de premios de belleza: <\/b><\/strong>Este tipo de envases es altamente competitivo y adecuado para competir en premios de dise\u00f1o e innovaci\u00f3n dentro de la industria.<\/li>\n<li>Tiendas grandes de gama alta y canales libres de impuestos: Vendido en canales de gama alta como Sephora, Harrods y Dubai Duty Free, el producto&#8217; su apariencia coincide perfectamente con la naturaleza de lujo de estos canales.<\/li>\n<li><strong><b> Colaboraci\u00f3n co-branded de celebridades con artistas: <\/b><\/strong>Como veh\u00edculo para colaboraciones intersectoriales, su atractivo art\u00edstico y singularidad satisfacen las necesidades de ambas partes involucradas en la asociaci\u00f3n.<\/li>\n<\/ul>\n<p>Esto &#8220; Galaxy Fantasy&#8221; tubo blando de cabeza de bomba personalizada de gama alta no es solo un recipiente de envasado; es una obra de arte de colecci\u00f3n, una declaraci\u00f3n de la marca&#8217; tecnolog\u00eda, y un proveedor de una experiencia de usuario sin igual. Est\u00e1 dise\u00f1ado para ayudar a la marca a conquistar a los clientes de gama alta m\u00e1s exigentes y establecer una ventaja visual y tecnol\u00f3gica indiscutible en un mercado altamente competitivo.<\/p>","protected":false},"featured_media":2572,"comment_status":"closed","ping_status":"closed","template":"","meta":[],"product_brand":[],"product_cat":[28,36],"product_tag":[],"class_list":{"0":"post-2564","1":"product","2":"type-product","3":"status-publish","4":"has-post-thumbnail","6":"product_cat-functional-plastic-tube","7":"product_cat-pump-head-plastic-tube","9":"first","10":"instock","11":"shipping-taxable","12":"purchasable","13":"product-type-simple"},"_links":{"self":[{"href":"https:\/\/www.hongyitube.com\/es\/wp-json\/wp\/v2\/product\/2564","targetHints":{"allow":["GET"]}}],"collection":[{"href":"https:\/\/www.hongyitube.com\/es\/wp-json\/wp\/v2\/product"}],"about":[{"href":"https:\/\/www.hongyitube.com\/es\/wp-json\/wp\/v2\/types\/product"}],"replies":[{"embeddable":true,"href":"https:\/\/www.hongyitube.com\/es\/wp-json\/wp\/v2\/comments?post=2564"}],"wp:featuredmedia":[{"embeddable":true,"href":"https:\/\/www.hongyitube.com\/es\/wp-json\/wp\/v2\/media\/2572"}],"wp:attachment":[{"href":"https:\/\/www.hongyitube.com\/es\/wp-json\/wp\/v2\/media?parent=2564"}],"wp:term":[{"taxonomy":"product_brand","embeddable":true,"href":"https:\/\/www.hongyitube.com\/es\/wp-json\/wp\/v2\/product_brand?post=2564"},{"taxonomy":"product_cat","embeddable":true,"href":"https:\/\/www.hongyitube.com\/es\/wp-json\/wp\/v2\/product_cat?post=2564"},{"taxonomy":"product_tag","embeddable":true,"href":"https:\/\/www.hongyitube.com\/es\/wp-json\/wp\/v2\/product_tag?post=2564"}],"curies":[{"name":"WP","href":"https:\/\/api.w.org\/{rel}","templated":true}]}}