{"id":2559,"date":"2025-08-21T19:27:22","date_gmt":"2025-08-21T11:27:22","guid":{"rendered":"https:\/\/www.hongyitube.com\/?post_type=product&#038;p=2559"},"modified":"2026-01-13T13:32:24","modified_gmt":"2026-01-13T05:32:24","slug":"25-pump-head-plastic-tubetoiletries-raw-materials-and-semi-finished-product-packaging-bottles","status":"publish","type":"product","link":"https:\/\/www.hongyitube.com\/es\/product\/25-pump-head-plastic-tubetoiletries-raw-materials-and-semi-finished-product-packaging-bottles\/","title":{"rendered":"25 tubo de pl\u00e1stico de cabeza de bomba, art\u00edculos de aseo, materias primas y botellas de envasado de productos semiacabados"},"content":{"rendered":"<p>Hongyi pl\u00e1stico \u03a625 tubo de pl\u00e1stico de cabeza de bomba, llenado de capacidad 20-40ml \/ 0.68-1.35fl.oz.<\/p>\n<p>Nuestra manguera de cabeza de bomba redonda de 25 mm de gran di\u00e1metro cuenta con un rico patr\u00f3n de arte de mu\u00f1eca de anido ruso combinado con una cabeza de bomba moderna y profesional de pato y pollo. No solo est\u00e1 lleno de encanto ex\u00f3tico y de inter\u00e9s, sino que tambi\u00e9n proporciona una experiencia de uso precisa e higi\u00e9nica. El dise\u00f1o abierto soporta llenado de gran capacidad de 20-40 ml, emparejado con cabezales de bomba blancos y negros y tapas de cubierta externas transparentes.  \u00a1Es un excelente portador para crear productos de cuidado de la piel de alta reconocibilidad y alto valor!<\/p>\n<p>Cuerpo de manguera utilizamos material de PE (polietileno) de capa \u00fanica, con excelente flexibilidad, estabilidad qu\u00edmica y seguridad, puede proteger eficazmente el contenido. El cuerpo blanco sirve como un lienzo, presentando perfectamente el hermoso patr\u00f3n.<\/p>\n<p>Tecnolog\u00eda de patrones: hemos hecho un offset multicolor, un alto grado de saturaci\u00f3n, patrones finos resistentes al desgaste, duraderos como nuevos.<\/p>\n<p>Con la cabeza de bomba de pato negro o blanco de material PP, puede elegir libremente seg\u00fan el posicionamiento del producto (el negro es misterioso de gama alta, el blanco es puro y simple).<\/p>\n<p>Con cubierta de material PP o PS de alta transparencia, pantalla clara del exquisito patr\u00f3n interno de la cabeza de la bomba y el cuerpo del tubo, el polvo y la contaminaci\u00f3n.<\/p>\n<p>El extremo de la manguera est\u00e1 dise\u00f1ado como un extremo abierto (OFC) para el llenado eficiente y preciso de grandes vol\u00famenes de contenidos de 20-40 ml.<\/p>\n<p><strong><b>Aplicaciones recomendadas<\/b><\/strong><strong><b>\u00a0:<\/b><\/strong><\/p>\n<ul>\n<li><strong><b> Esencia de alto rendimiento:<\/b><\/strong>esencia l\u00edquida, esencia de fundaci\u00f3n, esencia de ampolla, esencia anti-envejecimiento.<\/li>\n<li><strong><b> Crema de esencia\/crema hidratante ligera:<\/b><\/strong>Un producto crema ligero con un dispensador de bomba para un uso f\u00e1cil y un control preciso de la cantidad aplicada.<\/li>\n<li><strong><b> Productos de cuidado concentrados: <\/b><\/strong>Esencia blanqueadora, esencia reductora de manchas, crema de reparaci\u00f3n.<\/li>\n<li><strong><b> Crema de masaje\/m\u00e1scara facial: <\/b><\/strong>Un producto grueso y similar a una pasta que se utiliza para el masaje facial o se aplica generosamente como m\u00e1scara.<\/li>\n<li><strong><b> Esencia de cuero cabelludo de gama alta:<\/b><\/strong>Gran capacidad para satisfacer las necesidades del cuidado segmentado del cuero cabelludo.<\/li>\n<\/ul>\n<h3>1.\u00a0 <strong><b>Atributos del producto\u00a0<\/b><\/strong><\/h3>\n<h3><strong><b>\u00a0Una mezcla de arte y funcionalidad: <\/b><\/strong>Los patrones litografados en el envase de mu\u00f1eca de nido ruso lo imbuen con un fuerte sentido de arte y narraci\u00f3n de historias, mientras que la cabeza de bomba especializada de bico de pato garantiza tanto la practicidad como la higiene.<\/h3>\n<p><strong><b>Paquete econ\u00f3mico de alta capacidad: <\/b><\/strong>Con un di\u00e1metro de tubo de 25 mm y un dise\u00f1o abierto, este paquete puede contener contenidos entre 20-40 ml. Es m\u00e1s rentable que los paquetes regulares de tama\u00f1o peque\u00f1o y satisface a los consumidores&#8217; demanda de mayores cantidades.<\/p>\n<p><strong><b>Cuantificaci\u00f3n y conservaci\u00f3n precisa: <\/b><\/strong>La cabeza de bomba de pato entrega una dosis fija con cada salida, evitando el desperdicio. Acoplado con la cabeza&#8217; Con sus propiedades de sellado inherentes, minimiza efectivamente el contacto entre el contenido y el aire, preservando as\u00ed las propiedades activas de los ingredientes.<\/p>\n<p><strong><b>Uso conveniente e higi\u00e9nico:<\/b><\/strong><strong><b>\u00a0Simplemente presione un bot\u00f3n para acceder al producto, y el proceso es suave. Esto elimina la molestia de exprimir o cavar con un tubo blando tradicional y evita que el producto se vuelva a contaminar.<\/b><\/strong><\/p>\n<p><strong><b>Fuerte impacto visual: <\/b><\/strong>El gran di\u00e1metro del tubo proporciona un amplio espacio para mostrar patrones intrincados, lo que hace que los detalles del dise\u00f1o de mu\u00f1eca de anido ruso destaquen a\u00fan m\u00e1s, lo que resulta en excelentes efectos de pantalla.<\/p>","protected":false},"excerpt":{"rendered":"<ul>\n<li><b><\/b><strong><b>Dise\u00f1o del cuerpo del tubo<\/b><\/strong>.<\/li>\n<\/ul>\n<p>Dise\u00f1o tem\u00e1tico: El patr\u00f3n de mu\u00f1ecas de anido rusas transmite un sentido de vintage, misterio e intricacias artesanales, lo que lo hace altamente coleccionable y posee un alto valor cultural.<\/p>\n<ul>\n<li>Choque de colores: El cuerpo de tubo blanco contrasta con el vibrante conjunto de mu\u00f1ecas anidadas en la tapa. La marca puede optar por un cabezal de bomba negro para crear un efecto de gama alta, misterioso y dram\u00e1tico, o elegir un cabezal de bomba blanco para mantener un aspecto limpio, unificado y minimalista.<\/li>\n<li>Estructura: El dise\u00f1o consiste en un &#8220; cuerpo de tubo art\u00edstico de gran tama\u00f1o&#8221; emparejado con un &#8220; cabeza de bomba coordinada en blanco y negro&#8221;  and a &#8220; cubierta exterior transparente. &#8221; Esta combinaci\u00f3n no solo garantiza la plena expresi\u00f3n art\u00edstica, sino que tambi\u00e9n equilibra el estilo general con una estructura moderna de cabeza de bomba, evitando que parezca demasiado retro.<\/li>\n<li>\u00c1rea de etiquetado: Hay un amplio espacio plano en la parte posterior del tubo para el etiquetado o el cribado de la seda informaci\u00f3n esencial como el producto&#8217; ingredientes y beneficios.<\/li>\n<\/ul>\n<p><strong>Ventajas del producto:<\/strong><\/p>\n<p><strong><b>\u00a0Crear un art\u00edculo que defina la marca:<\/b><\/strong>\u00a0El dise\u00f1o \u00fanico y la capacidad aumentada pueden hacer que este art\u00edculo se destaque como una firma &#8220; producto estrella&#8221;  or &#8220; principal atracci\u00f3n&#8221; dentro de una serie, aumentando as\u00ed el atractivo general de la l\u00ednea de productos.<\/p>\n<ul>\n<li><strong><b> Aumentar el valor de los regalos:<\/b><\/strong>La apariencia art\u00edstica y la gran capacidad lo hacen inherentemente adecuado como un regalo de gama alta, lo que lo hace perfecto para la comercializaci\u00f3n de vacaciones y conjuntos de regalos.<\/li>\n<li><strong><b> Comunicaci\u00f3n eficiente: <\/b><\/strong>El dise\u00f1o es inherentemente muy atractivo y compartible, lo que puede reducir significativamente los costos de comunicaci\u00f3n de marketing. Tambi\u00e9n anima a los usuarios a compartirlo en las redes sociales, generando as\u00ed tr\u00e1fico natural.<\/li>\n<li><strong><b> Equilibrio entre est\u00e9tica y experiencia:<\/b><\/strong>Esta soluci\u00f3n no solo aborda los problemas de dificultad en el control de la cantidad de materiales de envasado blandos tradicionales y su potencial de contaminaci\u00f3n, sino que tambi\u00e9n da un salto significativo en t\u00e9rminos de apariencia, satisfaciendo as\u00ed a los consumidores. deseo de ambos &#8220; apariencia que es agradable para el ojo&#8221;  and &#8220; funcionalidad. &#8221;<\/li>\n<li><strong><b> Expresi\u00f3n de marca flexible: <\/b><\/strong>La elecci\u00f3n entre cabezales de bomba blancos y negros permite a la marca definir su esencia, potenciando la personalizaci\u00f3n y exclusividad del envase.<\/li>\n<li><b><\/b><strong>Escenarios de aplicaci\u00f3n para el producto:<\/strong><\/li>\n<\/ul>\n<p><strong><b>Producto estrella de marca:<\/b><\/strong>\u00a0Utilizado para la esencia o l\u00ednea de producto estrella m\u00e1s importante y insignia dentro de la marca&#8217; su cartera.<\/p>\n<ul>\n<li><strong><b>Edici\u00f3n Limitada Festiva y Mercado de Regalos:<\/b><\/strong>Embalaje preferido para productos espec\u00edficos de vacaciones o art\u00edculos de regalo de alta gama como los para el Festival de Primavera, Navidad y San Valent\u00edn; S d\u00eda.<\/li>\n<li><strong><b> Serie de colaboraci\u00f3n art\u00edstica de estilo retro: <\/b><\/strong>Una excelente plataforma para colaboraciones intersectoriales con artistas, museos o propiedades intelectuales.<\/li>\n<li><strong><b> Tiendas de colecciones de belleza y grandes almacenes de gama alta:<\/b><\/strong>Debido a su gran capacidad y dise\u00f1o impresionante, es crucial atraer clientes&#8217; atenci\u00f3n y mejorar el efecto de visualizaci\u00f3n de los contadores a trav\u00e9s de canales offline.<\/li>\n<li><strong><b> Viajes al por menor:<\/b><\/strong>Aunque tiene una mayor capacidad, su dise\u00f1o \u00fanico tambi\u00e9n lo hace adecuado para la venta como art\u00edculo especializado en canales minoristas de viajes como tiendas duty-free.<\/li>\n<\/ul>\n<p>Este tubo blando de cabeza de bomba de mu\u00f1eca rusa de 25 mm ha logrado con \u00e9xito el efecto de &#8220; 1 1&gt; 2.&#8221; Combina s\u00edmbolos culturales art\u00edsticos con estructuras de envasado funcionales, lo que le permite satisfacer las necesidades de gran capacidad y permitir a los usuarios quedarse cautivados por su envasado est\u00e9ticamente agradable. No es solo una soluci\u00f3n de embalaje para su marca; Tambi\u00e9n es una herramienta para ayudar a decir su marca&#8217; historia, mejorar su valor y, en \u00faltima instancia, darle una ventaja competitiva en el mercado.<\/p>","protected":false},"featured_media":2560,"comment_status":"closed","ping_status":"closed","template":"","meta":[],"product_brand":[],"product_cat":[28,36],"product_tag":[],"class_list":{"0":"post-2559","1":"product","2":"type-product","3":"status-publish","4":"has-post-thumbnail","6":"product_cat-functional-plastic-tube","7":"product_cat-pump-head-plastic-tube","9":"first","10":"instock","11":"shipping-taxable","12":"purchasable","13":"product-type-simple"},"_links":{"self":[{"href":"https:\/\/www.hongyitube.com\/es\/wp-json\/wp\/v2\/product\/2559","targetHints":{"allow":["GET"]}}],"collection":[{"href":"https:\/\/www.hongyitube.com\/es\/wp-json\/wp\/v2\/product"}],"about":[{"href":"https:\/\/www.hongyitube.com\/es\/wp-json\/wp\/v2\/types\/product"}],"replies":[{"embeddable":true,"href":"https:\/\/www.hongyitube.com\/es\/wp-json\/wp\/v2\/comments?post=2559"}],"wp:featuredmedia":[{"embeddable":true,"href":"https:\/\/www.hongyitube.com\/es\/wp-json\/wp\/v2\/media\/2560"}],"wp:attachment":[{"href":"https:\/\/www.hongyitube.com\/es\/wp-json\/wp\/v2\/media?parent=2559"}],"wp:term":[{"taxonomy":"product_brand","embeddable":true,"href":"https:\/\/www.hongyitube.com\/es\/wp-json\/wp\/v2\/product_brand?post=2559"},{"taxonomy":"product_cat","embeddable":true,"href":"https:\/\/www.hongyitube.com\/es\/wp-json\/wp\/v2\/product_cat?post=2559"},{"taxonomy":"product_tag","embeddable":true,"href":"https:\/\/www.hongyitube.com\/es\/wp-json\/wp\/v2\/product_tag?post=2559"}],"curies":[{"name":"WP","href":"https:\/\/api.w.org\/{rel}","templated":true}]}}