{"id":2552,"date":"2025-08-21T16:49:24","date_gmt":"2025-08-21T08:49:24","guid":{"rendered":"https:\/\/www.hongyitube.com\/?post_type=product&#038;p=2552"},"modified":"2026-01-13T13:36:18","modified_gmt":"2026-01-13T05:36:18","slug":"19-pump-head-plastic-tubetoiletries-raw-materials-and-semi-finished-product-packaging-bottles-2","status":"publish","type":"product","link":"https:\/\/www.hongyitube.com\/es\/product\/19-pump-head-plastic-tubetoiletries-raw-materials-and-semi-finished-product-packaging-bottles-2\/","title":{"rendered":"19 tubo de pl\u00e1stico de cabeza de bomba, art\u00edculos de aseo, materias primas y botellas de embalaje de productos semiacabados-2"},"content":{"rendered":"<p>Hongyi pl\u00e1stico \u03a619 cabeza de bomba de dise\u00f1o de color, tubo redondo, llenado Capacidad 10-15ml \/ 0.34-0.51fl.0z<\/p>\n<p>Esta serie vamos a moda color y paquete profesional combinaci\u00f3n perfecta, elegir amarillo din\u00e1mico y encanto rosa rojo dos alto grado de saturaci\u00f3n esquema de color, con el mismo color departamento cabeza de pato y cubierta de alta permeabilidad, crear un impacto muy visual de la forma general. Combinado con el dise\u00f1o de sellado de cola y la capacidad precisa de 10-20ml, es la elecci\u00f3n ideal para la marca para crear la esencia de la estrella y destacar la vitalidad juvenil.<\/p>\n<p>El cuerpo del tubo est\u00e1 hecho de material PE (polietileno) de una sola capa, que tiene una excelente flexibilidad, estabilidad qu\u00edmica y caracter\u00edsticas de seguridad. El tubo se te\u00f1e para lograr colores amarillos brillantes o rojos rosados a trav\u00e9s de un proceso de te\u00f1ido. El color es uniforme y duradero. La cabeza de bomba de pato (tubo amarillo con cabeza de bomba amarilla, tubo rojo rosa con cabeza de bomba rojo rosa) est\u00e1 hecha de material PP que coincide con el color del cuerpo del tubo, creando un dise\u00f1o de color unificado que mejora el aspecto general del producto. Hemos elegido el material PP o PS de alta transparencia para la cubierta exterior para prevenir eficazmente el polvo y la suciedad, manteniendo al mismo tiempo el atractivo est\u00e9tico del esquema de color general. El m\u00e9todo de sellado es la tecnolog\u00eda de sellado de extremo de cola, que garantiza cero fugas y aisla eficazmente el aire, protegiendo el contenido activo dentro. Puede personalizar el cuerpo del tubo y el procesamiento de la tapa, as\u00ed como el color en funci\u00f3n de su marca&#8217; necesidades espec\u00edficas.<\/p>\n<p><strong><b>Aplicaciones recomendadas<\/b><\/strong><strong><b>\u00a0:<\/b><\/strong><\/p>\n<p><strong><b>Eficacia Esencia:<\/b><\/strong>\u00a0Esencia aclarante de vitamina C (muy adecuada para el paquete amarillo), esencia antiarrugas de retinol, esencia blanqueadora de nicotinamida (muy adecuada para el paquete rojo rosa).<\/p>\n<ul>\n<li><strong><b> Hidrataci\u00f3n \/ aceite de suero:<\/b><\/strong>un producto s\u00e9rico que hace hincapi\u00e9 en la penetraci\u00f3n y la curaci\u00f3n.<\/li>\n<li><strong><b> Suero ocular: <\/b><\/strong>Preciso y cuantitativo, higi\u00e9nico y seguro, adecuado para la piel perif\u00e9rica delicada.<\/li>\n<li><strong><u><b> Liquidos crudos de alta concentraci\u00f3n: <\/b><\/u><\/strong>Productos de ingredientes activos tales como \u00e1cidos y p\u00e9ptidos que tienen altos requisitos para el sellado.<\/li>\n<li><strong><b> Esencia del cabello del cuero cabelludo: <\/b><\/strong>La cabeza de bomba facilita la acci\u00f3n directa sobre la divisi\u00f3n del cuero cabelludo<\/li>\n<\/ul>\n<h3>1. <strong><b>Atributos del producto\u00a0<\/b><\/strong><\/h3>\n<p><strong><b>Los ingredientes son visibles, los efectos son tangibles:<\/b><\/strong><\/p>\n<p>El cuerpo del tubo totalmente transparente permite a los usuarios ver claramente el contenido, lo que les permite evaluar el producto. textura y cantidad restante sin tener que abrir el tubo. Esto fomenta la confianza del consumidor al establecer la autenticidad de los ingredientes y la pureza del producto.<\/p>\n<p><strong><b>\u00a0Dosificaci\u00f3n precisa para prevenir residuos: <\/b><\/strong><\/p>\n<p>La cabeza de bomba blanca entrega una dosis fija con cada prensa (el n\u00famero de ml se puede personalizar seg\u00fan las necesidades). Esto ayuda a los usuarios a controlar la cantidad utilizada cada vez, garantizando resultados \u00f3ptimos y evitando el desperdicio debido al uso excesivo.<\/p>\n<p><strong><b>Preservaci\u00f3n sellada para mantener la actividad:<\/b><\/strong><\/p>\n<p><strong><b>\u00a0<\/b><\/strong>El sellado del extremo de cola combinado con el sellado interno del sistema de cabezal de bomba proporciona una doble protecci\u00f3n, evitando efectivamente la entrada de aire y la fuga de contenidos, maximizando as\u00ed la frescura y la eficacia de los ingredientes altamente activos.<\/p>\n<p><strong><b>Utilice de forma higi\u00e9nica y evite la contaminaci\u00f3n: <\/b><\/strong><\/p>\n<p>El sistema de cabezal de bomba impide el contacto directo entre el contenido y el usuario&#8217; dedos, evitando as\u00ed la contaminaci\u00f3n del producto durante el uso repetido y garantizando una mayor higiene y seguridad.<\/p>\n<p><strong><b>Operaci\u00f3n c\u00f3moda y experiencia elegante: <\/b><\/strong><\/p>\n<p>Prensado con un solo clic para un f\u00e1cil acceso, un proceso sin problemas y una experiencia de usuario mucho mejor en comparaci\u00f3n con los m\u00e9todos de envasado tradicionales que requieren exprimir o recoger. Tiene una sensaci\u00f3n m\u00e1s moderna y de lujo.<\/p>\n<p><strong><b>\u00a0<\/b><\/strong><\/p>","protected":false},"excerpt":{"rendered":"<ul>\n<li><b><\/b><strong><b>Dise\u00f1o del cuerpo del tubo<\/b><\/strong>.<\/li>\n<\/ul>\n<p>El dise\u00f1o del cuerpo del tubo presenta un amarillo vibrante, que simboliza la positividad, la energ\u00eda, el rejuvenecimiento y la alegr\u00eda, lo que lo hace ideal para blanquear, aclarar y productos antioxidantes.<\/p>\n<ul>\n<li>El dise\u00f1o del cuerpo del tubo presenta un color amarillo vibrante que transmite emociones positivas como el sol, la energ\u00eda, la revitalizaci\u00f3n y la felicidad. Esto lo hace especialmente adecuado para productos destinados a aclarar y blanquear la piel, as\u00ed como aquellos con propiedades antioxidantes.<\/li>\n<li>El cautivador tono rosa-rojo transmite una esencia de marca apasionada, de moda, femenina y encantadora, lo que lo hace particularmente adecuado para productos dirigidos a antienvejecimiento, reparaci\u00f3n y mejora de la piel. Este tubo suave de colores cuenta con un dise\u00f1o con una cabeza de bomba de colores coincidentes y una cubierta exterior transparente. Esta combinaci\u00f3n no solo preserva la integridad del color, sino que tambi\u00e9n agrega una sensaci\u00f3n de claridad y profundidad a trav\u00e9s de la cubierta exterior transparente.<\/li>\n<\/ul>\n<p><strong>Ventajas del producto:<\/strong><\/p>\n<p>Crear colores de marca: los colores brillantes pueden convertirse en un punto de memoria ic\u00f3nico de una marca, fortalecer el reconocimiento de la marca y lograr el efecto de &#8220; Ver desde lejos. &#8221;<\/p>\n<ul>\n<li>Estimular el deseo de comprar: los colores brillantes de moda pueden estimular directamente la resonancia emocional de los consumidores y el impulso de comprar, especialmente adecuado para las redes sociales (como Little Red Book, Douyin, Instagram) para difundirse, con &#8220; Celebridad de Internet&#8221; potencial.<\/li>\n<li>Ofrecer eficacia del producto: El color en s\u00ed mismo se puede usar como un indicio visual de la eficacia del producto (como amarillo = dimensi\u00f3n C \/ brillo, rosa = antienvejecimiento \/ nutritivo), para fortalecer la eficiencia de la comunicaci\u00f3n con los consumidores.<\/li>\n<li>Destacando la calidad de alta gama: El dise\u00f1o de color integrado y la buena mano de obra mejoran significativamente el valor y la profesionalidad del producto, apoyando precios m\u00e1s altos del producto.<\/li>\n<li>Proteger el rendimiento del producto: Los m\u00e9todos profesionales de sellado y recuperaci\u00f3n garantizan t\u00e9cnicamente que el producto permanezca en condiciones \u00f3ptimas desde la apertura hasta el uso, aumentando la satisfacci\u00f3n del usuario.<\/li>\n<li><b><\/b><strong>Escenarios de aplicaci\u00f3n para el producto:<\/strong><\/li>\n<\/ul>\n<p>Crear colores de marca: los colores brillantes pueden convertirse en un punto de memoria ic\u00f3nico de una marca, fortalecer el reconocimiento de la marca y lograr el efecto de &#8220; Ver desde lejos. &#8221;<\/p>\n<ul>\n<li>Estimular el deseo de comprar: los colores brillantes de moda pueden estimular directamente la resonancia emocional de los consumidores y el impulso de comprar, especialmente adecuado para las redes sociales (como Little Red Book, Douyin, Instagram) para difundirse, con &#8220; Celebridad de Internet&#8221; potencial.<\/li>\n<li>Ofrecer eficacia del producto: El color en s\u00ed mismo se puede usar como un indicio visual de la eficacia del producto (como amarillo = dimensi\u00f3n C \/ brillo, rosa = antienvejecimiento \/ nutritivo), para fortalecer la eficiencia de la comunicaci\u00f3n con los consumidores.<\/li>\n<li>Destacando la calidad de alta gama: El dise\u00f1o de color integrado y la buena mano de obra mejoran significativamente el valor y la profesionalidad del producto, apoyando precios m\u00e1s altos del producto.<\/li>\n<\/ul>\n<p>\u00b7 Proteger el rendimiento del producto: Los m\u00e9todos profesionales de sellado y recuperaci\u00f3n garantizan t\u00e9cnicamente que el producto permanezca en condiciones \u00f3ptimas desde la apertura hasta el uso, aumentando la satisfacci\u00f3n del usuario.<\/p>","protected":false},"featured_media":2557,"comment_status":"closed","ping_status":"closed","template":"","meta":[],"product_brand":[],"product_cat":[28,36],"product_tag":[],"class_list":{"0":"post-2552","1":"product","2":"type-product","3":"status-publish","4":"has-post-thumbnail","6":"product_cat-functional-plastic-tube","7":"product_cat-pump-head-plastic-tube","9":"first","10":"instock","11":"shipping-taxable","12":"purchasable","13":"product-type-simple"},"_links":{"self":[{"href":"https:\/\/www.hongyitube.com\/es\/wp-json\/wp\/v2\/product\/2552","targetHints":{"allow":["GET"]}}],"collection":[{"href":"https:\/\/www.hongyitube.com\/es\/wp-json\/wp\/v2\/product"}],"about":[{"href":"https:\/\/www.hongyitube.com\/es\/wp-json\/wp\/v2\/types\/product"}],"replies":[{"embeddable":true,"href":"https:\/\/www.hongyitube.com\/es\/wp-json\/wp\/v2\/comments?post=2552"}],"wp:featuredmedia":[{"embeddable":true,"href":"https:\/\/www.hongyitube.com\/es\/wp-json\/wp\/v2\/media\/2557"}],"wp:attachment":[{"href":"https:\/\/www.hongyitube.com\/es\/wp-json\/wp\/v2\/media?parent=2552"}],"wp:term":[{"taxonomy":"product_brand","embeddable":true,"href":"https:\/\/www.hongyitube.com\/es\/wp-json\/wp\/v2\/product_brand?post=2552"},{"taxonomy":"product_cat","embeddable":true,"href":"https:\/\/www.hongyitube.com\/es\/wp-json\/wp\/v2\/product_cat?post=2552"},{"taxonomy":"product_tag","embeddable":true,"href":"https:\/\/www.hongyitube.com\/es\/wp-json\/wp\/v2\/product_tag?post=2552"}],"curies":[{"name":"WP","href":"https:\/\/api.w.org\/{rel}","templated":true}]}}