{"id":2546,"date":"2025-08-21T16:37:59","date_gmt":"2025-08-21T08:37:59","guid":{"rendered":"https:\/\/www.hongyitube.com\/?post_type=product&#038;p=2546"},"modified":"2025-09-16T18:08:17","modified_gmt":"2025-09-16T10:08:17","slug":"16-gauge-small-diameter-split-tip-pointed-end-pe-white-soft-tube-2-hongyi-plastic","status":"publish","type":"product","link":"https:\/\/www.hongyitube.com\/es\/product\/16-gauge-small-diameter-split-tip-pointed-end-pe-white-soft-tube-2-hongyi-plastic\/","title":{"rendered":"16 calibre, di\u00e1metro peque\u00f1o, extremo puntiagudo, extremo puntiagudo, tubo blando blanco PE-2- pl\u00e1stico Hongyi"},"content":{"rendered":"<ul>\n<li><b><\/b><strong><b>Dise\u00f1o del cuerpo del tubo<\/b><\/strong>.<\/li>\n<\/ul>\n<p>El gradiente monocrom\u00e1tico utilizado en el cuerpo de nuestro producto elimina el desorden de m\u00faltiples colores, creando en su lugar una atm\u00f3sfera sencilla, moderna y elegante a trav\u00e9s de las variaciones de profundidad de un solo color. La transici\u00f3n suave de los colores es crucial para la calidad.<\/p>\n<p>Las marcas de texto se imprimen mediante serigraf\u00eda, que tiene la ventaja de una capa de tinta gruesa, una fuerte cobertura y una durabilidad excepcional, lo que garantiza que la informaci\u00f3n importante permanezca clara y legible con el tiempo.<\/p>\n<ul>\n<li>Color coincidente Estampado en caliente: Este es el toque final del dise\u00f1o. Usando una l\u00e1mina de oro que coincide con el color principal del tubo, el logotipo aparece con una textura met\u00e1lica delicada y coincidente y un patr\u00f3n elevado. No es tan llamativo como el oro, sino que m\u00e1s bien exuda &#8220; lujo discreto, &#8221; Hacer que la marca se destaque. El sentido t\u00e1ctil de la calidad de alta gama mejora en gran medida la clase general del producto.<\/li>\n<\/ul>\n<ol start=\"2\">\n<li>Estilo de dise\u00f1o<\/li>\n<\/ol>\n<ul>\n<li>Minimalismo: Amplias \u00e1reas de espacio en blanco o color s\u00f3lido, combinadas con texto refinado y logotipos, destacando el concepto que &#8220; menos es m\u00e1s. &#8221;<\/li>\n<li>Patrones art\u00edsticos: Patrones complejos con significado cultural, como la mu\u00f1eca nidificadora rusa, poseen un gran potencial de narraci\u00f3n y son muy valiosos para los coleccionistas.<\/li>\n<li>Tecnolog\u00eda: Utilizar elementos como l\u00edneas, puntos ligeros y c\u00f3digo para transmitir los atributos de alta tecnolog\u00eda y alta eficacia del producto.<\/li>\n<\/ul>\n<p><strong><b>Extrema conservaci\u00f3n y protecci\u00f3n de la actividad<\/b><\/strong><\/p>\n<p><strong><b>\u00a0<\/b><\/strong>El sistema de sellado preciso compuesto por una peque\u00f1a abertura, una tapa interna transparente y un extremo sellado proporciona una protecci\u00f3n de primera clase para los ingredientes preciosos que son altamente activos, propensos a la oxidaci\u00f3n y vol\u00e1tiles, asegurando que el producto permanezca en condiciones \u00f3ptimas hasta su uso.<\/p>\n<ul>\n<li><strong><b> Aspecto de gama alta, mejorando la sensaci\u00f3n general<\/b><\/strong><b><\/b><\/li>\n<\/ul>\n<p>El uso de un solo color con un efecto de gradiente emparejado con la impresi\u00f3n de transferencia de calor del mismo color crea un esquema de color general fuerte. El lenguaje de dise\u00f1o es sencillo pero potente, lo que permite la creaci\u00f3n de una imagen de marca de gama alta y profesional sin la necesidad de patrones complejos. Esto aumenta significativamente el producto&#8217; capacidad de ordenar un precio premium.<\/p>\n<ul>\n<li><strong><b> Mayor experiencia de usuario y facilidad de uso<\/b><\/strong><b><\/b><\/li>\n<\/ul>\n<p>El dise\u00f1o de tapa de tama\u00f1o peque\u00f1o hace que sea m\u00e1s f\u00e1cil y suave abrir y cerrar la tapa, con excelente retroalimentaci\u00f3n t\u00e1ctil. Los componentes transparentes permiten un f\u00e1cil seguimiento de la cantidad restante, y los dos tipos de tapas ofrecen opciones diferenciadas.<\/p>\n<ul>\n<li><strong><b> Calidad confiable, construcci\u00f3n de confianza<\/b><\/strong><b><\/b><\/li>\n<\/ul>\n<p>La meticulosa artesan\u00eda reflejada en detalles menores (como dientes peque\u00f1os y proceso de estampado en caliente) transmite la marca&#8217; La b\u00fasqueda intransigente de la calidad, estableciendo r\u00e1pidamente la confianza con los consumidores.<\/p>\n<ul>\n<li><strong><b> Aplicaci\u00f3n de precisi\u00f3n, coincidencia de alta gama<\/b><\/strong><b><\/b><\/li>\n<\/ul>\n<p><strong><b>\u00a0<\/b><\/strong>Dise\u00f1ada espec\u00edficamente para productos de alto valor con estrictos requisitos de envasado, esta es una opci\u00f3n estrat\u00e9gica de envasado para crear productos estrella y l\u00edneas de productos de gama alta.<\/p>\n<p><strong><b>Productos insignia de la marca<\/b><\/strong><\/p>\n<p><strong><b>\u00a0<\/b><\/strong>Essence, Eye Cream y otros productos b\u00e1sicos de alto precio deben transmitir su valor y sensaci\u00f3n de alta tecnolog\u00eda a trav\u00e9s de su dise\u00f1o de embalaje.<\/p>\n<ul>\n<li><strong><b> Productos favorecidos por &#8220; entusiastas de ingredientes&#8221; <\/b><\/strong><\/li>\n<\/ul>\n<p>Productos para el cuidado de la piel que destacan ingredientes como la vitamina C, retinoides y p\u00e9ptidos, que son propensos a la degradaci\u00f3n, y enfatizan las cualidades protectoras del envase.<\/p>\n<ul>\n<li><strong><b> Productos de l\u00ednea profesional <\/b><\/strong><\/li>\n<\/ul>\n<p>Productos de reparaci\u00f3n est\u00e9tica post-m\u00e9dica, marcas farmac\u00e9uticas para el cuidado de la piel, pasta dental profesional: esto requiere establecer una imagen profesional y fiable.<\/p>\n<ul>\n<li><strong><b> Hombres de gama alta&#8217; cuidado<\/b><\/strong><\/li>\n<\/ul>\n<p>Un estilo de dise\u00f1o sencillo, potente y enfocado en la funcionalidad, que se alinea perfectamente con la esencia de los hombres de gama alta. productos de cuidado de la piel.<\/p>\n<ul>\n<li><strong><b> Regalos y conjuntos festivos <\/b><\/strong><\/li>\n<\/ul>\n<p>El embalaje de alta calidad en s\u00ed es una forma sofisticada de presentaci\u00f3n de regalos, lo que lo hace ideal para lanzamientos de edici\u00f3n limitada durante ocasiones festivas.<\/p>","protected":false},"excerpt":{"rendered":"<p><span style=\"font-family: arial, helvetica, sans-serif;\">Pl\u00e1stico Hongyi de calibre 16, boquilla interna de estilo punta todo en uno \/ cuerpo separado, material PE, tubo-2, capacidad de llenado 5-8ml 0.17-0.27fl.oz.<\/span><\/p>\n<p><span style=\"font-family: arial, helvetica, sans-serif;\">Este material de envasado de manguera est\u00e1 hecho de polietileno de alta densidad (HDPE), que es de material puro y tiene propiedades qu\u00edmicas estables. Esto garantiza la compatibilidad con los contenidos, evitando la contaminaci\u00f3n y la degradaci\u00f3n. La tapa de la manguera est\u00e1 hecha de polipropileno de alta transparencia (PP) o copol\u00edmero de estireno de acrilonitrilo butadieno (ABS), que es resistente y duradero. El tap\u00f3n interior transparente est\u00e1 hecho de polietileno (PE), ofreciendo un excelente rendimiento de sellado. El estado de montaje se puede inspeccionar visualmente.<\/span><\/p>\n<p><span style=\"font-family: arial, helvetica, sans-serif;\"><strong><b>Aplicaciones recomendadas<\/b><\/strong><strong><b>\u00a0: <\/b><\/strong><\/span><\/p>\n<p><span style=\"font-family: arial, helvetica, sans-serif;\">Esta manguera bien dise\u00f1ada y altamente sellada es una opci\u00f3n de envasado ideal para los siguientes productos<\/span><\/p>\n<ul>\n<li><span style=\"font-family: arial, helvetica, sans-serif;\">Cuidado de la piel de alta gama: l\u00edquido de esencia, crema de ojos, crema de esencia, crema de reparaci\u00f3n, productos con ingredientes de alta actividad.<\/span><\/li>\n<li><span style=\"font-family: arial, helvetica, sans-serif;\">Ung\u00fcentos profesionales: cremas m\u00e9dicas, ung\u00fcentos, ung\u00fcentos de aplicaci\u00f3n localizada, productos de reparaci\u00f3n de cicatrices.<\/span><\/li>\n<li><span style=\"font-family: arial, helvetica, sans-serif;\">Productos qu\u00edmicos de precisi\u00f3n: adhesivos electr\u00f3nicos, pastas de lubricaci\u00f3n de precisi\u00f3n, pastas conductoras t\u00e9rmicas, productos qu\u00edmicos especializados.<\/span><\/li>\n<li><span style=\"font-family: arial, helvetica, sans-serif;\">Cuidado personal: pasta dental de alta gama, gel de esencia de alta viscosidad.<\/span><\/li>\n<\/ul>","protected":false},"featured_media":2548,"comment_status":"closed","ping_status":"closed","template":"","meta":[],"product_brand":[],"product_cat":[15,32],"product_tag":[],"class_list":{"0":"post-2546","1":"product","2":"type-product","3":"status-publish","4":"has-post-thumbnail","6":"product_cat-artistic-design-plastic-tube","7":"product_cat-pointed-mouth-series","9":"first","10":"instock","11":"shipping-taxable","12":"product-type-simple"},"_links":{"self":[{"href":"https:\/\/www.hongyitube.com\/es\/wp-json\/wp\/v2\/product\/2546","targetHints":{"allow":["GET"]}}],"collection":[{"href":"https:\/\/www.hongyitube.com\/es\/wp-json\/wp\/v2\/product"}],"about":[{"href":"https:\/\/www.hongyitube.com\/es\/wp-json\/wp\/v2\/types\/product"}],"replies":[{"embeddable":true,"href":"https:\/\/www.hongyitube.com\/es\/wp-json\/wp\/v2\/comments?post=2546"}],"wp:featuredmedia":[{"embeddable":true,"href":"https:\/\/www.hongyitube.com\/es\/wp-json\/wp\/v2\/media\/2548"}],"wp:attachment":[{"href":"https:\/\/www.hongyitube.com\/es\/wp-json\/wp\/v2\/media?parent=2546"}],"wp:term":[{"taxonomy":"product_brand","embeddable":true,"href":"https:\/\/www.hongyitube.com\/es\/wp-json\/wp\/v2\/product_brand?post=2546"},{"taxonomy":"product_cat","embeddable":true,"href":"https:\/\/www.hongyitube.com\/es\/wp-json\/wp\/v2\/product_cat?post=2546"},{"taxonomy":"product_tag","embeddable":true,"href":"https:\/\/www.hongyitube.com\/es\/wp-json\/wp\/v2\/product_tag?post=2546"}],"curies":[{"name":"WP","href":"https:\/\/api.w.org\/{rel}","templated":true}]}}