{"id":2542,"date":"2025-08-21T16:34:41","date_gmt":"2025-08-21T08:34:41","guid":{"rendered":"https:\/\/www.hongyitube.com\/?post_type=product&#038;p=2542"},"modified":"2025-09-17T11:17:41","modified_gmt":"2025-09-17T03:17:41","slug":"16-gauge-small-diameter-split-tip-pe-white-soft-tube-hongyi-plastic","status":"publish","type":"product","link":"https:\/\/www.hongyitube.com\/es\/product\/16-gauge-small-diameter-split-tip-pe-white-soft-tube-hongyi-plastic\/","title":{"rendered":"Tubo blando blanco PE de punta dividida de di\u00e1metro peque\u00f1o de 16 calibres &#8211; pl\u00e1stico Hongyi"},"content":{"rendered":"<ul>\n<li><b><\/b><span style=\"font-family: arial, helvetica, sans-serif;\"><strong><b>Dise\u00f1o del cuerpo del tubo<\/b><\/strong>.<\/span><\/li>\n<\/ul>\n<p><span style=\"font-family: arial, helvetica, sans-serif;\">Este tubo cuenta con mu\u00f1ecas Matryoshka rusas hermosamente impresas, con 7 colores vibrantes que recrean vivamente la esencia del arte tradicional. El dise\u00f1o es cari\u00f1oso y c\u00f3mico, lo que lo hace altamente reconocible y atractivo para los coleccionistas. La tecnolog\u00eda de impresi\u00f3n avanzada garantiza colores vibrantes y completos, detalles claros en los patrones y una representaci\u00f3n perfecta de los intricados patrones y capas que se encuentran en la ropa Matryoshka. El extremo del tubo est\u00e1 dise\u00f1ado como un tubo blando de extremo abierto, lo que permite un f\u00e1cil llenado del contenido con la tapa interna bloqueada de forma segura en su lugar.<\/span><\/p>\n<ul>\n<li><span style=\"font-family: arial, helvetica, sans-serif;\"><strong><b> Fuerte atractivo de estante<\/b><\/strong><b><\/b><\/span><\/li>\n<\/ul>\n<p><span style=\"font-family: arial, helvetica, sans-serif;\">El tema IP Matryoshka ruso \u00fanico y los colores vibrantes pueden capturar al instante la atenci\u00f3n de los ni\u00f1os y los consumidores j\u00f3venes, diferenci\u00e1ndolo de los competidores y estimulando el deseo de comprar.<\/span><\/p>\n<ul>\n<li><span style=\"font-family: arial, helvetica, sans-serif;\"><strong><b> Dise\u00f1o emocionalmente atractivo<\/b><\/strong>Dise\u00f1os lindos e interesantes pueden evocar resonancia emocional y placer en los usuarios, mejorando la marca&#8217; atractivo y hacer que los art\u00edculos cotidianos se sientan llenos de sorpresas.<\/span><\/li>\n<li><span style=\"font-family: arial, helvetica, sans-serif;\"><strong><b> Calidad y diversi\u00f3n van de la mano<\/b><\/strong><b><\/b><\/span><\/li>\n<\/ul>\n<p><span style=\"font-family: arial, helvetica, sans-serif;\">No solo se destaca en t\u00e9rminos de apariencia, sino que tampoco compromete caracter\u00edsticas pr\u00e1cticas como sellado, salida y protecci\u00f3n, garantizando la seguridad de los contenidos en el interior.<\/span><\/p>\n<ul>\n<li><span style=\"font-family: arial, helvetica, sans-serif;\"><strong><b> Crear una sensaci\u00f3n en las redes sociales<\/b><\/strong><b><\/b><\/span><\/li>\n<\/ul>\n<p><span style=\"font-family: arial, helvetica, sans-serif;\"><strong><b>\u00a0<\/b><\/strong>Es muy probable que los dise\u00f1os altamente atractivos y atractivos se vuelvan virales en las plataformas de redes sociales.<\/span><\/p>\n<ul>\n<li><span style=\"font-family: arial, helvetica, sans-serif;\"><strong><b> Productos para ni\u00f1os:<\/b><\/strong><b><\/b><\/span><\/li>\n<\/ul>\n<p><span style=\"font-family: arial, helvetica, sans-serif;\">El embalaje preferido para ni\u00f1os&#8217; cuidado de la piel, cuidado personal, pasta de dientes y otros productos, con una apariencia que coincida estrechamente con las preferencias de los usuarios objetivo.<\/span><\/p>\n<ul>\n<li><span style=\"font-family: arial, helvetica, sans-serif;\"><strong><b> Colaboraci\u00f3n entre categor\u00edas de marca<\/b><\/strong><\/span><\/li>\n<\/ul>\n<p><span style=\"font-family: arial, helvetica, sans-serif;\">Embalaje ideal para productos de edici\u00f3n limitada lanzados en colaboraci\u00f3n con el anime, las industrias culturales y creativas y las propiedades intelectuales del arte.<\/span><\/p>\n<ul>\n<li><span style=\"font-family: arial, helvetica, sans-serif;\"><strong><b> Marketing de vacaciones (Navidad, A\u00f1o Nuevo&#8217;s Day, D\u00eda de los Ni\u00f1os&#8217;s el 1 de junio)<\/b><\/strong><b><\/b><\/span><\/li>\n<\/ul>\n<p><span style=\"font-family: arial, helvetica, sans-serif;\">Como envase exclusivo para vacaciones, crea un ambiente festivo y tiene un fuerte atractivo para regalos.<\/span><\/p>\n<ul>\n<li><span style=\"font-family: arial, helvetica, sans-serif;\"><strong><b> Postre\/Panader\u00eda Marca<\/b><\/strong><\/span><\/li>\n<\/ul>\n<p><span style=\"font-family: arial, helvetica, sans-serif;\">Se utiliza para empaquetar geladura de az\u00facar y mermelada, a\u00f1adiendo un toque art\u00edstico a la cocina.<\/span><\/p>\n<ul>\n<li><span style=\"font-family: arial, helvetica, sans-serif;\"><strong><b> \u00c1rea esc\u00e9nica Regalos creativos <\/b><\/strong><b><\/b><\/span><\/li>\n<\/ul>\n<p><span style=\"font-family: arial, helvetica, sans-serif;\">Estas son opciones de empaque \u00fanicas y distintivas para recuerdos en atracciones tur\u00edsticas, museos y exposiciones de arte.<\/span><\/p>\n<ul>\n<li><span style=\"font-family: arial, helvetica, sans-serif;\"><strong><b> Muestras y tama\u00f1os de ensayo<\/b><\/strong><b><\/b><\/span><\/li>\n<\/ul>\n<p><span style=\"font-family: arial, helvetica, sans-serif;\">Debido a su tama\u00f1o compacto y control preciso de salida, son una excelente opci\u00f3n para crear versiones de prueba.<\/span><\/p>","protected":false},"excerpt":{"rendered":"<p><span style=\"font-family: arial, helvetica, sans-serif;\">Pl\u00e1stico Hongyi de calibre 16, boquilla interna de estilo punta todo en uno \/ cuerpo separado, material PE, tubo-2, capacidad de llenado 10-15ml \/ 0.34-0.51fl.0z.<\/span><\/p>\n<p><span style=\"font-family: arial, helvetica, sans-serif;\">Nuestro tubo blando est\u00e1 hecho de materiales de polietileno (PE) o polipropileno (PP) de alta calidad. Es limpio, no t\u00f3xico, qu\u00edmicamente estable y tiene buena compatibilidad con el contenido, protegiendo efectivamente la calidad del producto.<\/span><\/p>\n<p><span style=\"font-family: arial, helvetica, sans-serif;\"><strong><b>Aplicaciones recomendadas<\/b><\/strong><strong><b>\u00a0:<\/b><\/strong><\/span><\/p>\n<ul>\n<li><span style=\"font-family: arial, helvetica, sans-serif;\">Ni\u00f1os&#8217; s crema para la cara, crema para la erupci\u00f3n del pa\u00f1al, champ\u00fa y lavado corporal, pasta de dientes.<\/span><\/li>\n<li><span style=\"font-family: arial, helvetica, sans-serif;\">Productos de belleza divertidos: crema de manos, b\u00e1lsamo labial, imprimante de maquillaje, crema de m\u00e1scara.<\/span><\/li>\n<li><span style=\"font-family: arial, helvetica, sans-serif;\">Sector alimentario: Gelado de az\u00facar, salsa de chocolate, miel, mermelada (debe cumplir con las normas de contacto con alimentos).<\/span><\/li>\n<li><span style=\"font-family: arial, helvetica, sans-serif;\">Regalos y promociones: productos de vacaciones de edici\u00f3n limitada, regalos promocionales, regalos creativos.<\/span><\/li>\n<li><span style=\"font-family: arial, helvetica, sans-serif;\">Artesan\u00eda y Productos Culturales y Creativos: Pinturas, adhesivos y recubrimientos especializados.<\/span><\/li>\n<\/ul>","protected":false},"featured_media":2544,"comment_status":"closed","ping_status":"closed","template":"","meta":[],"product_brand":[],"product_cat":[15,32],"product_tag":[],"class_list":{"0":"post-2542","1":"product","2":"type-product","3":"status-publish","4":"has-post-thumbnail","6":"product_cat-artistic-design-plastic-tube","7":"product_cat-pointed-mouth-series","9":"first","10":"instock","11":"shipping-taxable","12":"product-type-simple"},"_links":{"self":[{"href":"https:\/\/www.hongyitube.com\/es\/wp-json\/wp\/v2\/product\/2542","targetHints":{"allow":["GET"]}}],"collection":[{"href":"https:\/\/www.hongyitube.com\/es\/wp-json\/wp\/v2\/product"}],"about":[{"href":"https:\/\/www.hongyitube.com\/es\/wp-json\/wp\/v2\/types\/product"}],"replies":[{"embeddable":true,"href":"https:\/\/www.hongyitube.com\/es\/wp-json\/wp\/v2\/comments?post=2542"}],"wp:featuredmedia":[{"embeddable":true,"href":"https:\/\/www.hongyitube.com\/es\/wp-json\/wp\/v2\/media\/2544"}],"wp:attachment":[{"href":"https:\/\/www.hongyitube.com\/es\/wp-json\/wp\/v2\/media?parent=2542"}],"wp:term":[{"taxonomy":"product_brand","embeddable":true,"href":"https:\/\/www.hongyitube.com\/es\/wp-json\/wp\/v2\/product_brand?post=2542"},{"taxonomy":"product_cat","embeddable":true,"href":"https:\/\/www.hongyitube.com\/es\/wp-json\/wp\/v2\/product_cat?post=2542"},{"taxonomy":"product_tag","embeddable":true,"href":"https:\/\/www.hongyitube.com\/es\/wp-json\/wp\/v2\/product_tag?post=2542"}],"curies":[{"name":"WP","href":"https:\/\/api.w.org\/{rel}","templated":true}]}}