{"id":2535,"date":"2025-08-21T16:32:04","date_gmt":"2025-08-21T08:32:04","guid":{"rendered":"https:\/\/www.hongyitube.com\/?post_type=product&#038;p=2535"},"modified":"2025-09-17T10:46:59","modified_gmt":"2025-09-17T02:46:59","slug":"25-transparent-detachable-pointed-tip-oval-shaped-tube-2-hongyi-plastic","status":"publish","type":"product","link":"https:\/\/www.hongyitube.com\/es\/product\/25-transparent-detachable-pointed-tip-oval-shaped-tube-2-hongyi-plastic\/","title":{"rendered":"25 Transparente, desmontable, punta puntiaguda, tubo en forma oval-2 &#8211; pl\u00e1stico Hongyi"},"content":{"rendered":"<h2><strong>Caracter\u00edsticas<\/strong><\/h2>\n<ul>\n<li><b><\/b><strong><b>Dise\u00f1o del cuerpo del tubo<\/b><\/strong>.<\/li>\n<\/ul>\n<p>Nuestra impresi\u00f3n corporal emplea una t\u00e9cnica \u00fanica de impresi\u00f3n en gradiente de un solo color. Esta serie cuenta con impresi\u00f3n en gradiente de un solo color en azul, rojo rosa, rojo y amarillo, con colores vibrantes y fluidos que crean un fuerte impacto visual y una sensaci\u00f3n de alta moda. Permite que su producto se destaque en el estante! El texto y las instrucciones de uso se imprimen utilizando tecnolog\u00eda de serigraf\u00eda, garantizando durabilidad, claridad y resistencia al desgaste, garantizando que la informaci\u00f3n permanezca legible con el tiempo. Nuestro logotipo de marca principal se imprime mediante un proceso de estampado en caliente, lo que le da un brillo met\u00e1lico y una apariencia sorprendente, mejorando en gran medida la imagen de la marca y elevando el producto&#8217; estado.<\/p>\n<p>&nbsp;<\/p>\n<h2><strong>Ventajas del producto<\/strong><\/h2>\n<p><strong><b>1. conveniente y controlable <\/b><\/strong><strong><b>\u00a0<\/b><\/strong><\/p>\n<p>El dise\u00f1o de tap\u00f3n interior de punta puntiaguda y cuerpo dividido garantiza un sello herm\u00e9tico, evitando efectivamente fugas y deterioro del contenido. Cuando se usa, es conveniente abrir el agujero, y la salida es precisa y controlable, lo que reduce los residuos.<\/p>\n<p>C\u00f3moda sensaci\u00f3n: La tapa de forma oval mate a juego tiene una textura delicada y de gama alta, es antideslizante y f\u00e1cil de torcer. Las operaciones de apertura y cierre son suaves y sin esfuerzo. Especificaciones precisas: di\u00e1metro del tubo est\u00e1ndar de 25 mm, opciones de capacidad flexible para satisfacer diversas necesidades de llenado.<\/p>\n<p><strong><b>Seguridad 2.Material <\/b><\/strong><strong><b>\u00a0<\/b><\/strong><\/p>\n<p>El material principal se puede personalizar seg\u00fan las necesidades del cliente y cumple con los est\u00e1ndares de seguridad relevantes de la industria.<\/p>\n<p><strong><b>Dise\u00f1o 3.Flexible<\/b><\/strong><strong><b>\u00a0<\/b><\/strong><\/p>\n<p>soporta patrones personalizados de impresi\u00f3n y grabado, lo que lo convierte en un medio ideal para su identidad de marca.<\/p>\n<p><strong><b>4.Conveniente de usar<\/b><\/strong><\/p>\n<p>El dise\u00f1o puntiagudo combinado con una tapa de torsi\u00f3n hace que sea f\u00e1cil operar con una sola mano, proporcionando una excelente experiencia de usuario. Atracci\u00f3n visual: El innovador esquema de colores de gradiente emparejado con estampado de hoja de oro crea un &#8220; llamativa primera impresi\u00f3n&#8221; en el estante, influyendo en las decisiones de compra del consumidor.<\/p>\n<p><strong><b>5.Calidad y fiabilidad<\/b><\/strong><strong><b>\u00a0<\/b><\/strong><\/p>\n<p>La artesan\u00eda excepcional y los materiales robustos transmiten la marca&#8217; atenci\u00f3n rigurosa a la calidad, estableciendo as\u00ed la confianza con los consumidores.<\/p>\n<p><strong><b>6.Funcionalidad pr\u00e1ctica<\/b><\/strong><strong><b>\u00a0<\/b><\/strong><\/p>\n<p>Las excelentes propiedades de sellado protegen la actividad del producto, el control preciso de la punta mejora la experiencia del usuario, equilibrando la est\u00e9tica con la practicidad.<\/p>\n<p><strong><b>Elevaci\u00f3n 7.Brand<\/b><\/strong><strong><b>\u00a0<\/b><\/strong><\/p>\n<p>Los tratamientos detallados como los logotipos en relieve en oro son efectivos para establecer una imagen de marca de gama alta y mejorar el producto&#8217; valor percibido.<\/p>\n<p><strong><b>8.Versatilidad de la aplicaci\u00f3n<\/b><\/strong><strong><b>\u00a0<\/b><\/strong><\/p>\n<p>Desde productos de cuidado personal hasta productos farmac\u00e9uticos, desde laboratorios hasta hogares, sirve a m\u00faltiples prop\u00f3sitos, satisfaciendo las necesidades de envasado de diversas industrias y escenarios.<\/p>\n<p>&nbsp;<\/p>\n<h2><strong>Escenarios de aplicaci\u00f3n del producto<\/strong><\/h2>\n<p><strong><b>Lanzamiento de nuevos productos<\/b><\/strong><strong><b>\u00a0<\/b><\/strong><\/p>\n<p>Productos de cuidado de la piel y maquillaje de alta gama que tienen como objetivo hacer un salpicadura con su dise\u00f1o \u00fanico de embalaje.<\/p>\n<p><strong><b>Regalos y art\u00edculos promocionales<\/b><\/strong><strong><b>\u00a0<\/b><\/strong><\/p>\n<p>Los productos exclusivos de vacaciones y de colaboraci\u00f3n requieren un envase que tenga un aspecto regalo.<\/p>\n<p><strong><b>\u00a0Productos de l\u00ednea profesional<\/b><\/strong><strong><b>\u00a0<\/b><\/strong><\/p>\n<p>productos de l\u00ednea m\u00e9dica est\u00e9tica, ung\u00fcentos especializados, productos qu\u00edmicos de alta gama, estos requieren establecer una imagen profesional y fiable.<\/p>\n<p><strong><b>DIY artesanal y marcas de nicho<\/b><\/strong><strong><b>\u00a0<\/b><\/strong><\/p>\n<p>Emprendedores que buscan ofrecer productos personalizados y elegantes y esperan transmitir el car\u00e1cter \u00fanico de su marca a trav\u00e9s del embalaje.<\/p>\n<p><strong><b>Embalaje de viajes y muestras<\/b><\/strong><strong><b>\u00a0<\/b><\/strong><\/p>\n<p>Compacto y port\u00e1til, con excelentes propiedades de sellado, lo que lo hace ideal para crear envases de tama\u00f1o de viaje y muestra.<\/p>","protected":false},"excerpt":{"rendered":"<p>Hongyi pl\u00e1stico 25 transparente, desmontable, punta puntiaguda, tubo de forma oval, llenado Capacity20-25ml \/ 0.68-0.85fl.0z. Los tubos de esta serie est\u00e1n hechos de polietileno de alta densidad (HDPE) o pl\u00e1stico de polietileno de baja densidad (LDPE), lo que garantiza que los tubos son limpios e inodoros, con excelente compatibilidad y propiedades de barrera. El dise\u00f1o de tubo en forma oval tiene una estructura estable, grosor uniforme y excelentes propiedades de barrera. La tapa est\u00e1 hecha de un nuevo material PP de textura mate que complementa perfectamente la forma oval del tubo. El inserto interior tiene un dise\u00f1o desmontable y puntiagudo que equilibra tanto el rendimiento de sellado como la facilidad de uso.<\/p>\n<p>&nbsp;<\/p>\n<p><strong><b>Aplicaciones recomendadas<\/b><\/strong><strong><b>\u00a0:<\/b><\/strong><\/p>\n<ul>\n<li>Belleza y cuidado de la piel: Esencia, gel, loci\u00f3n, base de pre-maquillaje, protector solar, crema de m\u00e1scara.<\/li>\n<li>Suministros m\u00e9dicos: ung\u00fcentos, cremas, lociones, agentes de acoplamiento m\u00e9dico, geles desinfectantes.<\/li>\n<li>Productos qu\u00edmicos finos: adhesivos, lubricantes, tintes, pigmentos y agentes qu\u00edmicos electr\u00f3nicos de precisi\u00f3n.<\/li>\n<li>L\u00edquido de esencia de alto rendimiento<\/li>\n<li>Revitalizante Eyebody Essence<\/li>\n<li>Loci\u00f3n Reparaci\u00f3n Hidratante<\/li>\n<li>Productos de esencia de aceites esenciales<\/li>\n<\/ul>","protected":false},"featured_media":2539,"comment_status":"closed","ping_status":"closed","template":"","meta":[],"product_brand":[],"product_cat":[15,32],"product_tag":[],"class_list":{"0":"post-2535","1":"product","2":"type-product","3":"status-publish","4":"has-post-thumbnail","6":"product_cat-artistic-design-plastic-tube","7":"product_cat-pointed-mouth-series","9":"first","10":"instock","11":"shipping-taxable","12":"product-type-simple"},"_links":{"self":[{"href":"https:\/\/www.hongyitube.com\/es\/wp-json\/wp\/v2\/product\/2535","targetHints":{"allow":["GET"]}}],"collection":[{"href":"https:\/\/www.hongyitube.com\/es\/wp-json\/wp\/v2\/product"}],"about":[{"href":"https:\/\/www.hongyitube.com\/es\/wp-json\/wp\/v2\/types\/product"}],"replies":[{"embeddable":true,"href":"https:\/\/www.hongyitube.com\/es\/wp-json\/wp\/v2\/comments?post=2535"}],"wp:featuredmedia":[{"embeddable":true,"href":"https:\/\/www.hongyitube.com\/es\/wp-json\/wp\/v2\/media\/2539"}],"wp:attachment":[{"href":"https:\/\/www.hongyitube.com\/es\/wp-json\/wp\/v2\/media?parent=2535"}],"wp:term":[{"taxonomy":"product_brand","embeddable":true,"href":"https:\/\/www.hongyitube.com\/es\/wp-json\/wp\/v2\/product_brand?post=2535"},{"taxonomy":"product_cat","embeddable":true,"href":"https:\/\/www.hongyitube.com\/es\/wp-json\/wp\/v2\/product_cat?post=2535"},{"taxonomy":"product_tag","embeddable":true,"href":"https:\/\/www.hongyitube.com\/es\/wp-json\/wp\/v2\/product_tag?post=2535"}],"curies":[{"name":"WP","href":"https:\/\/api.w.org\/{rel}","templated":true}]}}