{"id":2479,"date":"2025-08-21T15:43:08","date_gmt":"2025-08-21T07:43:08","guid":{"rendered":"https:\/\/www.hongyitube.com\/?post_type=product&#038;p=2479"},"modified":"2025-09-17T10:45:53","modified_gmt":"2025-09-17T02:45:53","slug":"25-transparent-detachable-pointed-tip-oval-shaped-tube-hongyi-plastic","status":"publish","type":"product","link":"https:\/\/www.hongyitube.com\/es\/product\/25-transparent-detachable-pointed-tip-oval-shaped-tube-hongyi-plastic\/","title":{"rendered":"25 Transparente, desmontable, punta puntiaguda, tubo en forma oval &#8211; pl\u00e1stico Hongyi"},"content":{"rendered":"<h2><strong>Caracter\u00edsticas<\/strong><\/h2>\n<ul>\n<li><b><\/b><strong><b>Dise\u00f1o del cuerpo del tubo<\/b><\/strong>.<\/li>\n<\/ul>\n<p>Nuestra l\u00ednea de tubos cuenta con un vibrante proceso de estampado en caliente, utilizando una variedad de dise\u00f1os coloridos para separarse de los tonos tradicionales de oro y plata. Los tonos cuidadosamente dise\u00f1ados y seleccionados como el rojo apasionado, el verde vibrante, el azul futurista y el rojo rosa de moda se destacan en el tubo&#8217; logotipo y patrones. El resultado es un material de envasado de tubo que parece a\u00fan m\u00e1s colorido y saturado, con un brillante brillo met\u00e1lico que exuda tanto impacto visual como estilo moderno.<\/p>\n<p>Nuestra informaci\u00f3n de producto de manguera se presenta a trav\u00e9s de serigraf\u00eda de alta precisi\u00f3n, con una tipograf\u00eda n\u00edtida y clara que es duradera y resistente al desgaste. Brilla junto con el vibrante estampado en caliente, creando un efecto claro y en capas!<\/p>\n<p>&nbsp;<\/p>\n<h2><strong>Ventajas del producto<\/strong><\/h2>\n<p><strong><b>Preservaci\u00f3n funcional: <\/b><\/strong><\/p>\n<p>Sellado extremadamente apretado para mantener la frescura y la actividad. Utiliza un sistema de doble sellado que consiste en un &#8220; tapa interna de punta dividida&#8221; y un &#8220; Cubierta externa precisa del diente peque\u00f1o&#8221; para proporcionar una protecci\u00f3n extremadamente herm\u00e9tica, aislando eficazmente el aire y evitando la degradaci\u00f3n de componentes altamente activos y f\u00e1cilmente oxidables (como la vitamina C y el retinol), asegurando que el producto permanezca fresco desde la primera gota hasta la \u00faltima gota<\/p>\n<p><strong><b>Experiencia de uso: <\/b><\/strong><strong><b>\u00a0<\/b><\/strong><\/p>\n<p>Control preciso de la cantidad, higiene y seguridad. El dise\u00f1o delgado y puntiagudo de la punta permite una dispensaci\u00f3n extremadamente precisa, lo que lo hace perfecto para usar productos caros como esencias y cremas para los ojos, evitando as\u00ed el desperdicio. El contenido no vuelve a fluir ni entra en contacto con la abertura del tubo, eliminando el riesgo de contaminaci\u00f3n secundaria. Esto resulta en una experiencia de uso m\u00e1s limpia y segura.<\/p>\n<p><strong><b>Experiencia de usuario:<\/b><\/strong><\/p>\n<p>Sentir c\u00f3modo y operaci\u00f3n agradable. El di\u00e1metro del tubo de 25 mm proporciona un agarre de sensaci\u00f3n completa. El hilo fino de dientes peque\u00f1os permite un funcionamiento suave y fluido, dando al producto una sensaci\u00f3n mec\u00e1nica de alta gama. La forma de la tapa de yuanbao es redondeada y f\u00e1cil de abrir y cerrar, mejorando el sentido de ceremonia en uso.<\/p>\n<p><strong><b>Apelaci\u00f3n est\u00e9tica: <\/b><\/strong><strong><b>\u00a0<\/b><\/strong><\/p>\n<p>Aspecto transparente, sensaci\u00f3n de gama alta El cuerpo del tubo de alta transparencia proporciona una visualizaci\u00f3n intuitiva del producto&#8217; s textura y cantidad restante, fomentando un sentido de &#8220; composici\u00f3n transparente. &#8221; El material transparente sirve como un lienzo puro para procesos posteriores, mejorando el efecto decorativo.<\/p>\n<p><strong><b>Apelaci\u00f3n est\u00e9tica: <\/b><\/strong><strong><b>\u00a0<\/b><\/strong><\/p>\n<p>Vibrante y llamativo, capturando la atenci\u00f3n en el estante. Apart\u00e1ndose de los tonos tradicionales de oro y plata, este producto cuenta con un estampado caliente colorido (rojo, verde, azul y rosa-rosa). El logotipo de la marca tiene un brillo altamente met\u00e1lico y un impacto visual sorprendente, que al instante llama la atenci\u00f3n de los consumidores y destaca en el estante final.<\/p>\n<p><strong><b>Est\u00e9tica visual, personalizaci\u00f3n del estilo, definici\u00f3n del tono: <\/b><\/strong><strong><b>\u00a0<\/b><\/strong><\/p>\n<p>ofrece dos opciones: tapa de oro galvanizado yuanbao (moderno, experto en tecnolog\u00eda) y tapa de madera yuanbao (natural, vibraci\u00f3n curativa). Esto permite que el embalaje sirva como una extensi\u00f3n de la marca&#8217; alma, que coincide con precisi\u00f3n con el posicionamiento de estilo de diferentes l\u00edneas de productos.<\/p>\n<p>Mejora del valor de mercado de la marca, apoyando el precio premium: La compleja artesan\u00eda y estructura (estampado en caliente, inserci\u00f3n interna, peque\u00f1as indentaciones, tapa distintiva) representan inherentemente un alto costo y calidad de alta gama, proporcionando un fuerte apoyo al precio premium del producto y mejorando su percepci\u00f3n del valor de la marca.<\/p>\n<p>Mercado de marca, atributos sociales, arma de autopropagaci\u00f3n, alta apariencia, empaquetado distintivo es f\u00e1cil de estimular a los consumidores&#8217; deseo de tomar fotos y compartir en plataformas sociales como Xiaohongshu y Douyin, formando el efecto de &#8220; cuidado de las plantas,&#8221; Es un recurso de marketing gratuito.<\/p>\n<p>La artesan\u00eda es de alta calidad, caracterizada por su durabilidad y atenci\u00f3n al detalle. El texto serigrafado es robusto, resistente al desgaste y la informaci\u00f3n permanece clara y duradera. Los patrones impresos por transferencia de calor no se desvanecen f\u00e1cilmente. El embalaje global est\u00e1 meticulosamente elaborado, con incluso los m\u00e1s peque\u00f1os detalles que reflejan una calidad superior que puede soportar el escrutinio repetido por parte de los consumidores.<\/p>\n<p>&nbsp;<\/p>\n<h2><strong>Escenarios de aplicaci\u00f3n del producto<\/strong><\/h2>\n<ol>\n<li><strong><b>Los sueros de gama alta (High-End Serums)<\/b><\/strong><\/li>\n<\/ol>\n<ul>\n<li>\u00a025mm de di\u00e1metro adecuado para 30-50ml de capacidad de esencia est\u00e1ndar, el cuerpo del tubo transparente puede mostrar la textura o el color de la esencia misma (como el amarillo de la esencia de VC).<\/li>\n<li>La punta dividida se puede insertar en la conservaci\u00f3n extrema de ingredientes antioxidantes (como vitamina C, vitamina E, astaxantina), y controlar con precisi\u00f3n la cantidad de esencia de alta concentraci\u00f3n para evitar el desperdicio.<\/li>\n<li>La impresi\u00f3n en colores brillantes (por ejemplo, azul, verde) puede enfatizar la sensaci\u00f3n tecnol\u00f3gica del producto o el concepto de ingredientes vegetales.<\/li>\n<\/ul>\n<ol start=\"2\">\n<li><strong><b> Cuidado Profesional de los Ojos<\/b><\/strong><\/li>\n<\/ol>\n<ul>\n<li>El dise\u00f1o de la boquilla es una combinaci\u00f3n perfecta para los productos de crema ocular, lo que permite el uso higi\u00e9nico y preciso de una cantidad de arroz del tama\u00f1o de un grano para aplicarse directamente alrededor del ojo, satisfaciendo perfectamente las necesidades de uso.<\/li>\n<li>La peque\u00f1a cubierta de yuanbao est\u00e1 bien dise\u00f1ada y cumple con el posicionamiento de gama alta de los productos oculares.<\/li>\n<li>La impresi\u00f3n calentada de oro rojo rosado y champa\u00f1a es perfecta para mujeres&#8217; s cremas de ojos que cuentan con un concepto anti-envejecimiento y refinado.<\/li>\n<\/ul>\n<ol start=\"3\">\n<li><strong><b> Productos de alto contenido activo (f\u00f3rmulas de alta actividad)<\/b><\/strong><\/li>\n<\/ol>\n<ul>\n<li>Adecuado para la esencia de retinol (alcohol A), productos de rejuvenecimiento de la piel \u00e1cidos, productos pept\u00eddicos de alta concentraci\u00f3n, etc.<\/li>\n<li>Estos ingredientes son extremadamente sensibles al aire y la luz. La cubierta opaca del separador proporciona el m\u00e1s alto nivel de protecci\u00f3n de sellado, asegurando la actividad y la eficacia de los ingredientes.<\/li>\n<\/ul>\n<ol start=\"4\">\n<li><strong><b> Natural, org\u00e1nico y Belleza Limpia<\/b><\/strong><\/li>\n<\/ol>\n<ul>\n<li>Las cubiertas de tesoro de madera son la opci\u00f3n perfecta para este escenario, transmitiendo directamente el concepto de marca de naturaleza, protecci\u00f3n ambiental y sostenibilidad.<\/li>\n<li>Combinarlo con estampado de oro verde o brillante para enfatizar los atributos de formulaci\u00f3n pura a base de plantas del producto.<\/li>\n<li>El cuerpo transparente responde a las demandas del consumidor para &#8220; transparencia de los ingredientes. &#8221;<\/li>\n<\/ul>\n<ol start=\"5\">\n<li><strong><b> Dermocosm\u00e9ticos y L\u00edneas profesionales<\/b><\/strong><\/li>\n<\/ol>\n<ul>\n<li>La cubierta electrochapada de Yuanbao (especialmente de color plata y pistola) con impresiones calientes azules y rojas puede crear un profesional, cient\u00edfico, y todo el paquete se siente menos como los cosm\u00e9ticos tradicionales, y m\u00e1s como un &#8220; instrumento de precisi\u00f3n&#8221; o &#8220; farmac\u00e9utica de alta eficiencia, &#8221; que cumple con el posicionamiento profesional de la marca farmac\u00e9utica.<\/li>\n<\/ul>\n<p>&nbsp;<\/p>","protected":false},"excerpt":{"rendered":"<p>Hongyi pl\u00e1stico 25 transparente, desmontable, punta puntiaguda, tubo de forma oval, llenado Capacity25-35ml \/ 0.85-1.18fl.0z<\/p>\n<p>Con un amplio di\u00e1metro de tubo de 25 mm, exuda un sentido de grandeza y ofrece una mayor capacidad para los contenidos, lo que lo convierte en adecuado para productos como esencias y lociones. El material es altamente transparente y brillante, transformando el producto&#8217; textura y color en una parte integral del envase, creando un efecto visual puro y de gama alta. El tubo&#8217; La forma de la boquilla presenta un dise\u00f1o de textura fina, que proporciona una sensaci\u00f3n de torsi\u00f3n suave y fluida cuando se gira, asegurando una adaptaci\u00f3n ajustada. Esto no solo destaca el proceso de fabricaci\u00f3n superior y la atenci\u00f3n al detalle, sino que tambi\u00e9n incluye un inserto de punta desmontable para proteger los ingredientes de alta actividad de la oxidaci\u00f3n y la contaminaci\u00f3n, garantizando que cada gota de producto permanece tan fresca como la primera. El dise\u00f1o delgado de la punta permite una aplicaci\u00f3n precisa, perfecta para formulaciones de alta concentraci\u00f3n, minimizando el desperdicio y mejorando la sensaci\u00f3n de lujo de los rituales de cuidado de la piel.<\/p>\n<p>&nbsp;<\/p>\n<p><strong><b>Aplicaciones recomendadas<\/b><\/strong><strong><b>\u00a0:<\/b><\/strong><\/p>\n<ul>\n<li>L\u00edquido de esencia de alto rendimiento<\/li>\n<li>Revitalizante Eyebody Essence<\/li>\n<li>Loci\u00f3n Reparaci\u00f3n Hidratante<\/li>\n<li>Productos de esencia de aceites esenciales<\/li>\n<\/ul>","protected":false},"featured_media":2532,"comment_status":"closed","ping_status":"closed","template":"","meta":[],"product_brand":[],"product_cat":[15,32],"product_tag":[],"class_list":{"0":"post-2479","1":"product","2":"type-product","3":"status-publish","4":"has-post-thumbnail","6":"product_cat-artistic-design-plastic-tube","7":"product_cat-pointed-mouth-series","9":"first","10":"instock","11":"shipping-taxable","12":"product-type-simple"},"_links":{"self":[{"href":"https:\/\/www.hongyitube.com\/es\/wp-json\/wp\/v2\/product\/2479","targetHints":{"allow":["GET"]}}],"collection":[{"href":"https:\/\/www.hongyitube.com\/es\/wp-json\/wp\/v2\/product"}],"about":[{"href":"https:\/\/www.hongyitube.com\/es\/wp-json\/wp\/v2\/types\/product"}],"replies":[{"embeddable":true,"href":"https:\/\/www.hongyitube.com\/es\/wp-json\/wp\/v2\/comments?post=2479"}],"wp:featuredmedia":[{"embeddable":true,"href":"https:\/\/www.hongyitube.com\/es\/wp-json\/wp\/v2\/media\/2532"}],"wp:attachment":[{"href":"https:\/\/www.hongyitube.com\/es\/wp-json\/wp\/v2\/media?parent=2479"}],"wp:term":[{"taxonomy":"product_brand","embeddable":true,"href":"https:\/\/www.hongyitube.com\/es\/wp-json\/wp\/v2\/product_brand?post=2479"},{"taxonomy":"product_cat","embeddable":true,"href":"https:\/\/www.hongyitube.com\/es\/wp-json\/wp\/v2\/product_cat?post=2479"},{"taxonomy":"product_tag","embeddable":true,"href":"https:\/\/www.hongyitube.com\/es\/wp-json\/wp\/v2\/product_tag?post=2479"}],"curies":[{"name":"WP","href":"https:\/\/api.w.org\/{rel}","templated":true}]}}