{"id":2474,"date":"2025-08-21T15:35:54","date_gmt":"2025-08-21T07:35:54","guid":{"rendered":"https:\/\/www.hongyitube.com\/?post_type=product&#038;p=2474"},"modified":"2025-09-17T10:44:04","modified_gmt":"2025-09-17T02:44:04","slug":"22-transparent-detachable-pointed-tip-oval-shaped-tube-hongyi-plastic","status":"publish","type":"product","link":"https:\/\/www.hongyitube.com\/es\/product\/22-transparent-detachable-pointed-tip-oval-shaped-tube-hongyi-plastic\/","title":{"rendered":"22 Transparente, desmontable, punta puntiaguda, tubo en forma oval &#8211; pl\u00e1stico Hongyi"},"content":{"rendered":"<h2><strong>Caracter\u00edsticas<\/strong><\/h2>\n<ul>\n<li><b><\/b><strong><b>Dise\u00f1o del cuerpo del tubo<\/b><\/strong>.<\/li>\n<\/ul>\n<p>Nuestro cuerpo de tubo emplea tecnolog\u00eda avanzada de impresi\u00f3n en gradiente de un solo color, lo que resulta en una apariencia ensue\u00f1ada y et\u00e9rea que pasa sin problemas de la suave luz del amanecer a los tonos suaves de una galaxia crep\u00fasculo. La interacci\u00f3n de luz y sombra crea una sensaci\u00f3n art\u00edstica altamente moderna, aportando una sensaci\u00f3n de vitalidad din\u00e1mica al envase est\u00e1tico.<\/p>\n<p>Nuestro logotipo de marca y el patr\u00f3n central est\u00e1n en relieve con l\u00e1mina de aluminio electrofotogr\u00e1fica de alta calidad, que exhibe un brillo met\u00e1lico completo y deslumbrante. Para esta serie, hemos elegido oro champa\u00f1a cl\u00e1sico, rojo rosa elegante, rojo cl\u00e1sico fuego y azul misterioso para presentar a los usuarios. Estos colores tienen una sensaci\u00f3n tridimensional y una apariencia radiante, \u00a1convirti\u00e9ndolos en el s\u00edmbolo perfecto del lujo y el estatus!<\/p>\n<p>Nuestro producto&#8217; La informaci\u00f3n textual se imprime utilizando tinta de alta adhesi\u00f3n, lo que resulta en un texto claro y n\u00edtido que es duradero y duradero. Esto contrasta hermosamente con el deslumbrante patr\u00f3n de l\u00e1mina de oro, creando un efecto visual sofisticado con capas ricas y durabilidad excepcional!<\/p>\n<p>&nbsp;<\/p>\n<h2><strong>Ventajas del producto<\/strong><\/h2>\n<p><strong><b>Preservaci\u00f3n extrema:<\/b><\/strong><\/p>\n<p>El sistema de inserci\u00f3n compartimental proporciona protecci\u00f3n sellada de primer nivel para los ingredientes altamente activos, garantizando la eficacia del producto.<\/p>\n<p><strong><b>Experiencia precisa:<\/b><\/strong><\/p>\n<p>El dise\u00f1o puntiagudo encarna perfectamente el concepto de &#8220; cuidado preciso de la piel,&#8221; satisfacer las estrictas demandas de los usuarios de gama alta en cuanto a dosificaci\u00f3n e higiene.<\/p>\n<p><strong><b>Sentir lujoso:<\/b><\/strong><strong><b>\u00a0<\/b><\/strong><\/p>\n<p>Desde el cuerpo del tubo oval hasta el estampado de oro gradiente, cada detalle exuda alta gama y lujo, mejorando significativamente el producto&#8217; valor a\u00f1adido y imagen de marca.<\/p>\n<p><strong><b>Apelaci\u00f3n de estante:<\/b><\/strong><strong><b>\u00a0<\/b><\/strong><\/p>\n<p>Su dise\u00f1o \u00fanico y su intrincada artesan\u00eda lo diferencian de otros competidores y lo convierten en el punto focal de atenci\u00f3n.<\/p>\n<p>&nbsp;<\/p>\n<h2><strong>Escenarios de aplicaci\u00f3n del producto<\/strong><\/h2>\n<p>Lujosa crema anti arrugas para los ojos<\/p>\n<ul>\n<li>Esencia de reparaci\u00f3n de alta concentraci\u00f3n (por ejemplo, esencia de retinol, esencia pept\u00eddica)<\/li>\n<li>Productos de cuidado de la piel localizados de precisi\u00f3n (por ejemplo, pluma para reducir manchas, esencia para combatir el acn\u00e9)<\/li>\n<li>Productos de edici\u00f3n limitada, conmemorativos y de colecci\u00f3n<\/li>\n<\/ul>\n<p>&nbsp;<\/p>","protected":false},"excerpt":{"rendered":"<p>Hongyi pl\u00e1stico 22 transparente, desmontable, punta puntiaguda, tubo de forma oval, llenado Capacidad15-20m l, 0.51-0.68 fl.0z.<\/p>\n<p>Nuestra serie de tubos presenta un material compuesto pl\u00e1stico\/aluminio de alta transparencia de calidad m\u00e9dica. Los contenidos son claramente visibles, garantizando transparencia en calidad. Adem\u00e1s, el dise\u00f1o el\u00edptico es ergon\u00f3micamente amigable, proporcionando un agarre c\u00f3modo y estable. Destaca entre otros tubos redondos, mostrando una identidad de marca \u00fanica. El dise\u00f1o de rosca de precisi\u00f3n de dientes peque\u00f1os, combinado con una tapa interna de punta desmontable, garantiza una protecci\u00f3n herm\u00e9tica, evitando efectivamente la oxidaci\u00f3n y la contaminaci\u00f3n de los ingredientes activos. La tapa externa est\u00e1 reforzada para un sellado seguro, lo que garantiza que nada salga mal. La punta delgada permite la dispensaci\u00f3n precisa de peque\u00f1as dosis, aprovechando al m\u00e1ximo la preciosa f\u00f3rmula y evitando el desperdicio. El producto solo fluye a trav\u00e9s de la punta, eliminando cualquier contacto secundario con la boca de la botella o la piel, garantizando as\u00ed en gran medida la higiene del producto.<\/p>\n<p><strong><b>Aplicaciones recomendadas<\/b><\/strong><strong><b>\u00a0:<\/b><\/strong>Esta serie de envases est\u00e1 dise\u00f1ada espec\u00edficamente para crear una experiencia de producto de primer nivel y es ideal para productos como Hua Anti-Wrinkle Eye Cream, esencias de reparaci\u00f3n de alta concentraci\u00f3n (por ejemplo, esencia de retinol, esencia pept\u00eddica), productos de cuidado localizados precisos (por ejemplo, pluma para acn\u00e9, esencia para combatir el acn\u00e9), edici\u00f3n limitada y coleccionables conmemorativos, \u00a1y m\u00e1s!<\/p>","protected":false},"featured_media":2524,"comment_status":"closed","ping_status":"closed","template":"","meta":[],"product_brand":[],"product_cat":[15,32],"product_tag":[],"class_list":{"0":"post-2474","1":"product","2":"type-product","3":"status-publish","4":"has-post-thumbnail","6":"product_cat-artistic-design-plastic-tube","7":"product_cat-pointed-mouth-series","9":"first","10":"instock","11":"shipping-taxable","12":"product-type-simple"},"_links":{"self":[{"href":"https:\/\/www.hongyitube.com\/es\/wp-json\/wp\/v2\/product\/2474","targetHints":{"allow":["GET"]}}],"collection":[{"href":"https:\/\/www.hongyitube.com\/es\/wp-json\/wp\/v2\/product"}],"about":[{"href":"https:\/\/www.hongyitube.com\/es\/wp-json\/wp\/v2\/types\/product"}],"replies":[{"embeddable":true,"href":"https:\/\/www.hongyitube.com\/es\/wp-json\/wp\/v2\/comments?post=2474"}],"wp:featuredmedia":[{"embeddable":true,"href":"https:\/\/www.hongyitube.com\/es\/wp-json\/wp\/v2\/media\/2524"}],"wp:attachment":[{"href":"https:\/\/www.hongyitube.com\/es\/wp-json\/wp\/v2\/media?parent=2474"}],"wp:term":[{"taxonomy":"product_brand","embeddable":true,"href":"https:\/\/www.hongyitube.com\/es\/wp-json\/wp\/v2\/product_brand?post=2474"},{"taxonomy":"product_cat","embeddable":true,"href":"https:\/\/www.hongyitube.com\/es\/wp-json\/wp\/v2\/product_cat?post=2474"},{"taxonomy":"product_tag","embeddable":true,"href":"https:\/\/www.hongyitube.com\/es\/wp-json\/wp\/v2\/product_tag?post=2474"}],"curies":[{"name":"WP","href":"https:\/\/api.w.org\/{rel}","templated":true}]}}